{"id":25382,"date":"2025-08-23T19:35:06","date_gmt":"2025-08-23T17:35:06","guid":{"rendered":"https:\/\/andalubox.com\/producto-andaluz\/iceni-tesalia-tinto-de-cadiz-75-cl\/"},"modified":"2026-01-26T19:23:35","modified_gmt":"2026-01-26T18:23:35","slug":"iceni-tesalia-tinto-de-cadiz-75-cl","status":"publish","type":"product","link":"https:\/\/andalubox.com\/de\/producto-andaluz\/iceni-tesalia-tinto-de-cadiz-75-cl\/","title":{"rendered":"Iceni Tesalia Tinto de C\u00e1diz 75 Cl"},"content":{"rendered":"<p>Iceni Tesalia Tinto de C\u00e1diz 75 Cl.<\/p>\n<p>Der Iceni 2021 ist ein junger, frischer Rotwein, der vom Weingut Bodega Tesalia in Arcos de la Frontera, C\u00e1diz, hergestellt wird. Dieser Wein wird aus einer ausgewogenen Mischung von 50% Tintilla de Rota und 50% Syrah hergestellt, Rebsorten, die dem Ganzen einen bemerkenswerten Fruchtausdruck und Komplexit\u00e4t verleihen. <\/p>\n<p>Ausarbeitung:<\/p>\n<ul>\n\t<li><br>Ausbau: Der Iceni 2021 wurde 5 Monate lang in franz\u00f6sischen Eichenf\u00e4ssern gelagert, was ihm Feinheit und Eleganz verleiht, ohne seinen fruchtigen Charakter zu \u00fcberschatten. Verkostungsnotizen:<\/li>\n\t<li>Aussehen: Er hat eine kirschrote Farbe mit violetten Reflexen, die auf seine Jugend und Vitalit\u00e4t hinweist.<\/li>\n\t<li>Nase: Intensive Aromen von wilden roten Fr\u00fcchten, wie Erdbeeren und Pflaumen, erg\u00e4nzt durch subtile Noten von Vanille und einem Hauch von Menthol.<\/li>\n\t<li>Gaumen: Weicher und frischer Einstieg, mit einem angenehmen Gaumen, der in einem lang anhaltenden fruchtigen Abgang gipfelt.<\/li>\n\t<li>Gastronomische Kombinationen: Dank seiner Vielseitigkeit ist der Iceni 2021 der ideale Begleiter f\u00fcr eine Vielzahl von Gerichten, von Vorspeisen \u00fcber wei\u00dfes Fleisch und Pasta bis hin zu Weichk\u00e4se. Es wird empfohlen, ihn bei einer Temperatur von 16-18\u00b0C zu servieren, damit er seine Qualit\u00e4ten voll entfalten kann. <\/li>\n<\/ul>","protected":false},"excerpt":{"rendered":"<p>Iceni Tesalia Tinto de C\u00e1diz 75 Cl f\u00fcr den Export nach ganz Europa.<\/p>\n","protected":false},"featured_media":25377,"comment_status":"open","ping_status":"closed","template":"","meta":{"site-sidebar-layout":"default","site-content-layout":"","ast-site-content-layout":"default","site-content-style":"default","site-sidebar-style":"default","ast-global-header-display":"","ast-banner-title-visibility":"","ast-main-header-display":"","ast-hfb-above-header-display":"","ast-hfb-below-header-display":"","ast-hfb-mobile-header-display":"","site-post-title":"","ast-breadcrumbs-content":"","ast-featured-img":"","footer-sml-layout":"","ast-disable-related-posts":"","theme-transparent-header-meta":"default","adv-header-id-meta":"","stick-header-meta":"","header-above-stick-meta":"","header-main-stick-meta":"","header-below-stick-meta":"","astra-migrate-meta-layouts":"default","ast-page-background-enabled":"default","ast-page-background-meta":{"desktop":{"background-color":"var(--ast-global-color-4)","background-image":"","background-repeat":"repeat","background-position":"center center","background-size":"auto","background-attachment":"scroll","background-type":"","background-media":"","overlay-type":"","overlay-color":"","overlay-opacity":"","overlay-gradient":""},"tablet":{"background-color":"","background-image":"","background-repeat":"repeat","background-position":"center center","background-size":"auto","background-attachment":"scroll","background-type":"","background-media":"","overlay-type":"","overlay-color":"","overlay-opacity":"","overlay-gradient":""},"mobile":{"background-color":"","background-image":"","background-repeat":"repeat","background-position":"center center","background-size":"auto","background-attachment":"scroll","background-type":"","background-media":"","overlay-type":"","overlay-color":"","overlay-opacity":"","overlay-gradient":""}},"ast-content-background-meta":{"desktop":{"background-color":"var(--ast-global-color-5)","background-image":"","background-repeat":"repeat","background-position":"center center","background-size":"auto","background-attachment":"scroll","background-type":"","background-media":"","overlay-type":"","overlay-color":"","overlay-opacity":"","overlay-gradient":""},"tablet":{"background-color":"var(--ast-global-color-5)","background-image":"","background-repeat":"repeat","background-position":"center center","background-size":"auto","background-attachment":"scroll","background-type":"","background-media":"","overlay-type":"","overlay-color":"","overlay-opacity":"","overlay-gradient":""},"mobile":{"background-color":"var(--ast-global-color-5)","background-image":"","background-repeat":"repeat","background-position":"center center","background-size":"auto","background-attachment":"scroll","background-type":"","background-media":"","overlay-type":"","overlay-color":"","overlay-opacity":"","overlay-gradient":""}}},"product_brand":[1240],"product_cat":[343],"product_tag":[],"class_list":{"0":"post-25382","1":"product","2":"type-product","3":"status-publish","4":"has-post-thumbnail","6":"product_brand-iceni","7":"product_cat-rotwein","8":"desktop-align-left","9":"tablet-align-left","10":"mobile-align-left","12":"first","13":"instock","14":"taxable","15":"shipping-taxable","16":"purchasable","17":"product-type-simple"},"_links":{"self":[{"href":"https:\/\/andalubox.com\/de\/wp-json\/wp\/v2\/product\/25382","targetHints":{"allow":["GET"]}}],"collection":[{"href":"https:\/\/andalubox.com\/de\/wp-json\/wp\/v2\/product"}],"about":[{"href":"https:\/\/andalubox.com\/de\/wp-json\/wp\/v2\/types\/product"}],"replies":[{"embeddable":true,"href":"https:\/\/andalubox.com\/de\/wp-json\/wp\/v2\/comments?post=25382"}],"wp:featuredmedia":[{"embeddable":true,"href":"https:\/\/andalubox.com\/de\/wp-json\/wp\/v2\/media\/25377"}],"wp:attachment":[{"href":"https:\/\/andalubox.com\/de\/wp-json\/wp\/v2\/media?parent=25382"}],"wp:term":[{"taxonomy":"product_brand","embeddable":true,"href":"https:\/\/andalubox.com\/de\/wp-json\/wp\/v2\/product_brand?post=25382"},{"taxonomy":"product_cat","embeddable":true,"href":"https:\/\/andalubox.com\/de\/wp-json\/wp\/v2\/product_cat?post=25382"},{"taxonomy":"product_tag","embeddable":true,"href":"https:\/\/andalubox.com\/de\/wp-json\/wp\/v2\/product_tag?post=25382"}],"curies":[{"name":"wp","href":"https:\/\/api.w.org\/{rel}","templated":true}]}}