{"id":25370,"date":"2025-08-23T19:23:29","date_gmt":"2025-08-23T17:23:29","guid":{"rendered":"https:\/\/andalubox.com\/producto-andaluz\/arx-tesalia-tinto-de-cadiz-75-cl\/"},"modified":"2026-01-26T19:23:18","modified_gmt":"2026-01-26T18:23:18","slug":"arx-tesalia-tinto-de-cadiz-75-cl","status":"publish","type":"product","link":"https:\/\/andalubox.com\/de\/producto-andaluz\/arx-tesalia-tinto-de-cadiz-75-cl\/","title":{"rendered":"Arx Tesalia Tinto de C\u00e1diz 75 CL"},"content":{"rendered":"<p>Arx Tesalia Tinto de C\u00e1diz 75 CL.<\/p>\n<p>ARX de Tesalia ist ein Rotwein mit einem anspruchsvollen und ausgewogenen Charakter, der in Arcos de la Frontera, C\u00e1diz, unter der Bezeichnung Vino de la Tierra de C\u00e1diz hergestellt wird. Dieser elegante Blend besteht aus den Trauben Tintilla de Rota, Syrah, Petit Verdot und Cabernet Sauvignon, die sorgf\u00e4ltig aus unseren eigenen Weinbergen ausgew\u00e4hlt wurden, um den maximalen Ausdruck der andalusischen Erde zu garantieren. <\/p>\n<p>Dieser von der Bodega Tesalia hergestellte Wein spiegelt den Reichtum und die Vielfalt des Terroirs von C\u00e1diz wider. Seine Reifung in Eichenf\u00e4ssern verleiht ihm eine komplexe Struktur mit intensiven Aromen von reifen Fr\u00fcchten, Gew\u00fcrzen und subtilen R\u00f6stnoten. Am Gaumen zeichnet sich der ARX durch seine Tiefe und Geschmeidigkeit aus, mit geschliffenen Tanninen und einem langen, umh\u00fcllenden Abgang.  <\/p>","protected":false},"excerpt":{"rendered":"<p>Arx Tesalia Tinto de C\u00e1diz 75 CL<\/p>\n","protected":false},"featured_media":25365,"comment_status":"open","ping_status":"closed","template":"","meta":{"site-sidebar-layout":"default","site-content-layout":"","ast-site-content-layout":"default","site-content-style":"default","site-sidebar-style":"default","ast-global-header-display":"","ast-banner-title-visibility":"","ast-main-header-display":"","ast-hfb-above-header-display":"","ast-hfb-below-header-display":"","ast-hfb-mobile-header-display":"","site-post-title":"","ast-breadcrumbs-content":"","ast-featured-img":"","footer-sml-layout":"","ast-disable-related-posts":"","theme-transparent-header-meta":"default","adv-header-id-meta":"","stick-header-meta":"","header-above-stick-meta":"","header-main-stick-meta":"","header-below-stick-meta":"","astra-migrate-meta-layouts":"default","ast-page-background-enabled":"default","ast-page-background-meta":{"desktop":{"background-color":"var(--ast-global-color-4)","background-image":"","background-repeat":"repeat","background-position":"center center","background-size":"auto","background-attachment":"scroll","background-type":"","background-media":"","overlay-type":"","overlay-color":"","overlay-opacity":"","overlay-gradient":""},"tablet":{"background-color":"","background-image":"","background-repeat":"repeat","background-position":"center center","background-size":"auto","background-attachment":"scroll","background-type":"","background-media":"","overlay-type":"","overlay-color":"","overlay-opacity":"","overlay-gradient":""},"mobile":{"background-color":"","background-image":"","background-repeat":"repeat","background-position":"center center","background-size":"auto","background-attachment":"scroll","background-type":"","background-media":"","overlay-type":"","overlay-color":"","overlay-opacity":"","overlay-gradient":""}},"ast-content-background-meta":{"desktop":{"background-color":"var(--ast-global-color-5)","background-image":"","background-repeat":"repeat","background-position":"center center","background-size":"auto","background-attachment":"scroll","background-type":"","background-media":"","overlay-type":"","overlay-color":"","overlay-opacity":"","overlay-gradient":""},"tablet":{"background-color":"var(--ast-global-color-5)","background-image":"","background-repeat":"repeat","background-position":"center center","background-size":"auto","background-attachment":"scroll","background-type":"","background-media":"","overlay-type":"","overlay-color":"","overlay-opacity":"","overlay-gradient":""},"mobile":{"background-color":"var(--ast-global-color-5)","background-image":"","background-repeat":"repeat","background-position":"center center","background-size":"auto","background-attachment":"scroll","background-type":"","background-media":"","overlay-type":"","overlay-color":"","overlay-opacity":"","overlay-gradient":""}}},"product_brand":[1239],"product_cat":[343],"product_tag":[],"class_list":{"0":"post-25370","1":"product","2":"type-product","3":"status-publish","4":"has-post-thumbnail","6":"product_brand-tesalia","7":"product_cat-rotwein","8":"desktop-align-left","9":"tablet-align-left","10":"mobile-align-left","12":"first","13":"instock","14":"taxable","15":"shipping-taxable","16":"purchasable","17":"product-type-simple"},"_links":{"self":[{"href":"https:\/\/andalubox.com\/de\/wp-json\/wp\/v2\/product\/25370","targetHints":{"allow":["GET"]}}],"collection":[{"href":"https:\/\/andalubox.com\/de\/wp-json\/wp\/v2\/product"}],"about":[{"href":"https:\/\/andalubox.com\/de\/wp-json\/wp\/v2\/types\/product"}],"replies":[{"embeddable":true,"href":"https:\/\/andalubox.com\/de\/wp-json\/wp\/v2\/comments?post=25370"}],"wp:featuredmedia":[{"embeddable":true,"href":"https:\/\/andalubox.com\/de\/wp-json\/wp\/v2\/media\/25365"}],"wp:attachment":[{"href":"https:\/\/andalubox.com\/de\/wp-json\/wp\/v2\/media?parent=25370"}],"wp:term":[{"taxonomy":"product_brand","embeddable":true,"href":"https:\/\/andalubox.com\/de\/wp-json\/wp\/v2\/product_brand?post=25370"},{"taxonomy":"product_cat","embeddable":true,"href":"https:\/\/andalubox.com\/de\/wp-json\/wp\/v2\/product_cat?post=25370"},{"taxonomy":"product_tag","embeddable":true,"href":"https:\/\/andalubox.com\/de\/wp-json\/wp\/v2\/product_tag?post=25370"}],"curies":[{"name":"wp","href":"https:\/\/api.w.org\/{rel}","templated":true}]}}