{"id":25282,"date":"2025-08-22T18:28:27","date_gmt":"2025-08-22T16:28:27","guid":{"rendered":"https:\/\/andalubox.com\/producto-andaluz\/miura-suesser-anis-70-cl\/"},"modified":"2025-08-22T18:33:50","modified_gmt":"2025-08-22T16:33:50","slug":"miura-suesser-anis-70-cl","status":"publish","type":"product","link":"https:\/\/andalubox.com\/de\/producto-andaluz\/miura-suesser-anis-70-cl\/","title":{"rendered":"Miura S\u00fc\u00dfer Anis 70 Cl"},"content":{"rendered":"<p>Miura An\u00eds Dulce 70 Cl ist ein s\u00fc\u00dfer Anislik\u00f6r, der von Destiler\u00edas Miura, Teil der Caballero Gruppe, in Cazalla de la Sierra, Spanien, hergestellt wird. Caballero Gruppe.<\/p>\n<p>Er wird nach einem jahrhundertealten Rezept der Franziskanerm\u00f6nche, die im Convento de los Diezmos lebten, handgefertigt.  <\/p>\n<p>Das Verfahren umfasst die sorgf\u00e4ltige Auswahl der besten Matalah\u00fava-Samen (Anis), die in jahrhundertealten Brennblasen destilliert werden. Das Ergebnis ist ein feiner, weicher Lik\u00f6r mit einem Alkoholgehalt von 37 %, mit hellen, gl\u00e4nzenden T\u00f6nen, ausgepr\u00e4gten Anisaromen und einem weichen, angenehmen Geschmack. Feiner und delikater Anis mit hellen Glanzt\u00f6nen, Anisaromen und einem weichen Mundgef\u00fchl.  <\/p>\n<p>Er wird in der Regel in 70-cl-Flaschen verkauft und sollte nach dem Abendessen oder zu einem klassischen Carajillo (Kaffee mit Lik\u00f6r) getrunken werden.<\/p>","protected":false},"excerpt":{"rendered":"<p>Miura S\u00fc\u00dfer Anis 70 Cl<\/p>\n","protected":false},"featured_media":25279,"comment_status":"open","ping_status":"closed","template":"","meta":{"site-sidebar-layout":"default","site-content-layout":"","ast-site-content-layout":"default","site-content-style":"default","site-sidebar-style":"default","ast-global-header-display":"","ast-banner-title-visibility":"","ast-main-header-display":"","ast-hfb-above-header-display":"","ast-hfb-below-header-display":"","ast-hfb-mobile-header-display":"","site-post-title":"","ast-breadcrumbs-content":"","ast-featured-img":"","footer-sml-layout":"","ast-disable-related-posts":"","theme-transparent-header-meta":"default","adv-header-id-meta":"","stick-header-meta":"","header-above-stick-meta":"","header-main-stick-meta":"","header-below-stick-meta":"","astra-migrate-meta-layouts":"default","ast-page-background-enabled":"default","ast-page-background-meta":{"desktop":{"background-color":"var(--ast-global-color-4)","background-image":"","background-repeat":"repeat","background-position":"center center","background-size":"auto","background-attachment":"scroll","background-type":"","background-media":"","overlay-type":"","overlay-color":"","overlay-opacity":"","overlay-gradient":""},"tablet":{"background-color":"","background-image":"","background-repeat":"repeat","background-position":"center center","background-size":"auto","background-attachment":"scroll","background-type":"","background-media":"","overlay-type":"","overlay-color":"","overlay-opacity":"","overlay-gradient":""},"mobile":{"background-color":"","background-image":"","background-repeat":"repeat","background-position":"center center","background-size":"auto","background-attachment":"scroll","background-type":"","background-media":"","overlay-type":"","overlay-color":"","overlay-opacity":"","overlay-gradient":""}},"ast-content-background-meta":{"desktop":{"background-color":"var(--ast-global-color-5)","background-image":"","background-repeat":"repeat","background-position":"center center","background-size":"auto","background-attachment":"scroll","background-type":"","background-media":"","overlay-type":"","overlay-color":"","overlay-opacity":"","overlay-gradient":""},"tablet":{"background-color":"var(--ast-global-color-5)","background-image":"","background-repeat":"repeat","background-position":"center center","background-size":"auto","background-attachment":"scroll","background-type":"","background-media":"","overlay-type":"","overlay-color":"","overlay-opacity":"","overlay-gradient":""},"mobile":{"background-color":"var(--ast-global-color-5)","background-image":"","background-repeat":"repeat","background-position":"center center","background-size":"auto","background-attachment":"scroll","background-type":"","background-media":"","overlay-type":"","overlay-color":"","overlay-opacity":"","overlay-gradient":""}}},"product_brand":[1234],"product_cat":[15],"product_tag":[],"class_list":{"0":"post-25282","1":"product","2":"type-product","3":"status-publish","4":"has-post-thumbnail","6":"product_brand-miura","7":"product_cat-sin-categorizar","8":"desktop-align-left","9":"tablet-align-left","10":"mobile-align-left","12":"first","13":"instock","14":"taxable","15":"shipping-taxable","16":"purchasable","17":"product-type-simple"},"_links":{"self":[{"href":"https:\/\/andalubox.com\/de\/wp-json\/wp\/v2\/product\/25282","targetHints":{"allow":["GET"]}}],"collection":[{"href":"https:\/\/andalubox.com\/de\/wp-json\/wp\/v2\/product"}],"about":[{"href":"https:\/\/andalubox.com\/de\/wp-json\/wp\/v2\/types\/product"}],"replies":[{"embeddable":true,"href":"https:\/\/andalubox.com\/de\/wp-json\/wp\/v2\/comments?post=25282"}],"wp:featuredmedia":[{"embeddable":true,"href":"https:\/\/andalubox.com\/de\/wp-json\/wp\/v2\/media\/25279"}],"wp:attachment":[{"href":"https:\/\/andalubox.com\/de\/wp-json\/wp\/v2\/media?parent=25282"}],"wp:term":[{"taxonomy":"product_brand","embeddable":true,"href":"https:\/\/andalubox.com\/de\/wp-json\/wp\/v2\/product_brand?post=25282"},{"taxonomy":"product_cat","embeddable":true,"href":"https:\/\/andalubox.com\/de\/wp-json\/wp\/v2\/product_cat?post=25282"},{"taxonomy":"product_tag","embeddable":true,"href":"https:\/\/andalubox.com\/de\/wp-json\/wp\/v2\/product_tag?post=25282"}],"curies":[{"name":"wp","href":"https:\/\/api.w.org\/{rel}","templated":true}]}}