{"id":25229,"date":"2025-08-22T18:02:03","date_gmt":"2025-08-22T16:02:03","guid":{"rendered":"https:\/\/andalubox.com\/producto-andaluz\/miura-sauerkirsch-likoer-70-cl\/"},"modified":"2026-01-26T19:37:38","modified_gmt":"2026-01-26T18:37:38","slug":"miura-sauerkirsch-likoer-70-cl","status":"publish","type":"product","link":"https:\/\/andalubox.com\/de\/producto-andaluz\/miura-sauerkirsch-likoer-70-cl\/","title":{"rendered":"Miura Sauerkirsch Lik\u00f6r 70 Cl"},"content":{"rendered":"<p>Miura Licor de Guindas 70 Cl ist ein traditioneller spanischer Kirschlik\u00f6r, der von Destiler\u00edas de Cazalla in Cazalla de la Sierra, Sevilla, im historischen Convento de los Diezmos hergestellt wird. Er wird nach einem jahrhundertealten Rezept von Franziskanerm\u00f6nchen aus dem 15. Jahrhundert hergestellt, indem wilde Kirschen (Guindas) in einem feinen Anisschnaps eingeweicht werden, der in antiken Brennblasen destilliert wird. Bei diesem Verfahren werden die reifen Kirschen sorgf\u00e4ltig ausgew\u00e4hlt, mindestens sechs Monate lang mazeriert und dann sanft gepresst, um ihren intensiven Geschmack und ihre charakteristische rubinrote Farbe zu erhalten.   Caballero Gruppe.<\/p>\n<p>Verkostungsnotizen:<\/p>\n<ul>\n\t<li>Erscheinung: Sauberes, leuchtendes Rubinrot.<\/li>\n\t<li>Aroma: Weich, mit Noten von roten Fr\u00fcchten und Matalah\u00fava (Anis).<\/li>\n\t<li>Geschmack: S\u00fc\u00df, cremig, mit einer samtigen Textur und Anis-Nuancen.<\/li>\n<\/ul>\n<p>Serviervorschlag: Servieren Sie ihn gut gek\u00fchlt, pur in einem kurzen Glas mit Eis oder in einem Ballonglas. Kann mit Fruchtsaftgetr\u00e4nken gemischt oder mit einem Spritzer Limetten- oder Orangensaft und einem Hauch von Zitrusfr\u00fcchten zu einem erfrischenden Sommergetr\u00e4nk verfeinert werden.<br>Ideal nach dem Essen oder zu Desserts und Kaffee. <\/p>\n<p>Details:<\/p>\n<ul>\n\t<li>Alkoholgehalt: 20 % vol.<\/li>\n\t<li>Flaschengr\u00f6\u00dfe: 70 cl.<\/li>\n\t<li>Produzent: Teil der Caballero-Gruppe, die sich 1996 der Destiler\u00eda Cazalla angeschlossen hat.<\/li>\n<\/ul>\n<p>Dieser Lik\u00f6r ist bekannt f\u00fcr seine reiche Tradition und seine Handwerkskunst, die traditionelle Methoden in einem historischen Umfeld bewahrt.<\/p>","protected":false},"excerpt":{"rendered":"<p>Miura Licor de Guindas 70 Cl f\u00fcr Export nach ganz Europa.<\/p>\n","protected":false},"featured_media":25227,"comment_status":"open","ping_status":"closed","template":"","meta":{"site-sidebar-layout":"default","site-content-layout":"","ast-site-content-layout":"default","site-content-style":"default","site-sidebar-style":"default","ast-global-header-display":"","ast-banner-title-visibility":"","ast-main-header-display":"","ast-hfb-above-header-display":"","ast-hfb-below-header-display":"","ast-hfb-mobile-header-display":"","site-post-title":"","ast-breadcrumbs-content":"","ast-featured-img":"","footer-sml-layout":"","ast-disable-related-posts":"","theme-transparent-header-meta":"default","adv-header-id-meta":"","stick-header-meta":"","header-above-stick-meta":"","header-main-stick-meta":"","header-below-stick-meta":"","astra-migrate-meta-layouts":"default","ast-page-background-enabled":"default","ast-page-background-meta":{"desktop":{"background-color":"var(--ast-global-color-4)","background-image":"","background-repeat":"repeat","background-position":"center center","background-size":"auto","background-attachment":"scroll","background-type":"","background-media":"","overlay-type":"","overlay-color":"","overlay-opacity":"","overlay-gradient":""},"tablet":{"background-color":"","background-image":"","background-repeat":"repeat","background-position":"center center","background-size":"auto","background-attachment":"scroll","background-type":"","background-media":"","overlay-type":"","overlay-color":"","overlay-opacity":"","overlay-gradient":""},"mobile":{"background-color":"","background-image":"","background-repeat":"repeat","background-position":"center center","background-size":"auto","background-attachment":"scroll","background-type":"","background-media":"","overlay-type":"","overlay-color":"","overlay-opacity":"","overlay-gradient":""}},"ast-content-background-meta":{"desktop":{"background-color":"var(--ast-global-color-5)","background-image":"","background-repeat":"repeat","background-position":"center center","background-size":"auto","background-attachment":"scroll","background-type":"","background-media":"","overlay-type":"","overlay-color":"","overlay-opacity":"","overlay-gradient":""},"tablet":{"background-color":"var(--ast-global-color-5)","background-image":"","background-repeat":"repeat","background-position":"center center","background-size":"auto","background-attachment":"scroll","background-type":"","background-media":"","overlay-type":"","overlay-color":"","overlay-opacity":"","overlay-gradient":""},"mobile":{"background-color":"var(--ast-global-color-5)","background-image":"","background-repeat":"repeat","background-position":"center center","background-size":"auto","background-attachment":"scroll","background-type":"","background-media":"","overlay-type":"","overlay-color":"","overlay-opacity":"","overlay-gradient":""}}},"product_brand":[1234],"product_cat":[41],"product_tag":[],"class_list":{"0":"post-25229","1":"product","2":"type-product","3":"status-publish","4":"has-post-thumbnail","6":"product_brand-miura","7":"product_cat-conservas-de-carne","8":"desktop-align-left","9":"tablet-align-left","10":"mobile-align-left","12":"first","13":"instock","14":"taxable","15":"shipping-taxable","16":"purchasable","17":"product-type-simple"},"_links":{"self":[{"href":"https:\/\/andalubox.com\/de\/wp-json\/wp\/v2\/product\/25229","targetHints":{"allow":["GET"]}}],"collection":[{"href":"https:\/\/andalubox.com\/de\/wp-json\/wp\/v2\/product"}],"about":[{"href":"https:\/\/andalubox.com\/de\/wp-json\/wp\/v2\/types\/product"}],"replies":[{"embeddable":true,"href":"https:\/\/andalubox.com\/de\/wp-json\/wp\/v2\/comments?post=25229"}],"wp:featuredmedia":[{"embeddable":true,"href":"https:\/\/andalubox.com\/de\/wp-json\/wp\/v2\/media\/25227"}],"wp:attachment":[{"href":"https:\/\/andalubox.com\/de\/wp-json\/wp\/v2\/media?parent=25229"}],"wp:term":[{"taxonomy":"product_brand","embeddable":true,"href":"https:\/\/andalubox.com\/de\/wp-json\/wp\/v2\/product_brand?post=25229"},{"taxonomy":"product_cat","embeddable":true,"href":"https:\/\/andalubox.com\/de\/wp-json\/wp\/v2\/product_cat?post=25229"},{"taxonomy":"product_tag","embeddable":true,"href":"https:\/\/andalubox.com\/de\/wp-json\/wp\/v2\/product_tag?post=25229"}],"curies":[{"name":"wp","href":"https:\/\/api.w.org\/{rel}","templated":true}]}}