{"id":25221,"date":"2025-08-22T17:54:25","date_gmt":"2025-08-22T15:54:25","guid":{"rendered":"https:\/\/andalubox.com\/producto-andaluz\/sahne-von-cazalla-70-cl\/"},"modified":"2026-01-26T19:35:14","modified_gmt":"2026-01-26T18:35:14","slug":"sahne-von-cazalla-70-cl","status":"publish","type":"product","link":"https:\/\/andalubox.com\/de\/producto-andaluz\/sahne-von-cazalla-70-cl\/","title":{"rendered":"Sahne von Cazalla 70 Cl"},"content":{"rendered":"<p>Crema de Cazalla 70 Cl, SOUL AND PASSION<br>Crema de Cazalla ist ein Anislik\u00f6r, der in den Destiler\u00edas de Cazalla hergestellt wird, die zum alten Kloster Los Diezmos in Cazalla de la Sierra geh\u00f6rten. Grupo Caballero.<br>Ein Rezept zum Verlieben, die Verbindung einer Zubereitung auf Milchbasis mit Zimt und Zitrusschalen, wie Orange und Zitrone, und unserem traditionellen Anislik\u00f6r, der in den jahrhundertealten Brennblasen von Destiler\u00edas de Cazalla hergestellt wurde. <\/p>\n<p>Exquisiter und delikater Anis-Creme-Lik\u00f6r, hergestellt in den Destiler\u00edas de Cazalla, die zum alten Kloster San Francisco in Cazalla de la Sierra, Sevilla, geh\u00f6ren.<br>Das Ergebnis ist ein Anis-Creme-Lik\u00f6r mit Zimtnoten, weich und seidig im Mund, mit Noten von Milchreis und einem Hauch von Zitrusfr\u00fcchten.<br>Perfekt f\u00fcr nach dem Essen; 17% Vol.<br>Servieren Sie ihn gek\u00fchlt, in einem breiten, niedrigen Glas mit Eis.<\/p>","protected":false},"excerpt":{"rendered":"<p>Crema de Cazalla 70 Cl, Aniscreme, Versand nach ganz Europa.<\/p>\n","protected":false},"featured_media":25219,"comment_status":"open","ping_status":"closed","template":"","meta":{"site-sidebar-layout":"default","site-content-layout":"","ast-site-content-layout":"default","site-content-style":"default","site-sidebar-style":"default","ast-global-header-display":"","ast-banner-title-visibility":"","ast-main-header-display":"","ast-hfb-above-header-display":"","ast-hfb-below-header-display":"","ast-hfb-mobile-header-display":"","site-post-title":"","ast-breadcrumbs-content":"","ast-featured-img":"","footer-sml-layout":"","ast-disable-related-posts":"","theme-transparent-header-meta":"default","adv-header-id-meta":"","stick-header-meta":"","header-above-stick-meta":"","header-main-stick-meta":"","header-below-stick-meta":"","astra-migrate-meta-layouts":"default","ast-page-background-enabled":"default","ast-page-background-meta":{"desktop":{"background-color":"var(--ast-global-color-4)","background-image":"","background-repeat":"repeat","background-position":"center center","background-size":"auto","background-attachment":"scroll","background-type":"","background-media":"","overlay-type":"","overlay-color":"","overlay-opacity":"","overlay-gradient":""},"tablet":{"background-color":"","background-image":"","background-repeat":"repeat","background-position":"center center","background-size":"auto","background-attachment":"scroll","background-type":"","background-media":"","overlay-type":"","overlay-color":"","overlay-opacity":"","overlay-gradient":""},"mobile":{"background-color":"","background-image":"","background-repeat":"repeat","background-position":"center center","background-size":"auto","background-attachment":"scroll","background-type":"","background-media":"","overlay-type":"","overlay-color":"","overlay-opacity":"","overlay-gradient":""}},"ast-content-background-meta":{"desktop":{"background-color":"var(--ast-global-color-5)","background-image":"","background-repeat":"repeat","background-position":"center center","background-size":"auto","background-attachment":"scroll","background-type":"","background-media":"","overlay-type":"","overlay-color":"","overlay-opacity":"","overlay-gradient":""},"tablet":{"background-color":"var(--ast-global-color-5)","background-image":"","background-repeat":"repeat","background-position":"center center","background-size":"auto","background-attachment":"scroll","background-type":"","background-media":"","overlay-type":"","overlay-color":"","overlay-opacity":"","overlay-gradient":""},"mobile":{"background-color":"var(--ast-global-color-5)","background-image":"","background-repeat":"repeat","background-position":"center center","background-size":"auto","background-attachment":"scroll","background-type":"","background-media":"","overlay-type":"","overlay-color":"","overlay-opacity":"","overlay-gradient":""}}},"product_brand":[1234],"product_cat":[41,1663],"product_tag":[],"class_list":{"0":"post-25221","1":"product","2":"type-product","3":"status-publish","4":"has-post-thumbnail","6":"product_brand-miura","7":"product_cat-conservas-de-carne","8":"product_cat-cremas-y-licores-dulces-de","9":"desktop-align-left","10":"tablet-align-left","11":"mobile-align-left","13":"first","14":"instock","15":"taxable","16":"shipping-taxable","17":"purchasable","18":"product-type-simple"},"_links":{"self":[{"href":"https:\/\/andalubox.com\/de\/wp-json\/wp\/v2\/product\/25221","targetHints":{"allow":["GET"]}}],"collection":[{"href":"https:\/\/andalubox.com\/de\/wp-json\/wp\/v2\/product"}],"about":[{"href":"https:\/\/andalubox.com\/de\/wp-json\/wp\/v2\/types\/product"}],"replies":[{"embeddable":true,"href":"https:\/\/andalubox.com\/de\/wp-json\/wp\/v2\/comments?post=25221"}],"wp:featuredmedia":[{"embeddable":true,"href":"https:\/\/andalubox.com\/de\/wp-json\/wp\/v2\/media\/25219"}],"wp:attachment":[{"href":"https:\/\/andalubox.com\/de\/wp-json\/wp\/v2\/media?parent=25221"}],"wp:term":[{"taxonomy":"product_brand","embeddable":true,"href":"https:\/\/andalubox.com\/de\/wp-json\/wp\/v2\/product_brand?post=25221"},{"taxonomy":"product_cat","embeddable":true,"href":"https:\/\/andalubox.com\/de\/wp-json\/wp\/v2\/product_cat?post=25221"},{"taxonomy":"product_tag","embeddable":true,"href":"https:\/\/andalubox.com\/de\/wp-json\/wp\/v2\/product_tag?post=25221"}],"curies":[{"name":"wp","href":"https:\/\/api.w.org\/{rel}","templated":true}]}}