{"id":25159,"date":"2025-08-19T11:30:14","date_gmt":"2025-08-19T09:30:14","guid":{"rendered":"https:\/\/andalubox.com\/producto-andaluz\/jaros-ribera-del-duero-crianza-75-cl\/"},"modified":"2026-01-26T19:34:52","modified_gmt":"2026-01-26T18:34:52","slug":"jaros-ribera-del-duero-crianza-75-cl","status":"publish","type":"product","link":"https:\/\/andalubox.com\/de\/producto-andaluz\/jaros-ribera-del-duero-crianza-75-cl\/","title":{"rendered":"Jaros Ribera del Duero Crianza 75cl"},"content":{"rendered":"<p>Jaros Ribera del Duero Crianza 75cl<\/p>\n<p>Jaros Crianza ist ein Rotwein aus Ribera del Duero, der von Vi\u00f1as del Jaro hergestellt wird, einem kleinen Weingut im Ch\u00e2teau-Stil in Pesquera de Duero, Valladolid, Spanien. Es wurde 1997 gegr\u00fcndet, geh\u00f6rt zur Compa\u00f1\u00eda de Vi\u00f1edos Ib\u00e9ricos und bezieht seine Trauben von der Finca El Qui\u00f1\u00f3n, einem 65 Hektar gro\u00dfen Weinberg, der in 28 Sektoren unterteilt ist.   <span style=\"font-size: 16px;\">Der Name &#8220;Jaros&#8221; stammt von einem hundertj\u00e4hrigen Eichenhain in der N\u00e4he des Weinguts.<\/span><\/p>\n<p>Rebsorten: Haupts\u00e4chlich Tinto Fino (Tempranillo, 90-100%), bei einigen Jahrg\u00e4ngen mit kleinen Mengen Cabernet Sauvignon (2%) und Merlot (~8%) f\u00fcr zus\u00e4tzliche Komplexit\u00e4t.<\/p>\n<p>Details zur Produktion:<\/p>\n<ul>\n\t<li>Weinberg: Die Trauben stammen von etwa 25 Jahre alten Rebst\u00f6cken, die in einer H\u00f6he von 750 Metern \u00fcber dem Meeresspiegel auf sandigen, kalkhaltigen B\u00f6den in der N\u00e4he von Pesquera de Duero wachsen.<\/li>\n\t<li>Weinbereitung: G\u00e4rung in Edelstahltanks f\u00fcr 12 bis 25 Tage bei 26 \u00b0C, mit Mazeration auf der Haut f\u00fcr 1 bis 25 Tage, je nach Jahrgang.<\/li>\n\t<li>Reifung: 15 bis 18 Monate in neuen und einj\u00e4hrigen 300-Liter-F\u00e4ssern aus franz\u00f6sischer und amerikanischer Eiche, gefolgt von einer Reifung in der Flasche vor der Ver\u00f6ffentlichung.<\/li>\n\t<li>Alkoholgehalt: 14,5 % vol.<\/li>\n<\/ul>\n<p>Verkostungsnotizen:<\/p>\n<ul>\n\t<li>Erscheinung: Intensives Kirschrot mit granatroten Reflexen.<\/li>\n\t<li>Nase: Aromen von reifen Kirschen, Pflaumen und Waldfr\u00fcchten, mit balsamischen, mentholhaltigen und w\u00fcrzigen Noten sowie Ankl\u00e4ngen von Schokolade und Edelholz.<\/li>\n\t<li>Starke Worte: Reichhaltig, ausgewogen und strukturiert, mit Aromen von reifen Kirschen, Schokolade und einem mineralischen Abgang. Konzentriert, mit gut eingebundenen Tanninen und einem anhaltenden, fruchtigen Nachgeschmack. <\/li>\n\t<li>Alterungspotenzial: Er kann sich bis zu 25 Jahre lang gut entwickeln.<\/li>\n<\/ul>","protected":false},"excerpt":{"rendered":"<p>Jaros Ribera del Duero Crianza 75 CL. Export nach ganz Europa. <\/p>\n","protected":false},"featured_media":31308,"comment_status":"open","ping_status":"closed","template":"","meta":{"site-sidebar-layout":"default","site-content-layout":"","ast-site-content-layout":"default","site-content-style":"default","site-sidebar-style":"default","ast-global-header-display":"","ast-banner-title-visibility":"","ast-main-header-display":"","ast-hfb-above-header-display":"","ast-hfb-below-header-display":"","ast-hfb-mobile-header-display":"","site-post-title":"","ast-breadcrumbs-content":"","ast-featured-img":"","footer-sml-layout":"","ast-disable-related-posts":"","theme-transparent-header-meta":"default","adv-header-id-meta":"","stick-header-meta":"","header-above-stick-meta":"","header-main-stick-meta":"","header-below-stick-meta":"","astra-migrate-meta-layouts":"default","ast-page-background-enabled":"default","ast-page-background-meta":{"desktop":{"background-color":"var(--ast-global-color-4)","background-image":"","background-repeat":"repeat","background-position":"center center","background-size":"auto","background-attachment":"scroll","background-type":"","background-media":"","overlay-type":"","overlay-color":"","overlay-opacity":"","overlay-gradient":""},"tablet":{"background-color":"","background-image":"","background-repeat":"repeat","background-position":"center center","background-size":"auto","background-attachment":"scroll","background-type":"","background-media":"","overlay-type":"","overlay-color":"","overlay-opacity":"","overlay-gradient":""},"mobile":{"background-color":"","background-image":"","background-repeat":"repeat","background-position":"center center","background-size":"auto","background-attachment":"scroll","background-type":"","background-media":"","overlay-type":"","overlay-color":"","overlay-opacity":"","overlay-gradient":""}},"ast-content-background-meta":{"desktop":{"background-color":"var(--ast-global-color-5)","background-image":"","background-repeat":"repeat","background-position":"center center","background-size":"auto","background-attachment":"scroll","background-type":"","background-media":"","overlay-type":"","overlay-color":"","overlay-opacity":"","overlay-gradient":""},"tablet":{"background-color":"var(--ast-global-color-5)","background-image":"","background-repeat":"repeat","background-position":"center center","background-size":"auto","background-attachment":"scroll","background-type":"","background-media":"","overlay-type":"","overlay-color":"","overlay-opacity":"","overlay-gradient":""},"mobile":{"background-color":"var(--ast-global-color-5)","background-image":"","background-repeat":"repeat","background-position":"center center","background-size":"auto","background-attachment":"scroll","background-type":"","background-media":"","overlay-type":"","overlay-color":"","overlay-opacity":"","overlay-gradient":""}},"iawp_total_views":19},"product_brand":[1258],"product_cat":[343],"product_tag":[],"class_list":{"0":"post-25159","1":"product","2":"type-product","3":"status-publish","4":"has-post-thumbnail","6":"product_brand-vinas-del-jaro","7":"product_cat-rotwein","8":"desktop-align-left","9":"tablet-align-left","10":"mobile-align-left","12":"first","13":"instock","14":"taxable","15":"shipping-taxable","16":"purchasable","17":"product-type-simple"},"_links":{"self":[{"href":"https:\/\/andalubox.com\/de\/wp-json\/wp\/v2\/product\/25159","targetHints":{"allow":["GET"]}}],"collection":[{"href":"https:\/\/andalubox.com\/de\/wp-json\/wp\/v2\/product"}],"about":[{"href":"https:\/\/andalubox.com\/de\/wp-json\/wp\/v2\/types\/product"}],"replies":[{"embeddable":true,"href":"https:\/\/andalubox.com\/de\/wp-json\/wp\/v2\/comments?post=25159"}],"wp:featuredmedia":[{"embeddable":true,"href":"https:\/\/andalubox.com\/de\/wp-json\/wp\/v2\/media\/31308"}],"wp:attachment":[{"href":"https:\/\/andalubox.com\/de\/wp-json\/wp\/v2\/media?parent=25159"}],"wp:term":[{"taxonomy":"product_brand","embeddable":true,"href":"https:\/\/andalubox.com\/de\/wp-json\/wp\/v2\/product_brand?post=25159"},{"taxonomy":"product_cat","embeddable":true,"href":"https:\/\/andalubox.com\/de\/wp-json\/wp\/v2\/product_cat?post=25159"},{"taxonomy":"product_tag","embeddable":true,"href":"https:\/\/andalubox.com\/de\/wp-json\/wp\/v2\/product_tag?post=25159"}],"curies":[{"name":"wp","href":"https:\/\/api.w.org\/{rel}","templated":true}]}}