{"id":25126,"date":"2025-08-18T18:54:27","date_gmt":"2025-08-18T16:54:27","guid":{"rendered":"https:\/\/andalubox.com\/producto-andaluz\/la-matilla-natives-olivenoel-extra-hojiblanca-500-ml\/"},"modified":"2026-01-26T19:34:35","modified_gmt":"2026-01-26T18:34:35","slug":"la-matilla-natives-olivenoel-extra-hojiblanca-500-ml","status":"publish","type":"product","link":"https:\/\/andalubox.com\/de\/producto-andaluz\/la-matilla-natives-olivenoel-extra-hojiblanca-500-ml\/","title":{"rendered":"La Matilla Natives Oliven\u00f6l Extra Hojiblanca 500 Ml"},"content":{"rendered":"<p>La Matilla Natives Oliven\u00f6l Extra Hojiblanca 500 Ml.<\/p>\n<p>Aceites La Matilla ist ein familiengef\u00fchrter Hersteller von erstklassigem nativem Oliven\u00f6l extra (EVOO) mit Sitz in Carmona, Sevilla, Spanien. Auf einem 40 Hektar gro\u00dfen Anwesen mit jahrhundertealten Olivenhainen sind sie auf handgeerntete und kaltgepresste \u00d6le spezialisiert, die mit traditionellen Methoden wie Esparto-Matten hergestellt werden. <\/p>\n<p>Extra natives \u00d6l aus erster Pressung und ungefiltert.<\/p>\n<p>Das \u00d6l von La Matilla wird ausschlie\u00dflich aus Oliven gewonnen, die auf dem eigenen Landgut geerntet und ohne Zwischenh\u00e4ndler direkt gepresst und abgef\u00fcllt werden, was uns die Gewissheit gibt, dass die Qualit\u00e4t des \u00d6ls un\u00fcbertroffen ist.<\/p>\n<p>Monovarietale \u00d6le verleihen diesem fl\u00fcssigen Gold einzigartige Eigenschaften, da sie im Gegensatz zu anderen \u00d6len minderer Qualit\u00e4t alle organoleptischen Eigenschaften des Produkts bewahren und einen einzigartigen Geschmack voller fruchtiger Nuancen bieten, bei dem wir den authentischen Geschmack der Hojiblanca-Olive in seiner ganzen Pracht genie\u00dfen k\u00f6nnen.<\/p>\n<p>Die Landschaft von Carmona, in der sich das Landgut La Matilla befindet, ist ein Land der Olivenb\u00e4ume, seit die Ph\u00f6nizier sie in Spanien einf\u00fchrten. Man k\u00f6nnte also sagen, dass das native Oliven\u00f6l extra von La Matilla eine jahrtausendealte Tradition hat.<\/p>\n<p>Die EVOOs von La Matilla genie\u00dfen weltweite Anerkennung und wurden beim NYIOOC 2021 World Olive Oil Competition mit einem Silver Award ausgezeichnet. Sie bieten Gourmetprodukte in verschiedenen Formaten an, darunter auch Geschenkverpackungen, und bieten Verkostungserlebnisse auf ihrem Weingut an. <\/p>\n<p>&nbsp;<\/p>","protected":false},"excerpt":{"rendered":"<p>La Matilla Natives Oliven\u00f6l Extra Hojiblanca 500 Ml. Versand in ganz Europa. <\/p>\n","protected":false},"featured_media":31316,"template":"","meta":{"site-sidebar-layout":"default","site-content-layout":"","ast-site-content-layout":"default","site-content-style":"default","site-sidebar-style":"default","ast-global-header-display":"","ast-banner-title-visibility":"","ast-main-header-display":"","ast-hfb-above-header-display":"","ast-hfb-below-header-display":"","ast-hfb-mobile-header-display":"","site-post-title":"","ast-breadcrumbs-content":"","ast-featured-img":"","footer-sml-layout":"","ast-disable-related-posts":"","theme-transparent-header-meta":"default","adv-header-id-meta":"","stick-header-meta":"","header-above-stick-meta":"","header-main-stick-meta":"","header-below-stick-meta":"","astra-migrate-meta-layouts":"default","ast-page-background-enabled":"default","ast-page-background-meta":{"desktop":{"background-color":"var(--ast-global-color-4)","background-image":"","background-repeat":"repeat","background-position":"center center","background-size":"auto","background-attachment":"scroll","background-type":"","background-media":"","overlay-type":"","overlay-color":"","overlay-opacity":"","overlay-gradient":""},"tablet":{"background-color":"","background-image":"","background-repeat":"repeat","background-position":"center center","background-size":"auto","background-attachment":"scroll","background-type":"","background-media":"","overlay-type":"","overlay-color":"","overlay-opacity":"","overlay-gradient":""},"mobile":{"background-color":"","background-image":"","background-repeat":"repeat","background-position":"center center","background-size":"auto","background-attachment":"scroll","background-type":"","background-media":"","overlay-type":"","overlay-color":"","overlay-opacity":"","overlay-gradient":""}},"ast-content-background-meta":{"desktop":{"background-color":"var(--ast-global-color-5)","background-image":"","background-repeat":"repeat","background-position":"center center","background-size":"auto","background-attachment":"scroll","background-type":"","background-media":"","overlay-type":"","overlay-color":"","overlay-opacity":"","overlay-gradient":""},"tablet":{"background-color":"var(--ast-global-color-5)","background-image":"","background-repeat":"repeat","background-position":"center center","background-size":"auto","background-attachment":"scroll","background-type":"","background-media":"","overlay-type":"","overlay-color":"","overlay-opacity":"","overlay-gradient":""},"mobile":{"background-color":"var(--ast-global-color-5)","background-image":"","background-repeat":"repeat","background-position":"center center","background-size":"auto","background-attachment":"scroll","background-type":"","background-media":"","overlay-type":"","overlay-color":"","overlay-opacity":"","overlay-gradient":""}}},"product_brand":[],"product_cat":[354],"product_tag":[],"class_list":{"0":"post-25126","1":"product","2":"type-product","3":"status-publish","4":"has-post-thumbnail","6":"product_cat-andalusisches-ol","7":"desktop-align-left","8":"tablet-align-left","9":"mobile-align-left","11":"first","12":"instock","13":"taxable","14":"shipping-taxable","15":"purchasable","16":"product-type-simple"},"_links":{"self":[{"href":"https:\/\/andalubox.com\/de\/wp-json\/wp\/v2\/product\/25126","targetHints":{"allow":["GET"]}}],"collection":[{"href":"https:\/\/andalubox.com\/de\/wp-json\/wp\/v2\/product"}],"about":[{"href":"https:\/\/andalubox.com\/de\/wp-json\/wp\/v2\/types\/product"}],"wp:featuredmedia":[{"embeddable":true,"href":"https:\/\/andalubox.com\/de\/wp-json\/wp\/v2\/media\/31316"}],"wp:attachment":[{"href":"https:\/\/andalubox.com\/de\/wp-json\/wp\/v2\/media?parent=25126"}],"wp:term":[{"taxonomy":"product_brand","embeddable":true,"href":"https:\/\/andalubox.com\/de\/wp-json\/wp\/v2\/product_brand?post=25126"},{"taxonomy":"product_cat","embeddable":true,"href":"https:\/\/andalubox.com\/de\/wp-json\/wp\/v2\/product_cat?post=25126"},{"taxonomy":"product_tag","embeddable":true,"href":"https:\/\/andalubox.com\/de\/wp-json\/wp\/v2\/product_tag?post=25126"}],"curies":[{"name":"wp","href":"https:\/\/api.w.org\/{rel}","templated":true}]}}