{"id":24910,"date":"2025-08-06T22:23:29","date_gmt":"2025-08-06T20:23:29","guid":{"rendered":"https:\/\/andalubox.com\/producto-andaluz\/la-estrella-de-galicia-originalrezept-33-cl-flasche\/"},"modified":"2026-04-05T20:42:26","modified_gmt":"2026-04-05T18:42:26","slug":"la-estrella-de-galicia-originalrezept-33-cl-flasche","status":"publish","type":"product","link":"https:\/\/andalubox.com\/de\/producto-andaluz\/la-estrella-de-galicia-originalrezept-33-cl-flasche\/","title":{"rendered":"La Estrella de Galicia Originalrezept 33cl-Flasche"},"content":{"rendered":"<p>La Estrella de Galicia Originalrezept 33cl-Flasche<\/p>\n<p>Estrella de Galicia Receta Original ist ein deutsches Pilsner Bier mit 4,7% Alkohol, gebraut von Hijos de Rivera in A Coru\u00f1a, Spanien. Es hat eine hellgoldene Farbe, sehr transparent, mit einem ausgewogenen Verh\u00e4ltnis zwischen S\u00fc\u00dfe und Bitterkeit im Mund. Seine Aromen erinnern an Pilsener Malz und Brotkruste, mit frischen und blumigen Noten. Das Rezept, das mehr als 110 Jahre alt ist, wird mit Wasser, Gerstenmalz und Hopfen gebraut und ben\u00f6tigt etwa einen Monat f\u00fcr die Herstellung, wobei 50% der Zeit f\u00fcr die kalte Lagerung verwendet werden.   <\/p>\n<p>Estrella Galicia, produziert von Hijos de Rivera, hat eine bedeutende Pr\u00e4senz auf den internationalen M\u00e4rkten. Im Jahr 2023 macht der Export 10 % des Umsatzes aus. Das Unternehmen vertreibt seine Produkte in mehr als 75 L\u00e4ndern, darunter Gro\u00dfbritannien, Deutschland, die Schweiz, Paraguay, Portugal, Brasilien, Mexiko, die Vereinigten Staaten und mehrere M\u00e4rkte in Europa, Lateinamerika, Asien und Afrika. Das Unternehmen hat dem Wachstum in Europa (Deutschland, Italien, Portugal, England) und Lateinamerika Priorit\u00e4t einger\u00e4umt, obwohl es seinen Plan, eine Fabrik in Brasilien zu bauen, aufgegeben und sich stattdessen f\u00fcr eine Allianz mit Femsa f\u00fcr den Vertrieb in diesem Land entschieden hat.  <\/p>\n<p>Andalubox exportiert Estrella de Galicia in verschiedene europ\u00e4ische L\u00e4nder.<\/p>","protected":false},"excerpt":{"rendered":"<p>La Estrella de Galicia Originalrezept Flasche 33 CL in ganz EUROPA versandfertig.<\/p>\n","protected":false},"featured_media":24907,"comment_status":"open","ping_status":"closed","template":"","meta":{"site-sidebar-layout":"default","site-content-layout":"","ast-site-content-layout":"default","site-content-style":"default","site-sidebar-style":"default","ast-global-header-display":"","ast-banner-title-visibility":"","ast-main-header-display":"","ast-hfb-above-header-display":"","ast-hfb-below-header-display":"","ast-hfb-mobile-header-display":"","site-post-title":"","ast-breadcrumbs-content":"","ast-featured-img":"","footer-sml-layout":"","ast-disable-related-posts":"","theme-transparent-header-meta":"default","adv-header-id-meta":"","stick-header-meta":"","header-above-stick-meta":"","header-main-stick-meta":"","header-below-stick-meta":"","astra-migrate-meta-layouts":"default","ast-page-background-enabled":"default","ast-page-background-meta":{"desktop":{"background-color":"var(--ast-global-color-4)","background-image":"","background-repeat":"repeat","background-position":"center center","background-size":"auto","background-attachment":"scroll","background-type":"","background-media":"","overlay-type":"","overlay-color":"","overlay-opacity":"","overlay-gradient":""},"tablet":{"background-color":"","background-image":"","background-repeat":"repeat","background-position":"center center","background-size":"auto","background-attachment":"scroll","background-type":"","background-media":"","overlay-type":"","overlay-color":"","overlay-opacity":"","overlay-gradient":""},"mobile":{"background-color":"","background-image":"","background-repeat":"repeat","background-position":"center center","background-size":"auto","background-attachment":"scroll","background-type":"","background-media":"","overlay-type":"","overlay-color":"","overlay-opacity":"","overlay-gradient":""}},"ast-content-background-meta":{"desktop":{"background-color":"var(--ast-global-color-5)","background-image":"","background-repeat":"repeat","background-position":"center center","background-size":"auto","background-attachment":"scroll","background-type":"","background-media":"","overlay-type":"","overlay-color":"","overlay-opacity":"","overlay-gradient":""},"tablet":{"background-color":"var(--ast-global-color-5)","background-image":"","background-repeat":"repeat","background-position":"center center","background-size":"auto","background-attachment":"scroll","background-type":"","background-media":"","overlay-type":"","overlay-color":"","overlay-opacity":"","overlay-gradient":""},"mobile":{"background-color":"var(--ast-global-color-5)","background-image":"","background-repeat":"repeat","background-position":"center center","background-size":"auto","background-attachment":"scroll","background-type":"","background-media":"","overlay-type":"","overlay-color":"","overlay-opacity":"","overlay-gradient":""}}},"product_brand":[1262],"product_cat":[339],"product_tag":[],"class_list":{"0":"post-24910","1":"product","2":"type-product","3":"status-publish","4":"has-post-thumbnail","6":"product_brand-estrella-galicia","7":"product_cat-andalusische-biere","8":"desktop-align-left","9":"tablet-align-left","10":"mobile-align-left","12":"first","13":"instock","14":"taxable","15":"shipping-taxable","16":"purchasable","17":"product-type-simple"},"_links":{"self":[{"href":"https:\/\/andalubox.com\/de\/wp-json\/wp\/v2\/product\/24910","targetHints":{"allow":["GET"]}}],"collection":[{"href":"https:\/\/andalubox.com\/de\/wp-json\/wp\/v2\/product"}],"about":[{"href":"https:\/\/andalubox.com\/de\/wp-json\/wp\/v2\/types\/product"}],"replies":[{"embeddable":true,"href":"https:\/\/andalubox.com\/de\/wp-json\/wp\/v2\/comments?post=24910"}],"wp:featuredmedia":[{"embeddable":true,"href":"https:\/\/andalubox.com\/de\/wp-json\/wp\/v2\/media\/24907"}],"wp:attachment":[{"href":"https:\/\/andalubox.com\/de\/wp-json\/wp\/v2\/media?parent=24910"}],"wp:term":[{"taxonomy":"product_brand","embeddable":true,"href":"https:\/\/andalubox.com\/de\/wp-json\/wp\/v2\/product_brand?post=24910"},{"taxonomy":"product_cat","embeddable":true,"href":"https:\/\/andalubox.com\/de\/wp-json\/wp\/v2\/product_cat?post=24910"},{"taxonomy":"product_tag","embeddable":true,"href":"https:\/\/andalubox.com\/de\/wp-json\/wp\/v2\/product_tag?post=24910"}],"curies":[{"name":"wp","href":"https:\/\/api.w.org\/{rel}","templated":true}]}}