{"id":24390,"date":"2025-08-03T22:52:49","date_gmt":"2025-08-03T20:52:49","guid":{"rendered":"https:\/\/andalubox.com\/producto-andaluz\/yllera-9-monate-aus-castilla-75-cl\/"},"modified":"2026-01-26T20:05:09","modified_gmt":"2026-01-26T19:05:09","slug":"yllera-9-monate-aus-castilla-75-cl","status":"publish","type":"product","link":"https:\/\/andalubox.com\/de\/producto-andaluz\/yllera-9-monate-aus-castilla-75-cl\/","title":{"rendered":"Yllera 9 Monate aus Castilla 75 CL"},"content":{"rendered":"<p>Yllera 9 meses de Castilla 75 CL ist ein Rotwein aus Castilla y Le\u00f3n, Spanien, hergestellt von Bodegas Grupo Yllera. Es handelt sich um einen reinsortigen Tempranillo, der 9 Monate lang in franz\u00f6sischen und amerikanischen Eichenf\u00e4ssern gereift ist. Er hat eine kr\u00e4ftige kirschrote Farbe mit violetten Reflexen. <\/p>\n<p>Er bietet ein komplexes Aroma von reifen roten Fr\u00fcchten (Erdbeere, Himbeere, Heidelbeere), Vanille, Gew\u00fcrzen und R\u00f6stnoten vom Holz.<\/p>\n<p>Am Gaumen ist er weich, ausgewogen und mittelkr\u00e4ftig, mit runden Tanninen, einer seidigen Textur und einem langen, anhaltenden Abgang. Er wird als fruchtig, elegant und leicht zu trinken beschrieben, was ihn zu einem vielseitigen Begleiter von rotem und wei\u00dfem Fleisch, Pasta, gegrilltem Gem\u00fcse, Wurstwaren und halbgereiftem K\u00e4se macht. Servieren Sie ihn bei 14-16 \u00b0C.  <\/p>\n<p>Sein Alkoholgehalt betr\u00e4gt etwa 14 %.<\/p>","protected":false},"excerpt":{"rendered":"<p>Yllera 9 meses de Castilla 75 CL wird in ganz EUROPA exportiert.<\/p>\n","protected":false},"featured_media":24389,"comment_status":"open","ping_status":"closed","template":"","meta":{"site-sidebar-layout":"default","site-content-layout":"","ast-site-content-layout":"default","site-content-style":"default","site-sidebar-style":"default","ast-global-header-display":"","ast-banner-title-visibility":"","ast-main-header-display":"","ast-hfb-above-header-display":"","ast-hfb-below-header-display":"","ast-hfb-mobile-header-display":"","site-post-title":"","ast-breadcrumbs-content":"","ast-featured-img":"","footer-sml-layout":"","ast-disable-related-posts":"","theme-transparent-header-meta":"default","adv-header-id-meta":"","stick-header-meta":"","header-above-stick-meta":"","header-main-stick-meta":"","header-below-stick-meta":"","astra-migrate-meta-layouts":"default","ast-page-background-enabled":"default","ast-page-background-meta":{"desktop":{"background-color":"var(--ast-global-color-4)","background-image":"","background-repeat":"repeat","background-position":"center center","background-size":"auto","background-attachment":"scroll","background-type":"","background-media":"","overlay-type":"","overlay-color":"","overlay-opacity":"","overlay-gradient":""},"tablet":{"background-color":"","background-image":"","background-repeat":"repeat","background-position":"center center","background-size":"auto","background-attachment":"scroll","background-type":"","background-media":"","overlay-type":"","overlay-color":"","overlay-opacity":"","overlay-gradient":""},"mobile":{"background-color":"","background-image":"","background-repeat":"repeat","background-position":"center center","background-size":"auto","background-attachment":"scroll","background-type":"","background-media":"","overlay-type":"","overlay-color":"","overlay-opacity":"","overlay-gradient":""}},"ast-content-background-meta":{"desktop":{"background-color":"var(--ast-global-color-5)","background-image":"","background-repeat":"repeat","background-position":"center center","background-size":"auto","background-attachment":"scroll","background-type":"","background-media":"","overlay-type":"","overlay-color":"","overlay-opacity":"","overlay-gradient":""},"tablet":{"background-color":"var(--ast-global-color-5)","background-image":"","background-repeat":"repeat","background-position":"center center","background-size":"auto","background-attachment":"scroll","background-type":"","background-media":"","overlay-type":"","overlay-color":"","overlay-opacity":"","overlay-gradient":""},"mobile":{"background-color":"var(--ast-global-color-5)","background-image":"","background-repeat":"repeat","background-position":"center center","background-size":"auto","background-attachment":"scroll","background-type":"","background-media":"","overlay-type":"","overlay-color":"","overlay-opacity":"","overlay-gradient":""}}},"product_brand":[1273],"product_cat":[343],"product_tag":[],"class_list":{"0":"post-24390","1":"product","2":"type-product","3":"status-publish","4":"has-post-thumbnail","6":"product_brand-yllera","7":"product_cat-rotwein","8":"desktop-align-left","9":"tablet-align-left","10":"mobile-align-left","12":"first","13":"instock","14":"taxable","15":"shipping-taxable","16":"purchasable","17":"product-type-simple"},"_links":{"self":[{"href":"https:\/\/andalubox.com\/de\/wp-json\/wp\/v2\/product\/24390","targetHints":{"allow":["GET"]}}],"collection":[{"href":"https:\/\/andalubox.com\/de\/wp-json\/wp\/v2\/product"}],"about":[{"href":"https:\/\/andalubox.com\/de\/wp-json\/wp\/v2\/types\/product"}],"replies":[{"embeddable":true,"href":"https:\/\/andalubox.com\/de\/wp-json\/wp\/v2\/comments?post=24390"}],"wp:featuredmedia":[{"embeddable":true,"href":"https:\/\/andalubox.com\/de\/wp-json\/wp\/v2\/media\/24389"}],"wp:attachment":[{"href":"https:\/\/andalubox.com\/de\/wp-json\/wp\/v2\/media?parent=24390"}],"wp:term":[{"taxonomy":"product_brand","embeddable":true,"href":"https:\/\/andalubox.com\/de\/wp-json\/wp\/v2\/product_brand?post=24390"},{"taxonomy":"product_cat","embeddable":true,"href":"https:\/\/andalubox.com\/de\/wp-json\/wp\/v2\/product_cat?post=24390"},{"taxonomy":"product_tag","embeddable":true,"href":"https:\/\/andalubox.com\/de\/wp-json\/wp\/v2\/product_tag?post=24390"}],"curies":[{"name":"wp","href":"https:\/\/api.w.org\/{rel}","templated":true}]}}