{"id":24196,"date":"2025-07-23T18:17:00","date_gmt":"2025-07-23T16:17:00","guid":{"rendered":"https:\/\/andalubox.com\/producto-andaluz\/valhalla-double-honey-mead-33-cl-flasche\/"},"modified":"2025-07-23T18:17:00","modified_gmt":"2025-07-23T16:17:00","slug":"valhalla-double-honey-mead-33-cl-flasche","status":"publish","type":"product","link":"https:\/\/andalubox.com\/de\/producto-andaluz\/valhalla-double-honey-mead-33-cl-flasche\/","title":{"rendered":"Valhalla Double Honey Mead 33 Cl Flasche"},"content":{"rendered":"<p>Valhalla Mead Double Honey Bottle 33 Cl, jetzt f\u00fcr ganz Europa.<\/p>\n<p>Valhalla Hidromiel ist eine spanische Marke, die hochwertigen handwerklichen Met herstellt, ein fermentiertes Getr\u00e4nk aus Honig, Wasser und Hefe, das als eines der \u00e4ltesten alkoholischen Getr\u00e4nke gilt und noch vor Bier und Wein hergestellt wird. Der in Sevilla hergestellte Met wird aus lokalem Honig, eigener Hefe und dem einzigartigen Wasser von Sevilla hergestellt und folgt traditionellen Rezepten, um authentische Aromen mit einer modernen Note zu bieten. Mit einem Alkoholgehalt von ca. 11% ist er glutenfrei, sulfitfrei und biologisch, ideal f\u00fcr alle, die nat\u00fcrliche und traditionelle Getr\u00e4nke suchen.  <\/p>\n<p>Valhalla Double Honey (Melomiel): S\u00fc\u00df, aber nicht s\u00fc\u00dflich, mit einem hohen Honiganteil hergestellt, bietet er einen intensiven Honiggeschmack und blumige Aromen mit Noten von getrockneten Feigen und Sultaninen. Er passt perfekt zu Desserts wie Obsttorten oder Sorbets. <\/p>\n<p>&nbsp;<\/p>","protected":false},"excerpt":{"rendered":"<p>Valhalla Hidromiel Doble Miel Bottle 33 Cl. F\u00fcr den Export in ganz Europa. <\/p>\n","protected":false},"featured_media":24191,"template":"","meta":{"site-sidebar-layout":"default","site-content-layout":"","ast-site-content-layout":"default","site-content-style":"default","site-sidebar-style":"default","ast-global-header-display":"","ast-banner-title-visibility":"","ast-main-header-display":"","ast-hfb-above-header-display":"","ast-hfb-below-header-display":"","ast-hfb-mobile-header-display":"","site-post-title":"","ast-breadcrumbs-content":"","ast-featured-img":"","footer-sml-layout":"","ast-disable-related-posts":"","theme-transparent-header-meta":"default","adv-header-id-meta":"","stick-header-meta":"","header-above-stick-meta":"","header-main-stick-meta":"","header-below-stick-meta":"","astra-migrate-meta-layouts":"default","ast-page-background-enabled":"default","ast-page-background-meta":{"desktop":{"background-color":"var(--ast-global-color-4)","background-image":"","background-repeat":"repeat","background-position":"center center","background-size":"auto","background-attachment":"scroll","background-type":"","background-media":"","overlay-type":"","overlay-color":"","overlay-opacity":"","overlay-gradient":""},"tablet":{"background-color":"","background-image":"","background-repeat":"repeat","background-position":"center center","background-size":"auto","background-attachment":"scroll","background-type":"","background-media":"","overlay-type":"","overlay-color":"","overlay-opacity":"","overlay-gradient":""},"mobile":{"background-color":"","background-image":"","background-repeat":"repeat","background-position":"center center","background-size":"auto","background-attachment":"scroll","background-type":"","background-media":"","overlay-type":"","overlay-color":"","overlay-opacity":"","overlay-gradient":""}},"ast-content-background-meta":{"desktop":{"background-color":"var(--ast-global-color-5)","background-image":"","background-repeat":"repeat","background-position":"center center","background-size":"auto","background-attachment":"scroll","background-type":"","background-media":"","overlay-type":"","overlay-color":"","overlay-opacity":"","overlay-gradient":""},"tablet":{"background-color":"var(--ast-global-color-5)","background-image":"","background-repeat":"repeat","background-position":"center center","background-size":"auto","background-attachment":"scroll","background-type":"","background-media":"","overlay-type":"","overlay-color":"","overlay-opacity":"","overlay-gradient":""},"mobile":{"background-color":"var(--ast-global-color-5)","background-image":"","background-repeat":"repeat","background-position":"center center","background-size":"auto","background-attachment":"scroll","background-type":"","background-media":"","overlay-type":"","overlay-color":"","overlay-opacity":"","overlay-gradient":""}}},"product_brand":[1267],"product_cat":[1011],"product_tag":[],"class_list":{"0":"post-24196","1":"product","2":"type-product","3":"status-publish","4":"has-post-thumbnail","6":"product_brand-valhalla","7":"product_cat-sevilla-met","8":"desktop-align-left","9":"tablet-align-left","10":"mobile-align-left","12":"first","13":"outofstock","14":"taxable","15":"shipping-taxable","16":"purchasable","17":"product-type-simple"},"_links":{"self":[{"href":"https:\/\/andalubox.com\/de\/wp-json\/wp\/v2\/product\/24196","targetHints":{"allow":["GET"]}}],"collection":[{"href":"https:\/\/andalubox.com\/de\/wp-json\/wp\/v2\/product"}],"about":[{"href":"https:\/\/andalubox.com\/de\/wp-json\/wp\/v2\/types\/product"}],"wp:featuredmedia":[{"embeddable":true,"href":"https:\/\/andalubox.com\/de\/wp-json\/wp\/v2\/media\/24191"}],"wp:attachment":[{"href":"https:\/\/andalubox.com\/de\/wp-json\/wp\/v2\/media?parent=24196"}],"wp:term":[{"taxonomy":"product_brand","embeddable":true,"href":"https:\/\/andalubox.com\/de\/wp-json\/wp\/v2\/product_brand?post=24196"},{"taxonomy":"product_cat","embeddable":true,"href":"https:\/\/andalubox.com\/de\/wp-json\/wp\/v2\/product_cat?post=24196"},{"taxonomy":"product_tag","embeddable":true,"href":"https:\/\/andalubox.com\/de\/wp-json\/wp\/v2\/product_tag?post=24196"}],"curies":[{"name":"wp","href":"https:\/\/api.w.org\/{rel}","templated":true}]}}