{"id":24180,"date":"2025-07-23T18:05:37","date_gmt":"2025-07-23T16:05:37","guid":{"rendered":"https:\/\/andalubox.com\/producto-andaluz\/walhalla-met-aesir-flasche-33-cl\/"},"modified":"2025-07-23T18:10:25","modified_gmt":"2025-07-23T16:10:25","slug":"walhalla-met-aesir-flasche-33-cl","status":"publish","type":"product","link":"https:\/\/andalubox.com\/de\/producto-andaluz\/walhalla-met-aesir-flasche-33-cl\/","title":{"rendered":"Walhalla Met Aesir Flasche 33 CL"},"content":{"rendered":"<p>Valhalla Mead Aesir Flasche 33 CL.<\/p>\n<p>Jetzt! Walhalla Met f\u00fcr ganz Europa! <\/p>\n<p>Valhalla ist eine Marke aus S\u00fcdspanien, die hochwertigen handwerklichen Met herstellt, ein fermentiertes Getr\u00e4nk aus Honig, Wasser und Hefe, das als eines der \u00e4ltesten alkoholischen Getr\u00e4nke gilt und noch vor Bier und Wein hergestellt wird. Der in Sevilla hergestellte Met besteht aus lokalem Honig, eigener Hefe und dem einzigartigen Wasser von Sevilla. Er wird nach traditionellen Rezepten hergestellt und bietet authentische Aromen mit einer modernen Note. Mit einem Alkoholgehalt von ca. 11% ist er glutenfrei, sulfitfrei und biologisch, ideal f\u00fcr alle, die nat\u00fcrliche und traditionelle Getr\u00e4nke suchen.  <\/p>\n<p>Valhalla Aesir: Trocken, klar, von strohgelber Farbe, mit Aromen von wei\u00dfen und tropischen Fr\u00fcchten (z.B. Trauben, Litschi) und einem Hauch von frischen Kr\u00e4utern und Orangenbl\u00fcten. Perfekt f\u00fcr Tapas oder als Alternative zu Wei\u00dfwein. Hinweis: In einer Quelle wird ein Alkoholgehalt von 8% angegeben, der von den \u00fcblichen 11% abweichen kann.  <\/p>","protected":false},"excerpt":{"rendered":"<p>Valhalla Mead Aesir Bottle 33 CL, verkauft in ganz Europa.<\/p>\n","protected":false},"featured_media":24175,"comment_status":"open","ping_status":"closed","template":"","meta":{"site-sidebar-layout":"default","site-content-layout":"","ast-site-content-layout":"default","site-content-style":"default","site-sidebar-style":"default","ast-global-header-display":"","ast-banner-title-visibility":"","ast-main-header-display":"","ast-hfb-above-header-display":"","ast-hfb-below-header-display":"","ast-hfb-mobile-header-display":"","site-post-title":"","ast-breadcrumbs-content":"","ast-featured-img":"","footer-sml-layout":"","ast-disable-related-posts":"","theme-transparent-header-meta":"default","adv-header-id-meta":"","stick-header-meta":"","header-above-stick-meta":"","header-main-stick-meta":"","header-below-stick-meta":"","astra-migrate-meta-layouts":"default","ast-page-background-enabled":"default","ast-page-background-meta":{"desktop":{"background-color":"var(--ast-global-color-4)","background-image":"","background-repeat":"repeat","background-position":"center center","background-size":"auto","background-attachment":"scroll","background-type":"","background-media":"","overlay-type":"","overlay-color":"","overlay-opacity":"","overlay-gradient":""},"tablet":{"background-color":"","background-image":"","background-repeat":"repeat","background-position":"center center","background-size":"auto","background-attachment":"scroll","background-type":"","background-media":"","overlay-type":"","overlay-color":"","overlay-opacity":"","overlay-gradient":""},"mobile":{"background-color":"","background-image":"","background-repeat":"repeat","background-position":"center center","background-size":"auto","background-attachment":"scroll","background-type":"","background-media":"","overlay-type":"","overlay-color":"","overlay-opacity":"","overlay-gradient":""}},"ast-content-background-meta":{"desktop":{"background-color":"var(--ast-global-color-5)","background-image":"","background-repeat":"repeat","background-position":"center center","background-size":"auto","background-attachment":"scroll","background-type":"","background-media":"","overlay-type":"","overlay-color":"","overlay-opacity":"","overlay-gradient":""},"tablet":{"background-color":"var(--ast-global-color-5)","background-image":"","background-repeat":"repeat","background-position":"center center","background-size":"auto","background-attachment":"scroll","background-type":"","background-media":"","overlay-type":"","overlay-color":"","overlay-opacity":"","overlay-gradient":""},"mobile":{"background-color":"var(--ast-global-color-5)","background-image":"","background-repeat":"repeat","background-position":"center center","background-size":"auto","background-attachment":"scroll","background-type":"","background-media":"","overlay-type":"","overlay-color":"","overlay-opacity":"","overlay-gradient":""}}},"product_brand":[1267],"product_cat":[1011],"product_tag":[],"class_list":{"0":"post-24180","1":"product","2":"type-product","3":"status-publish","4":"has-post-thumbnail","6":"product_brand-valhalla","7":"product_cat-sevilla-met","8":"desktop-align-left","9":"tablet-align-left","10":"mobile-align-left","12":"first","13":"instock","14":"taxable","15":"shipping-taxable","16":"purchasable","17":"product-type-simple"},"_links":{"self":[{"href":"https:\/\/andalubox.com\/de\/wp-json\/wp\/v2\/product\/24180","targetHints":{"allow":["GET"]}}],"collection":[{"href":"https:\/\/andalubox.com\/de\/wp-json\/wp\/v2\/product"}],"about":[{"href":"https:\/\/andalubox.com\/de\/wp-json\/wp\/v2\/types\/product"}],"replies":[{"embeddable":true,"href":"https:\/\/andalubox.com\/de\/wp-json\/wp\/v2\/comments?post=24180"}],"wp:featuredmedia":[{"embeddable":true,"href":"https:\/\/andalubox.com\/de\/wp-json\/wp\/v2\/media\/24175"}],"wp:attachment":[{"href":"https:\/\/andalubox.com\/de\/wp-json\/wp\/v2\/media?parent=24180"}],"wp:term":[{"taxonomy":"product_brand","embeddable":true,"href":"https:\/\/andalubox.com\/de\/wp-json\/wp\/v2\/product_brand?post=24180"},{"taxonomy":"product_cat","embeddable":true,"href":"https:\/\/andalubox.com\/de\/wp-json\/wp\/v2\/product_cat?post=24180"},{"taxonomy":"product_tag","embeddable":true,"href":"https:\/\/andalubox.com\/de\/wp-json\/wp\/v2\/product_tag?post=24180"}],"curies":[{"name":"wp","href":"https:\/\/api.w.org\/{rel}","templated":true}]}}