{"id":24095,"date":"2025-07-22T09:30:56","date_gmt":"2025-07-22T07:30:56","guid":{"rendered":"https:\/\/andalubox.com\/producto-andaluz\/castillo-de-canena-bio-picual-500-ml\/"},"modified":"2026-01-26T20:04:05","modified_gmt":"2026-01-26T19:04:05","slug":"castillo-de-canena-bio-picual-500-ml","status":"publish","type":"product","link":"https:\/\/andalubox.com\/de\/producto-andaluz\/castillo-de-canena-bio-picual-500-ml\/","title":{"rendered":"Castillo de Canena Bio Picual 500ml"},"content":{"rendered":"<p>Castillo de Canena Bio Picual 500 ml ist ein hochwertiges natives Oliven\u00f6l extra (EVOO), das von Castillo de Canena, einem Familienunternehmen aus Ja\u00e9n, Andalusien, Spanien, hergestellt wird, dessen Tradition bis ins Jahr 1780 zur\u00fcckreicht. Dieses \u00d6l ist von Demeter biodynamisch zertifiziert, was die Einhaltung strenger biodynamischer Anbaupraktiken garantiert, die mit den nat\u00fcrlichen Zyklen, wie den Mondphasen und den kosmischen Kr\u00e4ften, harmonieren, um ein \u00f6kologisches Gleichgewicht zu erreichen. <\/p>\n<p>Es wird aus Picual-Oliven hergestellt, kalt gepresst, um die Qualit\u00e4t zu erhalten, mit einem niedrigen S\u00e4uregehalt von 0,14\u00b0. Geschmacksprofil: Das \u00d6l bietet eine intensive Fruchtigkeit mit Noten von gr\u00fcnen Oliven, Olivenbl\u00e4ttern, Tomaten, Minze, Artischocken und Balsamico. Es hat eine mittlere Bitterkeit, die mit einer leichten Sch\u00e4rfe gut ausbalanciert ist, und einen strukturierten K\u00f6rper dank seines hohen \u00d6ls\u00e4uregehalts. Der Abgang kann an Artischocke oder Distel erinnern, mit einer subtilen Herbheit. Nachhaltigkeit: Die Produktion vermeidet den Einsatz von Pestiziden und Herbiziden, verwendet eigenen Kompost aus Olivenresten und Schafsmist und f\u00f6rdert die Artenvielfalt durch regenerative Landwirtschaft.    <\/p>\n<p>Das \u00d6l hat einen hohen Polyphenolgehalt (760 ppm), der zu seinen gesundheitlichen Vorteilen und seiner Stabilit\u00e4t beitr\u00e4gt. Auszeichnungen: Es gewann den ersten Platz in der sensorischen Bewertung (1,4\/5) im Stiftung Warentest Oliven\u00f6l Test 2020 und war der Sieger in der Kategorie mittlere Fruchtigkeit im FEINSCHMECKER Oliven\u00f6l Test 2019. Im Jahr 2017 erhielt es im Flos Olei Guide eine Bewertung von 98\/98, eine der h\u00f6chsten der Welt.  <\/p>","protected":false},"excerpt":{"rendered":"<p>Castillo de Canena Bio Picual 500 Ml f\u00fcr den Export in ganz Europa. Gastronomie und Privatkunden. <\/p>\n<p>47,98\/Liter.<\/p>\n","protected":false},"featured_media":24093,"comment_status":"open","ping_status":"closed","template":"","meta":{"site-sidebar-layout":"default","site-content-layout":"","ast-site-content-layout":"default","site-content-style":"default","site-sidebar-style":"default","ast-global-header-display":"","ast-banner-title-visibility":"","ast-main-header-display":"","ast-hfb-above-header-display":"","ast-hfb-below-header-display":"","ast-hfb-mobile-header-display":"","site-post-title":"","ast-breadcrumbs-content":"","ast-featured-img":"","footer-sml-layout":"","ast-disable-related-posts":"","theme-transparent-header-meta":"default","adv-header-id-meta":"","stick-header-meta":"","header-above-stick-meta":"","header-main-stick-meta":"","header-below-stick-meta":"","astra-migrate-meta-layouts":"default","ast-page-background-enabled":"default","ast-page-background-meta":{"desktop":{"background-color":"var(--ast-global-color-4)","background-image":"","background-repeat":"repeat","background-position":"center center","background-size":"auto","background-attachment":"scroll","background-type":"","background-media":"","overlay-type":"","overlay-color":"","overlay-opacity":"","overlay-gradient":""},"tablet":{"background-color":"","background-image":"","background-repeat":"repeat","background-position":"center center","background-size":"auto","background-attachment":"scroll","background-type":"","background-media":"","overlay-type":"","overlay-color":"","overlay-opacity":"","overlay-gradient":""},"mobile":{"background-color":"","background-image":"","background-repeat":"repeat","background-position":"center center","background-size":"auto","background-attachment":"scroll","background-type":"","background-media":"","overlay-type":"","overlay-color":"","overlay-opacity":"","overlay-gradient":""}},"ast-content-background-meta":{"desktop":{"background-color":"var(--ast-global-color-5)","background-image":"","background-repeat":"repeat","background-position":"center center","background-size":"auto","background-attachment":"scroll","background-type":"","background-media":"","overlay-type":"","overlay-color":"","overlay-opacity":"","overlay-gradient":""},"tablet":{"background-color":"var(--ast-global-color-5)","background-image":"","background-repeat":"repeat","background-position":"center center","background-size":"auto","background-attachment":"scroll","background-type":"","background-media":"","overlay-type":"","overlay-color":"","overlay-opacity":"","overlay-gradient":""},"mobile":{"background-color":"var(--ast-global-color-5)","background-image":"","background-repeat":"repeat","background-position":"center center","background-size":"auto","background-attachment":"scroll","background-type":"","background-media":"","overlay-type":"","overlay-color":"","overlay-opacity":"","overlay-gradient":""}},"iawp_total_views":9},"product_brand":[1266],"product_cat":[354],"product_tag":[],"class_list":{"0":"post-24095","1":"product","2":"type-product","3":"status-publish","4":"has-post-thumbnail","6":"product_brand-castillo-de-canena","7":"product_cat-andalusisches-ol","8":"desktop-align-left","9":"tablet-align-left","10":"mobile-align-left","12":"first","13":"instock","14":"taxable","15":"shipping-taxable","16":"purchasable","17":"product-type-simple"},"_links":{"self":[{"href":"https:\/\/andalubox.com\/de\/wp-json\/wp\/v2\/product\/24095","targetHints":{"allow":["GET"]}}],"collection":[{"href":"https:\/\/andalubox.com\/de\/wp-json\/wp\/v2\/product"}],"about":[{"href":"https:\/\/andalubox.com\/de\/wp-json\/wp\/v2\/types\/product"}],"replies":[{"embeddable":true,"href":"https:\/\/andalubox.com\/de\/wp-json\/wp\/v2\/comments?post=24095"}],"wp:featuredmedia":[{"embeddable":true,"href":"https:\/\/andalubox.com\/de\/wp-json\/wp\/v2\/media\/24093"}],"wp:attachment":[{"href":"https:\/\/andalubox.com\/de\/wp-json\/wp\/v2\/media?parent=24095"}],"wp:term":[{"taxonomy":"product_brand","embeddable":true,"href":"https:\/\/andalubox.com\/de\/wp-json\/wp\/v2\/product_brand?post=24095"},{"taxonomy":"product_cat","embeddable":true,"href":"https:\/\/andalubox.com\/de\/wp-json\/wp\/v2\/product_cat?post=24095"},{"taxonomy":"product_tag","embeddable":true,"href":"https:\/\/andalubox.com\/de\/wp-json\/wp\/v2\/product_tag?post=24095"}],"curies":[{"name":"wp","href":"https:\/\/api.w.org\/{rel}","templated":true}]}}