{"id":24000,"date":"2025-07-18T12:03:18","date_gmt":"2025-07-18T10:03:18","guid":{"rendered":"https:\/\/andalubox.com\/producto-andaluz\/castillo-de-canena-natives-olivenoel-extra-arbequina-mit-eichenholzrauch-250ml\/"},"modified":"2025-09-18T11:16:09","modified_gmt":"2025-09-18T09:16:09","slug":"castillo-de-canena-natives-olivenoel-extra-arbequina-mit-eichenholzrauch-250ml","status":"publish","type":"product","link":"https:\/\/andalubox.com\/de\/producto-andaluz\/castillo-de-canena-natives-olivenoel-extra-arbequina-mit-eichenholzrauch-250ml\/","title":{"rendered":"Castillo de Canena Natives Oliven\u00f6l Extra Arbequina mit Eichenholzrauch, 250ml"},"content":{"rendered":"<p>Castillo de Canena Arbequina Natives Oliven\u00f6l Extra mit Eichenholzrauch, 250ml. Unser Arbequina Oliven\u00f6l ist ein weltweit einzigartiges Produkt. Es wird nach einem handwerklichen Verfahren kalt ger\u00e4uchert, das den strengsten Qualit\u00e4tskontrollen und Protokollen folgt. Mit Hilfe von R\u00e4uchermeistern haben wir eine Auswahl verschiedener \u00f6kologischer H\u00f6lzer getroffen, wobei die Eiche dominiert. Es wird in einer 250ml-Flasche in T\u00fcrkisblau mit schwarzem Siebdruck geliefert.   <\/p>\n<p>Es ist das erste und einzige R\u00e4ucher\u00f6l von Castillo de Canena, das kalt aufgegossen wird und aus einer Kombination verschiedener \u00f6kologischer H\u00f6lzer &#8211; vor allem Eichenholz &#8211; zusammen mit seinem Arbequino nach einem traditionellen Herstellungsverfahren mit Hilfe von R\u00e4uchermeistern hergestellt wird.<\/p>\n<p>Sein Geschmack erinnert an frische Apfel- und Mandelaromen, mit einer warmen Karamell-, Vanille- und Toffeenote. Sein rauchiges Aroma ist ideal f\u00fcr die rohe Verwendung in allen Arten von Fleisch- und Fischgerichten, Salatdressings und So\u00dfen. <\/p>\n<p>Sorte: Arbequina<br>Erzeuger: Castillo de Canena<br>Gr\u00f6\u00dfe: 250 ml<br>Herkunft: Canena (Ja\u00e9n)<\/p>","protected":false},"excerpt":{"rendered":"<p>Castillo de Canena Arbequina Natives Oliven\u00f6l Extra mit Eichenholzrauch, 250ml in ganz Europa.<\/p>\n","protected":false},"featured_media":23999,"comment_status":"open","ping_status":"closed","template":"","meta":{"site-sidebar-layout":"default","site-content-layout":"","ast-site-content-layout":"default","site-content-style":"default","site-sidebar-style":"default","ast-global-header-display":"","ast-banner-title-visibility":"","ast-main-header-display":"","ast-hfb-above-header-display":"","ast-hfb-below-header-display":"","ast-hfb-mobile-header-display":"","site-post-title":"","ast-breadcrumbs-content":"","ast-featured-img":"","footer-sml-layout":"","ast-disable-related-posts":"","theme-transparent-header-meta":"default","adv-header-id-meta":"","stick-header-meta":"","header-above-stick-meta":"","header-main-stick-meta":"","header-below-stick-meta":"","astra-migrate-meta-layouts":"default","ast-page-background-enabled":"default","ast-page-background-meta":{"desktop":{"background-color":"var(--ast-global-color-4)","background-image":"","background-repeat":"repeat","background-position":"center center","background-size":"auto","background-attachment":"scroll","background-type":"","background-media":"","overlay-type":"","overlay-color":"","overlay-opacity":"","overlay-gradient":""},"tablet":{"background-color":"","background-image":"","background-repeat":"repeat","background-position":"center center","background-size":"auto","background-attachment":"scroll","background-type":"","background-media":"","overlay-type":"","overlay-color":"","overlay-opacity":"","overlay-gradient":""},"mobile":{"background-color":"","background-image":"","background-repeat":"repeat","background-position":"center center","background-size":"auto","background-attachment":"scroll","background-type":"","background-media":"","overlay-type":"","overlay-color":"","overlay-opacity":"","overlay-gradient":""}},"ast-content-background-meta":{"desktop":{"background-color":"var(--ast-global-color-5)","background-image":"","background-repeat":"repeat","background-position":"center center","background-size":"auto","background-attachment":"scroll","background-type":"","background-media":"","overlay-type":"","overlay-color":"","overlay-opacity":"","overlay-gradient":""},"tablet":{"background-color":"var(--ast-global-color-5)","background-image":"","background-repeat":"repeat","background-position":"center center","background-size":"auto","background-attachment":"scroll","background-type":"","background-media":"","overlay-type":"","overlay-color":"","overlay-opacity":"","overlay-gradient":""},"mobile":{"background-color":"var(--ast-global-color-5)","background-image":"","background-repeat":"repeat","background-position":"center center","background-size":"auto","background-attachment":"scroll","background-type":"","background-media":"","overlay-type":"","overlay-color":"","overlay-opacity":"","overlay-gradient":""}}},"product_brand":[1266],"product_cat":[354],"product_tag":[1004,1000],"class_list":{"0":"post-24000","1":"product","2":"type-product","3":"status-publish","4":"has-post-thumbnail","6":"product_brand-castillo-de-canena","7":"product_cat-andalusisches-ol","8":"product_tag-gerauchertes-olivenol","9":"product_tag-ol-aus-jaen","10":"desktop-align-left","11":"tablet-align-left","12":"mobile-align-left","14":"first","15":"instock","16":"taxable","17":"shipping-taxable","18":"purchasable","19":"product-type-simple"},"_links":{"self":[{"href":"https:\/\/andalubox.com\/de\/wp-json\/wp\/v2\/product\/24000","targetHints":{"allow":["GET"]}}],"collection":[{"href":"https:\/\/andalubox.com\/de\/wp-json\/wp\/v2\/product"}],"about":[{"href":"https:\/\/andalubox.com\/de\/wp-json\/wp\/v2\/types\/product"}],"replies":[{"embeddable":true,"href":"https:\/\/andalubox.com\/de\/wp-json\/wp\/v2\/comments?post=24000"}],"wp:featuredmedia":[{"embeddable":true,"href":"https:\/\/andalubox.com\/de\/wp-json\/wp\/v2\/media\/23999"}],"wp:attachment":[{"href":"https:\/\/andalubox.com\/de\/wp-json\/wp\/v2\/media?parent=24000"}],"wp:term":[{"taxonomy":"product_brand","embeddable":true,"href":"https:\/\/andalubox.com\/de\/wp-json\/wp\/v2\/product_brand?post=24000"},{"taxonomy":"product_cat","embeddable":true,"href":"https:\/\/andalubox.com\/de\/wp-json\/wp\/v2\/product_cat?post=24000"},{"taxonomy":"product_tag","embeddable":true,"href":"https:\/\/andalubox.com\/de\/wp-json\/wp\/v2\/product_tag?post=24000"}],"curies":[{"name":"wp","href":"https:\/\/api.w.org\/{rel}","templated":true}]}}