{"id":23984,"date":"2025-07-18T11:46:22","date_gmt":"2025-07-18T09:46:22","guid":{"rendered":"https:\/\/andalubox.com\/producto-andaluz\/amontillado-la-cigarrera-75cl\/"},"modified":"2025-09-18T11:21:56","modified_gmt":"2025-09-18T09:21:56","slug":"amontillado-la-cigarrera-75cl","status":"publish","type":"product","link":"https:\/\/andalubox.com\/de\/producto-andaluz\/amontillado-la-cigarrera-75cl\/","title":{"rendered":"La Cigarrera Amontillado D.O Sanl\u00facar de Barrameda 75cl"},"content":{"rendered":"<p>La Cigarrera Amontillado D.O. Sanl\u00facar 75cl<br>Weingut: Bodegas La Cigarrera<br>D.O.\/Zona: D.O. Jerez y Manzanilla-Sanl\u00facar de Barrameda<br>Land: Spanien<br>Weintyp: S\u00fc\u00df und generoso<br>Reifung: Mit Reifung<br>Alkoholgehalt (vol): 17,00%<br>Rebsorte: Palomino fino 100%<br>WEINHERSTELLUNG: Hergestellt durch biologische und oxidative Reifung<br>PAARUNG: Passt sehr gut zu wei\u00dfem Fleisch, blauem Fisch und reifem K\u00e4se.<\/p>\n<p>Der <b>Amontillado La Cigarrera D.O. Sanl\u00facar 75cl<\/b> ist ein gespriteter Wein von der renommierten Bodegas La Cigarrera in Sanl\u00facar de Barrameda, Spanien. Hier finden Sie ausf\u00fchrliche Informationen zu diesem Wein: <\/p>\n<h3><b>Eigenschaften<\/b><\/h3>\n<ul>\n\t<li>\n<p><b>Weintyp:<\/b> Angereicherter Wei\u00dfwein, gro\u00dfz\u00fcgig, extra trocken.<\/p>\n<\/li>\n\t<li>\n<p><b>Rebsorte:<\/b> 100% Palomino Fino.<\/p>\n<\/li>\n\t<li>\n<p><b>Weinherstellung:<\/b> Er wird zun\u00e4chst etwa vier Jahre lang biologisch (unter &#8220;Flor&#8221;) und anschlie\u00dfend etwa zwei Jahre lang oxidativ ausgebaut. Diese doppelte Reifung verleiht ihm seine Einzigartigkeit und Komplexit\u00e4t. <\/p>\n<\/li>\n\t<li>\n<p><b>Alkoholgehalt:<\/b> 17% vol.<\/p>\n<\/li>\n<\/ul>\n<h3><b>Verkostungsnotizen<\/b><\/h3>\n<ul>\n\t<li>\n<p><b>Aussehen:<\/b> Topas- bis bernsteinfarben, mit jodhaltigen Reflexen.<\/p>\n<\/li>\n\t<li>\n<p><b>Nase:<\/b> Scharfes, aber dezentes Aroma, mit Noten von Haselnuss, Edelholz, Karamell und einer salzigen Note, die seine Herkunft aus Manzanilla verr\u00e4t. Intensiv und elegant. <\/p>\n<\/li>\n\t<li>\n<p><b>Geschmack:<\/b> Weich und voll am Gaumen, mit ausgewogener S\u00e4ure. Trocken und komplex, mit einem langen, lebhaften und anhaltenden Abgang. <\/p>\n<\/li>\n<\/ul>\n<h3><b>Paarung<\/b><\/h3>\n<p>Dieser vielseitige Amontillado ist ein ausgezeichneter Begleiter zu einer Vielzahl von Gerichten:<\/p>\n<ul>\n\t<li>\n<p>Suppen und Consomm\u00e9s.<\/p>\n<\/li>\n\t<li>\n<p>Wei\u00dfes Fleisch.<\/p>\n<\/li>\n\t<li>\n<p>Fettiger Fisch (wie Thunfisch).<\/p>\n<\/li>\n\t<li>\n<p>Champignons und Pilze.<\/p>\n<\/li>\n\t<li>\n<p>Halbgereifte K\u00e4sesorten.<\/p>\n<\/li>\n\t<li>\n<p>Gem\u00fcse wie Spargel und Artischocken.<\/p>\n<\/li>\n\t<li>\n<p>Gerichte mit exotischen oder w\u00fcrzigen Noten, wie Curry oder ger\u00e4ucherte Gerichte.<\/p>\n<\/li>\n<\/ul>\n<h3><b>Betriebstemperatur<\/b><\/h3>\n<p>Es wird empfohlen, ihn zwischen 13 und 14\u00ba C zu servieren, um alle seine Qualit\u00e4ten zu genie\u00dfen.<\/p>","protected":false},"excerpt":{"rendered":"<p>La Cigarrera Amontillado D.O Sanl\u00facar 75cl f\u00fcr den Export nach ganz Europa.<br \/>18.65\u20ac\/litro<\/p>\n","protected":false},"featured_media":30988,"comment_status":"open","ping_status":"closed","template":"","meta":{"site-sidebar-layout":"default","site-content-layout":"","ast-site-content-layout":"default","site-content-style":"default","site-sidebar-style":"default","ast-global-header-display":"","ast-banner-title-visibility":"","ast-main-header-display":"","ast-hfb-above-header-display":"","ast-hfb-below-header-display":"","ast-hfb-mobile-header-display":"","site-post-title":"","ast-breadcrumbs-content":"","ast-featured-img":"","footer-sml-layout":"","ast-disable-related-posts":"","theme-transparent-header-meta":"default","adv-header-id-meta":"","stick-header-meta":"","header-above-stick-meta":"","header-main-stick-meta":"","header-below-stick-meta":"","astra-migrate-meta-layouts":"default","ast-page-background-enabled":"default","ast-page-background-meta":{"desktop":{"background-color":"var(--ast-global-color-4)","background-image":"","background-repeat":"repeat","background-position":"center center","background-size":"auto","background-attachment":"scroll","background-type":"","background-media":"","overlay-type":"","overlay-color":"","overlay-opacity":"","overlay-gradient":""},"tablet":{"background-color":"","background-image":"","background-repeat":"repeat","background-position":"center center","background-size":"auto","background-attachment":"scroll","background-type":"","background-media":"","overlay-type":"","overlay-color":"","overlay-opacity":"","overlay-gradient":""},"mobile":{"background-color":"","background-image":"","background-repeat":"repeat","background-position":"center center","background-size":"auto","background-attachment":"scroll","background-type":"","background-media":"","overlay-type":"","overlay-color":"","overlay-opacity":"","overlay-gradient":""}},"ast-content-background-meta":{"desktop":{"background-color":"var(--ast-global-color-5)","background-image":"","background-repeat":"repeat","background-position":"center center","background-size":"auto","background-attachment":"scroll","background-type":"","background-media":"","overlay-type":"","overlay-color":"","overlay-opacity":"","overlay-gradient":""},"tablet":{"background-color":"var(--ast-global-color-5)","background-image":"","background-repeat":"repeat","background-position":"center center","background-size":"auto","background-attachment":"scroll","background-type":"","background-media":"","overlay-type":"","overlay-color":"","overlay-opacity":"","overlay-gradient":""},"mobile":{"background-color":"var(--ast-global-color-5)","background-image":"","background-repeat":"repeat","background-position":"center center","background-size":"auto","background-attachment":"scroll","background-type":"","background-media":"","overlay-type":"","overlay-color":"","overlay-opacity":"","overlay-gradient":""}}},"product_brand":[1265],"product_cat":[],"product_tag":[996],"class_list":{"0":"post-23984","1":"product","2":"type-product","3":"status-publish","4":"has-post-thumbnail","6":"product_brand-la-cigarrera","7":"product_tag-amontillado-de-sanlucar-de","8":"desktop-align-left","9":"tablet-align-left","10":"mobile-align-left","12":"first","13":"instock","14":"taxable","15":"shipping-taxable","16":"purchasable","17":"product-type-simple"},"_links":{"self":[{"href":"https:\/\/andalubox.com\/de\/wp-json\/wp\/v2\/product\/23984","targetHints":{"allow":["GET"]}}],"collection":[{"href":"https:\/\/andalubox.com\/de\/wp-json\/wp\/v2\/product"}],"about":[{"href":"https:\/\/andalubox.com\/de\/wp-json\/wp\/v2\/types\/product"}],"replies":[{"embeddable":true,"href":"https:\/\/andalubox.com\/de\/wp-json\/wp\/v2\/comments?post=23984"}],"wp:featuredmedia":[{"embeddable":true,"href":"https:\/\/andalubox.com\/de\/wp-json\/wp\/v2\/media\/30988"}],"wp:attachment":[{"href":"https:\/\/andalubox.com\/de\/wp-json\/wp\/v2\/media?parent=23984"}],"wp:term":[{"taxonomy":"product_brand","embeddable":true,"href":"https:\/\/andalubox.com\/de\/wp-json\/wp\/v2\/product_brand?post=23984"},{"taxonomy":"product_cat","embeddable":true,"href":"https:\/\/andalubox.com\/de\/wp-json\/wp\/v2\/product_cat?post=23984"},{"taxonomy":"product_tag","embeddable":true,"href":"https:\/\/andalubox.com\/de\/wp-json\/wp\/v2\/product_tag?post=23984"}],"curies":[{"name":"wp","href":"https:\/\/api.w.org\/{rel}","templated":true}]}}