{"id":23967,"date":"2025-07-18T11:17:49","date_gmt":"2025-07-18T09:17:49","guid":{"rendered":"https:\/\/andalubox.com\/producto-andaluz\/muskateller-la-cigarrera-75cl\/"},"modified":"2025-09-18T11:33:12","modified_gmt":"2025-09-18T09:33:12","slug":"muskateller-la-cigarrera-75cl","status":"publish","type":"product","link":"https:\/\/andalubox.com\/de\/producto-andaluz\/muskateller-la-cigarrera-75cl\/","title":{"rendered":"La Cigarrera Moscatel D.O. Sanl\u00facar de Barrameda 75cl"},"content":{"rendered":"<p>La Cigarrera Moscatel D.O. Sanl\u00facar 75cl<br>Produzent: La Cigarrera (Bodegas La Cigarrera).<br>Sorte: S\u00fc\u00dfer Muskatellerwein.<br>Ursprungsland: SpanienSpanien.<br>Herkunftsregion: Spanien, Andalusien.<br>Geografische Angabe: SpanienD.O. Manzanilla-Sanl\u00facar de Barrameda.<br>Denominaci\u00f3n de Origen Protegida (D.O.P.)<br>Denominaci\u00f3n de Origen (D.O.): D.O. Manzanilla-Sanl\u00facar de Barrameda.<br>Herstellungsgebiet: Das Erzeugungsgebiet der D.O. Manzanilla-Sanl\u00facar de Barrameda befindet sich ausschlie\u00dflich in Sanl\u00facar de Barrameda, C\u00e1diz, Spanien. Bis 1964 wurde er unter der Herkunftsbezeichnung Jerez-X\u00e9r\u00e8s-Sherry vermarktet, aber sp\u00e4ter wurde der besondere Charakter des Manzanilla unter den anderen Sherrys anerkannt.  <\/p>","protected":false},"excerpt":{"rendered":"<p>La Cigarrera Moscatel D.O. Sanl\u00facar 75cl f\u00fcr den Export nach Europa.<br \/>17.32\u20ac\/Liter.<\/p>\n","protected":false},"featured_media":30992,"comment_status":"open","ping_status":"closed","template":"","meta":{"site-sidebar-layout":"default","site-content-layout":"","ast-site-content-layout":"default","site-content-style":"default","site-sidebar-style":"default","ast-global-header-display":"","ast-banner-title-visibility":"","ast-main-header-display":"","ast-hfb-above-header-display":"","ast-hfb-below-header-display":"","ast-hfb-mobile-header-display":"","site-post-title":"","ast-breadcrumbs-content":"","ast-featured-img":"","footer-sml-layout":"","ast-disable-related-posts":"","theme-transparent-header-meta":"default","adv-header-id-meta":"","stick-header-meta":"","header-above-stick-meta":"","header-main-stick-meta":"","header-below-stick-meta":"","astra-migrate-meta-layouts":"default","ast-page-background-enabled":"default","ast-page-background-meta":{"desktop":{"background-color":"var(--ast-global-color-4)","background-image":"","background-repeat":"repeat","background-position":"center center","background-size":"auto","background-attachment":"scroll","background-type":"","background-media":"","overlay-type":"","overlay-color":"","overlay-opacity":"","overlay-gradient":""},"tablet":{"background-color":"","background-image":"","background-repeat":"repeat","background-position":"center center","background-size":"auto","background-attachment":"scroll","background-type":"","background-media":"","overlay-type":"","overlay-color":"","overlay-opacity":"","overlay-gradient":""},"mobile":{"background-color":"","background-image":"","background-repeat":"repeat","background-position":"center center","background-size":"auto","background-attachment":"scroll","background-type":"","background-media":"","overlay-type":"","overlay-color":"","overlay-opacity":"","overlay-gradient":""}},"ast-content-background-meta":{"desktop":{"background-color":"var(--ast-global-color-5)","background-image":"","background-repeat":"repeat","background-position":"center center","background-size":"auto","background-attachment":"scroll","background-type":"","background-media":"","overlay-type":"","overlay-color":"","overlay-opacity":"","overlay-gradient":""},"tablet":{"background-color":"var(--ast-global-color-5)","background-image":"","background-repeat":"repeat","background-position":"center center","background-size":"auto","background-attachment":"scroll","background-type":"","background-media":"","overlay-type":"","overlay-color":"","overlay-opacity":"","overlay-gradient":""},"mobile":{"background-color":"var(--ast-global-color-5)","background-image":"","background-repeat":"repeat","background-position":"center center","background-size":"auto","background-attachment":"scroll","background-type":"","background-media":"","overlay-type":"","overlay-color":"","overlay-opacity":"","overlay-gradient":""}}},"product_brand":[1265],"product_cat":[],"product_tag":[988],"class_list":{"0":"post-23967","1":"product","2":"type-product","3":"status-publish","4":"has-post-thumbnail","6":"product_brand-la-cigarrera","7":"product_tag-sanlucar-muskateller","8":"desktop-align-left","9":"tablet-align-left","10":"mobile-align-left","12":"first","13":"instock","14":"taxable","15":"shipping-taxable","16":"purchasable","17":"product-type-simple"},"_links":{"self":[{"href":"https:\/\/andalubox.com\/de\/wp-json\/wp\/v2\/product\/23967","targetHints":{"allow":["GET"]}}],"collection":[{"href":"https:\/\/andalubox.com\/de\/wp-json\/wp\/v2\/product"}],"about":[{"href":"https:\/\/andalubox.com\/de\/wp-json\/wp\/v2\/types\/product"}],"replies":[{"embeddable":true,"href":"https:\/\/andalubox.com\/de\/wp-json\/wp\/v2\/comments?post=23967"}],"wp:featuredmedia":[{"embeddable":true,"href":"https:\/\/andalubox.com\/de\/wp-json\/wp\/v2\/media\/30992"}],"wp:attachment":[{"href":"https:\/\/andalubox.com\/de\/wp-json\/wp\/v2\/media?parent=23967"}],"wp:term":[{"taxonomy":"product_brand","embeddable":true,"href":"https:\/\/andalubox.com\/de\/wp-json\/wp\/v2\/product_brand?post=23967"},{"taxonomy":"product_cat","embeddable":true,"href":"https:\/\/andalubox.com\/de\/wp-json\/wp\/v2\/product_cat?post=23967"},{"taxonomy":"product_tag","embeddable":true,"href":"https:\/\/andalubox.com\/de\/wp-json\/wp\/v2\/product_tag?post=23967"}],"curies":[{"name":"wp","href":"https:\/\/api.w.org\/{rel}","templated":true}]}}