{"id":23935,"date":"2025-07-18T10:52:23","date_gmt":"2025-07-18T08:52:23","guid":{"rendered":"https:\/\/andalubox.com\/producto-andaluz\/pedro-ximenez-la-cigarrera-75cl\/"},"modified":"2025-07-22T12:16:52","modified_gmt":"2025-07-22T10:16:52","slug":"pedro-ximenez-la-cigarrera-75cl","status":"publish","type":"product","link":"https:\/\/andalubox.com\/de\/producto-andaluz\/pedro-ximenez-la-cigarrera-75cl\/","title":{"rendered":"La Cigarrera Pedro Ximenez D.O. Sanl\u00facar de Barrameda 75cl"},"content":{"rendered":"<p>La Cigarrera Pedro Ximenez D.O Sanl\u00facar de Barrameda 75 Cl<br>Typ: Nat\u00fcrlicher S\u00fc\u00dfwein<br>Region: Jerez-Manzanilla (Spanien)<br>Trauben: 100% Pedro Ximenez<br>Erzeuger: Bodegas La Cigarrera<br>Allergene: Enth\u00e4lt Sulfite<br>Graduierung: 15,0%<br>Aus den gleichnamigen Trauben, die der Sonne ausgesetzt werden, um eine hohe Zuckerkonzentration zu erhalten und eine Beruhigung zu erreichen. Die G\u00e4rung ist partiell, da sie durch die Zugabe von Weinalkohol gestoppt wird, wodurch der gr\u00f6\u00dfte Teil der urspr\u00fcnglichen S\u00fc\u00dfe erhalten bleibt. Die Reifung erfolgt oxidativ, was f\u00fcr seine intensive Mahagonifarbe und sein dichtes Aussehen verantwortlich ist.  <\/p>","protected":false},"excerpt":{"rendered":"<p>La Cigarrera Pedro Ximenez D.O. Sanl\u00facar de Barrameda 75 Cl f\u00fcr den Export in ganz Europa.<\/p>\n<p>20,73\/Liter<\/p>\n","protected":false},"featured_media":31004,"comment_status":"open","ping_status":"closed","template":"","meta":{"site-sidebar-layout":"default","site-content-layout":"","ast-site-content-layout":"default","site-content-style":"default","site-sidebar-style":"default","ast-global-header-display":"","ast-banner-title-visibility":"","ast-main-header-display":"","ast-hfb-above-header-display":"","ast-hfb-below-header-display":"","ast-hfb-mobile-header-display":"","site-post-title":"","ast-breadcrumbs-content":"","ast-featured-img":"","footer-sml-layout":"","ast-disable-related-posts":"","theme-transparent-header-meta":"default","adv-header-id-meta":"","stick-header-meta":"","header-above-stick-meta":"","header-main-stick-meta":"","header-below-stick-meta":"","astra-migrate-meta-layouts":"default","ast-page-background-enabled":"default","ast-page-background-meta":{"desktop":{"background-color":"var(--ast-global-color-4)","background-image":"","background-repeat":"repeat","background-position":"center center","background-size":"auto","background-attachment":"scroll","background-type":"","background-media":"","overlay-type":"","overlay-color":"","overlay-opacity":"","overlay-gradient":""},"tablet":{"background-color":"","background-image":"","background-repeat":"repeat","background-position":"center center","background-size":"auto","background-attachment":"scroll","background-type":"","background-media":"","overlay-type":"","overlay-color":"","overlay-opacity":"","overlay-gradient":""},"mobile":{"background-color":"","background-image":"","background-repeat":"repeat","background-position":"center center","background-size":"auto","background-attachment":"scroll","background-type":"","background-media":"","overlay-type":"","overlay-color":"","overlay-opacity":"","overlay-gradient":""}},"ast-content-background-meta":{"desktop":{"background-color":"var(--ast-global-color-5)","background-image":"","background-repeat":"repeat","background-position":"center center","background-size":"auto","background-attachment":"scroll","background-type":"","background-media":"","overlay-type":"","overlay-color":"","overlay-opacity":"","overlay-gradient":""},"tablet":{"background-color":"var(--ast-global-color-5)","background-image":"","background-repeat":"repeat","background-position":"center center","background-size":"auto","background-attachment":"scroll","background-type":"","background-media":"","overlay-type":"","overlay-color":"","overlay-opacity":"","overlay-gradient":""},"mobile":{"background-color":"var(--ast-global-color-5)","background-image":"","background-repeat":"repeat","background-position":"center center","background-size":"auto","background-attachment":"scroll","background-type":"","background-media":"","overlay-type":"","overlay-color":"","overlay-opacity":"","overlay-gradient":""}}},"product_brand":[1265],"product_cat":[],"product_tag":[984],"class_list":{"0":"post-23935","1":"product","2":"type-product","3":"status-publish","4":"has-post-thumbnail","6":"product_brand-la-cigarrera","7":"product_tag-pedro-ximenez-de-sanlucar-de","8":"desktop-align-left","9":"tablet-align-left","10":"mobile-align-left","12":"first","13":"instock","14":"taxable","15":"shipping-taxable","16":"purchasable","17":"product-type-simple"},"_links":{"self":[{"href":"https:\/\/andalubox.com\/de\/wp-json\/wp\/v2\/product\/23935","targetHints":{"allow":["GET"]}}],"collection":[{"href":"https:\/\/andalubox.com\/de\/wp-json\/wp\/v2\/product"}],"about":[{"href":"https:\/\/andalubox.com\/de\/wp-json\/wp\/v2\/types\/product"}],"replies":[{"embeddable":true,"href":"https:\/\/andalubox.com\/de\/wp-json\/wp\/v2\/comments?post=23935"}],"wp:featuredmedia":[{"embeddable":true,"href":"https:\/\/andalubox.com\/de\/wp-json\/wp\/v2\/media\/31004"}],"wp:attachment":[{"href":"https:\/\/andalubox.com\/de\/wp-json\/wp\/v2\/media?parent=23935"}],"wp:term":[{"taxonomy":"product_brand","embeddable":true,"href":"https:\/\/andalubox.com\/de\/wp-json\/wp\/v2\/product_brand?post=23935"},{"taxonomy":"product_cat","embeddable":true,"href":"https:\/\/andalubox.com\/de\/wp-json\/wp\/v2\/product_cat?post=23935"},{"taxonomy":"product_tag","embeddable":true,"href":"https:\/\/andalubox.com\/de\/wp-json\/wp\/v2\/product_tag?post=23935"}],"curies":[{"name":"wp","href":"https:\/\/api.w.org\/{rel}","templated":true}]}}