{"id":23868,"date":"2025-07-16T13:10:09","date_gmt":"2025-07-16T11:10:09","guid":{"rendered":"https:\/\/andalubox.com\/producto-andaluz\/bodega-la-ermita-rotwein-tempranillo-toro-vintage-2018-75cl\/"},"modified":"2026-02-14T13:23:38","modified_gmt":"2026-02-14T12:23:38","slug":"bodega-la-ermita-rotwein-tempranillo-toro-vintage-2018-75cl","status":"publish","type":"product","link":"https:\/\/andalubox.com\/de\/producto-andaluz\/bodega-la-ermita-rotwein-tempranillo-toro-vintage-2018-75cl\/","title":{"rendered":"Bodega La Ermita Rotwein Tempranillo Toro Vintage 2018 75cl"},"content":{"rendered":"<p>Bodega La Ermita Rotwein Tempranillo Toro Vintage 2018 75cl<\/p>\n<p>Bodega La Ermita Toro Rotwein ist ein wahrer Weinschatz, der aus einem der \u00e4ltesten und am sorgf\u00e4ltigsten gepflegten Weinberge Spaniens stammt. Diese exklusive Auswahl stammt von alten Buschreben mit einer extrem begrenzten Produktion von Tinta de Toro, einem historischen Klon der Rebsorte Tempranillo. <\/p>\n<p>Diese Weinberge sind auf tiefgr\u00fcndigen, sandigen und steinigen B\u00f6den gepflanzt, eine Umgebung, die gegen die verheerende Reblaus immun war und den Reben erlaubt, in ihrer ganzen Pracht zu gedeihen.<\/p>\n<p>Von der Ernte bis zur Reifung wird jede Phase der Produktion von Bodega La Ermita Toro Rotwein sorgf\u00e4ltig und handwerklich ausgef\u00fchrt. Die Trauben werden von Hand geerntet, um eine sorgf\u00e4ltige Auswahl der Trauben in ihrem optimalen Reifezustand zu gew\u00e4hrleisten. Nach der Ernte werden die Trauben entrappt und bei niedriger Temperatur einer fermentativen Vormaischung unterzogen. So k\u00f6nnen die wesentlichen Geschmacksstoffe und Aromen nach und nach aus den Trauben extrahiert werden, bevor die G\u00e4rung in Edelstahltanks beginnt.   <\/p>","protected":false},"excerpt":{"rendered":"<p>Bodega La Ermita Rotwein Tempranillo Toro Vintage 2018 75cl<\/p>\n<p>Andalubox exportiert die Weine der Bodega La Ermita in ganz Europa<\/p>\n","protected":false},"featured_media":23872,"comment_status":"open","ping_status":"closed","template":"","meta":{"site-sidebar-layout":"default","site-content-layout":"","ast-site-content-layout":"default","site-content-style":"default","site-sidebar-style":"default","ast-global-header-display":"","ast-banner-title-visibility":"","ast-main-header-display":"","ast-hfb-above-header-display":"","ast-hfb-below-header-display":"","ast-hfb-mobile-header-display":"","site-post-title":"","ast-breadcrumbs-content":"","ast-featured-img":"","footer-sml-layout":"","ast-disable-related-posts":"","theme-transparent-header-meta":"default","adv-header-id-meta":"","stick-header-meta":"","header-above-stick-meta":"","header-main-stick-meta":"","header-below-stick-meta":"","astra-migrate-meta-layouts":"default","ast-page-background-enabled":"default","ast-page-background-meta":{"desktop":{"background-color":"var(--ast-global-color-4)","background-image":"","background-repeat":"repeat","background-position":"center center","background-size":"auto","background-attachment":"scroll","background-type":"","background-media":"","overlay-type":"","overlay-color":"","overlay-opacity":"","overlay-gradient":""},"tablet":{"background-color":"","background-image":"","background-repeat":"repeat","background-position":"center center","background-size":"auto","background-attachment":"scroll","background-type":"","background-media":"","overlay-type":"","overlay-color":"","overlay-opacity":"","overlay-gradient":""},"mobile":{"background-color":"","background-image":"","background-repeat":"repeat","background-position":"center center","background-size":"auto","background-attachment":"scroll","background-type":"","background-media":"","overlay-type":"","overlay-color":"","overlay-opacity":"","overlay-gradient":""}},"ast-content-background-meta":{"desktop":{"background-color":"var(--ast-global-color-5)","background-image":"","background-repeat":"repeat","background-position":"center center","background-size":"auto","background-attachment":"scroll","background-type":"","background-media":"","overlay-type":"","overlay-color":"","overlay-opacity":"","overlay-gradient":""},"tablet":{"background-color":"var(--ast-global-color-5)","background-image":"","background-repeat":"repeat","background-position":"center center","background-size":"auto","background-attachment":"scroll","background-type":"","background-media":"","overlay-type":"","overlay-color":"","overlay-opacity":"","overlay-gradient":""},"mobile":{"background-color":"var(--ast-global-color-5)","background-image":"","background-repeat":"repeat","background-position":"center center","background-size":"auto","background-attachment":"scroll","background-type":"","background-media":"","overlay-type":"","overlay-color":"","overlay-opacity":"","overlay-gradient":""}}},"product_brand":[1196],"product_cat":[343],"product_tag":[977,978],"class_list":{"0":"post-23868","1":"product","2":"type-product","3":"status-publish","4":"has-post-thumbnail","6":"product_brand-la-ermita","7":"product_cat-rotwein","8":"product_tag-bodega-la-ermita-de","9":"product_tag-tempranillo-toro-rotwein","10":"desktop-align-left","11":"tablet-align-left","12":"mobile-align-left","14":"first","15":"instock","16":"taxable","17":"shipping-taxable","18":"purchasable","19":"product-type-simple"},"_links":{"self":[{"href":"https:\/\/andalubox.com\/de\/wp-json\/wp\/v2\/product\/23868","targetHints":{"allow":["GET"]}}],"collection":[{"href":"https:\/\/andalubox.com\/de\/wp-json\/wp\/v2\/product"}],"about":[{"href":"https:\/\/andalubox.com\/de\/wp-json\/wp\/v2\/types\/product"}],"replies":[{"embeddable":true,"href":"https:\/\/andalubox.com\/de\/wp-json\/wp\/v2\/comments?post=23868"}],"wp:featuredmedia":[{"embeddable":true,"href":"https:\/\/andalubox.com\/de\/wp-json\/wp\/v2\/media\/23872"}],"wp:attachment":[{"href":"https:\/\/andalubox.com\/de\/wp-json\/wp\/v2\/media?parent=23868"}],"wp:term":[{"taxonomy":"product_brand","embeddable":true,"href":"https:\/\/andalubox.com\/de\/wp-json\/wp\/v2\/product_brand?post=23868"},{"taxonomy":"product_cat","embeddable":true,"href":"https:\/\/andalubox.com\/de\/wp-json\/wp\/v2\/product_cat?post=23868"},{"taxonomy":"product_tag","embeddable":true,"href":"https:\/\/andalubox.com\/de\/wp-json\/wp\/v2\/product_tag?post=23868"}],"curies":[{"name":"wp","href":"https:\/\/api.w.org\/{rel}","templated":true}]}}