{"id":23482,"date":"2025-07-07T21:32:01","date_gmt":"2025-07-07T19:32:01","guid":{"rendered":"https:\/\/andalubox.com\/producto-andaluz\/beronia-bio-rioja-rotwein-jahrgang-2021-75cl\/"},"modified":"2025-07-07T21:32:01","modified_gmt":"2025-07-07T19:32:01","slug":"beronia-bio-rioja-rotwein-jahrgang-2021-75cl","status":"publish","type":"product","link":"https:\/\/andalubox.com\/de\/producto-andaluz\/beronia-bio-rioja-rotwein-jahrgang-2021-75cl\/","title":{"rendered":"Beronia Bio Rioja Rotwein Jahrgang 2021 75cl"},"content":{"rendered":"Beronia Bio-Rioja Rotwein Jahrgang 2021 75cl.\nLebensmittelbezeichnung: Bio-Rioja\nHerkunftsland: Spanien\nNettof\u00fcllmenge: 750 Milliliter\nAlkoholgehalt: 13,5%\nVerkostungsnotizen Tief kirschrote Farbe, sauber und sehr hell. Komplexes Aroma mit Aromen von roten Fr\u00fcchten, Unterholz und Menthol auf einem Hintergrund von Kakao und Schokolade. Ausgewogen und s\u00fc\u00df, lang und anhaltend. Ein Wein mit K\u00f6rper und Volumen, mit einer erfrischenden, elegant integrierten S\u00e4ure.\nGastronomie-Empfehlungen Perfekt zu allen Arten von K\u00e4se, Fleisch und Reisgerichten.\nZutaten und Allergene: Trauben, Antioxidationsmittel (Schwefeldioxid E-220). Enth\u00e4lt Sulfite\nN\u00e4hrstoffe    ","protected":false},"excerpt":{"rendered":"<p>Beronia Bio Rioja Rotwein Jahrgang 2021 75cl.<\/p>\n<p>Andalubox exportiert Beronia Wein in ganz Europa.<\/p>\n","protected":false},"featured_media":23481,"template":"","meta":{"site-sidebar-layout":"default","site-content-layout":"","ast-site-content-layout":"default","site-content-style":"default","site-sidebar-style":"default","ast-global-header-display":"","ast-banner-title-visibility":"","ast-main-header-display":"","ast-hfb-above-header-display":"","ast-hfb-below-header-display":"","ast-hfb-mobile-header-display":"","site-post-title":"","ast-breadcrumbs-content":"","ast-featured-img":"","footer-sml-layout":"","ast-disable-related-posts":"","theme-transparent-header-meta":"default","adv-header-id-meta":"","stick-header-meta":"","header-above-stick-meta":"","header-main-stick-meta":"","header-below-stick-meta":"","astra-migrate-meta-layouts":"default","ast-page-background-enabled":"default","ast-page-background-meta":{"desktop":{"background-color":"var(--ast-global-color-4)","background-image":"","background-repeat":"repeat","background-position":"center center","background-size":"auto","background-attachment":"scroll","background-type":"","background-media":"","overlay-type":"","overlay-color":"","overlay-opacity":"","overlay-gradient":""},"tablet":{"background-color":"","background-image":"","background-repeat":"repeat","background-position":"center center","background-size":"auto","background-attachment":"scroll","background-type":"","background-media":"","overlay-type":"","overlay-color":"","overlay-opacity":"","overlay-gradient":""},"mobile":{"background-color":"","background-image":"","background-repeat":"repeat","background-position":"center center","background-size":"auto","background-attachment":"scroll","background-type":"","background-media":"","overlay-type":"","overlay-color":"","overlay-opacity":"","overlay-gradient":""}},"ast-content-background-meta":{"desktop":{"background-color":"var(--ast-global-color-5)","background-image":"","background-repeat":"repeat","background-position":"center center","background-size":"auto","background-attachment":"scroll","background-type":"","background-media":"","overlay-type":"","overlay-color":"","overlay-opacity":"","overlay-gradient":""},"tablet":{"background-color":"var(--ast-global-color-5)","background-image":"","background-repeat":"repeat","background-position":"center center","background-size":"auto","background-attachment":"scroll","background-type":"","background-media":"","overlay-type":"","overlay-color":"","overlay-opacity":"","overlay-gradient":""},"mobile":{"background-color":"var(--ast-global-color-5)","background-image":"","background-repeat":"repeat","background-position":"center center","background-size":"auto","background-attachment":"scroll","background-type":"","background-media":"","overlay-type":"","overlay-color":"","overlay-opacity":"","overlay-gradient":""}}},"product_brand":[1279],"product_cat":[343],"product_tag":[930,751],"class_list":{"0":"post-23482","1":"product","2":"type-product","3":"status-publish","4":"has-post-thumbnail","6":"product_brand-beronia","7":"product_cat-rotwein","8":"product_tag-beronia-okologisch","9":"product_tag-okologischer-wein","10":"desktop-align-left","11":"tablet-align-left","12":"mobile-align-left","14":"first","15":"instock","16":"taxable","17":"shipping-taxable","18":"purchasable","19":"product-type-simple"},"_links":{"self":[{"href":"https:\/\/andalubox.com\/de\/wp-json\/wp\/v2\/product\/23482","targetHints":{"allow":["GET"]}}],"collection":[{"href":"https:\/\/andalubox.com\/de\/wp-json\/wp\/v2\/product"}],"about":[{"href":"https:\/\/andalubox.com\/de\/wp-json\/wp\/v2\/types\/product"}],"wp:featuredmedia":[{"embeddable":true,"href":"https:\/\/andalubox.com\/de\/wp-json\/wp\/v2\/media\/23481"}],"wp:attachment":[{"href":"https:\/\/andalubox.com\/de\/wp-json\/wp\/v2\/media?parent=23482"}],"wp:term":[{"taxonomy":"product_brand","embeddable":true,"href":"https:\/\/andalubox.com\/de\/wp-json\/wp\/v2\/product_brand?post=23482"},{"taxonomy":"product_cat","embeddable":true,"href":"https:\/\/andalubox.com\/de\/wp-json\/wp\/v2\/product_cat?post=23482"},{"taxonomy":"product_tag","embeddable":true,"href":"https:\/\/andalubox.com\/de\/wp-json\/wp\/v2\/product_tag?post=23482"}],"curies":[{"name":"wp","href":"https:\/\/api.w.org\/{rel}","templated":true}]}}