{"id":23472,"date":"2025-07-07T21:18:18","date_gmt":"2025-07-07T19:18:18","guid":{"rendered":"https:\/\/andalubox.com\/producto-andaluz\/beronia-rot-rioja-crianza-wein-75cl\/"},"modified":"2025-07-07T21:25:31","modified_gmt":"2025-07-07T19:25:31","slug":"beronia-rot-rioja-crianza-wein-75cl","status":"publish","type":"product","link":"https:\/\/andalubox.com\/de\/producto-andaluz\/beronia-rot-rioja-crianza-wein-75cl\/","title":{"rendered":"Beronia Rotwein Rioja Crianza Jahrgang 2021 75cl"},"content":{"rendered":"Beronia Vino Tinto Rioja Crianza A\u00f1ada 2021 75cl\nLebensmittelbezeichnung: Rotwein\nHerkunftsland: Spanien\nNettof\u00fcllmenge: 750 Milliliter\nAlkoholgehalt: 13,5%\nVerkostungsnotizen Rubinrote granatrote Farbe. Sauber und hell. Mittlere bis hohe Intensit\u00e4t. Intensives Aroma, reich an Nuancen von roten und reifen Fr\u00fcchten und Lakritze vor einem eleganten Hintergrund von Gew\u00fcrzen. Am Gaumen s\u00fc\u00df und sehr fruchtig. Rund und samtig mit einem langen Nachgeschmack.\nGastronomie-Empfohlene Gerichte Ideal zu Braten, gegrillten Koteletts, iberischen W\u00fcrsten oder gereiftem K\u00e4se.\nZutaten und Allergene: Trauben, Konservierungsmittel (Sulfite E-220), S\u00e4urekorrekturmittel (Weins\u00e4ure (L(+)-)E-334).      Enth\u00e4lt Sulfite","protected":false},"excerpt":{"rendered":"<p>Beronia Vino Tinto Rioja Crianza A\u00f1ada 2021 75cl<\/p>\n<p>Andalubox exportiert Beronia Wein in ganz Europa.<\/p>\n","protected":false},"featured_media":23467,"template":"","meta":{"site-sidebar-layout":"default","site-content-layout":"","ast-site-content-layout":"default","site-content-style":"default","site-sidebar-style":"default","ast-global-header-display":"","ast-banner-title-visibility":"","ast-main-header-display":"","ast-hfb-above-header-display":"","ast-hfb-below-header-display":"","ast-hfb-mobile-header-display":"","site-post-title":"","ast-breadcrumbs-content":"","ast-featured-img":"","footer-sml-layout":"","ast-disable-related-posts":"","theme-transparent-header-meta":"default","adv-header-id-meta":"","stick-header-meta":"","header-above-stick-meta":"","header-main-stick-meta":"","header-below-stick-meta":"","astra-migrate-meta-layouts":"default","ast-page-background-enabled":"default","ast-page-background-meta":{"desktop":{"background-color":"var(--ast-global-color-4)","background-image":"","background-repeat":"repeat","background-position":"center center","background-size":"auto","background-attachment":"scroll","background-type":"","background-media":"","overlay-type":"","overlay-color":"","overlay-opacity":"","overlay-gradient":""},"tablet":{"background-color":"","background-image":"","background-repeat":"repeat","background-position":"center center","background-size":"auto","background-attachment":"scroll","background-type":"","background-media":"","overlay-type":"","overlay-color":"","overlay-opacity":"","overlay-gradient":""},"mobile":{"background-color":"","background-image":"","background-repeat":"repeat","background-position":"center center","background-size":"auto","background-attachment":"scroll","background-type":"","background-media":"","overlay-type":"","overlay-color":"","overlay-opacity":"","overlay-gradient":""}},"ast-content-background-meta":{"desktop":{"background-color":"var(--ast-global-color-5)","background-image":"","background-repeat":"repeat","background-position":"center center","background-size":"auto","background-attachment":"scroll","background-type":"","background-media":"","overlay-type":"","overlay-color":"","overlay-opacity":"","overlay-gradient":""},"tablet":{"background-color":"var(--ast-global-color-5)","background-image":"","background-repeat":"repeat","background-position":"center center","background-size":"auto","background-attachment":"scroll","background-type":"","background-media":"","overlay-type":"","overlay-color":"","overlay-opacity":"","overlay-gradient":""},"mobile":{"background-color":"var(--ast-global-color-5)","background-image":"","background-repeat":"repeat","background-position":"center center","background-size":"auto","background-attachment":"scroll","background-type":"","background-media":"","overlay-type":"","overlay-color":"","overlay-opacity":"","overlay-gradient":""}}},"product_brand":[1279],"product_cat":[343],"product_tag":[926],"class_list":{"0":"post-23472","1":"product","2":"type-product","3":"status-publish","4":"has-post-thumbnail","6":"product_brand-beronia","7":"product_cat-rotwein","8":"product_tag-beronia-tinto-crianza-de","9":"desktop-align-left","10":"tablet-align-left","11":"mobile-align-left","13":"first","14":"instock","15":"taxable","16":"shipping-taxable","17":"purchasable","18":"product-type-simple"},"_links":{"self":[{"href":"https:\/\/andalubox.com\/de\/wp-json\/wp\/v2\/product\/23472","targetHints":{"allow":["GET"]}}],"collection":[{"href":"https:\/\/andalubox.com\/de\/wp-json\/wp\/v2\/product"}],"about":[{"href":"https:\/\/andalubox.com\/de\/wp-json\/wp\/v2\/types\/product"}],"wp:featuredmedia":[{"embeddable":true,"href":"https:\/\/andalubox.com\/de\/wp-json\/wp\/v2\/media\/23467"}],"wp:attachment":[{"href":"https:\/\/andalubox.com\/de\/wp-json\/wp\/v2\/media?parent=23472"}],"wp:term":[{"taxonomy":"product_brand","embeddable":true,"href":"https:\/\/andalubox.com\/de\/wp-json\/wp\/v2\/product_brand?post=23472"},{"taxonomy":"product_cat","embeddable":true,"href":"https:\/\/andalubox.com\/de\/wp-json\/wp\/v2\/product_cat?post=23472"},{"taxonomy":"product_tag","embeddable":true,"href":"https:\/\/andalubox.com\/de\/wp-json\/wp\/v2\/product_tag?post=23472"}],"curies":[{"name":"wp","href":"https:\/\/api.w.org\/{rel}","templated":true}]}}