{"id":23150,"date":"2025-06-27T12:22:55","date_gmt":"2025-06-27T10:22:55","guid":{"rendered":"https:\/\/andalubox.com\/producto-andaluz\/natives-olivenoel-extra-von-remedios-aus-olvera-sierra-de-cadiz-5l\/"},"modified":"2025-06-30T19:02:25","modified_gmt":"2025-06-30T17:02:25","slug":"natives-olivenoel-extra-von-remedios-aus-olvera-sierra-de-cadiz-5l","status":"publish","type":"product","link":"https:\/\/andalubox.com\/de\/producto-andaluz\/natives-olivenoel-extra-von-remedios-aus-olvera-sierra-de-cadiz-5l\/","title":{"rendered":"Natives Oliven\u00f6l Extra von Remedios aus Olvera, Sierra de C\u00e1diz 5L"},"content":{"rendered":"<h3><span style=\"font-size: 12pt;\">Natives Oliven\u00f6l extra Nuestra Se\u00f1ora de Los Remedios, Olvera<\/span><br><span style=\"font-size: 12pt;\">\u00d6l-Kampagne 2023-2024<\/span><\/h3>\n<p><strong>Es ist ideal f\u00fcr den Rohverzehr, als Dressing f\u00fcr Salate und das Fr\u00fchst\u00fcck oder als Grundlage f\u00fcr Eint\u00f6pfe und So\u00dfen und verleiht ihm eine unverwechselbare Pers\u00f6nlichkeit! Dieses native Oliven\u00f6l extra ist die meistverkaufte Flasche und diejenige, die Sie zum g\u00fcnstigsten Preis pro Liter kaufen k\u00f6nnen.  <\/strong><\/p>\n<p>Ein Oliven\u00f6l der h\u00f6chsten Kategorie, das direkt aus zuvor ausgew\u00e4hlten Oliven aus der Region gewonnen und nur mit mechanischen Verfahren hergestellt wird. Dieses Native Oliven\u00f6l Extra wird aus der einheimischen Sorte Lech\u00edn gewonnen, die auf kluge Weise mit Oliven der Sorten Manzanillo, Verdial und Alame\u00f1o gemischt wird, um nur einige zu nennen. Es stammt aus der Sierra de C\u00e1diz, einer Ecke Andalusiens, in der die Olivenb\u00e4ume mit gro\u00dfem Respekt f\u00fcr die Umwelt gepflegt und traditionelle Erntemethoden beibehalten werden. Das Ergebnis ist ein \u00d6l mit einem einzigartigen Charakter.   <\/p>\n<p>Die Bedingungen in diesem Gebiet sind die besten f\u00fcr die Produktion von \u00d6l h\u00f6chster Qualit\u00e4t: die H\u00f6he \u00fcber dem Meeresspiegel, die Erntemethoden und die Bodenfruchtbarkeit. Die Oliven, aus denen unsere \u00d6le hergestellt werden, werden dann in den Anlagen der Genossenschaft Los Remedios-Picasat ausgew\u00e4hlt. Dies geschieht auf der Grundlage ihres Reife- und Gesundheitszustandes.  <\/p>\n<div id=\"tab-description\" class=\"tab-content\">\n<p>Das Native Oliven\u00f6l Extra wird, wie das \u00fcbrige Native Oliven\u00f6l Extra aus der Sierra de C\u00e1diz, durch Kaltpressung hergestellt. Da es sich unter besonderen thermischen Bedingungen entwickelt, ver\u00e4ndert es niemals den Geruch und Geschmack eines echten Saftes. Reiner Olivensaft. Goldgr\u00fcn in der Farbe, mit einem intensiven fruchtigen, frischen und duftenden Aroma, weich und ausgewogen am Gaumen.   <\/p>\n<\/div>\n<p>Produziert und verpackt von: LOS REMEDIOS PICASAT, S.C.A. OLVERA (C\u00c1DIZ)<\/p>\n<p>Er ist in Fachgesch\u00e4ften wie Andalubox in Sevilla erh\u00e4ltlich und wird unter www.andalubox.com in ganz Europa exportiert.<\/p>\n<p>Die Grundlage der Mittelmeerdi\u00e4t f\u00fcr ganz Europa.<\/p>","protected":false},"excerpt":{"rendered":"<p>Natives Oliven\u00f6l Extra von Remedios aus Olvera, Sierra de C\u00e1diz 5L<\/p>\n","protected":false},"featured_media":23149,"template":"","meta":{"site-sidebar-layout":"default","site-content-layout":"","ast-site-content-layout":"default","site-content-style":"default","site-sidebar-style":"default","ast-global-header-display":"","ast-banner-title-visibility":"","ast-main-header-display":"","ast-hfb-above-header-display":"","ast-hfb-below-header-display":"","ast-hfb-mobile-header-display":"","site-post-title":"","ast-breadcrumbs-content":"","ast-featured-img":"","footer-sml-layout":"","ast-disable-related-posts":"","theme-transparent-header-meta":"default","adv-header-id-meta":"","stick-header-meta":"","header-above-stick-meta":"","header-main-stick-meta":"","header-below-stick-meta":"","astra-migrate-meta-layouts":"default","ast-page-background-enabled":"default","ast-page-background-meta":{"desktop":{"background-color":"var(--ast-global-color-4)","background-image":"","background-repeat":"repeat","background-position":"center center","background-size":"auto","background-attachment":"scroll","background-type":"","background-media":"","overlay-type":"","overlay-color":"","overlay-opacity":"","overlay-gradient":""},"tablet":{"background-color":"","background-image":"","background-repeat":"repeat","background-position":"center center","background-size":"auto","background-attachment":"scroll","background-type":"","background-media":"","overlay-type":"","overlay-color":"","overlay-opacity":"","overlay-gradient":""},"mobile":{"background-color":"","background-image":"","background-repeat":"repeat","background-position":"center center","background-size":"auto","background-attachment":"scroll","background-type":"","background-media":"","overlay-type":"","overlay-color":"","overlay-opacity":"","overlay-gradient":""}},"ast-content-background-meta":{"desktop":{"background-color":"var(--ast-global-color-5)","background-image":"","background-repeat":"repeat","background-position":"center center","background-size":"auto","background-attachment":"scroll","background-type":"","background-media":"","overlay-type":"","overlay-color":"","overlay-opacity":"","overlay-gradient":""},"tablet":{"background-color":"var(--ast-global-color-5)","background-image":"","background-repeat":"repeat","background-position":"center center","background-size":"auto","background-attachment":"scroll","background-type":"","background-media":"","overlay-type":"","overlay-color":"","overlay-opacity":"","overlay-gradient":""},"mobile":{"background-color":"var(--ast-global-color-5)","background-image":"","background-repeat":"repeat","background-position":"center center","background-size":"auto","background-attachment":"scroll","background-type":"","background-media":"","overlay-type":"","overlay-color":"","overlay-opacity":"","overlay-gradient":""}}},"product_brand":[],"product_cat":[354],"product_tag":[852,854,853],"class_list":{"0":"post-23150","1":"product","2":"type-product","3":"status-publish","4":"has-post-thumbnail","6":"product_cat-andalusisches-ol","7":"product_tag-aove-de-cadiz-de","8":"product_tag-natives-olivenol-extra-aus-andalusien","9":"product_tag-seirra-de-cadiz-ol","10":"desktop-align-left","11":"tablet-align-left","12":"mobile-align-left","14":"first","15":"instock","16":"taxable","17":"shipping-taxable","18":"purchasable","19":"product-type-simple"},"_links":{"self":[{"href":"https:\/\/andalubox.com\/de\/wp-json\/wp\/v2\/product\/23150","targetHints":{"allow":["GET"]}}],"collection":[{"href":"https:\/\/andalubox.com\/de\/wp-json\/wp\/v2\/product"}],"about":[{"href":"https:\/\/andalubox.com\/de\/wp-json\/wp\/v2\/types\/product"}],"wp:featuredmedia":[{"embeddable":true,"href":"https:\/\/andalubox.com\/de\/wp-json\/wp\/v2\/media\/23149"}],"wp:attachment":[{"href":"https:\/\/andalubox.com\/de\/wp-json\/wp\/v2\/media?parent=23150"}],"wp:term":[{"taxonomy":"product_brand","embeddable":true,"href":"https:\/\/andalubox.com\/de\/wp-json\/wp\/v2\/product_brand?post=23150"},{"taxonomy":"product_cat","embeddable":true,"href":"https:\/\/andalubox.com\/de\/wp-json\/wp\/v2\/product_cat?post=23150"},{"taxonomy":"product_tag","embeddable":true,"href":"https:\/\/andalubox.com\/de\/wp-json\/wp\/v2\/product_tag?post=23150"}],"curies":[{"name":"wp","href":"https:\/\/api.w.org\/{rel}","templated":true}]}}