{"id":22884,"date":"2025-06-23T13:20:39","date_gmt":"2025-06-23T11:20:39","guid":{"rendered":"https:\/\/andalubox.com\/producto-andaluz\/gruener-spargel-mata-trigueros-in-olivenoel-gebraten\/"},"modified":"2025-09-11T10:14:59","modified_gmt":"2025-09-11T08:14:59","slug":"gruener-spargel-mata-trigueros-in-olivenoel-gebraten","status":"publish","type":"product","link":"https:\/\/andalubox.com\/de\/producto-andaluz\/gruener-spargel-mata-trigueros-in-olivenoel-gebraten\/","title":{"rendered":"Gr\u00fcner Spargel Mata Trigueros in Oliven\u00f6l gebraten, 340g"},"content":{"rendered":"<div class=\"product-description\">\n<div class=\"rte-content\">\n<p><strong>Gr\u00fcner Spargel Mata Trigueros in Oliven\u00f6l gebraten, 340g<\/strong><strong>. Lernen Sie, wie Sie ein k\u00f6stliches Gericht zubereiten, um Ihre G\u00e4ste zu beeindrucken!<\/strong><\/p>\n<p>Der in Mata-Oliven\u00f6l gebratene Trigueros-Spargel ist eine Gourmetkonserve von Productos Mata, einem Familienunternehmen mit mehr als 100 Jahren Tradition in der Herstellung von Konserven und S\u00fc\u00dfigkeiten in Alcaudete, Ja\u00e9n. Dieser Spargel wird auf fruchtbarem Boden angebaut und mit Oliven\u00f6l gebraten, was ihm einen au\u00dfergew\u00f6hnlichen Geschmack und eine besondere Textur verleiht. <span style=\"font-size: 16px;\">Eine Sorte, die auf fruchtbarem <\/span><strong style=\"font-size: 16px;\">Boden<\/strong> angebaut <span style=\"font-size: 16px;\"> wird und sehr ausgew\u00e4hlt ist, gebraten mit Oliven\u00f6l, was sie zu einem exquisiten Gericht macht. <\/span>  <\/p>\n<div class=\"et_pb_module et_pb_wc_description et_pb_wc_description_1_tb_body et_pb_bg_layout_light et_pb_text_align_left\">\n<div class=\"et_pb_module_inner\">\n<div class=\"linea_cab\"> <\/div>\n<\/div>\n<\/div>\n<\/div>\n<\/div>\n<div id=\"product-details\" class=\"clearfix js-product-details\" style=\"box-sizing: border-box; color: #141414; font-family: 'Work Sans', sans-serif; font-size: 14px; font-style: normal; font-variant-ligatures: normal; font-variant-caps: normal; font-weight: 400; letter-spacing: normal; orphans: 2; text-align: left; text-indent: 0px; text-transform: none; widows: 2; word-spacing: 0px; -webkit-text-stroke-width: 0px; white-space: normal; background-color: #f2eadf; text-decoration-thickness: initial; text-decoration-style: initial; text-decoration-color: initial;\" data-product=\"{\"id_shop_default\":1,\"id_manufacturer\":0,\"id_supplier\":0,\"reference\":\"8410163801017\",\"is_virtual\":0,\"delivery_in_stock\":\"\",\"delivery_out_stock\":\"\",\"id_category_default\":15,\"on_sale\":0,\"online_only\":0,\"ecotax\":0,\"minimal_quantity\":1,\"low_stock_threshold\":null,\"low_stock_alert\":0,\"price\":\"9,90\\u20ac\",\"unity\":\"Kg\",\"unit_price\":\"23,18\\u20ac\",\"unit_price_ratio\":0.4271476032273374,\"additional_shipping_cost\":\"0.000000\",\"customizable\":0,\"text_fields\":0,\"uploadable_files\":0,\"redirect_type\":\"404\",\"id_type_redirected\":0,\"available_for_order\":1,\"available_date\":\"0000-00-00\",\"show_condition\":0,\"condition\":\"new\",\"show_price\":1,\"indexed\":1,\"visibility\":\"both\",\"cache_default_attribute\":0,\"advanced_stock_management\":0,\"date_add\":\"2022-03-10 11:34:53\",\"date_upd\":\"2025-05-19 07:45:31\",\"pack_stock_type\":3,\"meta_description\":\"\",\"meta_keywords\":\"\",\"meta_title\":\"\",\"link_rewrite\":\"esparragos-trigueros-en-aceite-de-oliva-mata\",\"name\":\"Esp\\u00e1rragos Trigueros en Aceite de Oliva Mata- lata 340gr\",\"description\":\"&lt;p&gt;Los Esp\\u00e1rragos Trigueros en Aceite de Oliva Mata (lata 340 g) son una conserva gourmet elaborada por Productos Mata, una empresa familiar con m\\u00e1s de 100 a\\u00f1os de tradici\\u00f3n en la fabricaci\\u00f3n de conservas y dulces en Alcaudete, Ja\\u00e9n. Estos esp\\u00e1rragos se cultivan en tierras f\\u00e9rtiles y se fr\\u00eden con aceite de oliva, lo que les confiere un sabor y textura excepcionales.&lt;\\\/p&gt;\",\"description_short\":\"&lt;p&gt;Variedad cultivada en tierras feraces y muy seleccionados, fritos con aceite de oliva, lo que hacen de ellos un plato exquisito. Producto nacido de la cantera de MATA que llevan el sello de la finura y sabor sin igual de todos los productos MATA.&lt;\\\/p&gt;\",\"available_now\":\"\",\"available_later\":\"\",\"id\":778743,\"id_product\":778743,\"out_of_stock\":0,\"new\":0,\"id_product_attribute\":0,\"quantity_wanted\":1,\"extraContent\":[{\"title\":\"Ingredientes y valores nutricionales\",\"content\":\"\\n&lt;div class=\\\"tab-containter\\\"&gt;\\n\\n\\t\\t\\t&lt;h5&gt;Ingredientes&lt;\\\/h5&gt;\\n\\t\\t&lt;div&gt;&lt;p&gt;Esp\\u00e1rragos, aceite de oliva (32%), sal y acidulante (\\u00e1cido c\\u00edtrico).&lt;\\\/p&gt;\\r\\n&lt;p&gt;&lt;\\\/p&gt;&lt;\\\/div&gt;\\n\\t\\n\\t&lt;\\\/div&gt;\\n\\n\",\"attr\":{\"id\":\"\",\"class\":\"\"},\"moduleName\":\"bmsnutritionfacts\"}],\"allow_oosp\":0,\"category\":\"gourmet\",\"category_name\":\"Alimentaci\\u00f3n\",\"link\":\"https:\\\/\\\/casaortega.com\\\/es\\\/gourmet\\\/778743-esparragos-trigueros-en-aceite-de-oliva-mata.html\",\"manufacturer_name\":null,\"attribute_price\":0,\"price_tax_exc\":9,\"price_without_reduction\":9.9,\"reduction\":0,\"specific_prices\":[],\"quantity\":49,\"quantity_all_versions\":49,\"id_image\":\"es-default\",\"features\":[{\"name\":\"Marca\",\"value\":\"Mata\",\"id_feature\":1,\"position\":0,\"id_feature_value\":435},{\"name\":\"Al\\u00e9rgenos\",\"value\":\"Sin huevo sin lactosa sin gluten\",\"id_feature\":16,\"position\":1,\"id_feature_value\":70993},{\"name\":\"Valor energ\\u00e9tico\",\"value\":\"1272 KJ \\\/ 309 Kcal\",\"id_feature\":18,\"position\":2,\"id_feature_value\":70994},{\"name\":\"Grasas\",\"value\":\"32,8\",\"id_feature\":19,\"position\":3,\"id_feature_value\":70995},{\"name\":\"Saturadas\",\"value\":\"4,6\",\"id_feature\":20,\"position\":4,\"id_feature_value\":70996},{\"name\":\"Prote\\u00ednas\",\"value\":\"2\",\"id_feature\":23,\"position\":5,\"id_feature_value\":70999},{\"name\":\"Sal\",\"value\":\"1,1\",\"id_feature\":24,\"position\":6,\"id_feature_value\":71000},{\"name\":\"Hidratos de carbono\",\"value\":\"1,4\",\"id_feature\":21,\"position\":7,\"id_feature_value\":70997},{\"name\":\"Az\\u00facares\",\"value\":\"0,9\",\"id_feature\":22,\"position\":8,\"id_feature_value\":70998},{\"name\":\"Origen\",\"value\":\"Espa\\u00f1a\",\"id_feature\":2,\"position\":12,\"id_feature_value\":7}],\"attachments\":[],\"virtual\":0,\"pack\":0,\"packItems\":[],\"nopackprice\":0,\"customization_required\":false,\"rate\":10,\"tax_name\":\"IVA ES 10%\",\"ecotax_rate\":0,\"customizations\":{\"fields\":[]},\"id_customization\":0,\"is_customizable\":false,\"show_quantities\":false,\"quantity_label\":\"Art\\u00edculos\",\"quantity_discounts\":[],\"customer_group_discount\":0,\"images\":[{\"bySize\":{\"small_default\":{\"url\":\"https:\\\/\\\/casaortega.com\\\/790993-small_default\\\/esparragos-trigueros-en-aceite-de-oliva-mata.jpg\",\"width\":100,\"height\":131},\"cart_default\":{\"url\":\"https:\\\/\\\/casaortega.com\\\/790993-cart_default\\\/esparragos-trigueros-en-aceite-de-oliva-mata.jpg\",\"width\":125,\"height\":164},\"medium_default\":{\"url\":\"https:\\\/\\\/casaortega.com\\\/790993-medium_default\\\/esparragos-trigueros-en-aceite-de-oliva-mata.jpg\",\"width\":500,\"height\":654},\"home_default\":{\"url\":\"https:\\\/\\\/casaortega.com\\\/790993-home_default\\\/esparragos-trigueros-en-aceite-de-oliva-mata.jpg\",\"width\":600,\"height\":785},\"large_default\":{\"url\":\"https:\\\/\\\/casaortega.com\\\/790993-large_default\\\/esparragos-trigueros-en-aceite-de-oliva-mata.jpg\",\"width\":800,\"height\":1047},\"thickbox_default\":{\"url\":\"https:\\\/\\\/casaortega.com\\\/790993-thickbox_default\\\/esparragos-trigueros-en-aceite-de-oliva-mata.jpg\",\"width\":978,\"height\":1280}},\"small\":{\"url\":\"https:\\\/\\\/casaortega.com\\\/790993-small_default\\\/esparragos-trigueros-en-aceite-de-oliva-mata.jpg\",\"width\":100,\"height\":131},\"medium\":{\"url\":\"https:\\\/\\\/casaortega.com\\\/790993-home_default\\\/esparragos-trigueros-en-aceite-de-oliva-mata.jpg\",\"width\":600,\"height\":785},\"large\":{\"url\":\"https:\\\/\\\/casaortega.com\\\/790993-thickbox_default\\\/esparragos-trigueros-en-aceite-de-oliva-mata.jpg\",\"width\":978,\"height\":1280},\"legend\":\"Esp\\u00e1rragos Trigueros en Aceite de Oliva Mata- lata 340gr\",\"id_image\":790993,\"cover\":1,\"position\":1,\"associatedVariants\":[]}],\"cover\":{\"bySize\":{\"small_default\":{\"url\":\"https:\\\/\\\/casaortega.com\\\/790993-small_default\\\/esparragos-trigueros-en-aceite-de-oliva-mata.jpg\",\"width\":100,\"height\":131},\"cart_default\":{\"url\":\"https:\\\/\\\/casaortega.com\\\/790993-cart_default\\\/esparragos-trigueros-en-aceite-de-oliva-mata.jpg\",\"width\":125,\"height\":164},\"medium_default\":{\"url\":\"https:\\\/\\\/casaortega.com\\\/790993-medium_default\\\/esparragos-trigueros-en-aceite-de-oliva-mata.jpg\",\"width\":500,\"height\":654},\"home_default\":{\"url\":\"https:\\\/\\\/casaortega.com\\\/790993-home_default\\\/esparragos-trigueros-en-aceite-de-oliva-mata.jpg\",\"width\":600,\"height\":785},\"large_default\":{\"url\":\"https:\\\/\\\/casaortega.com\\\/790993-large_default\\\/esparragos-trigueros-en-aceite-de-oliva-mata.jpg\",\"width\":800,\"height\":1047},\"thickbox_default\":{\"url\":\"https:\\\/\\\/casaortega.com\\\/790993-thickbox_default\\\/esparragos-trigueros-en-aceite-de-oliva-mata.jpg\",\"width\":978,\"height\":1280}},\"small\":{\"url\":\"https:\\\/\\\/casaortega.com\\\/790993-small_default\\\/esparragos-trigueros-en-aceite-de-oliva-mata.jpg\",\"width\":100,\"height\":131},\"medium\":{\"url\":\"https:\\\/\\\/casaortega.com\\\/790993-home_default\\\/esparragos-trigueros-en-aceite-de-oliva-mata.jpg\",\"width\":600,\"height\":785},\"large\":{\"url\":\"https:\\\/\\\/casaortega.com\\\/790993-thickbox_default\\\/esparragos-trigueros-en-aceite-de-oliva-mata.jpg\",\"width\":978,\"height\":1280},\"legend\":\"Esp\\u00e1rragos Trigueros en Aceite de Oliva Mata- lata 340gr\",\"id_image\":790993,\"cover\":1,\"position\":1,\"associatedVariants\":[]},\"has_discount\":false,\"discount_type\":null,\"discount_percentage\":null,\"discount_percentage_absolute\":null,\"discount_amount\":null,\"discount_amount_to_display\":null,\"price_amount\":9.9,\"unit_price_full\":\"23,18\\u20ac Kg\",\"show_availability\":true,\"availability_date\":null,\"availability_message\":\"\",\"availability\":\"available\"}\">\n<section class=\"product-features\">\n<div class=\"data-sheet\">\n<div class=\"data-sheet-element mb-3\"><span class=\"name\">Marke: <\/span><span class=\"value bold\"><a href=\"https:\/\/casaortega.com\/es\/2-inicio?q=Marca-Mata\" target=\"_blank\" rel=\"noopener\">Mata<\/a><\/span><\/div>\n<div class=\"data-sheet-element mb-3\"><span class=\"name\">Herkunft: <\/span><span class=\"value bold\"><a href=\"https:\/\/casaortega.com\/es\/2-inicio?q=Origen-Espa%C3%B1a\" target=\"_blank\" rel=\"noopener\">Spanien<\/a><\/span><\/div>\n<\/div>\n<div class=\"data-sheet-long\">\n<div class=\"data-sheet-long-element mb-3\"><span class=\"name\">Allergene: <\/span><span class=\"bold font-italic\">Eifrei Laktosefrei Glutenfrei<\/span><\/div>\n<\/div>\n<div class=\"data-sheet\">\n<div class=\"data-sheet-element mb-3\"><span class=\"name\">Energiewert: <\/span><span class=\"value bold\">1272 KJ \/ 309 Kcal<\/span><\/div>\n<div class=\"data-sheet-element mb-3\"><span class=\"name\">Fette: <\/span><span class=\"value bold\">32,8<\/span><\/div>\n<div class=\"data-sheet-element mb-3\"><span class=\"name\">Ges\u00e4ttigt: <\/span><span class=\"value bold\">4,6<\/span><\/div>\n<div class=\"data-sheet-element mb-3\"><span class=\"name\">Eiwei\u00df: <\/span><span class=\"value bold\">2<\/span><\/div>\n<div class=\"data-sheet-element mb-3\"><span class=\"name\">Ps: <\/span><span class=\"value bold\">1,1<\/span><\/div>\n<div class=\"data-sheet-element mb-3\"><span class=\"name\">Kohlenhydrate: <\/span><span class=\"value bold\">1,4<\/span><\/div>\n<div class=\"data-sheet-element mb-3\"><span class=\"name\">Zucker: <\/span><span class=\"value bold\">0,9<\/span><\/div>\n<\/div>\n<\/section>\n<\/div>","protected":false},"excerpt":{"rendered":"<p>Gr\u00fcner Spargel Mata Trigueros in Oliven\u00f6l gebraten, 340g<\/p>\n","protected":false},"featured_media":22909,"comment_status":"open","ping_status":"closed","template":"","meta":{"site-sidebar-layout":"default","site-content-layout":"","ast-site-content-layout":"default","site-content-style":"default","site-sidebar-style":"default","ast-global-header-display":"","ast-banner-title-visibility":"","ast-main-header-display":"","ast-hfb-above-header-display":"","ast-hfb-below-header-display":"","ast-hfb-mobile-header-display":"","site-post-title":"","ast-breadcrumbs-content":"","ast-featured-img":"","footer-sml-layout":"","ast-disable-related-posts":"","theme-transparent-header-meta":"default","adv-header-id-meta":"","stick-header-meta":"","header-above-stick-meta":"","header-main-stick-meta":"","header-below-stick-meta":"","astra-migrate-meta-layouts":"default","ast-page-background-enabled":"default","ast-page-background-meta":{"desktop":{"background-color":"var(--ast-global-color-4)","background-image":"","background-repeat":"repeat","background-position":"center center","background-size":"auto","background-attachment":"scroll","background-type":"","background-media":"","overlay-type":"","overlay-color":"","overlay-opacity":"","overlay-gradient":""},"tablet":{"background-color":"","background-image":"","background-repeat":"repeat","background-position":"center center","background-size":"auto","background-attachment":"scroll","background-type":"","background-media":"","overlay-type":"","overlay-color":"","overlay-opacity":"","overlay-gradient":""},"mobile":{"background-color":"","background-image":"","background-repeat":"repeat","background-position":"center center","background-size":"auto","background-attachment":"scroll","background-type":"","background-media":"","overlay-type":"","overlay-color":"","overlay-opacity":"","overlay-gradient":""}},"ast-content-background-meta":{"desktop":{"background-color":"var(--ast-global-color-5)","background-image":"","background-repeat":"repeat","background-position":"center center","background-size":"auto","background-attachment":"scroll","background-type":"","background-media":"","overlay-type":"","overlay-color":"","overlay-opacity":"","overlay-gradient":""},"tablet":{"background-color":"var(--ast-global-color-5)","background-image":"","background-repeat":"repeat","background-position":"center center","background-size":"auto","background-attachment":"scroll","background-type":"","background-media":"","overlay-type":"","overlay-color":"","overlay-opacity":"","overlay-gradient":""},"mobile":{"background-color":"var(--ast-global-color-5)","background-image":"","background-repeat":"repeat","background-position":"center center","background-size":"auto","background-attachment":"scroll","background-type":"","background-media":"","overlay-type":"","overlay-color":"","overlay-opacity":"","overlay-gradient":""}}},"product_brand":[1288],"product_cat":[15],"product_tag":[680,836,837],"class_list":{"0":"post-22884","1":"product","2":"type-product","3":"status-publish","4":"has-post-thumbnail","6":"product_brand-mata","7":"product_cat-sin-categorizar","8":"product_tag-mediterrane-ernahrung","9":"product_tag-spargel-aus-andalusien","10":"product_tag-spargel-aus-jaen","11":"desktop-align-left","12":"tablet-align-left","13":"mobile-align-left","15":"first","16":"instock","17":"taxable","18":"shipping-taxable","19":"purchasable","20":"product-type-simple"},"_links":{"self":[{"href":"https:\/\/andalubox.com\/de\/wp-json\/wp\/v2\/product\/22884","targetHints":{"allow":["GET"]}}],"collection":[{"href":"https:\/\/andalubox.com\/de\/wp-json\/wp\/v2\/product"}],"about":[{"href":"https:\/\/andalubox.com\/de\/wp-json\/wp\/v2\/types\/product"}],"replies":[{"embeddable":true,"href":"https:\/\/andalubox.com\/de\/wp-json\/wp\/v2\/comments?post=22884"}],"wp:featuredmedia":[{"embeddable":true,"href":"https:\/\/andalubox.com\/de\/wp-json\/wp\/v2\/media\/22909"}],"wp:attachment":[{"href":"https:\/\/andalubox.com\/de\/wp-json\/wp\/v2\/media?parent=22884"}],"wp:term":[{"taxonomy":"product_brand","embeddable":true,"href":"https:\/\/andalubox.com\/de\/wp-json\/wp\/v2\/product_brand?post=22884"},{"taxonomy":"product_cat","embeddable":true,"href":"https:\/\/andalubox.com\/de\/wp-json\/wp\/v2\/product_cat?post=22884"},{"taxonomy":"product_tag","embeddable":true,"href":"https:\/\/andalubox.com\/de\/wp-json\/wp\/v2\/product_tag?post=22884"}],"curies":[{"name":"wp","href":"https:\/\/api.w.org\/{rel}","templated":true}]}}