{"id":22682,"date":"2025-06-11T13:16:07","date_gmt":"2025-06-11T11:16:07","guid":{"rendered":"https:\/\/andalubox.com\/producto-andaluz\/moet-chandon-n-i-r-magnum-rose-trocken-1-5l\/"},"modified":"2025-07-05T13:22:49","modified_gmt":"2025-07-05T11:22:49","slug":"moet-chandon-n-i-r-magnum-rose-trocken-1-5l","status":"publish","type":"product","link":"https:\/\/andalubox.com\/de\/producto-andaluz\/moet-chandon-n-i-r-magnum-rose-trocken-1-5l\/","title":{"rendered":"Moet Chandon N.I.R. Magnum Dry Ros\u00e9 1,5L"},"content":{"rendered":"<h6>A.O.C. Champagne Ros\u00e9weine mit Herkunftsbezeichnung<\/h6>\n<p>Champagner ist der ber\u00fchmteste Schaumwein der Welt und wird in der franz\u00f6sischen Region Champagne hergestellt. Die franz\u00f6sische Bezeichnung f\u00fcr diese Weinregion ist AOC oder Appellation de Origine Contr\u00f4l\u00e9e, was der spanischen Appellation d&#8217;Origine Contr\u00f4l\u00e9e entspricht. Es ist das n\u00f6rdlichste Anbaugebiet Frankreichs mit einer Rebfl\u00e4che von etwa 33.500 Hektar und einer Jahresproduktion von 260 Millionen Flaschen.  <\/p>\n<ul>\n\t<li>Typ: Ros\u00e9 Gran Reserva Brut<\/li>\n\t<li>Fassungsverm\u00f6gen: 1,50 L.<\/li>\n\t<li>Alkoholgehalt: 12,0\u00ba.<\/li>\n\t<li>Weingut: <a title=\"Sehen Sie die Produkte der Weinkellerei\" href=\"https:\/\/www.grauonline.es\/bodegas\/champagne-moet--chandon.html\" target=\"_blank\" rel=\"noopener\">Champagner Moet &amp; Chandon<\/a><\/li>\n\t<li>Land: <a class=\"enlace\" title=\"Siehe Franz\u00f6sische Weine\" href=\"https:\/\/www.grauonline.es\/vinos-francia.html\" target=\"_blank\" rel=\"noopener\">Frankreich<\/a><\/li>\n\t<li>D.O.: <a class=\"enlace\" title=\"A.O.C. Champagne Weine ansehen\" href=\"https:\/\/www.grauonline.es\/vinos-espumosos\/vinos-do-champagne-espumosos.html\" target=\"_blank\" rel=\"noopener\">A.O.C. Champagne<\/a><\/li>\n\t<li>Rebsorten: Chardonnay, Pinot Noir, Pinot Meunier<\/li>\n\t<li>Allergene: Sulfite<\/li>\n<\/ul>","protected":false},"excerpt":{"rendered":"<p>Moet Chandon N.I.R. Magnum Dry Ros\u00e9 1,5L<\/p>\n","protected":false},"featured_media":31091,"template":"","meta":{"site-sidebar-layout":"default","site-content-layout":"","ast-site-content-layout":"default","site-content-style":"default","site-sidebar-style":"default","ast-global-header-display":"","ast-banner-title-visibility":"","ast-main-header-display":"","ast-hfb-above-header-display":"","ast-hfb-below-header-display":"","ast-hfb-mobile-header-display":"","site-post-title":"","ast-breadcrumbs-content":"","ast-featured-img":"","footer-sml-layout":"","ast-disable-related-posts":"","theme-transparent-header-meta":"default","adv-header-id-meta":"","stick-header-meta":"","header-above-stick-meta":"","header-main-stick-meta":"","header-below-stick-meta":"","astra-migrate-meta-layouts":"default","ast-page-background-enabled":"default","ast-page-background-meta":{"desktop":{"background-color":"var(--ast-global-color-4)","background-image":"","background-repeat":"repeat","background-position":"center center","background-size":"auto","background-attachment":"scroll","background-type":"","background-media":"","overlay-type":"","overlay-color":"","overlay-opacity":"","overlay-gradient":""},"tablet":{"background-color":"","background-image":"","background-repeat":"repeat","background-position":"center center","background-size":"auto","background-attachment":"scroll","background-type":"","background-media":"","overlay-type":"","overlay-color":"","overlay-opacity":"","overlay-gradient":""},"mobile":{"background-color":"","background-image":"","background-repeat":"repeat","background-position":"center center","background-size":"auto","background-attachment":"scroll","background-type":"","background-media":"","overlay-type":"","overlay-color":"","overlay-opacity":"","overlay-gradient":""}},"ast-content-background-meta":{"desktop":{"background-color":"var(--ast-global-color-5)","background-image":"","background-repeat":"repeat","background-position":"center center","background-size":"auto","background-attachment":"scroll","background-type":"","background-media":"","overlay-type":"","overlay-color":"","overlay-opacity":"","overlay-gradient":""},"tablet":{"background-color":"var(--ast-global-color-5)","background-image":"","background-repeat":"repeat","background-position":"center center","background-size":"auto","background-attachment":"scroll","background-type":"","background-media":"","overlay-type":"","overlay-color":"","overlay-opacity":"","overlay-gradient":""},"mobile":{"background-color":"var(--ast-global-color-5)","background-image":"","background-repeat":"repeat","background-position":"center center","background-size":"auto","background-attachment":"scroll","background-type":"","background-media":"","overlay-type":"","overlay-color":"","overlay-opacity":"","overlay-gradient":""}}},"product_brand":[1305],"product_cat":[418,341],"product_tag":[],"class_list":{"0":"post-22682","1":"product","2":"type-product","3":"status-publish","4":"has-post-thumbnail","6":"product_brand-moet-chandon","7":"product_cat-andalubox-exklusiv","8":"product_cat-vinothek","9":"desktop-align-left","10":"tablet-align-left","11":"mobile-align-left","13":"first","14":"instock","15":"taxable","16":"shipping-taxable","17":"purchasable","18":"product-type-simple"},"_links":{"self":[{"href":"https:\/\/andalubox.com\/de\/wp-json\/wp\/v2\/product\/22682","targetHints":{"allow":["GET"]}}],"collection":[{"href":"https:\/\/andalubox.com\/de\/wp-json\/wp\/v2\/product"}],"about":[{"href":"https:\/\/andalubox.com\/de\/wp-json\/wp\/v2\/types\/product"}],"wp:featuredmedia":[{"embeddable":true,"href":"https:\/\/andalubox.com\/de\/wp-json\/wp\/v2\/media\/31091"}],"wp:attachment":[{"href":"https:\/\/andalubox.com\/de\/wp-json\/wp\/v2\/media?parent=22682"}],"wp:term":[{"taxonomy":"product_brand","embeddable":true,"href":"https:\/\/andalubox.com\/de\/wp-json\/wp\/v2\/product_brand?post=22682"},{"taxonomy":"product_cat","embeddable":true,"href":"https:\/\/andalubox.com\/de\/wp-json\/wp\/v2\/product_cat?post=22682"},{"taxonomy":"product_tag","embeddable":true,"href":"https:\/\/andalubox.com\/de\/wp-json\/wp\/v2\/product_tag?post=22682"}],"curies":[{"name":"wp","href":"https:\/\/api.w.org\/{rel}","templated":true}]}}