{"id":22577,"date":"2025-06-09T12:49:20","date_gmt":"2025-06-09T10:49:20","guid":{"rendered":"https:\/\/andalubox.com\/producto-andaluz\/el-sueno-del-nino-zalema-de-huelva-anada-2023-75cl-2\/"},"modified":"2026-04-01T19:14:26","modified_gmt":"2026-04-01T17:14:26","slug":"el-sueno-del-nino-zalema-de-huelva-anada-2023-75cl-2","status":"publish","type":"product","link":"https:\/\/andalubox.com\/de\/producto-andaluz\/el-sueno-del-nino-zalema-de-huelva-anada-2023-75cl-2\/","title":{"rendered":"Abulaga Halbs\u00fc\u00dfer Wei\u00dfwein Frisch und fruchtig aus Chipiona, C\u00e1diz 75cl"},"content":{"rendered":"<p>Abulaga ist ein aromatischer, junger und lebendiger Wei\u00dfwein, der von Bodegas Lustau im sonnigen C\u00e1diz hergestellt wird. Aus Muscat of Alexandria-Trauben hergestellt, ist er in der Nase ausdrucksstark mit intensiven Noten von Orangenbl\u00fcten, frischen Trauben, Melone und Zitrusfr\u00fcchten. Am Gaumen ist er s\u00fc\u00df, aber ausgewogen, mit einer Frische, die ihn zum perfekten Begleiter f\u00fcr jede Gelegenheit macht.  <\/p>\n<div class=\"woocommerce-product-details__short-description\">\n<p>Ideal als Aperitif oder als Begleiter zu asiatischen Gerichten, tropischen Salaten, Meeresfr\u00fcchten oder Weichk\u00e4se.<\/p>\n<p><strong>Beschreibung:<\/strong><\/p>\n<p>Weingut: Lustau<\/p>\n<p>Trauben: Muskateller von Alexandria<\/p>\n<p>Region: Spanien \/ Vino de la Tierra de C\u00e1diz<\/p>\n<p>Weinstil: Aromatischer Wei\u00dfwein (Spanien)<\/p>\n<p>Alkohol: 12%.<\/p>\n<p>Allergene: Enth\u00e4lt Sulfite.<\/p>\n<p>&nbsp;<\/p>\n<\/div>","protected":false},"excerpt":{"rendered":"<p>Abulaga Frischer und fruchtiger halbs\u00fc\u00dfer Wei\u00dfwein aus Chipiona, C\u00e1diz 75cl.<br \/>\nAndalubox exportiert die Weine aus S\u00fcdspanien in ganz Europa.<\/p>\n","protected":false},"featured_media":31205,"comment_status":"open","ping_status":"closed","template":"","meta":{"site-sidebar-layout":"default","site-content-layout":"","ast-site-content-layout":"default","site-content-style":"default","site-sidebar-style":"default","ast-global-header-display":"","ast-banner-title-visibility":"","ast-main-header-display":"","ast-hfb-above-header-display":"","ast-hfb-below-header-display":"","ast-hfb-mobile-header-display":"","site-post-title":"","ast-breadcrumbs-content":"","ast-featured-img":"","footer-sml-layout":"","ast-disable-related-posts":"","theme-transparent-header-meta":"default","adv-header-id-meta":"","stick-header-meta":"","header-above-stick-meta":"","header-main-stick-meta":"","header-below-stick-meta":"","astra-migrate-meta-layouts":"default","ast-page-background-enabled":"default","ast-page-background-meta":{"desktop":{"background-color":"var(--ast-global-color-4)","background-image":"","background-repeat":"repeat","background-position":"center center","background-size":"auto","background-attachment":"scroll","background-type":"","background-media":"","overlay-type":"","overlay-color":"","overlay-opacity":"","overlay-gradient":""},"tablet":{"background-color":"","background-image":"","background-repeat":"repeat","background-position":"center center","background-size":"auto","background-attachment":"scroll","background-type":"","background-media":"","overlay-type":"","overlay-color":"","overlay-opacity":"","overlay-gradient":""},"mobile":{"background-color":"","background-image":"","background-repeat":"repeat","background-position":"center center","background-size":"auto","background-attachment":"scroll","background-type":"","background-media":"","overlay-type":"","overlay-color":"","overlay-opacity":"","overlay-gradient":""}},"ast-content-background-meta":{"desktop":{"background-color":"var(--ast-global-color-5)","background-image":"","background-repeat":"repeat","background-position":"center center","background-size":"auto","background-attachment":"scroll","background-type":"","background-media":"","overlay-type":"","overlay-color":"","overlay-opacity":"","overlay-gradient":""},"tablet":{"background-color":"var(--ast-global-color-5)","background-image":"","background-repeat":"repeat","background-position":"center center","background-size":"auto","background-attachment":"scroll","background-type":"","background-media":"","overlay-type":"","overlay-color":"","overlay-opacity":"","overlay-gradient":""},"mobile":{"background-color":"var(--ast-global-color-5)","background-image":"","background-repeat":"repeat","background-position":"center center","background-size":"auto","background-attachment":"scroll","background-type":"","background-media":"","overlay-type":"","overlay-color":"","overlay-opacity":"","overlay-gradient":""}}},"product_brand":[1303],"product_cat":[342],"product_tag":[757,627],"class_list":{"0":"post-22577","1":"product","2":"type-product","3":"status-publish","4":"has-post-thumbnail","6":"product_brand-bodegas-cesar-florido","7":"product_cat-weiswein","8":"product_tag-halbsuser-weiswein","9":"product_tag-weiswein-aus-cadiz","10":"desktop-align-left","11":"tablet-align-left","12":"mobile-align-left","14":"first","15":"instock","16":"taxable","17":"shipping-taxable","18":"purchasable","19":"product-type-simple"},"_links":{"self":[{"href":"https:\/\/andalubox.com\/de\/wp-json\/wp\/v2\/product\/22577","targetHints":{"allow":["GET"]}}],"collection":[{"href":"https:\/\/andalubox.com\/de\/wp-json\/wp\/v2\/product"}],"about":[{"href":"https:\/\/andalubox.com\/de\/wp-json\/wp\/v2\/types\/product"}],"replies":[{"embeddable":true,"href":"https:\/\/andalubox.com\/de\/wp-json\/wp\/v2\/comments?post=22577"}],"wp:featuredmedia":[{"embeddable":true,"href":"https:\/\/andalubox.com\/de\/wp-json\/wp\/v2\/media\/31205"}],"wp:attachment":[{"href":"https:\/\/andalubox.com\/de\/wp-json\/wp\/v2\/media?parent=22577"}],"wp:term":[{"taxonomy":"product_brand","embeddable":true,"href":"https:\/\/andalubox.com\/de\/wp-json\/wp\/v2\/product_brand?post=22577"},{"taxonomy":"product_cat","embeddable":true,"href":"https:\/\/andalubox.com\/de\/wp-json\/wp\/v2\/product_cat?post=22577"},{"taxonomy":"product_tag","embeddable":true,"href":"https:\/\/andalubox.com\/de\/wp-json\/wp\/v2\/product_tag?post=22577"}],"curies":[{"name":"wp","href":"https:\/\/api.w.org\/{rel}","templated":true}]}}