{"id":22272,"date":"2025-06-04T12:26:52","date_gmt":"2025-06-04T10:26:52","guid":{"rendered":"https:\/\/andalubox.com\/producto-andaluz\/el-sueno-del-nino-zalema-de-huelva-anada-2023-75cl\/"},"modified":"2025-07-17T11:34:54","modified_gmt":"2025-07-17T09:34:54","slug":"el-sueno-del-nino-zalema-de-huelva-anada-2023-75cl","status":"publish","type":"product","link":"https:\/\/andalubox.com\/de\/producto-andaluz\/el-sueno-del-nino-zalema-de-huelva-anada-2023-75cl\/","title":{"rendered":"El Sue\u00f1o del Ni\u00f1o Zalema \u00d6kologischer Ros\u00e9 aus Huelva, Jahrgang 2023 75cl"},"content":{"rendered":"El Sue\u00f1o del Ni\u00f1o Zalema \u00d6kologischer Ros\u00e9 aus Huelva, Jahrgang 2023 75cl\n<p>El Sue\u00f1o Del Ni\u00f1o (Uva Zalema Ecol\u00f3gico) ist ein Wei\u00dfwein aus der spanischen Region Jerez. Er wird aus Zalema-Trauben hergestellt und hat eine hellgelbe Farbe. Er hat Aromen von Zitrusfr\u00fcchten, Blumen und Mineralien. Der Wein hat einen trockenen, frischen und mineralischen Geschmack, mit einem leicht bitteren Abgang.   <\/p>\n<p>Spezifikationen:<\/p>\n<p>Rebsorte: Zalema<\/p>\n<p>Region: Jerez, Spanien<\/p>\n<p>Alkoholische St\u00e4rke: 13<\/p>\n<p>Aromaprofil: Trocken, frisch, mineralisch, Zitrusfr\u00fcchte, blumig<\/p>\n<p>Service:<\/p>\n<p>Servieren Sie den Wein bei einer Temperatur von 7-9 Grad Celsius.<\/p>\n<p>Servieren Sie den Wein in einem Fino-Glas, um seinen Geschmack und seine Aromen hervorzuheben.<\/p>\n<table class=\"caracteristicas-producto no-mobile\">\n<tbody>\n<tr>\n<td>\n<h5 class=\"product-tab-title\">Typologie<\/h5>\n<\/td>\n<td>\n<p class=\"product-tab-content\"><a class=\"highlight-product-page\" title=\"Siehe Liste der Ros\u00e9wein-Produkte\" href=\"https:\/\/privateceller.com\/es\/11183-vino-rosado\" target=\"_blank\" rel=\"noopener\">Ros\u00e9wein<\/a>.<br> D<a class=\"highlight-product-page\" title=\"Siehe Liste der Ros\u00e9weine D.O. Condado de Huelva\" href=\"https:\/\/privateceller.com\/es\/11183-vino-rosado\/indicacion_geografica-do_condado_de_huelva\" target=\"_blank\" rel=\"noopener\">.O. Condado de Huelva<\/a>.<\/p>\n<\/td>\n<\/tr>\n<tr>\n<td>\n<h5 class=\"product-tab-title\">Sorte<\/h5>\n<\/td>\n<td>\n<p class=\"product-tab-content\"><a class=\"highlight-product-page\" title=\"Siehe Liste von Zalema Ros\u00e9wein\" href=\"https:\/\/privateceller.com\/es\/11183-vino-rosado\/variedad-zalema\" target=\"_blank\" rel=\"noopener\">Zalema<\/a>.<\/p>\n<\/td>\n<\/tr>\n<tr>\n<td>\n<h5 class=\"product-tab-title\">Format<\/h5>\n<\/td>\n<td>\n<p class=\"product-tab-content\">Die Flasche.<\/p>\n<\/td>\n<\/tr>\n<tr>\n<td>\n<h5 class=\"product-tab-title\">Kapazit\u00e4t<\/h5>\n<\/td>\n<td>\n<p class=\"product-tab-content\">75 cl.<\/p>\n<\/td>\n<\/tr>\n<tr>\n<td>\n<h5 class=\"product-tab-title\">Alkoholgehalt<\/h5>\n<\/td>\n<td>\n<p class=\"product-tab-content\">13% Vol.<\/p>\n<\/td>\n<\/tr>\n<tr>\n<td>\n<h5 class=\"product-tab-title\">Gewicht<\/h5>\n<\/td>\n<td>\n<p class=\"product-tab-content\">1.500 gr. (1,5 Kg.).<\/p>\n<\/td>\n<\/tr>\n<tr>\n<td>\n<h5 class=\"product-tab-title\">Visuelle Verkostungsnotiz<\/h5>\n<\/td>\n<td>\n<p class=\"product-tab-content\">Goldene Reflexe, Granat, R\u00f6tlich, Edle Krone.<\/p>\n<\/td>\n<\/tr>\n<tr>\n<td>\n<h5 class=\"product-tab-title\">Geruchliche Verkostungsnotiz<\/h5>\n<\/td>\n<td>\n<p class=\"product-tab-content\">Tropische Fr\u00fcchte, mittlere bis hohe Intensit\u00e4t, rote Fr\u00fcchte in Sirup.<\/p>\n<\/td>\n<\/tr>\n<tr>\n<td>\n<h5 class=\"product-tab-title\">Verkostungsnotiz<\/h5>\n<\/td>\n<td>\n<p class=\"product-tab-content\">Sanft, Grapefruit, eleganter Einstieg, bemerkenswerte Persistenz.<\/p>\n<\/td>\n<\/tr>\n<tr>\n<td>\n<h5 class=\"product-tab-title\">Empfohlene Paarungen<\/h5>\n<\/td>\n<td>\n<p class=\"product-tab-content\">Eintopf, Mit Kabeljau gef\u00fcllte Paprikaschoten, Ged\u00fcnsteter Blaufisch.<\/p>\n<\/td>\n<\/tr>\n<tr>\n<td>\n<h5 class=\"product-tab-title\">Temperatur des Verbrauchs<\/h5>\n<\/td>\n<td>\n<p class=\"product-tab-content\">6\u00baC &#8211; 10\u00baC.<\/p>\n<\/td>\n<\/tr>\n<\/tbody>\n<\/table>\n<table class=\"table-data-sheet\" style=\"width: 100%;height: 670px\">\n<tbody>\n<tr class=\"odd\" style=\"height: 38px\">\n<td style=\"height: 38px\">Erzeuger<\/td>\n<td style=\"height: 38px\"><a class=\"highlight-product-page\" title=\"Zus\u00e4tzliche Informationen, Contreras Ruiz (Bodegas Contreras Ruiz) von Vinoteca.online\" href=\"https:\/\/vinoteca.online\/es\/5569_bodegas-contreras-ruiz\" target=\"_blank\" rel=\"noopener\">Contreras Ruiz (Bodegas Contreras Ruiz).<\/a><\/td>\n<\/tr>\n<tr class=\"even\" style=\"height: 53px\">\n<td style=\"height: 53px\">Name<\/td>\n<td style=\"height: 53px\">Contreras Ruiz El Sue\u00f1o del NI\u00f1o Rosado.<\/td>\n<\/tr>\n<tr class=\"odd\" style=\"height: 53px\">\n<td style=\"height: 53px\">Sorte<\/td>\n<td style=\"height: 53px\"><a class=\"highlight-product-page\" title=\"Siehe Liste von Zalema Ros\u00e9wein\" href=\"https:\/\/vinoteca.online\/es\/11183-vino-rosado\/variedad-zalema\" target=\"_blank\" rel=\"noopener\">Zalema<\/a>.<\/td>\n<\/tr>\n<tr class=\"even\" style=\"height: 53px\">\n<td style=\"height: 53px\">Herkunftsland<\/td>\n<td style=\"height: 53px\"><a class=\"highlight-product-page\" title=\"Liste von Ros\u00e9wein Spanien ansehen\" href=\"https:\/\/vinoteca.online\/es\/11183-vino-rosado\/pais_de_origen-espana\" target=\"_blank\" rel=\"noopener\">Spanien<\/a>.<\/td>\n<\/tr>\n<tr class=\"odd\" style=\"height: 53px\">\n<td style=\"height: 53px\">Region der Herkunft<\/td>\n<td style=\"height: 53px\"><a class=\"highlight-product-page\" title=\"Siehe Liste von Ros\u00e9wein Andalusien\" href=\"https:\/\/vinoteca.online\/es\/11183-vino-rosado\/region_de_origen-andalucia\" target=\"_blank\" rel=\"noopener\">Andalusien<\/a>.<\/td>\n<\/tr>\n<tr class=\"even\" style=\"height: 83px\">\n<td style=\"height: 83px\">Geografische Angabe<\/td>\n<td style=\"height: 83px\"><a class=\"highlight-product-page\" title=\"Siehe Liste der Ros\u00e9weine D.O. Condado de Huelva\" href=\"https:\/\/vinoteca.online\/es\/11183-vino-rosado\/indicacion_geografica-do_condado_de_huelva\" target=\"_blank\" rel=\"noopener\">D.O. Condado de Huelva<\/a>.<\/td>\n<\/tr>\n<tr class=\"odd\" style=\"height: 112px\">\n<td style=\"height: 112px\">Zertifizierung (EU)401\/2010<\/td>\n<td style=\"height: 112px\">Denominaci\u00f3n de Origen Protegida (D.O.P.)<br>Denominaci\u00f3n de Origen (D.O.)<br> D<a class=\"highlight-product-page\" title=\"Siehe Liste der Ros\u00e9weine D.O. Condado de Huelva\" href=\"https:\/\/vinoteca.online\/es\/11183-vino-rosado\/indicacion_geografica-do_condado_de_huelva\" target=\"_blank\" rel=\"noopener\">.O. Condado de Huelva<\/a>.<\/td>\n<\/tr>\n<tr class=\"even\" style=\"height: 172px\">\n<td style=\"height: 172px\">Region der Produktion<\/td>\n<td style=\"height: 172px\">Das Anbaugebiet <a class=\"highlight-product-page\" title=\"Siehe Liste der Ros\u00e9weine D.O. Condado de Huelva\" href=\"https:\/\/vinoteca.online\/es\/11183-vino-rosado\/indicacion_geografica-do_condado_de_huelva\" target=\"_blank\" rel=\"noopener\">Condado de Huelva D.O.<\/a> liegt in den andalusischen Gemeinden der Region Condado de Huelva, einem Weinanbaugebiet im S\u00fcdosten der Provinz Huelva in Spanien, dessen historischer Name Condado de Niebla ist. Es umfasst 18 Gemeinden: Almonte, Bollullos Par del Condado, Beas, Bonares, Chucena, Gibrale\u00f3n, Hinojos, La Palma del Condado, Lucena del Puerto, Manzanilla, Moguer, Niebla, Palos de la Frontera, Rociana del Condado, San Juan del Puerto, Trigueros, Villalba del Alcor und Villarrasa. <\/td>\n<\/tr>\n<tr class=\"odd\" style=\"height: 53px\">\n<td style=\"height: 53px\">Gewicht<\/td>\n<td style=\"height: 53px\">1.500 gr. (1,5 Kg.).<\/td>\n<\/tr>\n<\/tbody>\n<\/table>","protected":false},"excerpt":{"rendered":"<p>El Sue\u00f1o del Ni\u00f1o Zalema Ecological Ros\u00e9 aus Huelva, Jahrgang 2023 75cl.<br \/>\nAndalubox exportiert Condado de Huelva Weine in ganz Europa.<\/p>\n","protected":false},"featured_media":30967,"comment_status":"open","ping_status":"closed","template":"","meta":{"site-sidebar-layout":"default","site-content-layout":"","ast-site-content-layout":"default","site-content-style":"default","site-sidebar-style":"default","ast-global-header-display":"","ast-banner-title-visibility":"","ast-main-header-display":"","ast-hfb-above-header-display":"","ast-hfb-below-header-display":"","ast-hfb-mobile-header-display":"","site-post-title":"","ast-breadcrumbs-content":"","ast-featured-img":"","footer-sml-layout":"","ast-disable-related-posts":"","theme-transparent-header-meta":"default","adv-header-id-meta":"","stick-header-meta":"","header-above-stick-meta":"","header-main-stick-meta":"","header-below-stick-meta":"","astra-migrate-meta-layouts":"default","ast-page-background-enabled":"default","ast-page-background-meta":{"desktop":{"background-color":"var(--ast-global-color-4)","background-image":"","background-repeat":"repeat","background-position":"center center","background-size":"auto","background-attachment":"scroll","background-type":"","background-media":"","overlay-type":"","overlay-color":"","overlay-opacity":"","overlay-gradient":""},"tablet":{"background-color":"","background-image":"","background-repeat":"repeat","background-position":"center center","background-size":"auto","background-attachment":"scroll","background-type":"","background-media":"","overlay-type":"","overlay-color":"","overlay-opacity":"","overlay-gradient":""},"mobile":{"background-color":"","background-image":"","background-repeat":"repeat","background-position":"center center","background-size":"auto","background-attachment":"scroll","background-type":"","background-media":"","overlay-type":"","overlay-color":"","overlay-opacity":"","overlay-gradient":""}},"ast-content-background-meta":{"desktop":{"background-color":"var(--ast-global-color-5)","background-image":"","background-repeat":"repeat","background-position":"center center","background-size":"auto","background-attachment":"scroll","background-type":"","background-media":"","overlay-type":"","overlay-color":"","overlay-opacity":"","overlay-gradient":""},"tablet":{"background-color":"var(--ast-global-color-5)","background-image":"","background-repeat":"repeat","background-position":"center center","background-size":"auto","background-attachment":"scroll","background-type":"","background-media":"","overlay-type":"","overlay-color":"","overlay-opacity":"","overlay-gradient":""},"mobile":{"background-color":"var(--ast-global-color-5)","background-image":"","background-repeat":"repeat","background-position":"center center","background-size":"auto","background-attachment":"scroll","background-type":"","background-media":"","overlay-type":"","overlay-color":"","overlay-opacity":"","overlay-gradient":""}}},"product_brand":[1302],"product_cat":[],"product_tag":[744,751,745],"class_list":{"0":"post-22272","1":"product","2":"type-product","3":"status-publish","4":"has-post-thumbnail","6":"product_brand-bodegas-contreras-ruiz","7":"product_tag-condado-de-huelva-wein","8":"product_tag-okologischer-wein","9":"product_tag-zalema-traube","10":"desktop-align-left","11":"tablet-align-left","12":"mobile-align-left","14":"first","15":"instock","16":"taxable","17":"shipping-taxable","18":"purchasable","19":"product-type-simple"},"_links":{"self":[{"href":"https:\/\/andalubox.com\/de\/wp-json\/wp\/v2\/product\/22272","targetHints":{"allow":["GET"]}}],"collection":[{"href":"https:\/\/andalubox.com\/de\/wp-json\/wp\/v2\/product"}],"about":[{"href":"https:\/\/andalubox.com\/de\/wp-json\/wp\/v2\/types\/product"}],"replies":[{"embeddable":true,"href":"https:\/\/andalubox.com\/de\/wp-json\/wp\/v2\/comments?post=22272"}],"wp:featuredmedia":[{"embeddable":true,"href":"https:\/\/andalubox.com\/de\/wp-json\/wp\/v2\/media\/30967"}],"wp:attachment":[{"href":"https:\/\/andalubox.com\/de\/wp-json\/wp\/v2\/media?parent=22272"}],"wp:term":[{"taxonomy":"product_brand","embeddable":true,"href":"https:\/\/andalubox.com\/de\/wp-json\/wp\/v2\/product_brand?post=22272"},{"taxonomy":"product_cat","embeddable":true,"href":"https:\/\/andalubox.com\/de\/wp-json\/wp\/v2\/product_cat?post=22272"},{"taxonomy":"product_tag","embeddable":true,"href":"https:\/\/andalubox.com\/de\/wp-json\/wp\/v2\/product_tag?post=22272"}],"curies":[{"name":"wp","href":"https:\/\/api.w.org\/{rel}","templated":true}]}}