{"id":22078,"date":"2025-06-03T13:39:34","date_gmt":"2025-06-03T11:39:34","guid":{"rendered":"https:\/\/andalubox.com\/producto-andaluz\/flags\/"},"modified":"2025-07-18T10:08:04","modified_gmt":"2025-07-18T08:08:04","slug":"flags","status":"publish","type":"product","link":"https:\/\/andalubox.com\/de\/producto-andaluz\/flags\/","title":{"rendered":"EL Rey de Oros Banderillas de At\u00fan Ahumado de Almadraba mit Barbate-K\u00e4se 12 St\u00fcck, 300g"},"content":{"rendered":"EL Rey de Oros Leckere Banderillas de At\u00fan Ahumado de Almadraba mit Barbate-K\u00e4se 12 St\u00fcck, 300g\n<p><strong>Exklusiver Versand auf das spanische Festland, die Balearen und Frankreich.<\/strong><\/p>\n<p>Die <strong>ger\u00e4ucherten Thunfischbanderillas mit K\u00e4se<\/strong> sind eines der beliebtesten Produkte im El Rey de Oros.<\/p>\n<p>Eine besondere Fusion von Aromen mit einer tadellosen Pr\u00e4sentation.<\/p>\n<p>&nbsp;<\/p>","protected":false},"excerpt":{"rendered":"<p>EL Rey de Oros K\u00f6stliche Banderillas de At\u00fan Ahumado de Almadraba mit Barbate-K\u00e4se 12 St\u00fcck, 300g<\/p>\n<p>Andalubox exportiert Conservas El Rey de Oros de Barbate in ganz Europa.<\/p>\n","protected":false},"featured_media":29976,"comment_status":"open","ping_status":"closed","template":"","meta":{"site-sidebar-layout":"default","site-content-layout":"","ast-site-content-layout":"default","site-content-style":"default","site-sidebar-style":"default","ast-global-header-display":"","ast-banner-title-visibility":"","ast-main-header-display":"","ast-hfb-above-header-display":"","ast-hfb-below-header-display":"","ast-hfb-mobile-header-display":"","site-post-title":"","ast-breadcrumbs-content":"","ast-featured-img":"","footer-sml-layout":"","ast-disable-related-posts":"","theme-transparent-header-meta":"default","adv-header-id-meta":"","stick-header-meta":"","header-above-stick-meta":"","header-main-stick-meta":"","header-below-stick-meta":"","astra-migrate-meta-layouts":"default","ast-page-background-enabled":"default","ast-page-background-meta":{"desktop":{"background-color":"var(--ast-global-color-4)","background-image":"","background-repeat":"repeat","background-position":"center center","background-size":"auto","background-attachment":"scroll","background-type":"","background-media":"","overlay-type":"","overlay-color":"","overlay-opacity":"","overlay-gradient":""},"tablet":{"background-color":"","background-image":"","background-repeat":"repeat","background-position":"center center","background-size":"auto","background-attachment":"scroll","background-type":"","background-media":"","overlay-type":"","overlay-color":"","overlay-opacity":"","overlay-gradient":""},"mobile":{"background-color":"","background-image":"","background-repeat":"repeat","background-position":"center center","background-size":"auto","background-attachment":"scroll","background-type":"","background-media":"","overlay-type":"","overlay-color":"","overlay-opacity":"","overlay-gradient":""}},"ast-content-background-meta":{"desktop":{"background-color":"var(--ast-global-color-5)","background-image":"","background-repeat":"repeat","background-position":"center center","background-size":"auto","background-attachment":"scroll","background-type":"","background-media":"","overlay-type":"","overlay-color":"","overlay-opacity":"","overlay-gradient":""},"tablet":{"background-color":"var(--ast-global-color-5)","background-image":"","background-repeat":"repeat","background-position":"center center","background-size":"auto","background-attachment":"scroll","background-type":"","background-media":"","overlay-type":"","overlay-color":"","overlay-opacity":"","overlay-gradient":""},"mobile":{"background-color":"var(--ast-global-color-5)","background-image":"","background-repeat":"repeat","background-position":"center center","background-size":"auto","background-attachment":"scroll","background-type":"","background-media":"","overlay-type":"","overlay-color":"","overlay-opacity":"","overlay-gradient":""}}},"product_brand":[1153],"product_cat":[329],"product_tag":[716,729],"class_list":{"0":"post-22078","1":"product","2":"type-product","3":"status-publish","4":"has-post-thumbnail","6":"product_brand-el-rey-de-oros","7":"product_cat-thunfisch","8":"product_tag-almadraba-thunfisch","9":"product_tag-barbate-thunfisch-banderillas","10":"product_shipping_class-gekuhlt","11":"desktop-align-left","12":"tablet-align-left","13":"mobile-align-left","15":"first","16":"outofstock","17":"taxable","18":"shipping-taxable","19":"purchasable","20":"product-type-simple"},"_links":{"self":[{"href":"https:\/\/andalubox.com\/de\/wp-json\/wp\/v2\/product\/22078","targetHints":{"allow":["GET"]}}],"collection":[{"href":"https:\/\/andalubox.com\/de\/wp-json\/wp\/v2\/product"}],"about":[{"href":"https:\/\/andalubox.com\/de\/wp-json\/wp\/v2\/types\/product"}],"replies":[{"embeddable":true,"href":"https:\/\/andalubox.com\/de\/wp-json\/wp\/v2\/comments?post=22078"}],"wp:featuredmedia":[{"embeddable":true,"href":"https:\/\/andalubox.com\/de\/wp-json\/wp\/v2\/media\/29976"}],"wp:attachment":[{"href":"https:\/\/andalubox.com\/de\/wp-json\/wp\/v2\/media?parent=22078"}],"wp:term":[{"taxonomy":"product_brand","embeddable":true,"href":"https:\/\/andalubox.com\/de\/wp-json\/wp\/v2\/product_brand?post=22078"},{"taxonomy":"product_cat","embeddable":true,"href":"https:\/\/andalubox.com\/de\/wp-json\/wp\/v2\/product_cat?post=22078"},{"taxonomy":"product_tag","embeddable":true,"href":"https:\/\/andalubox.com\/de\/wp-json\/wp\/v2\/product_tag?post=22078"}],"curies":[{"name":"wp","href":"https:\/\/api.w.org\/{rel}","templated":true}]}}