{"id":21995,"date":"2025-06-03T12:33:11","date_gmt":"2025-06-03T10:33:11","guid":{"rendered":"https:\/\/andalubox.com\/producto-andaluz\/coosur-squizz-extra-natives-olivenoel-aus-jaen-speziell-zum-anbraten-620ml\/"},"modified":"2025-08-23T17:56:42","modified_gmt":"2025-08-23T15:56:42","slug":"coosur-squizz-extra-natives-olivenoel-aus-jaen-speziell-zum-anbraten-620ml","status":"publish","type":"product","link":"https:\/\/andalubox.com\/de\/producto-andaluz\/coosur-squizz-extra-natives-olivenoel-aus-jaen-speziell-zum-anbraten-620ml\/","title":{"rendered":"Coosur Squizz Natives Oliven\u00f6l Extra Spezial Salteo de Ja\u00e9n, 620ml"},"content":{"rendered":"<p>Squizz ist ein innovatives Format f\u00fcr Oliven\u00f6l. Es handelt sich um einen <strong>ergonomischen<\/strong>, von Coosur betriebenen <strong>Dosierbeh\u00e4lter<\/strong>, der ein <strong>pr\u00e4zises Ausgie\u00dfen von nativem Oliven\u00f6l extra<\/strong> erm\u00f6glicht, wodurch Verschwendung vermieden wird, und der jeder Zubereitung eine praktische Note und einen Gourmet-Touch verleiht. Squizz wurde f\u00fcr die <strong>einfache Verwendung in der K\u00fcche<\/strong> entwickelt und bietet ein <strong>praktischeres und professionelleres kulinarisches Erlebnis<\/strong>, ohne auf die Qualit\u00e4t des besten <a href=\"https:\/\/www.coosur.com\/noticias\/que-es-el-aove\/\" target=\"_blank\" rel=\"noopener\">EVOO<\/a> zu verzichten.  <\/p>\n<ul>\n\t<li><strong>Squizz Salteo.<\/strong> Es handelt sich um ein ausgewogeneres EVOO, was dieses Produkt zu einer perfekten Erg\u00e4nzung f\u00fcr gegrillte oder in der Pfanne gebratene Gerichte, Fleisch, <a href=\"https:\/\/www.coosur.com\/noticias\/trucos-para-cocinar-pescados-a-la-barbacoa\/\" target=\"_blank\" rel=\"noopener\">Grillgerichte<\/a>, Pfannengerichte, Woks oder Rezepte, die in einer \u00d6lfritteuse zubereitet werden, macht. Dank der verstellbaren D\u00fcse k\u00f6nnen Sie das Oliven\u00f6l gro\u00dfz\u00fcgig und fl\u00fcssig ausgie\u00dfen, denn bei dieser Art von Zubereitungen l\u00e4sst sich die D\u00fcse f\u00fcr gro\u00dfz\u00fcgigere und fl\u00fcssigere G\u00fcsse regulieren, so dass Sie das EVOO auf einfache und praktische Weise in die Zubereitungen integrieren k\u00f6nnen. <\/li>\n<\/ul>\n<ul class=\"a-unordered-list a-vertical a-spacing-mini\">\n\t<li class=\"a-spacing-mini\"><span class=\"a-list-item\" style=\"font-size: 12pt;\"><strong>DEN LETZTEN SCHLIFF F\u00dcR JEDES GERICHT<\/strong>.<\/span><\/li>\n<\/ul>\n<p><span class=\"a-list-item\">Das native Oliven\u00f6l extra von Coosur Squizz SALTEO ist ideal zum <strong>Grillen oder Braten, zum Frittieren, f\u00fcr Fleisch, zum Grillen, f\u00fcr Pfannengerichte und f\u00fcr Woks. <\/strong> <\/span><\/p>\n<div id=\"nutritional-info--nutritional-information-title\" class=\"u-title-3 mb-4\">N\u00e4hrwertangaben pro 100 g<\/div>\n<div class=\"row\">\n<div class=\"table-responsive-overflow\">\n<div class=\"table-responsive\">\n<table class=\"table\" aria-describedby=\"tbl-nutritional-information\">\n<thead class=\"table-head\">\n<tr>\n<th class=\"table-first-col\" scope=\"col\"> <\/th>\n<th class=\"text-right u-pgh-black ng-star-inserted\" scope=\"col\">Hauptkomposition Detail<\/th>\n<\/tr>\n<\/thead>\n<tbody class=\"ng-star-inserted\">\n<tr>\n<td class=\"u-pgh-black w-25\">Energie-Wert<\/td>\n<td class=\"text-right u-pgh-black ng-star-inserted\">3381 kj<\/td>\n<\/tr>\n<\/tbody>\n<tbody class=\"ng-star-inserted\">\n<tr>\n<td class=\"u-pgh-black w-25\">Energiewert<\/td>\n<td class=\"text-right u-pgh-black ng-star-inserted\">822 kcal<\/td>\n<\/tr>\n<\/tbody>\n<tbody class=\"ng-star-inserted\">\n<tr>\n<td class=\"u-pgh-black w-25\">Fette<\/td>\n<td class=\"text-right u-pgh-black ng-star-inserted\">91 g<\/td>\n<\/tr>\n<tr class=\"ng-star-inserted\">\n<td class=\"pl-4 u-pgh-black w-25 text-left\">&#8211; Ges\u00e4ttigte Fetts\u00e4uren<\/td>\n<td class=\"text-right u-pgh-black ng-star-inserted\">12 g<\/td>\n<\/tr>\n<\/tbody>\n<tbody class=\"ng-star-inserted\">\n<tr>\n<td class=\"u-pgh-black w-25\">Einfach unges\u00e4ttigte Fetts\u00e4uren<\/td>\n<td class=\"text-right u-pgh-black ng-star-inserted\">71 g<\/td>\n<\/tr>\n<\/tbody>\n<tbody class=\"ng-star-inserted\">\n<tr>\n<td class=\"u-pgh-black w-25\">Mehrfach unges\u00e4ttigte Fetts\u00e4uren<\/td>\n<td class=\"text-right u-pgh-black ng-star-inserted\">0 g<\/td>\n<\/tr>\n<\/tbody>\n<tbody class=\"ng-star-inserted\">\n<tr>\n<td class=\"u-pgh-black w-25\">Kohlenhydrate<\/td>\n<td class=\"text-right u-pgh-black ng-star-inserted\">0 g<\/td>\n<\/tr>\n<tr class=\"ng-star-inserted\">\n<td class=\"pl-4 u-pgh-black w-25 text-left\">&#8211; Zucker<\/td>\n<td class=\"text-right u-pgh-black ng-star-inserted\">0 g<\/td>\n<\/tr>\n<\/tbody>\n<tbody class=\"ng-star-inserted\">\n<tr>\n<td class=\"u-pgh-black w-25\">Eiwei\u00df<\/td>\n<td class=\"text-right u-pgh-black ng-star-inserted\">0 g<\/td>\n<\/tr>\n<\/tbody>\n<tbody class=\"ng-star-inserted\">\n<tr>\n<td class=\"u-pgh-black w-25\">Salz<\/td>\n<td class=\"text-right u-pgh-black ng-star-inserted\">0 g<\/td>\n<\/tr>\n<\/tbody>\n<tbody class=\"ng-star-inserted\">\n<tr>\n<td class=\"u-pgh-black w-25\">Vitamin E<\/td>\n<td class=\"text-right u-pgh-black ng-star-inserted\">18 mg<\/td>\n<\/tr>\n<\/tbody>\n<\/table>\n<\/div>\n<\/div>\n<\/div>","protected":false},"excerpt":{"rendered":"<p>Coosur Squizz Natives Oliven\u00f6l Extra Spezial Salteo de Ja\u00e9n, 620ml.<\/p>\n<p>Andalubox exportiert andalusisches \u00d6l in ganz Europa.<\/p>\n","protected":false},"featured_media":22003,"template":"","meta":{"site-sidebar-layout":"default","site-content-layout":"","ast-site-content-layout":"default","site-content-style":"default","site-sidebar-style":"default","ast-global-header-display":"","ast-banner-title-visibility":"","ast-main-header-display":"","ast-hfb-above-header-display":"","ast-hfb-below-header-display":"","ast-hfb-mobile-header-display":"","site-post-title":"","ast-breadcrumbs-content":"","ast-featured-img":"","footer-sml-layout":"","ast-disable-related-posts":"","theme-transparent-header-meta":"default","adv-header-id-meta":"","stick-header-meta":"","header-above-stick-meta":"","header-main-stick-meta":"","header-below-stick-meta":"","astra-migrate-meta-layouts":"default","ast-page-background-enabled":"default","ast-page-background-meta":{"desktop":{"background-color":"var(--ast-global-color-4)","background-image":"","background-repeat":"repeat","background-position":"center center","background-size":"auto","background-attachment":"scroll","background-type":"","background-media":"","overlay-type":"","overlay-color":"","overlay-opacity":"","overlay-gradient":""},"tablet":{"background-color":"","background-image":"","background-repeat":"repeat","background-position":"center center","background-size":"auto","background-attachment":"scroll","background-type":"","background-media":"","overlay-type":"","overlay-color":"","overlay-opacity":"","overlay-gradient":""},"mobile":{"background-color":"","background-image":"","background-repeat":"repeat","background-position":"center center","background-size":"auto","background-attachment":"scroll","background-type":"","background-media":"","overlay-type":"","overlay-color":"","overlay-opacity":"","overlay-gradient":""}},"ast-content-background-meta":{"desktop":{"background-color":"var(--ast-global-color-5)","background-image":"","background-repeat":"repeat","background-position":"center center","background-size":"auto","background-attachment":"scroll","background-type":"","background-media":"","overlay-type":"","overlay-color":"","overlay-opacity":"","overlay-gradient":""},"tablet":{"background-color":"var(--ast-global-color-5)","background-image":"","background-repeat":"repeat","background-position":"center center","background-size":"auto","background-attachment":"scroll","background-type":"","background-media":"","overlay-type":"","overlay-color":"","overlay-opacity":"","overlay-gradient":""},"mobile":{"background-color":"var(--ast-global-color-5)","background-image":"","background-repeat":"repeat","background-position":"center center","background-size":"auto","background-attachment":"scroll","background-type":"","background-media":"","overlay-type":"","overlay-color":"","overlay-opacity":"","overlay-gradient":""}}},"product_brand":[],"product_cat":[354],"product_tag":[709],"class_list":{"0":"post-21995","1":"product","2":"type-product","3":"status-publish","4":"has-post-thumbnail","6":"product_cat-andalusisches-ol","7":"product_tag-ol","8":"desktop-align-left","9":"tablet-align-left","10":"mobile-align-left","12":"first","13":"instock","14":"taxable","15":"shipping-taxable","16":"purchasable","17":"product-type-simple"},"_links":{"self":[{"href":"https:\/\/andalubox.com\/de\/wp-json\/wp\/v2\/product\/21995","targetHints":{"allow":["GET"]}}],"collection":[{"href":"https:\/\/andalubox.com\/de\/wp-json\/wp\/v2\/product"}],"about":[{"href":"https:\/\/andalubox.com\/de\/wp-json\/wp\/v2\/types\/product"}],"wp:featuredmedia":[{"embeddable":true,"href":"https:\/\/andalubox.com\/de\/wp-json\/wp\/v2\/media\/22003"}],"wp:attachment":[{"href":"https:\/\/andalubox.com\/de\/wp-json\/wp\/v2\/media?parent=21995"}],"wp:term":[{"taxonomy":"product_brand","embeddable":true,"href":"https:\/\/andalubox.com\/de\/wp-json\/wp\/v2\/product_brand?post=21995"},{"taxonomy":"product_cat","embeddable":true,"href":"https:\/\/andalubox.com\/de\/wp-json\/wp\/v2\/product_cat?post=21995"},{"taxonomy":"product_tag","embeddable":true,"href":"https:\/\/andalubox.com\/de\/wp-json\/wp\/v2\/product_tag?post=21995"}],"curies":[{"name":"wp","href":"https:\/\/api.w.org\/{rel}","templated":true}]}}