{"id":21866,"date":"2025-06-02T12:21:25","date_gmt":"2025-06-02T10:21:25","guid":{"rendered":"https:\/\/andalubox.com\/producto-andaluz\/alhambra-granada-rot-granada-reserva-1925-33cl\/"},"modified":"2025-08-06T20:18:57","modified_gmt":"2025-08-06T18:18:57","slug":"alhambra-granada-rot-granada-reserva-1925-33cl","status":"publish","type":"product","link":"https:\/\/andalubox.com\/de\/producto-andaluz\/alhambra-granada-rot-granada-reserva-1925-33cl\/","title":{"rendered":"Alhambra Red Reserve 1925, 33cl"},"content":{"rendered":"<h4 class=\"categoria\">Alhambra Red Reserve 1925, 33cl<\/h4>\n<p>Ein einzigartiger lang vergorener und \u201eausgeruhter\u201c Bock. Hinter seiner Intensit\u00e4t verbirgt sich eine au\u00dfergew\u00f6hnliche Subtilit\u00e4t und Finesse. Ein \u201elangsam trinkendes\u201c Bier, das Zeit braucht, um voll ausgekostet zu werden.<span style=\"font-size: 16px;\">Ein einzigartiger Bock von au\u00dfergew\u00f6hnlicher Subtilit\u00e4t und Finesse.<\/span>   <\/p>\n<div class=\"accordion-menu--item_content\">\n<p class=\"text-def-chef white\"><span style=\"font-size: 12pt;\">Die Aussicht: <\/span><span style=\"font-size: 12pt;\">Alhambra Reserva Roja hat eine au\u00dfergew\u00f6hnliche und einzigartige Kupferfarbe, ein gl\u00e4nzendes Aussehen und einen dichten Schaum mit Bronzereflexen.<\/span><\/p>\n<p class=\"text-def-chef white\"><span style=\"font-size: 12pt;\">Die Nase: <\/span><span style=\"font-size: 12pt;\">Komplexes Aroma mit ausgepr\u00e4gten Noten von ger\u00f6stetem Getreide zusammen mit intensiven fruchtigen Noten, begleitet von einem eleganten Duft nach Alkohol.<\/span><\/p>\n<p class=\"text-def-chef white\"><span style=\"font-size: 12pt;\">Geschmack: <\/span><span style=\"font-size: 12pt;\">Genie\u00dfen Sie seine Komplexit\u00e4t in einem intensiven ersten Schluck und entdecken Sie ein kraftvolles und \u00fcppiges Bier, dank seiner deutlichen und sehr angenehmen Alkoholnote, nach der Karamell- und Getreidearomen auftauchen und die fruchtigen Aromen verst\u00e4rkt werden.<\/span><\/p>\n<p class=\"text-def-chef white\"><span style=\"font-size: 12pt;\">Zeit: <\/span><span style=\"font-size: 12pt;\">Eine Zutat, die die Essenz all unserer Kreationen ist, denn nur wenn wir den Dingen die Zeit geben, die sie verdienen, erhalten wir einen einzigartigen Geschmack.<\/span><\/p>\n<\/div>","protected":false},"excerpt":{"rendered":"<p>Alhambra Roja Reserva 1925, 33cl im EXPORT f\u00fcr ganz Europa.<\/p>\n","protected":false},"featured_media":21863,"comment_status":"open","ping_status":"closed","template":"","meta":{"site-sidebar-layout":"default","site-content-layout":"","ast-site-content-layout":"default","site-content-style":"default","site-sidebar-style":"default","ast-global-header-display":"","ast-banner-title-visibility":"","ast-main-header-display":"","ast-hfb-above-header-display":"","ast-hfb-below-header-display":"","ast-hfb-mobile-header-display":"","site-post-title":"","ast-breadcrumbs-content":"","ast-featured-img":"","footer-sml-layout":"","ast-disable-related-posts":"","theme-transparent-header-meta":"default","adv-header-id-meta":"","stick-header-meta":"","header-above-stick-meta":"","header-main-stick-meta":"","header-below-stick-meta":"","astra-migrate-meta-layouts":"default","ast-page-background-enabled":"default","ast-page-background-meta":{"desktop":{"background-color":"var(--ast-global-color-4)","background-image":"","background-repeat":"repeat","background-position":"center center","background-size":"auto","background-attachment":"scroll","background-type":"","background-media":"","overlay-type":"","overlay-color":"","overlay-opacity":"","overlay-gradient":""},"tablet":{"background-color":"","background-image":"","background-repeat":"repeat","background-position":"center center","background-size":"auto","background-attachment":"scroll","background-type":"","background-media":"","overlay-type":"","overlay-color":"","overlay-opacity":"","overlay-gradient":""},"mobile":{"background-color":"","background-image":"","background-repeat":"repeat","background-position":"center center","background-size":"auto","background-attachment":"scroll","background-type":"","background-media":"","overlay-type":"","overlay-color":"","overlay-opacity":"","overlay-gradient":""}},"ast-content-background-meta":{"desktop":{"background-color":"var(--ast-global-color-5)","background-image":"","background-repeat":"repeat","background-position":"center center","background-size":"auto","background-attachment":"scroll","background-type":"","background-media":"","overlay-type":"","overlay-color":"","overlay-opacity":"","overlay-gradient":""},"tablet":{"background-color":"var(--ast-global-color-5)","background-image":"","background-repeat":"repeat","background-position":"center center","background-size":"auto","background-attachment":"scroll","background-type":"","background-media":"","overlay-type":"","overlay-color":"","overlay-opacity":"","overlay-gradient":""},"mobile":{"background-color":"var(--ast-global-color-5)","background-image":"","background-repeat":"repeat","background-position":"center center","background-size":"auto","background-attachment":"scroll","background-type":"","background-media":"","overlay-type":"","overlay-color":"","overlay-opacity":"","overlay-gradient":""}}},"product_brand":[1284],"product_cat":[339],"product_tag":[661,659,657,660],"class_list":{"0":"post-21866","1":"product","2":"type-product","3":"status-publish","4":"has-post-thumbnail","6":"product_brand-alhambra","7":"product_cat-andalusische-biere","8":"product_tag-andalusisches-bier-de","9":"product_tag-granatapfelbier-de","10":"product_tag-rotes-bier","11":"product_tag-sudliches-bier","12":"desktop-align-left","13":"tablet-align-left","14":"mobile-align-left","16":"first","17":"instock","18":"taxable","19":"shipping-taxable","20":"purchasable","21":"product-type-simple"},"_links":{"self":[{"href":"https:\/\/andalubox.com\/de\/wp-json\/wp\/v2\/product\/21866","targetHints":{"allow":["GET"]}}],"collection":[{"href":"https:\/\/andalubox.com\/de\/wp-json\/wp\/v2\/product"}],"about":[{"href":"https:\/\/andalubox.com\/de\/wp-json\/wp\/v2\/types\/product"}],"replies":[{"embeddable":true,"href":"https:\/\/andalubox.com\/de\/wp-json\/wp\/v2\/comments?post=21866"}],"wp:featuredmedia":[{"embeddable":true,"href":"https:\/\/andalubox.com\/de\/wp-json\/wp\/v2\/media\/21863"}],"wp:attachment":[{"href":"https:\/\/andalubox.com\/de\/wp-json\/wp\/v2\/media?parent=21866"}],"wp:term":[{"taxonomy":"product_brand","embeddable":true,"href":"https:\/\/andalubox.com\/de\/wp-json\/wp\/v2\/product_brand?post=21866"},{"taxonomy":"product_cat","embeddable":true,"href":"https:\/\/andalubox.com\/de\/wp-json\/wp\/v2\/product_cat?post=21866"},{"taxonomy":"product_tag","embeddable":true,"href":"https:\/\/andalubox.com\/de\/wp-json\/wp\/v2\/product_tag?post=21866"}],"curies":[{"name":"wp","href":"https:\/\/api.w.org\/{rel}","templated":true}]}}