{"id":21841,"date":"2025-06-02T11:56:51","date_gmt":"2025-06-02T09:56:51","guid":{"rendered":"https:\/\/andalubox.com\/producto-andaluz\/alhambra-granada-tercio-especial\/"},"modified":"2025-09-17T14:52:50","modified_gmt":"2025-09-17T12:52:50","slug":"alhambra-granada-tercio-especial","status":"publish","type":"product","link":"https:\/\/andalubox.com\/de\/producto-andaluz\/alhambra-granada-tercio-especial\/","title":{"rendered":"Alhambra de Granada Tercio Especial, 33cl"},"content":{"rendered":"<p>Alhambra de Granada Tercio Especial, 33cl<\/p>\n<p class=\"text-def-chef white\">Ein langsam vergorenes Lagerbier, weich und vollmundig.<\/p>\n<h3 class=\"titular titular--3\"><span style=\"font-size: 12pt;\">Der sorgf\u00e4ltige und intensive Alhambra Especial folgt einem langsamen G\u00e4rungsprozess, durch den er seine einzigartigen, leichten und fruchtigen Nuancen erh\u00e4lt und einen so besonderen Geschmack wie seinen Namen erh\u00e4lt.<\/span><\/h3>\n<main class=\"main cream--bg alh-especial\">\n<section class=\"section box destacado destacado--2 margin--bottom-5 no-margin--bottom-resp\">\n<p>Inspiriert von klassischen tschechischen Rezepten und dem Alhambra-Denkmal, folgen unsere Braumeister einem sorgf\u00e4ltigen Brauprozess, um ein leichtes, ausgewogenes Lagerbier mit einer milden Bitterkeit zu erhalten, die sich in einem einzigartigen Geschmack niederschl\u00e4gt. Denn nur wenn man sich die n\u00f6tige Zeit nimmt, kann man ein solch besonderes Bier erhalten. <\/p>\n<\/section>\n<section class=\"section box grey--bg section--opacity-75\">\n<div class=\"visor-video version1\">\n<div class=\"visor-video__panel\">\n<h2 class=\"visor-video__tituloBox\"><span style=\"font-size: 12pt;\">Fordern Sie Ihre Sinne heraus<\/span><\/h2>\n<ul class=\"visor-video__texto\">\n\t<li class=\"visor-video__descripcion\" data-video=\"https:\/\/www.cervezasalhambra.com\/themes\/alhambra\/assets\/video\/cerveza-lager-singular\/VISTA.mp4\" data-image=\"no\">\n<h3 class=\"visor-video__titular\"><span style=\"font-size: 12pt;\">Die Aussicht: <\/span><span style=\"font-size: 12pt;\">Entdecken Sie dieses goldene, helle Bier mit einer cremigen, gleichm\u00e4\u00dfigen Schaumkrone.<\/span><\/h3>\n<\/li>\n\t<li class=\"visor-video__descripcion on\" data-video=\"https:\/\/www.cervezasalhambra.com\/themes\/alhambra\/assets\/video\/cerveza-lager-singular\/OLFATO.mp4\" data-image=\"no\">\n<h3 class=\"visor-video__titular\"><span style=\"font-size: 12pt;\">Die Nase: <\/span><span style=\"font-size: 12pt;\">Genie\u00dfen Sie die weichen fruchtigen und blumigen Noten, die sich mit jedem Schluck intensivieren.<\/span><\/h3>\n<\/li>\n\t<li class=\"visor-video__descripcion\" data-video=\"https:\/\/www.cervezasalhambra.com\/themes\/alhambra\/assets\/video\/cerveza-lager-singular\/GUSTO.mp4\" data-image=\"no\">\n<h3 class=\"visor-video__titular\"><span style=\"font-size: 12pt;\">Geschmack: <\/span><span style=\"font-size: 12pt;\">Alhambra Especial hat eine milde, aber vollmundige und sehr ausgewogene Bitterkeit und einen au\u00dfergew\u00f6hnlichen Geschmack, den Sie jederzeit genie\u00dfen k\u00f6nnen.<\/span><\/h3>\n<\/li>\n<\/ul>\n<\/div>\n<\/div>\n<\/section>\n<section class=\"section box\">\n<div class=\"row no-gutters\">\n<div class=\"col\">\n<div class=\"destacado-doble destacado-doble_brujula destacado-doble_brujula--left destacado--borderRightTop destacado-doble--opacity grey--bg\">\n<div class=\"destacado-doble__textCont\">\n<p class=\"text--center white\">Ein Bier mit einzigartigem Charakter, inspiriert vom tschechischen Lager Pilsner und ideal f\u00fcr den t\u00e4glichen Genuss.  <\/p>\n<\/div>\n<\/div>\n<\/div>\n<\/div>\n<\/section>\n<section class=\"interactExpandBoxes section box boxes--3 boxes--3--displayLBox\">\n<div class=\"interactExpandBoxes--box box--izqda\">\n<div class=\"interactExpandBoxes--contenido flex flex--center\">\n<div class=\"interactExpandBoxes--contenido--body\">\n<div class=\"flex flex--start align--start\">\n<div class=\"caract--data\">\n<p class=\"bolder\">Titel: Cerveza Especial<\/p>\n<\/div>\n<div class=\"caract--data\">\n<p class=\"bolder\">Alkoholgehalt: 5,4% vol.<\/p>\n<\/div>\n<div class=\"caract--data\">\n<p class=\"bolder\">Temperatur: 4-6 \u00baC<\/p>\n<\/div>\n<\/div>\n<\/div>\n<\/div>\n<\/div>\n<div class=\"interactExpandBoxes--box box--centro\">\n<div class=\"interactExpandBoxes--contenido flex flex--center\">\n<div class=\"interactExpandBoxes--contenido--body flex align--start\">\n<div class=\"infoAlimentaria--data\">\n<p><span class=\"bolder\">Zutaten<\/span>: Wasser, <em>Gerstenmalz<\/em>, Mais und Hopfen<\/p>\n<\/div>\n<div class=\"infoAlimentaria--data\">\n<table class=\"infoAlimentaria--data--table\">\n<thead>\n<tr>\n<th>Informationen zur Ern\u00e4hrung<\/th>\n<th>Einheit<\/th>\n<th>Wert<\/th>\n<\/tr>\n<\/thead>\n<tbody>\n<tr>\n<td data-label=\"\">Energiewert<\/td>\n<td data-label=\"\">kJ\/100ml &#8211; kcal\/100ml<\/td>\n<td data-label=\"\">206 &#8211; 49<\/td>\n<\/tr>\n<tr>\n<td data-label=\"\">Fette<\/td>\n<td data-label=\"\">g\/100ml<\/td>\n<td data-label=\"\">0<\/td>\n<\/tr>\n<tr>\n<td class=\"pad--left\" data-label=\"\">davon ges\u00e4ttigt<\/td>\n<td data-label=\"\">g\/100ml<\/td>\n<td data-label=\"\">0<\/td>\n<\/tr>\n<tr>\n<td data-label=\"\">Kohlenhydrate<\/td>\n<td data-label=\"\">g\/100ml<\/td>\n<td data-label=\"\">4,15<\/td>\n<\/tr>\n<tr>\n<td class=\"pad--left\" data-label=\"\">Davon Zucker<\/td>\n<td data-label=\"\">g\/100ml<\/td>\n<td data-label=\"\">0,3<\/td>\n<\/tr>\n<tr>\n<td data-label=\"\">Eiwei\u00df<\/td>\n<td data-label=\"\">g\/100ml<\/td>\n<td data-label=\"\">0,3<\/td>\n<\/tr>\n<tr>\n<td data-label=\"\">Salz<\/td>\n<td data-label=\"\">g\/100ml<\/td>\n<td data-label=\"\">0<\/td>\n<\/tr>\n<\/tbody>\n<\/table>\n<\/div>\n<\/div>\n<\/div>\n<\/div>\n<div class=\"interactExpandBoxes--box box--dcha\">\n<div class=\"greyVeil\"> <\/div>\n<\/div>\n<\/section>\n<\/main>","protected":false},"excerpt":{"rendered":"<p>Alhambra de Granada Tercio Especial, 33cl Ein langsam vergorenes Lagerbier, weich und vollmundig. Der sorgf\u00e4ltige und intensive Alhambra Especial folgt einem langsamen G\u00e4rungsprozess, durch den er seine einzigartigen, leichten und fruchtigen Nuancen erh\u00e4lt und einen so besonderen Geschmack wie seinen Namen erh\u00e4lt. Inspiriert von klassischen tschechischen Rezepten und dem Alhambra-Denkmal, folgen unsere Braumeister einem sorgf\u00e4ltigen [&hellip;]<\/p>\n","protected":false},"featured_media":21850,"comment_status":"open","ping_status":"closed","template":"","meta":{"site-sidebar-layout":"default","site-content-layout":"","ast-site-content-layout":"default","site-content-style":"default","site-sidebar-style":"default","ast-global-header-display":"","ast-banner-title-visibility":"","ast-main-header-display":"","ast-hfb-above-header-display":"","ast-hfb-below-header-display":"","ast-hfb-mobile-header-display":"","site-post-title":"","ast-breadcrumbs-content":"","ast-featured-img":"","footer-sml-layout":"","ast-disable-related-posts":"","theme-transparent-header-meta":"default","adv-header-id-meta":"","stick-header-meta":"","header-above-stick-meta":"","header-main-stick-meta":"","header-below-stick-meta":"","astra-migrate-meta-layouts":"default","ast-page-background-enabled":"default","ast-page-background-meta":{"desktop":{"background-color":"var(--ast-global-color-4)","background-image":"","background-repeat":"repeat","background-position":"center center","background-size":"auto","background-attachment":"scroll","background-type":"","background-media":"","overlay-type":"","overlay-color":"","overlay-opacity":"","overlay-gradient":""},"tablet":{"background-color":"","background-image":"","background-repeat":"repeat","background-position":"center center","background-size":"auto","background-attachment":"scroll","background-type":"","background-media":"","overlay-type":"","overlay-color":"","overlay-opacity":"","overlay-gradient":""},"mobile":{"background-color":"","background-image":"","background-repeat":"repeat","background-position":"center center","background-size":"auto","background-attachment":"scroll","background-type":"","background-media":"","overlay-type":"","overlay-color":"","overlay-opacity":"","overlay-gradient":""}},"ast-content-background-meta":{"desktop":{"background-color":"var(--ast-global-color-5)","background-image":"","background-repeat":"repeat","background-position":"center center","background-size":"auto","background-attachment":"scroll","background-type":"","background-media":"","overlay-type":"","overlay-color":"","overlay-opacity":"","overlay-gradient":""},"tablet":{"background-color":"var(--ast-global-color-5)","background-image":"","background-repeat":"repeat","background-position":"center center","background-size":"auto","background-attachment":"scroll","background-type":"","background-media":"","overlay-type":"","overlay-color":"","overlay-opacity":"","overlay-gradient":""},"mobile":{"background-color":"var(--ast-global-color-5)","background-image":"","background-repeat":"repeat","background-position":"center center","background-size":"auto","background-attachment":"scroll","background-type":"","background-media":"","overlay-type":"","overlay-color":"","overlay-opacity":"","overlay-gradient":""}}},"product_brand":[1284],"product_cat":[339],"product_tag":[641,639,640],"class_list":{"0":"post-21841","1":"product","2":"type-product","3":"status-publish","4":"has-post-thumbnail","6":"product_brand-alhambra","7":"product_cat-andalusische-biere","8":"product_tag-alhambra-bier","9":"product_tag-andalusisches-bier","10":"product_tag-granatapfelbier","11":"desktop-align-left","12":"tablet-align-left","13":"mobile-align-left","15":"first","16":"instock","17":"taxable","18":"shipping-taxable","19":"purchasable","20":"product-type-simple"},"_links":{"self":[{"href":"https:\/\/andalubox.com\/de\/wp-json\/wp\/v2\/product\/21841","targetHints":{"allow":["GET"]}}],"collection":[{"href":"https:\/\/andalubox.com\/de\/wp-json\/wp\/v2\/product"}],"about":[{"href":"https:\/\/andalubox.com\/de\/wp-json\/wp\/v2\/types\/product"}],"replies":[{"embeddable":true,"href":"https:\/\/andalubox.com\/de\/wp-json\/wp\/v2\/comments?post=21841"}],"wp:featuredmedia":[{"embeddable":true,"href":"https:\/\/andalubox.com\/de\/wp-json\/wp\/v2\/media\/21850"}],"wp:attachment":[{"href":"https:\/\/andalubox.com\/de\/wp-json\/wp\/v2\/media?parent=21841"}],"wp:term":[{"taxonomy":"product_brand","embeddable":true,"href":"https:\/\/andalubox.com\/de\/wp-json\/wp\/v2\/product_brand?post=21841"},{"taxonomy":"product_cat","embeddable":true,"href":"https:\/\/andalubox.com\/de\/wp-json\/wp\/v2\/product_cat?post=21841"},{"taxonomy":"product_tag","embeddable":true,"href":"https:\/\/andalubox.com\/de\/wp-json\/wp\/v2\/product_tag?post=21841"}],"curies":[{"name":"wp","href":"https:\/\/api.w.org\/{rel}","templated":true}]}}