{"id":21823,"date":"2025-05-31T09:01:09","date_gmt":"2025-05-31T07:01:09","guid":{"rendered":"https:\/\/andalubox.com\/producto-andaluz\/la-caleta-de-cai-chardonnay-weisswein-jahrgang-2023-75cl\/"},"modified":"2025-09-27T15:54:17","modified_gmt":"2025-09-27T13:54:17","slug":"la-caleta-de-cai-chardonnay-weisswein-jahrgang-2023-75cl","status":"publish","type":"product","link":"https:\/\/andalubox.com\/de\/producto-andaluz\/la-caleta-de-cai-chardonnay-weisswein-jahrgang-2023-75cl\/","title":{"rendered":"La Caleta de Cai Chardonnay Cadiz Wei\u00dfwein Jahrgang 2024 75cl"},"content":{"rendered":"<p>La Caleta de Cai Chardonnay Cadiz Wei\u00dfwein Jahrgang 2024 75cl<\/p>\n<p>Ihr Chardonnay-Wei\u00dfwein oder ihr Syrah-Ros\u00e9wein wird beim Verkosten durch seine Frische, Jugend und Freundlichkeit die Qualit\u00e4ten unserer besten Weinberge in C\u00e1diz vermitteln.<\/p>\n<p>AUGE &#8211; Strohgelbe Farbe mit gr\u00fcnlichem Schimmer<\/p>\n<p>NASE &#8211; Aromen von wei\u00dfen Blumen, Orangenbl\u00fcten, Zitrusfr\u00fcchten, Ankl\u00e4nge von reifen tropischen Fr\u00fcchten, Pfirsich, aromatischen Kr\u00e4utern.<\/p>\n<p>GESCHMACK &#8211; Schmackhaft, spritzig, lebendig, mit gro\u00dfem Fruchtausdruck, intensiv und einh\u00fcllend.<\/p>\n<table class=\"woocommerce-product-attributes shop_attributes\" style=\"width: 33.0688%; height: 62px;\">\n<tbody>\n<tr class=\"woocommerce-product-attributes-item woocommerce-product-attributes-item--weight\">\n<th class=\"woocommerce-product-attributes-item__label\">Gewicht<\/th>\n<td class=\"woocommerce-product-attributes-item__value\">95 kg<\/td>\n<\/tr>\n<tr class=\"woocommerce-product-attributes-item woocommerce-product-attributes-item--dimensions\">\n<th class=\"woocommerce-product-attributes-item__label\">Abmessungen<\/th>\n<td class=\"woocommerce-product-attributes-item__value\">62 \u00d7 5 \u00d7 24 cm<\/td>\n<\/tr>\n<\/tbody>\n<\/table>","protected":false},"excerpt":{"rendered":"<p>La Caleta de Cai Chardonnay Cadiz Wei\u00dfwein Jahrgang 2024 75cl<\/p>\n","protected":false},"featured_media":31242,"comment_status":"open","ping_status":"closed","template":"","meta":{"site-sidebar-layout":"default","site-content-layout":"","ast-site-content-layout":"default","site-content-style":"default","site-sidebar-style":"default","ast-global-header-display":"","ast-banner-title-visibility":"","ast-main-header-display":"","ast-hfb-above-header-display":"","ast-hfb-below-header-display":"","ast-hfb-mobile-header-display":"","site-post-title":"","ast-breadcrumbs-content":"","ast-featured-img":"","footer-sml-layout":"","ast-disable-related-posts":"","theme-transparent-header-meta":"default","adv-header-id-meta":"","stick-header-meta":"","header-above-stick-meta":"","header-main-stick-meta":"","header-below-stick-meta":"","astra-migrate-meta-layouts":"default","ast-page-background-enabled":"default","ast-page-background-meta":{"desktop":{"background-color":"var(--ast-global-color-4)","background-image":"","background-repeat":"repeat","background-position":"center center","background-size":"auto","background-attachment":"scroll","background-type":"","background-media":"","overlay-type":"","overlay-color":"","overlay-opacity":"","overlay-gradient":""},"tablet":{"background-color":"","background-image":"","background-repeat":"repeat","background-position":"center center","background-size":"auto","background-attachment":"scroll","background-type":"","background-media":"","overlay-type":"","overlay-color":"","overlay-opacity":"","overlay-gradient":""},"mobile":{"background-color":"","background-image":"","background-repeat":"repeat","background-position":"center center","background-size":"auto","background-attachment":"scroll","background-type":"","background-media":"","overlay-type":"","overlay-color":"","overlay-opacity":"","overlay-gradient":""}},"ast-content-background-meta":{"desktop":{"background-color":"var(--ast-global-color-5)","background-image":"","background-repeat":"repeat","background-position":"center center","background-size":"auto","background-attachment":"scroll","background-type":"","background-media":"","overlay-type":"","overlay-color":"","overlay-opacity":"","overlay-gradient":""},"tablet":{"background-color":"var(--ast-global-color-5)","background-image":"","background-repeat":"repeat","background-position":"center center","background-size":"auto","background-attachment":"scroll","background-type":"","background-media":"","overlay-type":"","overlay-color":"","overlay-opacity":"","overlay-gradient":""},"mobile":{"background-color":"var(--ast-global-color-5)","background-image":"","background-repeat":"repeat","background-position":"center center","background-size":"auto","background-attachment":"scroll","background-type":"","background-media":"","overlay-type":"","overlay-color":"","overlay-opacity":"","overlay-gradient":""}}},"product_brand":[1301],"product_cat":[342],"product_tag":[628,629,627],"class_list":{"0":"post-21823","1":"product","2":"type-product","3":"status-publish","4":"has-post-thumbnail","6":"product_brand-compania-de-vinos-santiago-jordi","7":"product_cat-weiswein","8":"product_tag-kam-der-bach","9":"product_tag-wein-aus-sudspanien","10":"product_tag-weiswein-aus-cadiz","11":"desktop-align-left","12":"tablet-align-left","13":"mobile-align-left","15":"first","16":"instock","17":"taxable","18":"shipping-taxable","19":"purchasable","20":"product-type-simple"},"_links":{"self":[{"href":"https:\/\/andalubox.com\/de\/wp-json\/wp\/v2\/product\/21823","targetHints":{"allow":["GET"]}}],"collection":[{"href":"https:\/\/andalubox.com\/de\/wp-json\/wp\/v2\/product"}],"about":[{"href":"https:\/\/andalubox.com\/de\/wp-json\/wp\/v2\/types\/product"}],"replies":[{"embeddable":true,"href":"https:\/\/andalubox.com\/de\/wp-json\/wp\/v2\/comments?post=21823"}],"wp:featuredmedia":[{"embeddable":true,"href":"https:\/\/andalubox.com\/de\/wp-json\/wp\/v2\/media\/31242"}],"wp:attachment":[{"href":"https:\/\/andalubox.com\/de\/wp-json\/wp\/v2\/media?parent=21823"}],"wp:term":[{"taxonomy":"product_brand","embeddable":true,"href":"https:\/\/andalubox.com\/de\/wp-json\/wp\/v2\/product_brand?post=21823"},{"taxonomy":"product_cat","embeddable":true,"href":"https:\/\/andalubox.com\/de\/wp-json\/wp\/v2\/product_cat?post=21823"},{"taxonomy":"product_tag","embeddable":true,"href":"https:\/\/andalubox.com\/de\/wp-json\/wp\/v2\/product_tag?post=21823"}],"curies":[{"name":"wp","href":"https:\/\/api.w.org\/{rel}","templated":true}]}}