{"id":21797,"date":"2025-05-30T11:17:04","date_gmt":"2025-05-30T09:17:04","guid":{"rendered":"https:\/\/andalubox.com\/producto-andaluz\/san-martin-de-porres-polvoron-de-ecija-kuchen-mit-olivenoel-6-stk\/"},"modified":"2025-09-17T12:23:10","modified_gmt":"2025-09-17T10:23:10","slug":"san-martin-de-porres-polvoron-de-ecija-kuchen-mit-olivenoel-6-stk","status":"publish","type":"product","link":"https:\/\/andalubox.com\/de\/producto-andaluz\/san-martin-de-porres-polvoron-de-ecija-kuchen-mit-olivenoel-6-stk\/","title":{"rendered":"San Mart\u00edn de Porres Tortas de Polvor\u00f3n de \u00c9cija mit Oliven\u00f6l 6 St\u00fcck, 210g"},"content":{"rendered":"<p>San Mart\u00edn de Porres Tortas de Polvor\u00f3n de \u00c9cija mit Oliven\u00f6l 6 St\u00fcck, 210g<\/p>\n<p>Das k\u00f6stliche Aroma von Zimt und der frische Hauch von Zitrone werden Ihre Sinne wecken.<\/p>\n<ul class=\"nav nav-tabs\" role=\"tablist\">\n\t<li class=\"nav-item\"><a class=\"nav-link active\" role=\"tab\" href=\"https:\/\/www.confisur.es\/bolleria\/2508-torta-polvoron-aceite-oliva-6-unidades-210g-8411893202105.html#description\" data-toggle=\"tab\" aria-controls=\"description\" aria-selected=\"true\" target=\"_blank\" rel=\"noopener\">Beschreibung<\/a><\/li>\n\n \n\n\t<li class=\"nav-item\"><a class=\"nav-link\" role=\"tab\" href=\"https:\/\/www.confisur.es\/bolleria\/2508-torta-polvoron-aceite-oliva-6-unidades-210g-8411893202105.html#product-details\" data-toggle=\"tab\" aria-controls=\"product-details\" target=\"_blank\" rel=\"noopener\">Details zum Produkt<\/a><\/li>\n\n \n\n\t<li class=\"nav-item\"><a class=\"nav-link\" href=\"https:\/\/www.confisur.es\/bolleria\/2508-torta-polvoron-aceite-oliva-6-unidades-210g-8411893202105.html#product_comments_block_tab\" data-toggle=\"tab\" target=\"_blank\" rel=\"noopener\">Kommentare<\/a><\/li>\n<\/ul>\n<div id=\"tab-content\" class=\"tab-content\">\n<div id=\"description\" class=\"tab-pane fade in active\" role=\"tabpanel\">\n<div class=\"product-description\">\n<p>Genie\u00dfen Sie den traditionellen andalusischen Geschmack mit den authentischen <strong>Tortas de Polvor\u00f3n mit Oliven\u00f6l<\/strong> von <em>San Mart\u00edn de Porres<\/em>. Diese aus hochwertigen Zutaten handgefertigten T\u00f6rtchen kombinieren die weiche Textur von Polvor\u00f3n mit der gesunden und k\u00f6stlichen Note von <strong>nativem Oliven\u00f6l extra<\/strong>. <\/p>\n<p>Diese 6er-Packung eignet sich perfekt zum Kaffee, als Geschenk oder zum Genie\u00dfen zu jeder Zeit. Sie ist ideal f\u00fcr Liebhaber von traditionellem spanischen Geb\u00e4ck. Ohne k\u00fcnstliche Konservierungsstoffe und mit einem Geschmack, der an traditionelle Rezepte erinnert. <\/p>\n<h3>Merkmale:<\/h3>\n<ul>\n\t<li>Hergestellt aus nativem Oliven\u00f6l extra<\/li>\n\t<li>Traditionelles andalusisches Rezept<\/li>\n\t<li>Format: Packung mit 6 Einheiten<\/li>\n\t<li>Marke: San Mart\u00edn de Porres<\/li>\n\t<li>Perfekt f\u00fcr Snacks oder Gourmet-Geschenke<\/li>\n<\/ul>\n<h3>N\u00e4hrwertangaben 100g:<\/h3>\n<ul>\n\t<li>Energiewert 2071,4kJ\/495,5kcal<\/li>\n\t<li>Fett 25,40 g<\/li>\n\t<li>davon ges\u00e4ttigt 6,4 g<\/li>\n\t<li>Kohlenhydrate 61.40 g<\/li>\n\t<li>davon Zucker 23.9 g<\/li>\n\t<li>Ballaststoffe 0 g<\/li>\n\t<li>Eiwei\u00df 5,20 g<\/li>\n\t<li>Salz 0,01 g<\/li>\n<\/ul>\n<\/div>\n<\/div>\n<\/div>","protected":false},"excerpt":{"rendered":"<p>San Mart\u00edn de Porres Tortas de Polvor\u00f3n de \u00c9cija mit Oliven\u00f6l 6 St\u00fcck, 210g<\/p>\n","protected":false},"featured_media":30273,"comment_status":"open","ping_status":"closed","template":"","meta":{"site-sidebar-layout":"default","site-content-layout":"","ast-site-content-layout":"default","site-content-style":"default","site-sidebar-style":"default","ast-global-header-display":"","ast-banner-title-visibility":"","ast-main-header-display":"","ast-hfb-above-header-display":"","ast-hfb-below-header-display":"","ast-hfb-mobile-header-display":"","site-post-title":"","ast-breadcrumbs-content":"","ast-featured-img":"","footer-sml-layout":"","ast-disable-related-posts":"","theme-transparent-header-meta":"default","adv-header-id-meta":"","stick-header-meta":"","header-above-stick-meta":"","header-main-stick-meta":"","header-below-stick-meta":"","astra-migrate-meta-layouts":"default","ast-page-background-enabled":"default","ast-page-background-meta":{"desktop":{"background-color":"var(--ast-global-color-4)","background-image":"","background-repeat":"repeat","background-position":"center center","background-size":"auto","background-attachment":"scroll","background-type":"","background-media":"","overlay-type":"","overlay-color":"","overlay-opacity":"","overlay-gradient":""},"tablet":{"background-color":"","background-image":"","background-repeat":"repeat","background-position":"center center","background-size":"auto","background-attachment":"scroll","background-type":"","background-media":"","overlay-type":"","overlay-color":"","overlay-opacity":"","overlay-gradient":""},"mobile":{"background-color":"","background-image":"","background-repeat":"repeat","background-position":"center center","background-size":"auto","background-attachment":"scroll","background-type":"","background-media":"","overlay-type":"","overlay-color":"","overlay-opacity":"","overlay-gradient":""}},"ast-content-background-meta":{"desktop":{"background-color":"var(--ast-global-color-5)","background-image":"","background-repeat":"repeat","background-position":"center center","background-size":"auto","background-attachment":"scroll","background-type":"","background-media":"","overlay-type":"","overlay-color":"","overlay-opacity":"","overlay-gradient":""},"tablet":{"background-color":"var(--ast-global-color-5)","background-image":"","background-repeat":"repeat","background-position":"center center","background-size":"auto","background-attachment":"scroll","background-type":"","background-media":"","overlay-type":"","overlay-color":"","overlay-opacity":"","overlay-gradient":""},"mobile":{"background-color":"var(--ast-global-color-5)","background-image":"","background-repeat":"repeat","background-position":"center center","background-size":"auto","background-attachment":"scroll","background-type":"","background-media":"","overlay-type":"","overlay-color":"","overlay-opacity":"","overlay-gradient":""}}},"product_brand":[1145],"product_cat":[15],"product_tag":[],"class_list":{"0":"post-21797","1":"product","2":"type-product","3":"status-publish","4":"has-post-thumbnail","6":"product_brand-san-martin-de-porres","7":"product_cat-sin-categorizar","8":"desktop-align-left","9":"tablet-align-left","10":"mobile-align-left","12":"first","13":"instock","14":"taxable","15":"shipping-taxable","16":"purchasable","17":"product-type-simple"},"_links":{"self":[{"href":"https:\/\/andalubox.com\/de\/wp-json\/wp\/v2\/product\/21797","targetHints":{"allow":["GET"]}}],"collection":[{"href":"https:\/\/andalubox.com\/de\/wp-json\/wp\/v2\/product"}],"about":[{"href":"https:\/\/andalubox.com\/de\/wp-json\/wp\/v2\/types\/product"}],"replies":[{"embeddable":true,"href":"https:\/\/andalubox.com\/de\/wp-json\/wp\/v2\/comments?post=21797"}],"wp:featuredmedia":[{"embeddable":true,"href":"https:\/\/andalubox.com\/de\/wp-json\/wp\/v2\/media\/30273"}],"wp:attachment":[{"href":"https:\/\/andalubox.com\/de\/wp-json\/wp\/v2\/media?parent=21797"}],"wp:term":[{"taxonomy":"product_brand","embeddable":true,"href":"https:\/\/andalubox.com\/de\/wp-json\/wp\/v2\/product_brand?post=21797"},{"taxonomy":"product_cat","embeddable":true,"href":"https:\/\/andalubox.com\/de\/wp-json\/wp\/v2\/product_cat?post=21797"},{"taxonomy":"product_tag","embeddable":true,"href":"https:\/\/andalubox.com\/de\/wp-json\/wp\/v2\/product_tag?post=21797"}],"curies":[{"name":"wp","href":"https:\/\/api.w.org\/{rel}","templated":true}]}}