{"id":21772,"date":"2025-05-30T10:04:12","date_gmt":"2025-05-30T08:04:12","guid":{"rendered":"https:\/\/andalubox.com\/producto-andaluz\/meow-frische-sardinen-in-olivenoel-mit-wenig-salz-3-4-stuecke-125gr\/"},"modified":"2026-01-23T11:03:36","modified_gmt":"2026-01-23T10:03:36","slug":"meow-frische-sardinen-in-olivenoel-mit-wenig-salz-3-4-stuecke-125gr","status":"publish","type":"product","link":"https:\/\/andalubox.com\/de\/producto-andaluz\/meow-frische-sardinen-in-olivenoel-mit-wenig-salz-3-4-stuecke-125gr\/","title":{"rendered":"Meow Fresh Feldsardinen in salzarmem Oliven\u00f6l 3\/4 St\u00fcck, 125g"},"content":{"rendered":"<p><strong>Sardinen in Oliven\u00f6l. Niedriger Salzgehalt. <\/strong><\/p>\n<p>Zutaten: Sardinen (Fisch) und Oliven\u00f6l.<\/p>\n<p>Nettogewicht: 120 g. Netto Abtropfgewicht: 88 g. <\/p>\n<p>N\u00e4hrwertangaben pro 100 Gramm: Energie 1077kj\/259kcal; Fett 19g, davon ges\u00e4ttigt 5,8g; Kohlenhydrate 0g, davon Zucker 0g; Eiwei\u00df 22g; Salz 0,3g.<\/p>\n<p>Meow Sardinen in Oliven\u00f6l sind eine k\u00f6stliche und gesunde Option f\u00fcr alle, die die Aromen des Meeres genie\u00dfen. In hochwertigem Oliven\u00f6l konserviert, behalten diese Sardinen ihren ganzen Geschmack, ihre Textur und ihren N\u00e4hrwert. Sie sind ideal f\u00fcr den Verzehr allein oder f\u00fcr eine Vielzahl von Rezepten. <\/p>","protected":false},"excerpt":{"rendered":"<p>Meow Fresh Feldsardinen in salzarmem Oliven\u00f6l 3\/4 St\u00fcck, 125g<\/p>\n","protected":false},"featured_media":31383,"comment_status":"open","ping_status":"closed","template":"","meta":{"site-sidebar-layout":"default","site-content-layout":"","ast-site-content-layout":"default","site-content-style":"default","site-sidebar-style":"default","ast-global-header-display":"","ast-banner-title-visibility":"","ast-main-header-display":"","ast-hfb-above-header-display":"","ast-hfb-below-header-display":"","ast-hfb-mobile-header-display":"","site-post-title":"","ast-breadcrumbs-content":"","ast-featured-img":"","footer-sml-layout":"","ast-disable-related-posts":"","theme-transparent-header-meta":"default","adv-header-id-meta":"","stick-header-meta":"","header-above-stick-meta":"","header-main-stick-meta":"","header-below-stick-meta":"","astra-migrate-meta-layouts":"default","ast-page-background-enabled":"default","ast-page-background-meta":{"desktop":{"background-color":"var(--ast-global-color-4)","background-image":"","background-repeat":"repeat","background-position":"center center","background-size":"auto","background-attachment":"scroll","background-type":"","background-media":"","overlay-type":"","overlay-color":"","overlay-opacity":"","overlay-gradient":""},"tablet":{"background-color":"","background-image":"","background-repeat":"repeat","background-position":"center center","background-size":"auto","background-attachment":"scroll","background-type":"","background-media":"","overlay-type":"","overlay-color":"","overlay-opacity":"","overlay-gradient":""},"mobile":{"background-color":"","background-image":"","background-repeat":"repeat","background-position":"center center","background-size":"auto","background-attachment":"scroll","background-type":"","background-media":"","overlay-type":"","overlay-color":"","overlay-opacity":"","overlay-gradient":""}},"ast-content-background-meta":{"desktop":{"background-color":"var(--ast-global-color-5)","background-image":"","background-repeat":"repeat","background-position":"center center","background-size":"auto","background-attachment":"scroll","background-type":"","background-media":"","overlay-type":"","overlay-color":"","overlay-opacity":"","overlay-gradient":""},"tablet":{"background-color":"var(--ast-global-color-5)","background-image":"","background-repeat":"repeat","background-position":"center center","background-size":"auto","background-attachment":"scroll","background-type":"","background-media":"","overlay-type":"","overlay-color":"","overlay-opacity":"","overlay-gradient":""},"mobile":{"background-color":"var(--ast-global-color-5)","background-image":"","background-repeat":"repeat","background-position":"center center","background-size":"auto","background-attachment":"scroll","background-type":"","background-media":"","overlay-type":"","overlay-color":"","overlay-opacity":"","overlay-gradient":""}}},"product_brand":[],"product_cat":[333],"product_tag":[],"class_list":{"0":"post-21772","1":"product","2":"type-product","3":"status-publish","4":"has-post-thumbnail","6":"product_cat-sardinen","7":"desktop-align-left","8":"tablet-align-left","9":"mobile-align-left","11":"first","12":"outofstock","13":"taxable","14":"shipping-taxable","15":"purchasable","16":"product-type-simple"},"_links":{"self":[{"href":"https:\/\/andalubox.com\/de\/wp-json\/wp\/v2\/product\/21772","targetHints":{"allow":["GET"]}}],"collection":[{"href":"https:\/\/andalubox.com\/de\/wp-json\/wp\/v2\/product"}],"about":[{"href":"https:\/\/andalubox.com\/de\/wp-json\/wp\/v2\/types\/product"}],"replies":[{"embeddable":true,"href":"https:\/\/andalubox.com\/de\/wp-json\/wp\/v2\/comments?post=21772"}],"wp:featuredmedia":[{"embeddable":true,"href":"https:\/\/andalubox.com\/de\/wp-json\/wp\/v2\/media\/31383"}],"wp:attachment":[{"href":"https:\/\/andalubox.com\/de\/wp-json\/wp\/v2\/media?parent=21772"}],"wp:term":[{"taxonomy":"product_brand","embeddable":true,"href":"https:\/\/andalubox.com\/de\/wp-json\/wp\/v2\/product_brand?post=21772"},{"taxonomy":"product_cat","embeddable":true,"href":"https:\/\/andalubox.com\/de\/wp-json\/wp\/v2\/product_cat?post=21772"},{"taxonomy":"product_tag","embeddable":true,"href":"https:\/\/andalubox.com\/de\/wp-json\/wp\/v2\/product_tag?post=21772"}],"curies":[{"name":"wp","href":"https:\/\/api.w.org\/{rel}","templated":true}]}}