{"id":21744,"date":"2025-05-29T12:30:10","date_gmt":"2025-05-29T10:30:10","guid":{"rendered":"https:\/\/andalubox.com\/producto-andaluz\/miau-sardinen-sardinillas-in-sonnenblumenoel-6-10-90gr\/"},"modified":"2025-09-17T12:47:58","modified_gmt":"2025-09-17T10:47:58","slug":"miau-sardinen-sardinillas-in-sonnenblumenoel-6-10-90gr","status":"publish","type":"product","link":"https:\/\/andalubox.com\/de\/producto-andaluz\/miau-sardinen-sardinillas-in-sonnenblumenoel-6-10-90gr\/","title":{"rendered":"Meow Sardinen in Sonnenblumen\u00f6l 6\/10, 90g"},"content":{"rendered":"<p><strong>Meow Sardinen in Sonnenblumen\u00f6l 6\/10, 90g.<\/strong><\/p>\n<p><strong>Traditionelle Produktion.<\/strong><\/p>\n<p>Zutaten: Sardinen (Fisch), Sonnenblumen\u00f6l und Salz.  <\/p>\n<p>Nettogewicht 85g. Netto Abtropfgewicht 60g.<\/p>\n<p>N\u00e4hrwertangaben pro 100 Gramm: Energie 946kj\/227kcal; Fett 15g, davon ges\u00e4ttigt 3,3g; Kohlenhydrate 0g, davon Zucker 0g; Eiwei\u00df 23g; Salz 0,83g.<\/p>\n<p>Genie\u00dfen Sie die k\u00f6stlichen Meow Sardinen in Sonnenblumen\u00f6l, pr\u00e4sentiert in einer praktischen 90g Dose mit einem leicht zu \u00f6ffnenden System. Diese Sardinen der Gr\u00f6\u00dfe 6\/10 werden in Sonnenblumen\u00f6l konserviert, um ihren saftigen Geschmack und ihre zarte Textur zu erhalten. Die Sardinen von Meow eignen sich perfekt f\u00fcr Salate, Tapas, Snacks und als Zutat in verschiedenen Rezepten und sind eine praktische und schmackhafte Option f\u00fcr Ihre Mahlzeiten.  <\/p>","protected":false},"excerpt":{"rendered":"<p>Meow Sardinen in Sonnenblumen\u00f6l 6\/10, 90g. Traditionelle Produktion. Zutaten: Sardinen (Fisch), Sonnenblumen\u00f6l und Salz. Nettogewicht 85g. Netto Abtropfgewicht 60g. N\u00e4hrwertangaben pro 100 Gramm: Energie 946kj\/227kcal; Fett 15g, davon ges\u00e4ttigt 3,3g; Kohlenhydrate 0g, davon Zucker 0g; Eiwei\u00df 23g; Salz 0,83g. Genie\u00dfen Sie die k\u00f6stlichen Meow Sardinen in Sonnenblumen\u00f6l, pr\u00e4sentiert in einer praktischen 90g Dose mit einem [&hellip;]<\/p>\n","protected":false},"featured_media":21741,"comment_status":"open","ping_status":"closed","template":"","meta":{"site-sidebar-layout":"default","site-content-layout":"","ast-site-content-layout":"default","site-content-style":"default","site-sidebar-style":"default","ast-global-header-display":"","ast-banner-title-visibility":"","ast-main-header-display":"","ast-hfb-above-header-display":"","ast-hfb-below-header-display":"","ast-hfb-mobile-header-display":"","site-post-title":"","ast-breadcrumbs-content":"","ast-featured-img":"","footer-sml-layout":"","ast-disable-related-posts":"","theme-transparent-header-meta":"default","adv-header-id-meta":"","stick-header-meta":"","header-above-stick-meta":"","header-main-stick-meta":"","header-below-stick-meta":"","astra-migrate-meta-layouts":"default","ast-page-background-enabled":"default","ast-page-background-meta":{"desktop":{"background-color":"var(--ast-global-color-4)","background-image":"","background-repeat":"repeat","background-position":"center center","background-size":"auto","background-attachment":"scroll","background-type":"","background-media":"","overlay-type":"","overlay-color":"","overlay-opacity":"","overlay-gradient":""},"tablet":{"background-color":"","background-image":"","background-repeat":"repeat","background-position":"center center","background-size":"auto","background-attachment":"scroll","background-type":"","background-media":"","overlay-type":"","overlay-color":"","overlay-opacity":"","overlay-gradient":""},"mobile":{"background-color":"","background-image":"","background-repeat":"repeat","background-position":"center center","background-size":"auto","background-attachment":"scroll","background-type":"","background-media":"","overlay-type":"","overlay-color":"","overlay-opacity":"","overlay-gradient":""}},"ast-content-background-meta":{"desktop":{"background-color":"var(--ast-global-color-5)","background-image":"","background-repeat":"repeat","background-position":"center center","background-size":"auto","background-attachment":"scroll","background-type":"","background-media":"","overlay-type":"","overlay-color":"","overlay-opacity":"","overlay-gradient":""},"tablet":{"background-color":"var(--ast-global-color-5)","background-image":"","background-repeat":"repeat","background-position":"center center","background-size":"auto","background-attachment":"scroll","background-type":"","background-media":"","overlay-type":"","overlay-color":"","overlay-opacity":"","overlay-gradient":""},"mobile":{"background-color":"var(--ast-global-color-5)","background-image":"","background-repeat":"repeat","background-position":"center center","background-size":"auto","background-attachment":"scroll","background-type":"","background-media":"","overlay-type":"","overlay-color":"","overlay-opacity":"","overlay-gradient":""}}},"product_brand":[1133],"product_cat":[333],"product_tag":[],"class_list":{"0":"post-21744","1":"product","2":"type-product","3":"status-publish","4":"has-post-thumbnail","6":"product_brand-miau","7":"product_cat-sardinen","8":"desktop-align-left","9":"tablet-align-left","10":"mobile-align-left","12":"first","13":"instock","14":"taxable","15":"shipping-taxable","16":"product-type-simple"},"_links":{"self":[{"href":"https:\/\/andalubox.com\/de\/wp-json\/wp\/v2\/product\/21744","targetHints":{"allow":["GET"]}}],"collection":[{"href":"https:\/\/andalubox.com\/de\/wp-json\/wp\/v2\/product"}],"about":[{"href":"https:\/\/andalubox.com\/de\/wp-json\/wp\/v2\/types\/product"}],"replies":[{"embeddable":true,"href":"https:\/\/andalubox.com\/de\/wp-json\/wp\/v2\/comments?post=21744"}],"wp:featuredmedia":[{"embeddable":true,"href":"https:\/\/andalubox.com\/de\/wp-json\/wp\/v2\/media\/21741"}],"wp:attachment":[{"href":"https:\/\/andalubox.com\/de\/wp-json\/wp\/v2\/media?parent=21744"}],"wp:term":[{"taxonomy":"product_brand","embeddable":true,"href":"https:\/\/andalubox.com\/de\/wp-json\/wp\/v2\/product_brand?post=21744"},{"taxonomy":"product_cat","embeddable":true,"href":"https:\/\/andalubox.com\/de\/wp-json\/wp\/v2\/product_cat?post=21744"},{"taxonomy":"product_tag","embeddable":true,"href":"https:\/\/andalubox.com\/de\/wp-json\/wp\/v2\/product_tag?post=21744"}],"curies":[{"name":"wp","href":"https:\/\/api.w.org\/{rel}","templated":true}]}}