{"id":21727,"date":"2025-05-29T12:19:43","date_gmt":"2025-05-29T10:19:43","guid":{"rendered":"https:\/\/andalubox.com\/producto-andaluz\/miau-pikant-eingelegte-chili-muscheln-13-18-klein-120gr\/"},"modified":"2025-09-17T12:55:35","modified_gmt":"2025-09-17T10:55:35","slug":"miau-pikant-eingelegte-chili-muscheln-13-18-klein-120gr","status":"publish","type":"product","link":"https:\/\/andalubox.com\/de\/producto-andaluz\/miau-pikant-eingelegte-chili-muscheln-13-18-klein-120gr\/","title":{"rendered":"Miau Kleine Muscheln in pikanter eingelegter Chilischote 13\/18 St\u00fcck, 120g"},"content":{"rendered":"<p>Miau Kleine Muscheln in pikanter eingelegter Chilischote 13\/18 St\u00fcck, 120g<\/p>\n<p>Zutaten: Muscheln (Weichtiere), Sonnenblumen\u00f6l, Wasser, Weinessig, Salz und nat\u00fcrliche Aromen. Kann Spuren von <strong>Krustentieren und Fisch<\/strong> enthalten <strong>.<\/strong> <\/p>\n<p>Nettogewicht 115g. Abtropfgewicht 68 g. <\/p>\n<p>N\u00e4hrwertangaben pro 100 Gramm: Energie 899kj\/217kcal; Fett 17g, davon ges\u00e4ttigt 2,7g; Kohlenhydrate 2,9g, davon Zucker 0g; Eiwei\u00df 13g; Salz 1,3g.<\/p>\n<h2 class=\"mb-2 mt-4 font-display font-semimedium text-base first:mt-0\">Allgemeine Beschreibung<\/h2>\n<p class=\"my-2 [&amp;+p]:mt-4 [&amp;_strong:has(+br)]:inline-block [&amp;_strong:has(+br)]:pb-2\">Diese Muscheln, die zwischen 13 und 18 St\u00fcck pro Dose klassifiziert sind, werden in einer eingelegten Sauce pr\u00e4sentiert, die aus Sonnenblumen\u00f6l, Weinessig, Salz, scharfem Paprika und nat\u00fcrlichen Aromen zubereitet wird und den Konserven eine w\u00fcrzige und schmackhafte Note verleiht. Das Produkt hat normalerweise ein Nettogewicht von 120 g, obwohl das Abtropfgewicht in verschiedenen Gesch\u00e4ften leicht variieren kann (etwa 68-69 g). <\/p>","protected":false},"excerpt":{"rendered":"<p>Miau Kleine Muscheln in pikanter eingelegter Chilischote 13\/18 St\u00fcck, 120g Zutaten: Muscheln (Weichtiere), Sonnenblumen\u00f6l, Wasser, Weinessig, Salz und nat\u00fcrliche Aromen. Kann Spuren von Krustentieren und Fisch enthalten . Nettogewicht 115g. Abtropfgewicht 68 g. N\u00e4hrwertangaben pro 100 Gramm: Energie 899kj\/217kcal; Fett 17g, davon ges\u00e4ttigt 2,7g; Kohlenhydrate 2,9g, davon Zucker 0g; Eiwei\u00df 13g; Salz 1,3g. Allgemeine Beschreibung [&hellip;]<\/p>\n","protected":false},"featured_media":21724,"template":"","meta":{"site-sidebar-layout":"default","site-content-layout":"","ast-site-content-layout":"default","site-content-style":"default","site-sidebar-style":"default","ast-global-header-display":"","ast-banner-title-visibility":"","ast-main-header-display":"","ast-hfb-above-header-display":"","ast-hfb-below-header-display":"","ast-hfb-mobile-header-display":"","site-post-title":"","ast-breadcrumbs-content":"","ast-featured-img":"","footer-sml-layout":"","ast-disable-related-posts":"","theme-transparent-header-meta":"default","adv-header-id-meta":"","stick-header-meta":"","header-above-stick-meta":"","header-main-stick-meta":"","header-below-stick-meta":"","astra-migrate-meta-layouts":"default","ast-page-background-enabled":"default","ast-page-background-meta":{"desktop":{"background-color":"var(--ast-global-color-4)","background-image":"","background-repeat":"repeat","background-position":"center center","background-size":"auto","background-attachment":"scroll","background-type":"","background-media":"","overlay-type":"","overlay-color":"","overlay-opacity":"","overlay-gradient":""},"tablet":{"background-color":"","background-image":"","background-repeat":"repeat","background-position":"center center","background-size":"auto","background-attachment":"scroll","background-type":"","background-media":"","overlay-type":"","overlay-color":"","overlay-opacity":"","overlay-gradient":""},"mobile":{"background-color":"","background-image":"","background-repeat":"repeat","background-position":"center center","background-size":"auto","background-attachment":"scroll","background-type":"","background-media":"","overlay-type":"","overlay-color":"","overlay-opacity":"","overlay-gradient":""}},"ast-content-background-meta":{"desktop":{"background-color":"var(--ast-global-color-5)","background-image":"","background-repeat":"repeat","background-position":"center center","background-size":"auto","background-attachment":"scroll","background-type":"","background-media":"","overlay-type":"","overlay-color":"","overlay-opacity":"","overlay-gradient":""},"tablet":{"background-color":"var(--ast-global-color-5)","background-image":"","background-repeat":"repeat","background-position":"center center","background-size":"auto","background-attachment":"scroll","background-type":"","background-media":"","overlay-type":"","overlay-color":"","overlay-opacity":"","overlay-gradient":""},"mobile":{"background-color":"var(--ast-global-color-5)","background-image":"","background-repeat":"repeat","background-position":"center center","background-size":"auto","background-attachment":"scroll","background-type":"","background-media":"","overlay-type":"","overlay-color":"","overlay-opacity":"","overlay-gradient":""}}},"product_brand":[],"product_cat":[328],"product_tag":[],"class_list":{"0":"post-21727","1":"product","2":"type-product","3":"status-publish","4":"has-post-thumbnail","6":"product_cat-riesenmuscheln","7":"desktop-align-left","8":"tablet-align-left","9":"mobile-align-left","11":"first","12":"instock","13":"taxable","14":"shipping-taxable","15":"purchasable","16":"product-type-simple"},"_links":{"self":[{"href":"https:\/\/andalubox.com\/de\/wp-json\/wp\/v2\/product\/21727","targetHints":{"allow":["GET"]}}],"collection":[{"href":"https:\/\/andalubox.com\/de\/wp-json\/wp\/v2\/product"}],"about":[{"href":"https:\/\/andalubox.com\/de\/wp-json\/wp\/v2\/types\/product"}],"wp:featuredmedia":[{"embeddable":true,"href":"https:\/\/andalubox.com\/de\/wp-json\/wp\/v2\/media\/21724"}],"wp:attachment":[{"href":"https:\/\/andalubox.com\/de\/wp-json\/wp\/v2\/media?parent=21727"}],"wp:term":[{"taxonomy":"product_brand","embeddable":true,"href":"https:\/\/andalubox.com\/de\/wp-json\/wp\/v2\/product_brand?post=21727"},{"taxonomy":"product_cat","embeddable":true,"href":"https:\/\/andalubox.com\/de\/wp-json\/wp\/v2\/product_cat?post=21727"},{"taxonomy":"product_tag","embeddable":true,"href":"https:\/\/andalubox.com\/de\/wp-json\/wp\/v2\/product_tag?post=21727"}],"curies":[{"name":"wp","href":"https:\/\/api.w.org\/{rel}","templated":true}]}}