{"id":21718,"date":"2025-05-29T12:13:30","date_gmt":"2025-05-29T10:13:30","guid":{"rendered":"https:\/\/andalubox.com\/producto-andaluz\/meow-sardinen-sardinen-in-tomatensauce-7-10-90gr\/"},"modified":"2025-09-17T13:04:40","modified_gmt":"2025-09-17T11:04:40","slug":"meow-sardinen-sardinen-in-tomatensauce-7-10-90gr","status":"publish","type":"product","link":"https:\/\/andalubox.com\/de\/producto-andaluz\/meow-sardinen-sardinen-in-tomatensauce-7-10-90gr\/","title":{"rendered":"Miau Sardinen (Sardinillas) in Tomatensauce 7\/10, 90g"},"content":{"rendered":"<p>Miau Sardinen (Sardinillas) in Tomatensauce 7\/10, 90g<\/p>\n<p>Zutaten: Sardinen (Fisch) (65%), Wasser, Tomaten (12%), Sonnenblumen\u00f6l, Salz und Gew\u00fcrze.<\/p>\n<p>Nettogewicht 85g.<\/p>\n<p>N\u00e4hrwertangaben pro 100 Gramm: Energie 755kj\/181kcal; Fett 11g, davon ges\u00e4ttigt 2,7g; Kohlenhydrate 1,0g, davon Zucker 0,9g; Eiwei\u00df 19g; Salz 0,81g.<\/p>\n<h2 class=\"mb-2 mt-4 font-display font-semimedium text-base first:mt-0\"><strong><span style=\"font-size: 12pt;\">Merkmale und Pr\u00e4sentation<\/span><\/strong><\/h2>\n<ul class=\"marker:text-quiet list-disc\">\n\t<li class=\"py-0 my-0 prose-p:pt-0 prose-p:mb-2 prose-p:my-0 [&amp;&gt;p]:pt-0 [&amp;&gt;p]:mb-2 [&amp;&gt;p]:my-0\">\n<p class=\"my-2 [&amp;+p]:mt-4 [&amp;_strong:has(+br)]:inline-block [&amp;_strong:has(+br)]:pb-2\">7 bis 10 Sardinen pro Dose<\/p>\n<\/li>\n\t<li class=\"py-0 my-0 prose-p:pt-0 prose-p:mb-2 prose-p:my-0 [&amp;&gt;p]:pt-0 [&amp;&gt;p]:mb-2 [&amp;&gt;p]:my-0\">\n<p class=\"my-2 [&amp;+p]:mt-4 [&amp;_strong:has(+br)]:inline-block [&amp;_strong:has(+br)]:pb-2\">Milde Tomatensauce als Beilage<\/p>\n<\/li>\n\t<li class=\"py-0 my-0 prose-p:pt-0 prose-p:mb-2 prose-p:my-0 [&amp;&gt;p]:pt-0 [&amp;&gt;p]:mb-2 [&amp;&gt;p]:my-0\">\n<p class=\"my-2 [&amp;+p]:mt-4 [&amp;_strong:has(+br)]:inline-block [&amp;_strong:has(+br)]:pb-2\">Nettogewicht: 85 g (einige Quellen geben auch 90 g an, aber im Allgemeinen ist der Abtropfgehalt niedriger).<\/p>\n<\/li>\n<\/ul>\n<p>Diese Konfit\u00fcre eignet sich hervorragend als Aperitif, f\u00fcr Salate oder als Beilage. Sie zeichnet sich durch ihren milden Geschmack und ihre zarte Textur aus, die das Ergebnis einer traditionellen Herstellung ist.<\/p>\n<div class=\"Y3BBE\" data-hveid=\"CAEQAA\" data-processed=\"true\">Miau Sardinen in Tomatensauce 7\/10 <mark class=\"HxTRcb\" data-processed=\"true\">sind ein Lebensmittel, das mittelgro\u00dfe Sardinen (7 bis 10 St\u00fcck pro Dose) in einer Sauce auf der Basis von Tomaten, Wasser, Sonnenblumen\u00f6l, Salz und Gew\u00fcrzen enth\u00e4lt und Proteine und Omega-3-Fetts\u00e4uren liefert.<\/mark> Sie sind ein vielseitiges und nahrhaftes Lebensmittel, das sich ideal zum Verzehr direkt aus der Dose oder zum Einarbeiten in verschiedene kulinarische Zubereitungen eignet. <span class=\"\" data-wiz-rootname=\"ohfaMd\" data-processed=\"true\"><span class=\"vKEkVd\" data-animation-atomic=\"\" data-processed=\"true\"> <button class=\"rBl3me\" tabindex=\"0\" data-amic=\"true\" data-icl-uuid=\"fd17564f-f5e1-4bd6-847e-347ce98e6763\" aria-label=\"Ver enlaces relacionados\" data-ved=\"2ahUKEwjw-cO00d-PAxWRV6QEHcyZGA0Qye0OegQIARAC\" data-processed=\"true\"><\/button><\/span><\/span><\/div>\n<div class=\"Y3BBE\" data-hveid=\"CAIQAA\" data-processed=\"true\"><b class=\"Yjhzub\" data-processed=\"true\">Details zum Produkt<\/b><\/div>\n<div class=\"Fsg96\" data-processed=\"true\"> <\/div>\n<ul class=\"W4TX6e\" data-processed=\"true\">\n\t<li data-processed=\"true\"><span class=\"ymCSIb\" data-hveid=\"CAMQAA\" data-processed=\"true\"><span class=\"dsyJjd\" data-processed=\"true\"><span class=\"T286Pc\" data-processed=\"true\">Marke:<\/span><\/span>Miau<span class=\"\" data-wiz-rootname=\"ohfaMd\" data-processed=\"true\"><span class=\"vKEkVd\" data-animation-atomic=\"\" data-processed=\"true\"> <button class=\"rBl3me\" tabindex=\"0\" data-amic=\"true\" data-icl-uuid=\"c12bab12-8792-44e1-99c5-11df3a314760\" aria-label=\"Ver enlaces relacionados\" data-ved=\"2ahUKEwjw-cO00d-PAxWRV6QEHcyZGA0Qye0OegQIAxAB\" data-processed=\"true\"><\/button><\/span><\/span><\/span><\/li>\n\t<li data-processed=\"true\"><span class=\"ymCSIb\" data-hveid=\"CAMQAg\" data-processed=\"true\"><span class=\"dsyJjd\" data-processed=\"true\"><span class=\"T286Pc\" data-processed=\"true\">Art des Produkts:<\/span><\/span>Sardinen in Tomatensauce<span class=\"\" data-wiz-rootname=\"ohfaMd\" data-processed=\"true\"><span class=\"vKEkVd\" data-animation-atomic=\"\" data-processed=\"true\"> <button class=\"rBl3me\" tabindex=\"0\" data-amic=\"true\" data-icl-uuid=\"3fe43b05-c33e-48c7-8863-fac1f9f1de8b\" aria-label=\"Ver enlaces relacionados\" data-ved=\"2ahUKEwjw-cO00d-PAxWRV6QEHcyZGA0Qye0OegQIAxAD\" data-processed=\"true\"><\/button><\/span><\/span><\/span><\/li>\n\t<li data-processed=\"true\"><span class=\"ymCSIb\" data-hveid=\"CAMQBA\" data-processed=\"true\"><span class=\"dsyJjd\" data-processed=\"true\"><span class=\"T286Pc\" data-processed=\"true\">Format:<\/span><\/span>Dose<span class=\"\" data-wiz-rootname=\"ohfaMd\" data-processed=\"true\"><span class=\"vKEkVd\" data-animation-atomic=\"\" data-processed=\"true\"> <button class=\"rBl3me\" tabindex=\"0\" data-amic=\"true\" data-icl-uuid=\"629805ed-8304-44fc-831e-e0a07d062c1b\" aria-label=\"Ver enlaces relacionados\" data-ved=\"2ahUKEwjw-cO00d-PAxWRV6QEHcyZGA0Qye0OegQIAxAF\" data-processed=\"true\"><\/button><\/span><\/span><\/span><\/li>\n\t<li data-processed=\"true\"><span class=\"ymCSIb\" data-hveid=\"CAMQBg\" data-processed=\"true\"><span class=\"dsyJjd\" data-processed=\"true\"><span class=\"T286Pc\" data-processed=\"true\">Inhalt:<\/span><\/span>7 bis 10 Sardinen pro Packung.<span class=\"\" data-wiz-rootname=\"ohfaMd\" data-processed=\"true\"><span class=\"vKEkVd\" data-animation-atomic=\"\" data-processed=\"true\"> <button class=\"rBl3me\" tabindex=\"0\" data-amic=\"true\" data-icl-uuid=\"a29b6a72-5022-4ac6-8a19-fd00e0722abd\" aria-label=\"Ver enlaces relacionados\" data-ved=\"2ahUKEwjw-cO00d-PAxWRV6QEHcyZGA0Qye0OegQIAxAH\" data-processed=\"true\"><\/button><\/span><\/span><\/span><\/li>\n\t<li data-processed=\"true\"><span class=\"ymCSIb\" data-hveid=\"CAMQCA\" data-processed=\"true\"><span class=\"dsyJjd\" data-processed=\"true\"><span class=\"T286Pc\" data-processed=\"true\">Gewicht:<\/span><\/span>Ungef\u00e4hr 85 Gramm (Nettogewicht).<span class=\"\" data-wiz-rootname=\"ohfaMd\" data-processed=\"true\"><span class=\"vKEkVd\" data-animation-atomic=\"\" data-processed=\"true\"> <button class=\"rBl3me\" tabindex=\"0\" data-amic=\"true\" data-icl-uuid=\"6116acf5-0486-4365-8cab-102fb1e314cb\" aria-label=\"Ver enlaces relacionados\" data-ved=\"2ahUKEwjw-cO00d-PAxWRV6QEHcyZGA0Qye0OegQIAxAJ\" data-processed=\"true\"><\/button><\/span><\/span><\/span><\/li>\n<\/ul>\n<div class=\"Y3BBE\" data-hveid=\"CAQQAA\" data-processed=\"true\"><b class=\"Yjhzub\" data-processed=\"true\">Wichtigste Zutaten<\/b><\/div>\n<ul class=\"U6u95\" data-processed=\"true\">\n\t<li data-hveid=\"CAUQAA\" data-processed=\"true\"><span class=\"T286Pc\" data-processed=\"true\">Sardinen<\/span><\/li>\n\t<li data-hveid=\"CAUQAQ\" data-processed=\"true\"><span class=\"T286Pc\" data-processed=\"true\">Tomate<\/span><\/li>\n\t<li data-hveid=\"CAUQAg\" data-processed=\"true\"><span class=\"T286Pc\" data-processed=\"true\">Wasser<\/span><\/li>\n\t<li data-hveid=\"CAUQAw\" data-processed=\"true\"><span class=\"T286Pc\" data-processed=\"true\">Sonnenblumen\u00f6l<\/span><\/li>\n\t<li data-hveid=\"CAUQBA\" data-processed=\"true\"><span class=\"T286Pc\" data-processed=\"true\">Salz<\/span><\/li>\n\t<li data-hveid=\"CAUQBQ\" data-processed=\"true\"><span class=\"T286Pc\" data-processed=\"true\">Gew\u00fcrze<\/span><span class=\"\" data-wiz-rootname=\"ohfaMd\" data-processed=\"true\"><span class=\"vKEkVd\" data-animation-atomic=\"\" data-processed=\"true\"> <button class=\"rBl3me\" tabindex=\"0\" data-amic=\"true\" data-icl-uuid=\"5d84ed09-66af-47dc-b33d-1a038c0ba673\" aria-label=\"Ver enlaces relacionados\" data-ved=\"2ahUKEwjw-cO00d-PAxWRV6QEHcyZGA0Qye0OegQIBRAG\" data-processed=\"true\"><\/button><\/span><\/span><\/li>\n<\/ul>\n<div class=\"Y3BBE\" data-hveid=\"CAYQAA\" data-processed=\"true\"><b class=\"Yjhzub\" data-processed=\"true\">Merkmale und Verwendung<\/b><\/div>\n<div class=\"Fsg96\" data-processed=\"true\"> <\/div>\n<ul class=\"W4TX6e\" data-processed=\"true\">\n\t<li data-processed=\"true\"><span class=\"ymCSIb\" data-hveid=\"CAcQAA\" data-processed=\"true\"><span class=\"dsyJjd\" data-processed=\"true\"><span class=\"T286Pc\" data-processed=\"true\">Vielseitigkeit:<\/span><\/span>Sie k\u00f6nnen pur gegessen werden oder als Zutat in Rezepten wie Sardinen mit Reis verwendet werden.<span class=\"\" data-wiz-rootname=\"ohfaMd\" data-processed=\"true\"><span class=\"vKEkVd\" data-animation-atomic=\"\" data-processed=\"true\"> <button class=\"rBl3me\" tabindex=\"0\" data-amic=\"true\" data-icl-uuid=\"2e48c4e7-3cc9-49bc-92ae-f14a1418944d\" aria-label=\"Ver enlaces relacionados\" data-ved=\"2ahUKEwjw-cO00d-PAxWRV6QEHcyZGA0Qye0OegQIBxAB\" data-processed=\"true\"><\/button><\/span><\/span><\/span><\/li>\n\t<li data-processed=\"true\"><span class=\"ymCSIb\" data-hveid=\"CAcQAg\" data-processed=\"true\"><span class=\"dsyJjd\" data-processed=\"true\"><span class=\"T286Pc\" data-processed=\"true\">N\u00e4hrwert:<\/span><\/span>Sie sind eine gute Quelle f\u00fcr Eiwei\u00df und Omega-3-Fetts\u00e4uren.<span class=\"\" data-wiz-rootname=\"ohfaMd\" data-processed=\"true\"><span class=\"vKEkVd\" data-animation-atomic=\"\" data-processed=\"true\"> <button class=\"rBl3me\" tabindex=\"0\" data-amic=\"true\" data-icl-uuid=\"4af01e90-fe01-478f-bacc-64678770f5e8\" aria-label=\"Ver enlaces relacionados\" data-ved=\"2ahUKEwjw-cO00d-PAxWRV6QEHcyZGA0Qye0OegQIBxAD\" data-processed=\"true\"><\/button><\/span><\/span><\/span><\/li>\n\t<li data-processed=\"true\"><span class=\"ymCSIb\" data-hveid=\"CAcQBA\" data-processed=\"true\"><span class=\"dsyJjd\" data-processed=\"true\"><span class=\"T286Pc\" data-processed=\"true\">Zubereitung:<\/span><\/span>Es wird empfohlen, ihn direkt aus der Dose zu verzehren, ohne ihn weiter zu kochen.<span class=\"\" data-wiz-rootname=\"ohfaMd\" data-processed=\"true\"><span class=\"vKEkVd\" data-animation-atomic=\"\" data-processed=\"true\"> <button class=\"rBl3me\" tabindex=\"0\" data-amic=\"true\" data-icl-uuid=\"74e3c903-10c6-45a9-99a9-d769d6284da7\" aria-label=\"Ver enlaces relacionados\" data-ved=\"2ahUKEwjw-cO00d-PAxWRV6QEHcyZGA0Qye0OegQIBxAF\" data-processed=\"true\"><\/button><\/span><\/span><\/span><\/li>\n\t<li data-processed=\"true\"><span class=\"ymCSIb\" data-hveid=\"CAcQBg\" data-processed=\"true\"><span class=\"dsyJjd\" data-processed=\"true\"><span class=\"T286Pc\" data-processed=\"true\">Verzehr:<\/span><\/span>F\u00fcr die allgemeine Bev\u00f6lkerung geeignet, einzige Vorsichtsma\u00dfnahme ist eine Fischallergie.<span class=\"\" data-wiz-rootname=\"ohfaMd\" data-processed=\"true\"><span class=\"vKEkVd\" data-animation-atomic=\"\" data-processed=\"true\"> <\/span><\/span><\/span><\/li>\n<\/ul>","protected":false},"excerpt":{"rendered":"<p>Miau Sardinen (Sardinillas) in Tomatensauce 7\/10, 90g Zutaten: Sardinen (Fisch) (65%), Wasser, Tomaten (12%), Sonnenblumen\u00f6l, Salz und Gew\u00fcrze. Nettogewicht 85g. N\u00e4hrwertangaben pro 100 Gramm: Energie 755kj\/181kcal; Fett 11g, davon ges\u00e4ttigt 2,7g; Kohlenhydrate 1,0g, davon Zucker 0,9g; Eiwei\u00df 19g; Salz 0,81g. Merkmale und Pr\u00e4sentation 7 bis 10 Sardinen pro Dose Milde Tomatensauce als Beilage Nettogewicht: 85 [&hellip;]<\/p>\n","protected":false},"featured_media":31379,"comment_status":"open","ping_status":"closed","template":"","meta":{"site-sidebar-layout":"default","site-content-layout":"","ast-site-content-layout":"default","site-content-style":"default","site-sidebar-style":"default","ast-global-header-display":"","ast-banner-title-visibility":"","ast-main-header-display":"","ast-hfb-above-header-display":"","ast-hfb-below-header-display":"","ast-hfb-mobile-header-display":"","site-post-title":"","ast-breadcrumbs-content":"","ast-featured-img":"","footer-sml-layout":"","ast-disable-related-posts":"","theme-transparent-header-meta":"default","adv-header-id-meta":"","stick-header-meta":"","header-above-stick-meta":"","header-main-stick-meta":"","header-below-stick-meta":"","astra-migrate-meta-layouts":"default","ast-page-background-enabled":"default","ast-page-background-meta":{"desktop":{"background-color":"var(--ast-global-color-4)","background-image":"","background-repeat":"repeat","background-position":"center center","background-size":"auto","background-attachment":"scroll","background-type":"","background-media":"","overlay-type":"","overlay-color":"","overlay-opacity":"","overlay-gradient":""},"tablet":{"background-color":"","background-image":"","background-repeat":"repeat","background-position":"center center","background-size":"auto","background-attachment":"scroll","background-type":"","background-media":"","overlay-type":"","overlay-color":"","overlay-opacity":"","overlay-gradient":""},"mobile":{"background-color":"","background-image":"","background-repeat":"repeat","background-position":"center center","background-size":"auto","background-attachment":"scroll","background-type":"","background-media":"","overlay-type":"","overlay-color":"","overlay-opacity":"","overlay-gradient":""}},"ast-content-background-meta":{"desktop":{"background-color":"var(--ast-global-color-5)","background-image":"","background-repeat":"repeat","background-position":"center center","background-size":"auto","background-attachment":"scroll","background-type":"","background-media":"","overlay-type":"","overlay-color":"","overlay-opacity":"","overlay-gradient":""},"tablet":{"background-color":"var(--ast-global-color-5)","background-image":"","background-repeat":"repeat","background-position":"center center","background-size":"auto","background-attachment":"scroll","background-type":"","background-media":"","overlay-type":"","overlay-color":"","overlay-opacity":"","overlay-gradient":""},"mobile":{"background-color":"var(--ast-global-color-5)","background-image":"","background-repeat":"repeat","background-position":"center center","background-size":"auto","background-attachment":"scroll","background-type":"","background-media":"","overlay-type":"","overlay-color":"","overlay-opacity":"","overlay-gradient":""}}},"product_brand":[1133],"product_cat":[333],"product_tag":[],"class_list":{"0":"post-21718","1":"product","2":"type-product","3":"status-publish","4":"has-post-thumbnail","6":"product_brand-miau","7":"product_cat-sardinen","8":"desktop-align-left","9":"tablet-align-left","10":"mobile-align-left","12":"first","13":"instock","14":"taxable","15":"shipping-taxable","16":"purchasable","17":"product-type-simple"},"_links":{"self":[{"href":"https:\/\/andalubox.com\/de\/wp-json\/wp\/v2\/product\/21718","targetHints":{"allow":["GET"]}}],"collection":[{"href":"https:\/\/andalubox.com\/de\/wp-json\/wp\/v2\/product"}],"about":[{"href":"https:\/\/andalubox.com\/de\/wp-json\/wp\/v2\/types\/product"}],"replies":[{"embeddable":true,"href":"https:\/\/andalubox.com\/de\/wp-json\/wp\/v2\/comments?post=21718"}],"wp:featuredmedia":[{"embeddable":true,"href":"https:\/\/andalubox.com\/de\/wp-json\/wp\/v2\/media\/31379"}],"wp:attachment":[{"href":"https:\/\/andalubox.com\/de\/wp-json\/wp\/v2\/media?parent=21718"}],"wp:term":[{"taxonomy":"product_brand","embeddable":true,"href":"https:\/\/andalubox.com\/de\/wp-json\/wp\/v2\/product_brand?post=21718"},{"taxonomy":"product_cat","embeddable":true,"href":"https:\/\/andalubox.com\/de\/wp-json\/wp\/v2\/product_cat?post=21718"},{"taxonomy":"product_tag","embeddable":true,"href":"https:\/\/andalubox.com\/de\/wp-json\/wp\/v2\/product_tag?post=21718"}],"curies":[{"name":"wp","href":"https:\/\/api.w.org\/{rel}","templated":true}]}}