{"id":21710,"date":"2025-05-29T12:06:47","date_gmt":"2025-05-29T10:06:47","guid":{"rendered":"https:\/\/andalubox.com\/producto-andaluz\/miau-chili-muscheln-in-jakobsmuschelsauce-13-18-klein-120gr\/"},"modified":"2025-09-17T13:04:41","modified_gmt":"2025-09-17T11:04:41","slug":"miau-chili-muscheln-in-jakobsmuschelsauce-13-18-klein-120gr","status":"publish","type":"product","link":"https:\/\/andalubox.com\/de\/producto-andaluz\/miau-chili-muscheln-in-jakobsmuschelsauce-13-18-klein-120gr\/","title":{"rendered":"Meow Small Chili Muscheln in Jakobsmuschelsauce 13\/18 St\u00fcck, 120g"},"content":{"rendered":"<p>Meow Small Chili Muscheln in Jakobsmuschelsauce 13\/18 St\u00fcck, 120g<\/p>\n<p>Zutaten: Muscheln (Weichtiere), rekonstituiertes Tomatenkonzentrat, Sonnenblumen\u00f6l, Zwiebel, Salz, Zucker, modifizierte Maisst\u00e4rke, nat\u00fcrliche Aromen und Gew\u00fcrze. Kann Spuren von <strong>Krustentieren und Fisch<\/strong> enthalten <strong>.<\/strong> <\/p>\n<p>Nettogewicht 115g. Abtropfgewicht 68 g. <\/p>\n<p>N\u00e4hrwertangaben pro 100 Gramm: Energie 756kj\/182kcal; Fett 14g, davon ges\u00e4ttigt 2,3g; Kohlenhydrate 4,3g, davon Zucker 1g; Eiwei\u00df 9,7g; Salz 0,88g.<\/p>\n<p><b class=\"Yjhzub\">Miau Mejillones Peque\u00f1os de Chile en Salsa de Vieira 13\/18<\/b> sind <mark class=\"HxTRcb\">chilenische Miesmuscheln in Dosen von kleinem Kaliber (zwischen 13 und 18 St\u00fcck pro Dose), hergestellt von der Marke <a class=\"GI370e\" href=\"https:\/\/www.google.com\/search?q=Miau&amp;sca_esv=021f25b48a55cba3&amp;rlz=1C1ONGR_esES999ES999&amp;ei=PZTKaJnzNvylkdUPhPjl0As&amp;ved=2ahUKEwiYpPrq0d-PAxVOUaQEHW_UMQgQgK4QegQIARAC&amp;uact=5&amp;oq=Miau+Mejillones+Peque%C3%B1os+de+Chile+en+Salsa+de+Vieira+13%2F18+descripcion+ia&amp;gs_lp=Egxnd3Mtd2l6LXNlcnAiSk1pYXUgTWVqaWxsb25lcyBQZXF1ZcOxb3MgZGUgQ2hpbGUgZW4gU2Fsc2EgZGUgVmllaXJhIDEzLzE4IGRlc2NyaXBjaW9uIGlhSABQAFgAcAB4AJABAJgBAKABAKoBALgBA8gBAPgBAZgCAKACAJgDAJIHAKAHALIHALgHAMIHAMgHAA&amp;sclient=gws-wiz-serp&amp;mstk=AUtExfCv17IWkTWRF4syfICYbt4AhrwakhFS7kFsywO8Jvc5YJMoVK20vuuKfJ9Vegpy5HOrQeN7omLJBjJApFVfRCSwl55mclPYIQoQxF3xYJmuHNqwfq9Xei_0KDW53vXrKyU&amp;csui=3\" target=\"_blank\" rel=\"noopener\" data-wiz-rootname=\"sQeGi\" data-ved=\"2ahUKEwiYpPrq0d-PAxVOUaQEHW_UMQgQgK4QegQIARAC\" data-hveid=\"CAEQAg\">Miau<\/a><\/mark>. Diese Muscheln werden in einer Sauce auf der Basis von Tomaten, Zwiebeln und Jakobsmuscheln gekocht, die eine gebundene Konsistenz und einen r\u00f6tlich-orangen Farbton aufweist. Die Sauce ist ein angenehmer Sofrito, ideal zum Dippen von Brot, und die Muscheln haben eine weiche, saubere Textur mit einem delikaten Geschmack. Typische Zutaten sind Muscheln (Weichtiere), Sonnenblumen\u00f6l, Tomaten, Zwiebeln, Salz und Gew\u00fcrze.   <span class=\"\" data-wiz-rootname=\"ohfaMd\"><span class=\"vKEkVd\" data-animation-atomic=\"\"> <\/span><\/span><\/p>\n<ul class=\"W4TX6e\" data-processed=\"true\">\n\t<li data-processed=\"true\"><span class=\"ymCSIb\" data-hveid=\"CAMQAA\" data-processed=\"true\"><span class=\"dsyJjd\" data-processed=\"true\"><span class=\"T286Pc\" data-processed=\"true\">Herkunft: <\/span><\/span>Sie stammen von den K\u00fcsten Chiles.<span class=\"\" data-wiz-rootname=\"ohfaMd\" data-processed=\"true\"><span class=\"vKEkVd\" data-animation-atomic=\"\" data-processed=\"true\"> <button class=\"rBl3me\" tabindex=\"0\" data-amic=\"true\" data-icl-uuid=\"203dab2a-3f6d-4f3d-bc4b-60c74f97cece\" aria-label=\"Ver enlaces relacionados\" data-ved=\"2ahUKEwiYpPrq0d-PAxVOUaQEHW_UMQgQye0OegQIAxAB\" data-processed=\"true\"><\/button><\/span><\/span><\/span><\/li>\n\t<li data-processed=\"true\"><span class=\"ymCSIb\" data-hveid=\"CAMQAg\" data-processed=\"true\"><span class=\"dsyJjd\" data-processed=\"true\"><span class=\"T286Pc\" data-processed=\"true\">Gr\u00f6\u00dfe: <\/span><\/span>Kleine Muscheln, mit 13 bis 18 Muscheln pro Dose.<span class=\"\" data-wiz-rootname=\"ohfaMd\" data-processed=\"true\"><span class=\"vKEkVd\" data-animation-atomic=\"\" data-processed=\"true\"> <button class=\"rBl3me\" tabindex=\"0\" data-amic=\"true\" data-icl-uuid=\"0588c936-b392-48ab-991c-64a26bee6eb0\" aria-label=\"Ver enlaces relacionados\" data-ved=\"2ahUKEwiYpPrq0d-PAxVOUaQEHW_UMQgQye0OegQIAxAD\" data-processed=\"true\"><\/button><\/span><\/span><\/span><\/li>\n\t<li data-processed=\"true\"><span class=\"ymCSIb\" data-hveid=\"CAMQBA\" data-processed=\"true\"><span class=\"dsyJjd\" data-processed=\"true\"><span class=\"T286Pc\" data-processed=\"true\">So\u00dfe: <\/span><\/span>Hergestellt aus einer Mischung aus Tomaten, Zwiebeln und anderen Aromen, mit einem Hauch von Jakobsmuschel.<span class=\"\" data-wiz-rootname=\"ohfaMd\" data-processed=\"true\"><span class=\"vKEkVd\" data-animation-atomic=\"\" data-processed=\"true\"> <button class=\"rBl3me\" tabindex=\"0\" data-amic=\"true\" data-icl-uuid=\"04f08629-18df-4501-b7df-510f5f0ab262\" aria-label=\"Ver enlaces relacionados\" data-ved=\"2ahUKEwiYpPrq0d-PAxVOUaQEHW_UMQgQye0OegQIAxAF\" data-processed=\"true\"><\/button><\/span><\/span><\/span><\/li>\n\t<li data-processed=\"true\"><span class=\"ymCSIb\" data-hveid=\"CAMQBg\" data-processed=\"true\"><span class=\"dsyJjd\" data-processed=\"true\"><span class=\"T286Pc\" data-processed=\"true\">Textur und Geschmack: <\/span><\/span>Die Muscheln sind zart, und die leicht angedickte Sauce hat einen angenehmen, sautierten Geschmack.<span class=\"\" data-wiz-rootname=\"ohfaMd\" data-processed=\"true\"><span class=\"vKEkVd\" data-animation-atomic=\"\" data-processed=\"true\"> <button class=\"rBl3me\" tabindex=\"0\" data-amic=\"true\" data-icl-uuid=\"0661dbfd-f015-4f81-a7c0-b0de97cef950\" aria-label=\"Ver enlaces relacionados\" data-ved=\"2ahUKEwiYpPrq0d-PAxVOUaQEHW_UMQgQye0OegQIAxAH\" data-processed=\"true\"><\/button><\/span><\/span><\/span><\/li>\n\t<li data-processed=\"true\"><span class=\"ymCSIb\" data-hveid=\"CAMQCA\" data-processed=\"true\"><span class=\"dsyJjd\" data-processed=\"true\"><span class=\"T286Pc\" data-processed=\"true\">Verwendungsm\u00f6glichkeiten: <\/span><\/span>Eine sehr schmackhafte Sauce, die besonders gut schmeckt, wenn Sie Brot zum Dippen verwenden.<span class=\"\" data-wiz-rootname=\"ohfaMd\" data-processed=\"true\"><span class=\"vKEkVd\" data-animation-atomic=\"\" data-processed=\"true\"> <\/span><\/span><\/span><\/li>\n<\/ul>","protected":false},"excerpt":{"rendered":"<p>Meow Small Chili Muscheln in Jakobsmuschelsauce 13\/18 St\u00fcck, 120g Zutaten: Muscheln (Weichtiere), rekonstituiertes Tomatenkonzentrat, Sonnenblumen\u00f6l, Zwiebel, Salz, Zucker, modifizierte Maisst\u00e4rke, nat\u00fcrliche Aromen und Gew\u00fcrze. Kann Spuren von Krustentieren und Fisch enthalten . Nettogewicht 115g. Abtropfgewicht 68 g. N\u00e4hrwertangaben pro 100 Gramm: Energie 756kj\/182kcal; Fett 14g, davon ges\u00e4ttigt 2,3g; Kohlenhydrate 4,3g, davon Zucker 1g; Eiwei\u00df 9,7g; [&hellip;]<\/p>\n","protected":false},"featured_media":29999,"template":"","meta":{"site-sidebar-layout":"default","site-content-layout":"","ast-site-content-layout":"default","site-content-style":"default","site-sidebar-style":"default","ast-global-header-display":"","ast-banner-title-visibility":"","ast-main-header-display":"","ast-hfb-above-header-display":"","ast-hfb-below-header-display":"","ast-hfb-mobile-header-display":"","site-post-title":"","ast-breadcrumbs-content":"","ast-featured-img":"","footer-sml-layout":"","ast-disable-related-posts":"","theme-transparent-header-meta":"default","adv-header-id-meta":"","stick-header-meta":"","header-above-stick-meta":"","header-main-stick-meta":"","header-below-stick-meta":"","astra-migrate-meta-layouts":"default","ast-page-background-enabled":"default","ast-page-background-meta":{"desktop":{"background-color":"var(--ast-global-color-4)","background-image":"","background-repeat":"repeat","background-position":"center center","background-size":"auto","background-attachment":"scroll","background-type":"","background-media":"","overlay-type":"","overlay-color":"","overlay-opacity":"","overlay-gradient":""},"tablet":{"background-color":"","background-image":"","background-repeat":"repeat","background-position":"center center","background-size":"auto","background-attachment":"scroll","background-type":"","background-media":"","overlay-type":"","overlay-color":"","overlay-opacity":"","overlay-gradient":""},"mobile":{"background-color":"","background-image":"","background-repeat":"repeat","background-position":"center center","background-size":"auto","background-attachment":"scroll","background-type":"","background-media":"","overlay-type":"","overlay-color":"","overlay-opacity":"","overlay-gradient":""}},"ast-content-background-meta":{"desktop":{"background-color":"var(--ast-global-color-5)","background-image":"","background-repeat":"repeat","background-position":"center center","background-size":"auto","background-attachment":"scroll","background-type":"","background-media":"","overlay-type":"","overlay-color":"","overlay-opacity":"","overlay-gradient":""},"tablet":{"background-color":"var(--ast-global-color-5)","background-image":"","background-repeat":"repeat","background-position":"center center","background-size":"auto","background-attachment":"scroll","background-type":"","background-media":"","overlay-type":"","overlay-color":"","overlay-opacity":"","overlay-gradient":""},"mobile":{"background-color":"var(--ast-global-color-5)","background-image":"","background-repeat":"repeat","background-position":"center center","background-size":"auto","background-attachment":"scroll","background-type":"","background-media":"","overlay-type":"","overlay-color":"","overlay-opacity":"","overlay-gradient":""}}},"product_brand":[1133],"product_cat":[328],"product_tag":[],"class_list":{"0":"post-21710","1":"product","2":"type-product","3":"status-publish","4":"has-post-thumbnail","6":"product_brand-miau","7":"product_cat-riesenmuscheln","8":"desktop-align-left","9":"tablet-align-left","10":"mobile-align-left","12":"first","13":"instock","14":"taxable","15":"shipping-taxable","16":"purchasable","17":"product-type-simple"},"_links":{"self":[{"href":"https:\/\/andalubox.com\/de\/wp-json\/wp\/v2\/product\/21710","targetHints":{"allow":["GET"]}}],"collection":[{"href":"https:\/\/andalubox.com\/de\/wp-json\/wp\/v2\/product"}],"about":[{"href":"https:\/\/andalubox.com\/de\/wp-json\/wp\/v2\/types\/product"}],"wp:featuredmedia":[{"embeddable":true,"href":"https:\/\/andalubox.com\/de\/wp-json\/wp\/v2\/media\/29999"}],"wp:attachment":[{"href":"https:\/\/andalubox.com\/de\/wp-json\/wp\/v2\/media?parent=21710"}],"wp:term":[{"taxonomy":"product_brand","embeddable":true,"href":"https:\/\/andalubox.com\/de\/wp-json\/wp\/v2\/product_brand?post=21710"},{"taxonomy":"product_cat","embeddable":true,"href":"https:\/\/andalubox.com\/de\/wp-json\/wp\/v2\/product_cat?post=21710"},{"taxonomy":"product_tag","embeddable":true,"href":"https:\/\/andalubox.com\/de\/wp-json\/wp\/v2\/product_tag?post=21710"}],"curies":[{"name":"wp","href":"https:\/\/api.w.org\/{rel}","templated":true}]}}