{"id":21692,"date":"2025-05-29T11:50:11","date_gmt":"2025-05-29T09:50:11","guid":{"rendered":"https:\/\/andalubox.com\/producto-andaluz\/miau-rasierklingen-natur-4-6-stueck-120gr\/"},"modified":"2025-07-22T13:10:54","modified_gmt":"2025-07-22T11:10:54","slug":"miau-rasierklingen-natur-4-6-stueck-120gr","status":"publish","type":"product","link":"https:\/\/andalubox.com\/de\/producto-andaluz\/miau-rasierklingen-natur-4-6-stueck-120gr\/","title":{"rendered":"Miau-Rasiermuscheln Natur 4\/6 St\u00fcck, 120g"},"content":{"rendered":"<p>Miau-Rasiermuscheln Natur 4\/6 St\u00fcck, 120g<\/p>\n<p>Conservas Miau ist eine spanische Marke mit mehr als einem Jahrhundert Tradition, die f\u00fcr ihre hochwertigen Fischkonserven und Meeresfr\u00fcchte bekannt ist. Die Marke wurde 1873 von Bernardo Alfageme in Asturien gegr\u00fcndet und konsolidierte sich in Vigo, Galicien, mit einer symboltr\u00e4chtigen Fabrik, die 1928 gebaut wurde. Sie bietet eine gro\u00dfe Auswahl an Produkten wie Tintenfisch in eigener Tinte, Tintenfisch in amerikanischer Sauce, hellen Thunfisch, wei\u00dfen Thunfisch, Muscheln, Sardinen und Sardellen, die in Formaten wie Oliven\u00f6l, Escabeche oder Tomatensauce erh\u00e4ltlich sind.  <\/p>\n<p>Sie finden sie in den ANDALUBOX-L\u00e4den in Sevilla.<\/p>\n<p>Zutaten: Schwertmuscheln (Weichtiere), Wasser, Salz, S\u00e4uerungsmittel: E-330, E-331 und Antioxidationsmittel.<\/p>\n<p>Nettogewicht 111g. Abtropfgewicht 63 g. <\/p>","protected":false},"excerpt":{"rendered":"<p>Miau Navajas al Natural 4\/6 St\u00fcck, 120g f\u00fcr den Export nach ganz Europa.<\/p>\n","protected":false},"featured_media":30003,"comment_status":"open","ping_status":"closed","template":"","meta":{"site-sidebar-layout":"default","site-content-layout":"","ast-site-content-layout":"default","site-content-style":"default","site-sidebar-style":"default","ast-global-header-display":"","ast-banner-title-visibility":"","ast-main-header-display":"","ast-hfb-above-header-display":"","ast-hfb-below-header-display":"","ast-hfb-mobile-header-display":"","site-post-title":"","ast-breadcrumbs-content":"","ast-featured-img":"","footer-sml-layout":"","ast-disable-related-posts":"","theme-transparent-header-meta":"default","adv-header-id-meta":"","stick-header-meta":"","header-above-stick-meta":"","header-main-stick-meta":"","header-below-stick-meta":"","astra-migrate-meta-layouts":"default","ast-page-background-enabled":"default","ast-page-background-meta":{"desktop":{"background-color":"var(--ast-global-color-4)","background-image":"","background-repeat":"repeat","background-position":"center center","background-size":"auto","background-attachment":"scroll","background-type":"","background-media":"","overlay-type":"","overlay-color":"","overlay-opacity":"","overlay-gradient":""},"tablet":{"background-color":"","background-image":"","background-repeat":"repeat","background-position":"center center","background-size":"auto","background-attachment":"scroll","background-type":"","background-media":"","overlay-type":"","overlay-color":"","overlay-opacity":"","overlay-gradient":""},"mobile":{"background-color":"","background-image":"","background-repeat":"repeat","background-position":"center center","background-size":"auto","background-attachment":"scroll","background-type":"","background-media":"","overlay-type":"","overlay-color":"","overlay-opacity":"","overlay-gradient":""}},"ast-content-background-meta":{"desktop":{"background-color":"var(--ast-global-color-5)","background-image":"","background-repeat":"repeat","background-position":"center center","background-size":"auto","background-attachment":"scroll","background-type":"","background-media":"","overlay-type":"","overlay-color":"","overlay-opacity":"","overlay-gradient":""},"tablet":{"background-color":"var(--ast-global-color-5)","background-image":"","background-repeat":"repeat","background-position":"center center","background-size":"auto","background-attachment":"scroll","background-type":"","background-media":"","overlay-type":"","overlay-color":"","overlay-opacity":"","overlay-gradient":""},"mobile":{"background-color":"var(--ast-global-color-5)","background-image":"","background-repeat":"repeat","background-position":"center center","background-size":"auto","background-attachment":"scroll","background-type":"","background-media":"","overlay-type":"","overlay-color":"","overlay-opacity":"","overlay-gradient":""}}},"product_brand":[1133],"product_cat":[335],"product_tag":[],"class_list":{"0":"post-21692","1":"product","2":"type-product","3":"status-publish","4":"has-post-thumbnail","6":"product_brand-miau","7":"product_cat-andere","8":"desktop-align-left","9":"tablet-align-left","10":"mobile-align-left","12":"first","13":"instock","14":"taxable","15":"shipping-taxable","16":"purchasable","17":"product-type-simple"},"_links":{"self":[{"href":"https:\/\/andalubox.com\/de\/wp-json\/wp\/v2\/product\/21692","targetHints":{"allow":["GET"]}}],"collection":[{"href":"https:\/\/andalubox.com\/de\/wp-json\/wp\/v2\/product"}],"about":[{"href":"https:\/\/andalubox.com\/de\/wp-json\/wp\/v2\/types\/product"}],"replies":[{"embeddable":true,"href":"https:\/\/andalubox.com\/de\/wp-json\/wp\/v2\/comments?post=21692"}],"wp:featuredmedia":[{"embeddable":true,"href":"https:\/\/andalubox.com\/de\/wp-json\/wp\/v2\/media\/30003"}],"wp:attachment":[{"href":"https:\/\/andalubox.com\/de\/wp-json\/wp\/v2\/media?parent=21692"}],"wp:term":[{"taxonomy":"product_brand","embeddable":true,"href":"https:\/\/andalubox.com\/de\/wp-json\/wp\/v2\/product_brand?post=21692"},{"taxonomy":"product_cat","embeddable":true,"href":"https:\/\/andalubox.com\/de\/wp-json\/wp\/v2\/product_cat?post=21692"},{"taxonomy":"product_tag","embeddable":true,"href":"https:\/\/andalubox.com\/de\/wp-json\/wp\/v2\/product_tag?post=21692"}],"curies":[{"name":"wp","href":"https:\/\/api.w.org\/{rel}","templated":true}]}}