{"id":21677,"date":"2025-05-29T11:20:42","date_gmt":"2025-05-29T09:20:42","guid":{"rendered":"https:\/\/andalubox.com\/producto-andaluz\/weisser-thunfisch-in-olivenoel-250gr-glas\/"},"modified":"2025-09-17T13:07:44","modified_gmt":"2025-09-17T11:07:44","slug":"weisser-thunfisch-in-olivenoel-250gr-glas","status":"publish","type":"product","link":"https:\/\/andalubox.com\/de\/producto-andaluz\/weisser-thunfisch-in-olivenoel-250gr-glas\/","title":{"rendered":"Miau Wei\u00dfe Thunfischfilets in Oliven\u00f6l, 250g Glasgef\u00e4\u00df"},"content":{"rendered":"<p>Miau Wei\u00dfe Thunfischfilets in Oliven\u00f6l, 250g Glasgef\u00e4\u00df<\/p>\n<p>Zutaten: Wei\u00dfer Thunfisch, Oliven\u00f6l (32%) und Salz.<\/p>\n<p>N\u00e4hrwertangaben pro 100 Gramm: Energie 799kj\/188kcal; Fett 7,3g, davon ges\u00e4ttigt 1,1g; Kohlenhydrate &lt;0,5g, davon Zucker &lt;0,5g; Eiwei\u00df 29g; Salz 1,2g.<\/p>\n<p>Nettogewicht: 220g. Abtropfgewicht netto: 150g. <\/p>\n<div id=\"gs_main\" class=\"gs_main b_removeShadow\">\n<div class=\"gs_temp\" data-k=\"5007\" data-appns=\"SERP.5581\" data-sct-idx=\"0\">\n<div class=\"gs_h gs_caphead\">\n<div class=\"gs_temp_content gs_temp_with_card gs_temp_with_iv gs_temp_with_largeqna\">\n<div class=\"gs_caphead_main \">\n<div class=\"gs_text gs_mdr gsqna_renderText16\">\n<h2 id=\"miau-lomos-de-bonito-del-norte-descripcion\">Meow white tuna loins Beschreibung<\/h2>\n<div class=\"gs_p\"><a class=\"gs_mdlink\" tabindex=\"0\" href=\"https:\/\/www.bing.com\/ck\/a?!&amp;&amp;p=324e802ab6ed9a9eb96db1f409ba684bd65ea6f8a94cc966a5065bd8b2da9b3eJmltdHM9MTc1ODA2NzIwMA&amp;ptn=3&amp;ver=2&amp;hsh=4&amp;fclid=21393f5c-579f-68eb-221a-2bd55642690b&amp;u=a1aHR0cHM6Ly93d3cuY29tZXJjaWFsYW5tYS5lcy8_cHJvZHVjdD1sb21vcy1kZS1ib25pdG8tbWlhdS0xOTBncg&amp;ntb=1\" target=\"_blank\" rel=\"noopener\"><span class=\"gs_cit_txt b_hover\" data-sups=\"1\" data-hover-id=\"1\">Die <strong>Loins vom Wei\u00dfen Thunfisch in Oliven\u00f6l Meow<\/strong> sind handgefertigt mit Loins von au\u00dfergew\u00f6hnlicher Qualit\u00e4t und perfekter Gr\u00f6\u00dfe, um Scheiben zu entnehmen und k\u00f6stliche Rezepte mit Wei\u00dfem Thunfisch zuzubereiten. Diese Lendenst\u00fccke lassen sich ganz einfach \u00f6ffnen, verzehren und f\u00fcr den sp\u00e4teren Gebrauch aufbewahren.   <\/span><\/a>\n<div class=\" gs_sup_cit gs_sup_cit1\" data-priority=\"2\" data-hover-id=\"1\">\n<div class=\"gs_sm_cit b_hover\" tabindex=\"-1\" role=\"button\" aria-label=\"1 citation\"> <\/div>\n<\/div>\n<\/div>\n<\/div>\n<\/div>\n<\/div>\n<\/div>\n<div class=\"gs_cit_cont gs_cit_cont_even gs_cit_stry \">\n<div class=\"gs_cits\">\n<div class=\" gs_cit \" data-url=\"https:\/\/www.comercialanma.es\/?product=lomos-de-bonito-miau-190gr\" data-title=\"Lomos de bonito en aceite de oliva Miau 190gr. - Comercial de ...\" data-displayname=\"www.comercialanma.es\" data-citnumb=\"1\" data-friendly-url=\"www.comercialanma.es\">\n<div class=\"gs_cit_wrapper\">\n<div class=\"gs_cit_title\">\n<div class=\"gs_cit_title_text\"> <\/div>\n<\/div>\n<div class=\"gs_cit_snip\">\n<div class=\"gs_cit_snip_text\"> <\/div>\n<\/div>\n<\/div>\n<\/div>\n<div class=\" gs_cit \" data-url=\"https:\/\/www.celorrio.com\/es\/productos\/30\/44\" data-title=\"Bonito - Bonito del Norte | Celorrio\" data-displayname=\"celorrio.com\" data-citnumb=\"2\" data-friendly-url=\"celorrio.com\">\n<div class=\"gs_cit_wrapper\">\n<div class=\"gs_cit_src\"> <\/div>\n<\/div>\n<\/div>\n<\/div>\n<\/div>\n<\/div>\n<\/div>\n<div class=\"b_genserp_citation_hover_md\">\n<div class=\"hov hov-anime\" data-hover-id=\"-1\">\n<div class=\"hov-item-top-row\">\n<div class=\"hov-item-text\">\n<div class=\"hov-item-site-bubble\">\n<div class=\"hov-item-sitename\"> <\/div>\n<\/div>\n<\/div>\n<\/div>\n<\/div>\n<\/div>\n<p>&nbsp;<\/p>","protected":false},"excerpt":{"rendered":"<p>Miau Wei\u00dfe Thunfischfilets in Oliven\u00f6l, 250g Glasgef\u00e4\u00df Zutaten: Wei\u00dfer Thunfisch, Oliven\u00f6l (32%) und Salz. N\u00e4hrwertangaben pro 100 Gramm: Energie 799kj\/188kcal; Fett 7,3g, davon ges\u00e4ttigt 1,1g; Kohlenhydrate &lt;0,5g, davon Zucker &lt;0,5g; Eiwei\u00df 29g; Salz 1,2g. Nettogewicht: 220g. Abtropfgewicht netto: 150g. Meow white tuna loins Beschreibung Die Loins vom Wei\u00dfen Thunfisch in Oliven\u00f6l Meow sind handgefertigt mit [&hellip;]<\/p>\n","protected":false},"featured_media":30470,"comment_status":"open","ping_status":"closed","template":"","meta":{"site-sidebar-layout":"default","site-content-layout":"","ast-site-content-layout":"default","site-content-style":"default","site-sidebar-style":"default","ast-global-header-display":"","ast-banner-title-visibility":"","ast-main-header-display":"","ast-hfb-above-header-display":"","ast-hfb-below-header-display":"","ast-hfb-mobile-header-display":"","site-post-title":"","ast-breadcrumbs-content":"","ast-featured-img":"","footer-sml-layout":"","ast-disable-related-posts":"","theme-transparent-header-meta":"default","adv-header-id-meta":"","stick-header-meta":"","header-above-stick-meta":"","header-main-stick-meta":"","header-below-stick-meta":"","astra-migrate-meta-layouts":"default","ast-page-background-enabled":"default","ast-page-background-meta":{"desktop":{"background-color":"var(--ast-global-color-4)","background-image":"","background-repeat":"repeat","background-position":"center center","background-size":"auto","background-attachment":"scroll","background-type":"","background-media":"","overlay-type":"","overlay-color":"","overlay-opacity":"","overlay-gradient":""},"tablet":{"background-color":"","background-image":"","background-repeat":"repeat","background-position":"center center","background-size":"auto","background-attachment":"scroll","background-type":"","background-media":"","overlay-type":"","overlay-color":"","overlay-opacity":"","overlay-gradient":""},"mobile":{"background-color":"","background-image":"","background-repeat":"repeat","background-position":"center center","background-size":"auto","background-attachment":"scroll","background-type":"","background-media":"","overlay-type":"","overlay-color":"","overlay-opacity":"","overlay-gradient":""}},"ast-content-background-meta":{"desktop":{"background-color":"var(--ast-global-color-5)","background-image":"","background-repeat":"repeat","background-position":"center center","background-size":"auto","background-attachment":"scroll","background-type":"","background-media":"","overlay-type":"","overlay-color":"","overlay-opacity":"","overlay-gradient":""},"tablet":{"background-color":"var(--ast-global-color-5)","background-image":"","background-repeat":"repeat","background-position":"center center","background-size":"auto","background-attachment":"scroll","background-type":"","background-media":"","overlay-type":"","overlay-color":"","overlay-opacity":"","overlay-gradient":""},"mobile":{"background-color":"var(--ast-global-color-5)","background-image":"","background-repeat":"repeat","background-position":"center center","background-size":"auto","background-attachment":"scroll","background-type":"","background-media":"","overlay-type":"","overlay-color":"","overlay-opacity":"","overlay-gradient":""}}},"product_brand":[1133],"product_cat":[15],"product_tag":[],"class_list":{"0":"post-21677","1":"product","2":"type-product","3":"status-publish","4":"has-post-thumbnail","6":"product_brand-miau","7":"product_cat-sin-categorizar","8":"desktop-align-left","9":"tablet-align-left","10":"mobile-align-left","12":"first","13":"instock","14":"taxable","15":"shipping-taxable","16":"purchasable","17":"product-type-simple"},"_links":{"self":[{"href":"https:\/\/andalubox.com\/de\/wp-json\/wp\/v2\/product\/21677","targetHints":{"allow":["GET"]}}],"collection":[{"href":"https:\/\/andalubox.com\/de\/wp-json\/wp\/v2\/product"}],"about":[{"href":"https:\/\/andalubox.com\/de\/wp-json\/wp\/v2\/types\/product"}],"replies":[{"embeddable":true,"href":"https:\/\/andalubox.com\/de\/wp-json\/wp\/v2\/comments?post=21677"}],"wp:featuredmedia":[{"embeddable":true,"href":"https:\/\/andalubox.com\/de\/wp-json\/wp\/v2\/media\/30470"}],"wp:attachment":[{"href":"https:\/\/andalubox.com\/de\/wp-json\/wp\/v2\/media?parent=21677"}],"wp:term":[{"taxonomy":"product_brand","embeddable":true,"href":"https:\/\/andalubox.com\/de\/wp-json\/wp\/v2\/product_brand?post=21677"},{"taxonomy":"product_cat","embeddable":true,"href":"https:\/\/andalubox.com\/de\/wp-json\/wp\/v2\/product_cat?post=21677"},{"taxonomy":"product_tag","embeddable":true,"href":"https:\/\/andalubox.com\/de\/wp-json\/wp\/v2\/product_tag?post=21677"}],"curies":[{"name":"wp","href":"https:\/\/api.w.org\/{rel}","templated":true}]}}