{"id":21657,"date":"2025-05-29T10:39:21","date_gmt":"2025-05-29T08:39:21","guid":{"rendered":"https:\/\/andalubox.com\/producto-andaluz\/mau-weisser-thunfisch-in-eingelegter-sauce-120gr\/"},"modified":"2025-09-17T13:16:49","modified_gmt":"2025-09-17T11:16:49","slug":"mau-weisser-thunfisch-in-eingelegter-sauce-120gr","status":"publish","type":"product","link":"https:\/\/andalubox.com\/de\/producto-andaluz\/mau-weisser-thunfisch-in-eingelegter-sauce-120gr\/","title":{"rendered":"Meow Wei\u00dfer Thunfisch in eingelegter Sauce, 120g"},"content":{"rendered":"<h2>Meow Wei\u00dfer Thunfisch in eingelegter Sauce, 120g<\/h2>\n<p><strong>Zutaten:<\/strong> Wei\u00dfer Thunfisch, Sonnenblumen\u00f6l, Weinessig, Salz und Gew\u00fcrze.  <\/p>\n<p>Nat\u00fcrlich, ohne Konservierungs- oder Farbstoffe und mit einem hohen Proteingehalt.<\/p>\n<p>Nettogewicht: 111g. Netto Abtropfgewicht: 72g.<\/p>\n<h2 class=\"mb-2 mt-4 font-display font-semimedium text-base first:mt-0\">Ern\u00e4hrungsphysiologische Merkmale<\/h2>\n<p class=\"my-2 [&amp;+p]:mt-4 [&amp;_strong:has(+br)]:inline-block [&amp;_strong:has(+br)]:pb-2\">Das Produkt zeichnet sich durch seinen Proteingehalt und seinen geringen Gehalt an k\u00fcnstlichen Zutaten aus. Obwohl die spezifische N\u00e4hrwertaufschl\u00fcsselung f\u00fcr diese Marke nicht detailliert ist, sind die Daten tendenziell \u00e4hnlich wie bei \u00e4hnlichen Dosenprodukten, wie z.B. ca. 22-28g Protein pro 100g, Fett zwischen 3,9-7,8g und geringer Kohlenhydratgehalt.<\/p>\n<p>&nbsp;<\/p>\n<p>&nbsp;<\/p>","protected":false},"excerpt":{"rendered":"<p>Meow Wei\u00dfer Thunfisch in eingelegter Sauce, 120g Zutaten: Wei\u00dfer Thunfisch, Sonnenblumen\u00f6l, Weinessig, Salz und Gew\u00fcrze. Nat\u00fcrlich, ohne Konservierungs- oder Farbstoffe und mit einem hohen Proteingehalt. Nettogewicht: 111g. Netto Abtropfgewicht: 72g. Ern\u00e4hrungsphysiologische Merkmale Das Produkt zeichnet sich durch seinen Proteingehalt und seinen geringen Gehalt an k\u00fcnstlichen Zutaten aus. Obwohl die spezifische N\u00e4hrwertaufschl\u00fcsselung f\u00fcr diese Marke nicht [&hellip;]<\/p>\n","protected":false},"featured_media":31457,"comment_status":"open","ping_status":"closed","template":"","meta":{"site-sidebar-layout":"default","site-content-layout":"","ast-site-content-layout":"default","site-content-style":"default","site-sidebar-style":"default","ast-global-header-display":"","ast-banner-title-visibility":"","ast-main-header-display":"","ast-hfb-above-header-display":"","ast-hfb-below-header-display":"","ast-hfb-mobile-header-display":"","site-post-title":"","ast-breadcrumbs-content":"","ast-featured-img":"","footer-sml-layout":"","ast-disable-related-posts":"","theme-transparent-header-meta":"default","adv-header-id-meta":"","stick-header-meta":"","header-above-stick-meta":"","header-main-stick-meta":"","header-below-stick-meta":"","astra-migrate-meta-layouts":"default","ast-page-background-enabled":"default","ast-page-background-meta":{"desktop":{"background-color":"var(--ast-global-color-4)","background-image":"","background-repeat":"repeat","background-position":"center center","background-size":"auto","background-attachment":"scroll","background-type":"","background-media":"","overlay-type":"","overlay-color":"","overlay-opacity":"","overlay-gradient":""},"tablet":{"background-color":"","background-image":"","background-repeat":"repeat","background-position":"center center","background-size":"auto","background-attachment":"scroll","background-type":"","background-media":"","overlay-type":"","overlay-color":"","overlay-opacity":"","overlay-gradient":""},"mobile":{"background-color":"","background-image":"","background-repeat":"repeat","background-position":"center center","background-size":"auto","background-attachment":"scroll","background-type":"","background-media":"","overlay-type":"","overlay-color":"","overlay-opacity":"","overlay-gradient":""}},"ast-content-background-meta":{"desktop":{"background-color":"var(--ast-global-color-5)","background-image":"","background-repeat":"repeat","background-position":"center center","background-size":"auto","background-attachment":"scroll","background-type":"","background-media":"","overlay-type":"","overlay-color":"","overlay-opacity":"","overlay-gradient":""},"tablet":{"background-color":"var(--ast-global-color-5)","background-image":"","background-repeat":"repeat","background-position":"center center","background-size":"auto","background-attachment":"scroll","background-type":"","background-media":"","overlay-type":"","overlay-color":"","overlay-opacity":"","overlay-gradient":""},"mobile":{"background-color":"var(--ast-global-color-5)","background-image":"","background-repeat":"repeat","background-position":"center center","background-size":"auto","background-attachment":"scroll","background-type":"","background-media":"","overlay-type":"","overlay-color":"","overlay-opacity":"","overlay-gradient":""}}},"product_brand":[1133],"product_cat":[],"product_tag":[],"class_list":{"0":"post-21657","1":"product","2":"type-product","3":"status-publish","4":"has-post-thumbnail","6":"product_brand-miau","7":"desktop-align-left","8":"tablet-align-left","9":"mobile-align-left","11":"first","12":"instock","13":"taxable","14":"shipping-taxable","15":"purchasable","16":"product-type-simple"},"_links":{"self":[{"href":"https:\/\/andalubox.com\/de\/wp-json\/wp\/v2\/product\/21657","targetHints":{"allow":["GET"]}}],"collection":[{"href":"https:\/\/andalubox.com\/de\/wp-json\/wp\/v2\/product"}],"about":[{"href":"https:\/\/andalubox.com\/de\/wp-json\/wp\/v2\/types\/product"}],"replies":[{"embeddable":true,"href":"https:\/\/andalubox.com\/de\/wp-json\/wp\/v2\/comments?post=21657"}],"wp:featuredmedia":[{"embeddable":true,"href":"https:\/\/andalubox.com\/de\/wp-json\/wp\/v2\/media\/31457"}],"wp:attachment":[{"href":"https:\/\/andalubox.com\/de\/wp-json\/wp\/v2\/media?parent=21657"}],"wp:term":[{"taxonomy":"product_brand","embeddable":true,"href":"https:\/\/andalubox.com\/de\/wp-json\/wp\/v2\/product_brand?post=21657"},{"taxonomy":"product_cat","embeddable":true,"href":"https:\/\/andalubox.com\/de\/wp-json\/wp\/v2\/product_cat?post=21657"},{"taxonomy":"product_tag","embeddable":true,"href":"https:\/\/andalubox.com\/de\/wp-json\/wp\/v2\/product_tag?post=21657"}],"curies":[{"name":"wp","href":"https:\/\/api.w.org\/{rel}","templated":true}]}}