{"id":21571,"date":"2025-05-27T21:48:34","date_gmt":"2025-05-27T19:48:34","guid":{"rendered":"https:\/\/andalubox.com\/producto-andaluz\/cruz-campo-special-ruby-beer-200ml\/"},"modified":"2025-10-25T16:13:39","modified_gmt":"2025-10-25T14:13:39","slug":"cruz-campo-special-ruby-beer-200ml","status":"publish","type":"product","link":"https:\/\/andalubox.com\/de\/producto-andaluz\/cruz-campo-special-ruby-beer-200ml\/","title":{"rendered":"Cruzcampo Sevilla Bier Spezial Blond Pack, 6x20cl"},"content":{"rendered":"<div class=\"info\">\n<p><span class=\"info-key \">Cruzcampo Sevilla Bier Spezial Blond Pack, 6x20cl<\/span><\/p>\n<p><span class=\"info-key \">Titel:<\/span> Cerveza Especial<\/p>\n<p><span class=\"info-key \">Betreiber:<\/span> Heineken Espa\u00f1a S.A.<\/p>\n<p><span class=\"info-key \">Prozentualer Anteil an Alkohol:<\/span> 5,6%.<\/p>\n<\/div>\n<div class=\"info\">\n<h3 class=\"info-title\"><span style=\"font-size: 12pt;\">Zutaten und Allergene: Wasser, <b>Gerstenmalz<\/b>, Mais, Hopfen und Hopfenextrakt.<b> <\/b>Hopfen. Dieses Produkt wird mit <b>Gerstenmalz<\/b> gebraut. Enth\u00e4lt <b>Gluten<\/b>.  <\/span><\/h3>\n<p><span style=\"font-size: 12pt; font-weight: bold;\">N\u00e4hrwerte: 100 ml: Energiewert 205 kJ\/49 kcal; Fett 0g, davon ges\u00e4ttigt 0g; Kohlenhydrate 3,9g, davon Zucker 0g; Eiwei\u00df 0,5g; Salz 0,01g.<\/span><\/p>\n<h3 class=\"info-title\"><span style=\"font-size: 12pt;\">Konservierung und Nutzung<\/span><\/h3>\n<p>Lagern Sie das Produkt an einem sauberen, trockenen und gut bel\u00fcfteten Ort, gesch\u00fctzt vor Regen und fern von anderen Produkten, Lebensmitteln oder Nicht-Lebensmitteln, die einen seltsamen Geruch oder Geschmack annehmen k\u00f6nnen. Lagern Sie es vorzugsweise zwischen 5\u00b0 und 15\u00b0C und vermeiden Sie Temperaturen \u00fcber 25\u00b0C. Vermeiden Sie die direkte Einwirkung von Sonnenlicht oder W\u00e4rmequellen. Frieren Sie das Produkt nicht ein.   <\/p>\n<p><span class=\"info-key\">Anwendung:<\/span> Das Produkt sollte zwischen 0\u00b0 und 3\u00b0C serviert werden, um die besten organoleptischen Eigenschaften zu erhalten. Beachten Sie das Mindesthaltbarkeitsdatum auf der Verpackung. Verwenden Sie einen geeigneten Flaschen\u00f6ffner, um ein Zerbrechen der Flasche zu vermeiden. Verwenden Sie f\u00fcr Dosen einen Ring, ohne seine Position zu ver\u00e4ndern oder ihn zu drehen. Nehmen Sie es nicht ein, wenn Sie feststellen, dass der Verschluss aufgebrochen wurde.    <\/p>\n<\/div>","protected":false},"excerpt":{"rendered":"<p>Cruzcampo Sevilla Bier Spezial Blond Pack, 6x20cl Titel: Cerveza Especial Betreiber: Heineken Espa\u00f1a S.A. Prozentualer Anteil an Alkohol: 5,6%. Zutaten und Allergene: Wasser, Gerstenmalz, Mais, Hopfen und Hopfenextrakt. Hopfen. Dieses Produkt wird mit Gerstenmalz gebraut. Enth\u00e4lt Gluten. N\u00e4hrwerte: 100 ml: Energiewert 205 kJ\/49 kcal; Fett 0g, davon ges\u00e4ttigt 0g; Kohlenhydrate 3,9g, davon Zucker 0g; Eiwei\u00df [&hellip;]<\/p>\n","protected":false},"featured_media":21628,"comment_status":"open","ping_status":"closed","template":"","meta":{"site-sidebar-layout":"default","site-content-layout":"","ast-site-content-layout":"default","site-content-style":"default","site-sidebar-style":"default","ast-global-header-display":"","ast-banner-title-visibility":"","ast-main-header-display":"","ast-hfb-above-header-display":"","ast-hfb-below-header-display":"","ast-hfb-mobile-header-display":"","site-post-title":"","ast-breadcrumbs-content":"","ast-featured-img":"","footer-sml-layout":"","ast-disable-related-posts":"","theme-transparent-header-meta":"default","adv-header-id-meta":"","stick-header-meta":"","header-above-stick-meta":"","header-main-stick-meta":"","header-below-stick-meta":"","astra-migrate-meta-layouts":"default","ast-page-background-enabled":"default","ast-page-background-meta":{"desktop":{"background-color":"var(--ast-global-color-4)","background-image":"","background-repeat":"repeat","background-position":"center center","background-size":"auto","background-attachment":"scroll","background-type":"","background-media":"","overlay-type":"","overlay-color":"","overlay-opacity":"","overlay-gradient":""},"tablet":{"background-color":"","background-image":"","background-repeat":"repeat","background-position":"center center","background-size":"auto","background-attachment":"scroll","background-type":"","background-media":"","overlay-type":"","overlay-color":"","overlay-opacity":"","overlay-gradient":""},"mobile":{"background-color":"","background-image":"","background-repeat":"repeat","background-position":"center center","background-size":"auto","background-attachment":"scroll","background-type":"","background-media":"","overlay-type":"","overlay-color":"","overlay-opacity":"","overlay-gradient":""}},"ast-content-background-meta":{"desktop":{"background-color":"var(--ast-global-color-5)","background-image":"","background-repeat":"repeat","background-position":"center center","background-size":"auto","background-attachment":"scroll","background-type":"","background-media":"","overlay-type":"","overlay-color":"","overlay-opacity":"","overlay-gradient":""},"tablet":{"background-color":"var(--ast-global-color-5)","background-image":"","background-repeat":"repeat","background-position":"center center","background-size":"auto","background-attachment":"scroll","background-type":"","background-media":"","overlay-type":"","overlay-color":"","overlay-opacity":"","overlay-gradient":""},"mobile":{"background-color":"var(--ast-global-color-5)","background-image":"","background-repeat":"repeat","background-position":"center center","background-size":"auto","background-attachment":"scroll","background-type":"","background-media":"","overlay-type":"","overlay-color":"","overlay-opacity":"","overlay-gradient":""}}},"product_brand":[1283],"product_cat":[339],"product_tag":[],"class_list":{"0":"post-21571","1":"product","2":"type-product","3":"status-publish","4":"has-post-thumbnail","6":"product_brand-cruzcampo","7":"product_cat-andalusische-biere","8":"desktop-align-left","9":"tablet-align-left","10":"mobile-align-left","12":"first","13":"instock","14":"taxable","15":"shipping-taxable","16":"purchasable","17":"product-type-simple"},"_links":{"self":[{"href":"https:\/\/andalubox.com\/de\/wp-json\/wp\/v2\/product\/21571","targetHints":{"allow":["GET"]}}],"collection":[{"href":"https:\/\/andalubox.com\/de\/wp-json\/wp\/v2\/product"}],"about":[{"href":"https:\/\/andalubox.com\/de\/wp-json\/wp\/v2\/types\/product"}],"replies":[{"embeddable":true,"href":"https:\/\/andalubox.com\/de\/wp-json\/wp\/v2\/comments?post=21571"}],"wp:featuredmedia":[{"embeddable":true,"href":"https:\/\/andalubox.com\/de\/wp-json\/wp\/v2\/media\/21628"}],"wp:attachment":[{"href":"https:\/\/andalubox.com\/de\/wp-json\/wp\/v2\/media?parent=21571"}],"wp:term":[{"taxonomy":"product_brand","embeddable":true,"href":"https:\/\/andalubox.com\/de\/wp-json\/wp\/v2\/product_brand?post=21571"},{"taxonomy":"product_cat","embeddable":true,"href":"https:\/\/andalubox.com\/de\/wp-json\/wp\/v2\/product_cat?post=21571"},{"taxonomy":"product_tag","embeddable":true,"href":"https:\/\/andalubox.com\/de\/wp-json\/wp\/v2\/product_tag?post=21571"}],"curies":[{"name":"wp","href":"https:\/\/api.w.org\/{rel}","templated":true}]}}