{"id":21343,"date":"2025-05-26T19:52:57","date_gmt":"2025-05-26T17:52:57","guid":{"rendered":"https:\/\/andalubox.com\/producto-andaluz\/la-divisa-taboo-bio-2023-100-tempranillo-aus-sierra-nevada-75cl\/"},"modified":"2025-09-17T17:27:17","modified_gmt":"2025-09-17T15:27:17","slug":"la-divisa-taboo-bio-2023-100-tempranillo-aus-sierra-nevada-75cl","status":"publish","type":"product","link":"https:\/\/andalubox.com\/de\/producto-andaluz\/la-divisa-taboo-bio-2023-100-tempranillo-aus-sierra-nevada-75cl\/","title":{"rendered":"La Divisa Taboo Bio Rotwein 100% Tempranillo aus Sierra Nevada Jahrgang 2023 75cl"},"content":{"rendered":"<p>La Divisa Taboo Bio-Rotwein 100% Tempranillo aus Sierra Nevada Jahrgang 2023 75cl.Der Tabbo Bio- und Naturwein hat einen seidigen und ausgewogenen Geschmack mit Aromen von schwarzen und roten Fr\u00fcchten, mit einem Hauch von reifer Pflaume und einer gro\u00dfen Mineralit\u00e4t.<\/p>\n<div class=\"grid-details-item\">\n<div class=\"grid-details-item-label\">Qualit\u00e4t: Wein<\/div>\n<\/div>\n<div class=\"grid-details-item\">\n<div class=\"grid-details-item-label\">Farbe der Trauben: Rot<\/div>\n<\/div>\n<div class=\"grid-details-item\">\n<div class=\"grid-details-item-label\">Stil: Trocken<\/div>\n<\/div>\n<div class=\"grid-details-item\">\n<div class=\"grid-details-item-label\">Land: Spanien<\/div>\n<\/div>\n<div class=\"grid-details-item\">\n<div class=\"grid-details-item-label\">Region: Andalusien<\/div>\n<\/div>\n<div class=\"grid-details-item\">\n<div class=\"grid-details-item-label\">Art von Wein: Rot<\/div>\n<\/div>\n<div class=\"grid-details-item\">\n<div class=\"grid-details-item-label\">Rebsorte: Tempranillo<\/div>\n<\/div>\n<div class=\"grid-details-item\">\n<div class=\"grid-details-item-label\">Speisekombinationen: Wildfleisch , Rotes Fleisch<\/div>\n<\/div>\n<div class=\"grid-details-item\">\n<div class=\"grid-details-item-label\">Alkoholgehalt: 14 %.<\/div>\n<\/div>\n<div class=\"grid-details-item\">\n<div class=\"grid-details-item-label\">Format: 0,75 L<\/div>\n<\/div>\n<div class=\"grid-details-item\">\n<div class=\"grid-details-item-label\">\u00d6ko \/ Bio: Ja<\/div>\n<\/div>\n<div class=\"grid-details-item\">\n<div class=\"grid-details-item-label\">Eco-label: ES-ECO-002-AN.724-0063664.2024.001<\/div>\n<\/div>\n<div class=\"grid-details-item\">\n<div class=\"grid-details-item-label\">Vegan: Ja<\/div>\n<div>\n<p>Hier haben Sie die Beschreibung des Weines <b>&#8220;La Divisa Taboo Bio Rotwein 100% Tempranillo aus Sierra Nevada A\u00f1ada 2023, 75cl&#8221;.<\/b><\/p>\n<h3>Allgemeine Beschreibung<\/h3>\n<ul>\n\t<li>\n<p><b>Weingut:<\/b> Bodegas La Divisa.<\/p>\n<\/li>\n\t<li>\n<p><b>Herkunft:<\/b> Hochgelegene Weine aus der <b>g.U. Granada<\/b>, insbesondere aus der Contraviesa Granadina, in den Ausl\u00e4ufern der Sierra Nevada.<\/p>\n<\/li>\n\t<li>\n<p><b>Art des Weines:<\/b> Rotwein, reinsortiger <b>Tempranillo<\/b>.<\/p>\n<\/li>\n\t<li>\n<p><b>Jahrgang:<\/b> 2023.<\/p>\n<\/li>\n\t<li>\n<p><b>Weinberge:<\/b> Die Trauben stammen von biologisch bewirtschafteten Weinbergen in einer H\u00f6he von \u00fcber <b>1.250 Metern.<\/b> Diese extreme H\u00f6he, zusammen mit der Sonneneinstrahlung und dem Einfluss des mediterranen Klimas, sind der Schl\u00fcssel zu seinem einzigartigen Charakter. <\/p>\n<\/li>\n\t<li>\n<p><b>Zertifizierung:<\/b> Es handelt sich um einen <b>biologischen<\/b> und <b>veganen<\/b> Wein, der garantiert, dass er mit R\u00fccksicht auf die Umwelt und ohne die Verwendung von tierischen Produkten hergestellt wurde.<\/p>\n<\/li>\n<\/ul>\n<h3>Verkostungsnotizen<\/h3>\n<ul>\n\t<li>\n<p><b>Erscheinungsbild:<\/b> Intensive kirschrote Farbe.<\/p>\n<\/li>\n\t<li>\n<p><b>Bouquet:<\/b> Ein sehr aromatischer und frischer Wein. Aromen von <b>schwarzen und roten Fr\u00fcchten<\/b> wie Brombeeren, Himbeeren und reifen Pflaumen stechen hervor, mit einem Hauch von Veilchen und einer ausgepr\u00e4gten <b>Mineralit\u00e4t<\/b>, die seine Herkunft aus Schieferb\u00f6den widerspiegelt. <\/p>\n<\/li>\n\t<li>\n<p><b>Gaumen:<\/b> Im Mund ist er seidig und ausgewogen. Er zeichnet sich durch seine Frische aus, wodurch er sehr leicht zu trinken ist. Die Tannine sind weich, und er hat eine gute Struktur, die den Mund ausf\u00fcllt, ohne schwer zu sein.  <\/p>\n<\/li>\n<\/ul>\n<h3>Paarung<\/h3>\n<p>Dieser Bio-Tempranillo ist sehr vielseitig und passt gut zu einer Vielzahl von Gerichten:<\/p>\n<ul>\n\t<li>\n<p><b>Fleisch:<\/b> Er ist ideal zu <b>rotem Fleisch<\/b>, wie einem guten T-Bone-Steak, oder Wildfleisch.<\/p>\n<\/li>\n\t<li>\n<p><b>K\u00e4se:<\/b> Er passt sehr gut zu <b>gereiften<\/b> und halbgereiften <b>K\u00e4sesorten<\/b>.<\/p>\n<\/li>\n\t<li>\n<p><b>Asiatische K\u00fcche:<\/b> Seine fruchtigen Noten und seine Ausgewogenheit machen ihn \u00fcberraschenderweise zu einem guten Partner f\u00fcr w\u00fcrzige asiatische Gerichte.<\/p>\n<\/li>\n\t<li>\n<p><b>L\u00f6ffelgerichte:<\/b> Er passt perfekt zu traditionellen Eint\u00f6pfen oder Aufl\u00e4ufen.<\/p>\n<\/li>\n<\/ul>\n<\/div>\n<\/div>\n<div class=\"grid-details-item\"> <\/div>\n<div class=\"grid-details-item\">\n<div class=\"grid-details-item-value text-justify\"> <\/div>\n<\/div>","protected":false},"excerpt":{"rendered":"<p>La Divisa Taboo Bio Rotwein 100% Tempranillo aus Sierra Nevada Jahrgang 2023 75cl<\/p>\n","protected":false},"featured_media":31172,"comment_status":"open","ping_status":"closed","template":"","meta":{"site-sidebar-layout":"default","site-content-layout":"","ast-site-content-layout":"default","site-content-style":"default","site-sidebar-style":"default","ast-global-header-display":"","ast-banner-title-visibility":"","ast-main-header-display":"","ast-hfb-above-header-display":"","ast-hfb-below-header-display":"","ast-hfb-mobile-header-display":"","site-post-title":"","ast-breadcrumbs-content":"","ast-featured-img":"","footer-sml-layout":"","ast-disable-related-posts":"","theme-transparent-header-meta":"default","adv-header-id-meta":"","stick-header-meta":"","header-above-stick-meta":"","header-main-stick-meta":"","header-below-stick-meta":"","astra-migrate-meta-layouts":"default","ast-page-background-enabled":"default","ast-page-background-meta":{"desktop":{"background-color":"var(--ast-global-color-4)","background-image":"","background-repeat":"repeat","background-position":"center center","background-size":"auto","background-attachment":"scroll","background-type":"","background-media":"","overlay-type":"","overlay-color":"","overlay-opacity":"","overlay-gradient":""},"tablet":{"background-color":"","background-image":"","background-repeat":"repeat","background-position":"center center","background-size":"auto","background-attachment":"scroll","background-type":"","background-media":"","overlay-type":"","overlay-color":"","overlay-opacity":"","overlay-gradient":""},"mobile":{"background-color":"","background-image":"","background-repeat":"repeat","background-position":"center center","background-size":"auto","background-attachment":"scroll","background-type":"","background-media":"","overlay-type":"","overlay-color":"","overlay-opacity":"","overlay-gradient":""}},"ast-content-background-meta":{"desktop":{"background-color":"var(--ast-global-color-5)","background-image":"","background-repeat":"repeat","background-position":"center center","background-size":"auto","background-attachment":"scroll","background-type":"","background-media":"","overlay-type":"","overlay-color":"","overlay-opacity":"","overlay-gradient":""},"tablet":{"background-color":"var(--ast-global-color-5)","background-image":"","background-repeat":"repeat","background-position":"center center","background-size":"auto","background-attachment":"scroll","background-type":"","background-media":"","overlay-type":"","overlay-color":"","overlay-opacity":"","overlay-gradient":""},"mobile":{"background-color":"var(--ast-global-color-5)","background-image":"","background-repeat":"repeat","background-position":"center center","background-size":"auto","background-attachment":"scroll","background-type":"","background-media":"","overlay-type":"","overlay-color":"","overlay-opacity":"","overlay-gradient":""}}},"product_brand":[1295],"product_cat":[343],"product_tag":[546,549,544,548,547,552],"class_list":{"0":"post-21343","1":"product","2":"type-product","3":"status-publish","4":"has-post-thumbnail","6":"product_brand-bodegas-la-divisa","7":"product_cat-rotwein","8":"product_tag-abfallfrei","9":"product_tag-arm-an-sulfiten","10":"product_tag-naturliche-weine","11":"product_tag-sierra-nevada-de","12":"product_tag-sudspanien","13":"product_tag-vegan-de","14":"desktop-align-left","15":"tablet-align-left","16":"mobile-align-left","18":"first","19":"instock","20":"taxable","21":"shipping-taxable","22":"purchasable","23":"product-type-simple"},"_links":{"self":[{"href":"https:\/\/andalubox.com\/de\/wp-json\/wp\/v2\/product\/21343","targetHints":{"allow":["GET"]}}],"collection":[{"href":"https:\/\/andalubox.com\/de\/wp-json\/wp\/v2\/product"}],"about":[{"href":"https:\/\/andalubox.com\/de\/wp-json\/wp\/v2\/types\/product"}],"replies":[{"embeddable":true,"href":"https:\/\/andalubox.com\/de\/wp-json\/wp\/v2\/comments?post=21343"}],"wp:featuredmedia":[{"embeddable":true,"href":"https:\/\/andalubox.com\/de\/wp-json\/wp\/v2\/media\/31172"}],"wp:attachment":[{"href":"https:\/\/andalubox.com\/de\/wp-json\/wp\/v2\/media?parent=21343"}],"wp:term":[{"taxonomy":"product_brand","embeddable":true,"href":"https:\/\/andalubox.com\/de\/wp-json\/wp\/v2\/product_brand?post=21343"},{"taxonomy":"product_cat","embeddable":true,"href":"https:\/\/andalubox.com\/de\/wp-json\/wp\/v2\/product_cat?post=21343"},{"taxonomy":"product_tag","embeddable":true,"href":"https:\/\/andalubox.com\/de\/wp-json\/wp\/v2\/product_tag?post=21343"}],"curies":[{"name":"wp","href":"https:\/\/api.w.org\/{rel}","templated":true}]}}