{"id":21288,"date":"2025-05-25T10:55:46","date_gmt":"2025-05-25T08:55:46","guid":{"rendered":"https:\/\/andalubox.com\/producto-andaluz\/ines-rosales-ingwergewuerzkuchen-limited-edition-120gr\/"},"modified":"2025-11-03T09:53:37","modified_gmt":"2025-11-03T08:53:37","slug":"ines-rosales-ingwergewuerzkuchen-limited-edition-120gr","status":"publish","type":"product","link":"https:\/\/andalubox.com\/de\/producto-andaluz\/ines-rosales-ingwergewuerzkuchen-limited-edition-120gr\/","title":{"rendered":"In\u00e9s Rosales Tortas Jengibre y Especias (Ingwer &amp; Gew\u00fcrz) Ed. Limitada de Sevilla, 120g"},"content":{"rendered":"<p>In\u00e9s Rosales Tortas Jengibre y Especias (Ingwer &amp; Gew\u00fcrz) Ed. Limitada de Sevilla, 120g. <\/p>\n<p>Entdecken Sie die neue Sorte der \u00d6lkuchen mit Ingwer. Er sorgt f\u00fcr Wohlbefinden und wirkt als Antioxidans. Ideal, um diese Saison zu genie\u00dfen. Eine limitierte Auflage, die nur online erh\u00e4ltlich ist. Lassen Sie sich diese k\u00f6stliche Sorte nicht entgehen!    <\/p>\n<p>Zutaten: Weizenmehl, natives Oliven\u00f6l extra (22%), Zucker, Ingwer (1,7%), Zimt, Nelken, Hefe, Meersalz und Sesamsamen (0,01%).<\/p>\n<p>N\u00e4hrwertangaben pro 100g: Energiewert 483 kcal\/2024 kJ; Fett 23g, davon ges\u00e4ttigt 3,5g; Kohlenhydrate 63g, davon Zucker 19g; Ballaststoffe 4,0g; Protein 5,1g; Salz 0,3g.  <\/p>\n<p>Allergene: Frei von Laktose\/Milcheiwei\u00df und Ei.<\/p>\n<p>Qualit\u00e4tssiegel:<\/p>\n<div class=\"jet-listing-grid__item jet-listing-dynamic-post-93\" data-post-id=\"93\">\n<div class=\"elementor elementor-1041415\" data-elementor-type=\"jet-listing-items\" data-elementor-id=\"1041415\" data-elementor-post-type=\"jet-engine\">\n<div class=\"elementor-element elementor-element-8a737b3 e-flex e-con-boxed e-con e-parent\" data-id=\"8a737b3\" data-element_type=\"container\">\n<div class=\"e-con-inner\">\n<div class=\"elementor-element elementor-element-d6bf063 e-con-full e-flex e-con e-child\" data-id=\"d6bf063\" data-element_type=\"container\">\n<div class=\"elementor-element elementor-element-348f78d elementor-widget elementor-widget-jet-listing-dynamic-image\" data-id=\"348f78d\" data-element_type=\"widget\" data-widget_type=\"jet-listing-dynamic-image.default\">\n<div class=\"elementor-widget-container\">\n<div class=\"jet-listing jet-listing-dynamic-image\"><img decoding=\"async\" class=\"\" src=\"https:\/\/inesrosales.com\/wp-content\/uploads\/2024\/12\/aceite-1.png\" alt=\"\u00f6l-1.png\" width=\"30\" height=\"30\"><span style=\"font-size: 16px;\">100% OLIVEN\u00d6L: Sie werden mit hochwertigem nativem Oliven\u00f6l extra hergestellt.<\/span><\/div>\n<\/div>\n<\/div>\n<\/div>\n<\/div>\n<\/div>\n<\/div>\n<\/div>\n<div class=\"jet-listing-grid__item jet-listing-dynamic-post-99\" data-post-id=\"99\">\n<div class=\"elementor elementor-1041415\" data-elementor-type=\"jet-listing-items\" data-elementor-id=\"1041415\" data-elementor-post-type=\"jet-engine\">\n<div class=\"elementor-element elementor-element-8a737b3 e-flex e-con-boxed e-con e-parent\" data-id=\"8a737b3\" data-element_type=\"container\">\n<div class=\"e-con-inner\">\n<div class=\"elementor-element elementor-element-d6bf063 e-con-full e-flex e-con e-child\" data-id=\"d6bf063\" data-element_type=\"container\">\n<div class=\"elementor-element elementor-element-348f78d elementor-widget elementor-widget-jet-listing-dynamic-image\" data-id=\"348f78d\" data-element_type=\"widget\" data-widget_type=\"jet-listing-dynamic-image.default\">\n<div class=\"elementor-widget-container\">\n<div class=\"jet-listing jet-listing-dynamic-image\"><img decoding=\"async\" class=\"jet-listing-dynamic-image__img attachment-full \" src=\"https:\/\/inesrosales.com\/wp-content\/uploads\/2024\/12\/horneado-1.png\" alt=\"gebacken-1.png\" width=\"28\" height=\"28\"><span style=\"font-size: 16px;\">GEB\u00c4CKPRODUKT: <\/span><span style=\"font-size: 16px;\">Zu jeder Tageszeit verzehrfertig.<\/span><\/div>\n<\/div>\n<\/div>\n<\/div>\n<\/div>\n<\/div>\n<\/div>\n<\/div>\n<div class=\"jet-listing-grid__item jet-listing-dynamic-post-102\" data-post-id=\"102\">\n<div class=\"elementor elementor-1041415\" data-elementor-type=\"jet-listing-items\" data-elementor-id=\"1041415\" data-elementor-post-type=\"jet-engine\">\n<div class=\"elementor-element elementor-element-8a737b3 e-flex e-con-boxed e-con e-parent\" data-id=\"8a737b3\" data-element_type=\"container\">\n<div class=\"e-con-inner\">\n<div class=\"elementor-element elementor-element-d6bf063 e-con-full e-flex e-con e-child\" data-id=\"d6bf063\" data-element_type=\"container\">\n<div class=\"elementor-element elementor-element-348f78d elementor-widget elementor-widget-jet-listing-dynamic-image\" data-id=\"348f78d\" data-element_type=\"widget\" data-widget_type=\"jet-listing-dynamic-image.default\">\n<div class=\"elementor-widget-container\">\n<div class=\"jet-listing jet-listing-dynamic-image\"><img decoding=\"async\" class=\"jet-listing-dynamic-image__img attachment-full \" src=\"https:\/\/inesrosales.com\/wp-content\/uploads\/2024\/12\/sin-conservantes-1.png\" alt=\"ohne Konservierungsstoffe-1.png\" width=\"41\" height=\"17\"><span style=\"font-size: 16px;\">KEINE ZUSATZSTOFFE: <\/span><span style=\"font-size: 16px;\">Keine Konservierungsstoffe oder Farbstoffe.<\/span><\/div>\n<\/div>\n<\/div>\n<\/div>\n<\/div>\n<\/div>\n<\/div>\n<\/div>\n<div class=\"jet-listing-grid__item jet-listing-dynamic-post-97\" data-post-id=\"97\">\n<div class=\"elementor elementor-1041415\" data-elementor-type=\"jet-listing-items\" data-elementor-id=\"1041415\" data-elementor-post-type=\"jet-engine\">\n<div class=\"elementor-element elementor-element-8a737b3 e-flex e-con-boxed e-con e-parent\" data-id=\"8a737b3\" data-element_type=\"container\">\n<div class=\"e-con-inner\">\n<div class=\"elementor-element elementor-element-d6bf063 e-con-full e-flex e-con e-child\" data-id=\"d6bf063\" data-element_type=\"container\">\n<div class=\"elementor-element elementor-element-348f78d elementor-widget elementor-widget-jet-listing-dynamic-image\" data-id=\"348f78d\" data-element_type=\"widget\" data-widget_type=\"jet-listing-dynamic-image.default\">\n<div class=\"elementor-widget-container\">\n<div class=\"jet-listing jet-listing-dynamic-image\"><img loading=\"lazy\" decoding=\"async\" class=\"\" src=\"https:\/\/inesrosales.com\/wp-content\/uploads\/2024\/12\/sin-huevo-2.png\" alt=\"eierlos-2.png\" width=\"23\" height=\"23\"><span style=\"font-size: 16px;\">EIERFREI: <\/span><span style=\"font-size: 16px;\">Geeignet f\u00fcr Menschen mit einer Ei-Allergie.<\/span><\/div>\n<\/div>\n<\/div>\n<\/div>\n<\/div>\n<\/div>\n<\/div>\n<\/div>\n<div class=\"jet-listing-grid__item jet-listing-dynamic-post-98\" data-post-id=\"98\">\n<div class=\"elementor elementor-1041415\" data-elementor-type=\"jet-listing-items\" data-elementor-id=\"1041415\" data-elementor-post-type=\"jet-engine\">\n<div class=\"elementor-element elementor-element-8a737b3 e-flex e-con-boxed e-con e-parent\" data-id=\"8a737b3\" data-element_type=\"container\">\n<div class=\"e-con-inner\">\n<div class=\"elementor-element elementor-element-d6bf063 e-con-full e-flex e-con e-child\" data-id=\"d6bf063\" data-element_type=\"container\">\n<div class=\"elementor-element elementor-element-348f78d elementor-widget elementor-widget-jet-listing-dynamic-image\" data-id=\"348f78d\" data-element_type=\"widget\" data-widget_type=\"jet-listing-dynamic-image.default\">\n<div class=\"elementor-widget-container\">\n<div class=\"jet-listing jet-listing-dynamic-image\"><img loading=\"lazy\" decoding=\"async\" class=\"\" src=\"https:\/\/inesrosales.com\/wp-content\/uploads\/2024\/12\/sin-lactosa-2.png\" alt=\"laktosefrei-2.png\" width=\"29\" height=\"29\"><span style=\"font-size: 16px;\">LAKTOSEFREI: <\/span><span style=\"font-size: 16px;\">Geeignet f\u00fcr Menschen mit einer Laktoseallergie.<\/span><\/div>\n<\/div>\n<\/div>\n<\/div>\n<\/div>\n<\/div>\n<\/div>\n<\/div>\n<div class=\"jet-listing-grid__item jet-listing-dynamic-post-92\" data-post-id=\"92\">\n<div class=\"elementor elementor-1041415\" data-elementor-type=\"jet-listing-items\" data-elementor-id=\"1041415\" data-elementor-post-type=\"jet-engine\">\n<div class=\"elementor-element elementor-element-8a737b3 e-flex e-con-boxed e-con e-parent\" data-id=\"8a737b3\" data-element_type=\"container\">\n<div class=\"e-con-inner\">\n<div class=\"elementor-element elementor-element-d6bf063 e-con-full e-flex e-con e-child\" data-id=\"d6bf063\" data-element_type=\"container\">\n<div class=\"elementor-element elementor-element-348f78d elementor-widget elementor-widget-jet-listing-dynamic-image\" data-id=\"348f78d\" data-element_type=\"widget\" data-widget_type=\"jet-listing-dynamic-image.default\">\n<div class=\"elementor-widget-container\">\n<div class=\"jet-listing jet-listing-dynamic-image\"><img loading=\"lazy\" decoding=\"async\" class=\"\" src=\"https:\/\/inesrosales.com\/wp-content\/uploads\/2024\/12\/vegano.png\" alt=\"vegan.png\" width=\"31\" height=\"31\"><span style=\"font-size: 16px;\">VEGANE ZERTIFIZIERUNG: <\/span><span style=\"font-size: 16px;\">Das V-Label ist das international anerkannteste vegane Label.<\/span><\/div>\n<\/div>\n<\/div>\n<\/div>\n<\/div>\n<\/div>\n<\/div>\n<\/div>","protected":false},"excerpt":{"rendered":"<p>In\u00e9s Rosales Tortas Jengibre y Especias (Ingwer &amp; Gew\u00fcrz) Ed. Limitada de Sevilla, 120g <\/p>\n","protected":false},"featured_media":21285,"comment_status":"open","ping_status":"closed","template":"","meta":{"site-sidebar-layout":"default","site-content-layout":"","ast-site-content-layout":"default","site-content-style":"default","site-sidebar-style":"default","ast-global-header-display":"","ast-banner-title-visibility":"","ast-main-header-display":"","ast-hfb-above-header-display":"","ast-hfb-below-header-display":"","ast-hfb-mobile-header-display":"","site-post-title":"","ast-breadcrumbs-content":"","ast-featured-img":"","footer-sml-layout":"","ast-disable-related-posts":"","theme-transparent-header-meta":"default","adv-header-id-meta":"","stick-header-meta":"","header-above-stick-meta":"","header-main-stick-meta":"","header-below-stick-meta":"","astra-migrate-meta-layouts":"default","ast-page-background-enabled":"default","ast-page-background-meta":{"desktop":{"background-color":"var(--ast-global-color-4)","background-image":"","background-repeat":"repeat","background-position":"center center","background-size":"auto","background-attachment":"scroll","background-type":"","background-media":"","overlay-type":"","overlay-color":"","overlay-opacity":"","overlay-gradient":""},"tablet":{"background-color":"","background-image":"","background-repeat":"repeat","background-position":"center center","background-size":"auto","background-attachment":"scroll","background-type":"","background-media":"","overlay-type":"","overlay-color":"","overlay-opacity":"","overlay-gradient":""},"mobile":{"background-color":"","background-image":"","background-repeat":"repeat","background-position":"center center","background-size":"auto","background-attachment":"scroll","background-type":"","background-media":"","overlay-type":"","overlay-color":"","overlay-opacity":"","overlay-gradient":""}},"ast-content-background-meta":{"desktop":{"background-color":"var(--ast-global-color-5)","background-image":"","background-repeat":"repeat","background-position":"center center","background-size":"auto","background-attachment":"scroll","background-type":"","background-media":"","overlay-type":"","overlay-color":"","overlay-opacity":"","overlay-gradient":""},"tablet":{"background-color":"var(--ast-global-color-5)","background-image":"","background-repeat":"repeat","background-position":"center center","background-size":"auto","background-attachment":"scroll","background-type":"","background-media":"","overlay-type":"","overlay-color":"","overlay-opacity":"","overlay-gradient":""},"mobile":{"background-color":"var(--ast-global-color-5)","background-image":"","background-repeat":"repeat","background-position":"center center","background-size":"auto","background-attachment":"scroll","background-type":"","background-media":"","overlay-type":"","overlay-color":"","overlay-opacity":"","overlay-gradient":""}}},"product_brand":[1218],"product_cat":[15],"product_tag":[],"class_list":{"0":"post-21288","1":"product","2":"type-product","3":"status-publish","4":"has-post-thumbnail","6":"product_brand-ines-rosales","7":"product_cat-sin-categorizar","8":"desktop-align-left","9":"tablet-align-left","10":"mobile-align-left","12":"first","13":"outofstock","14":"taxable","15":"shipping-taxable","16":"purchasable","17":"product-type-simple"},"_links":{"self":[{"href":"https:\/\/andalubox.com\/de\/wp-json\/wp\/v2\/product\/21288","targetHints":{"allow":["GET"]}}],"collection":[{"href":"https:\/\/andalubox.com\/de\/wp-json\/wp\/v2\/product"}],"about":[{"href":"https:\/\/andalubox.com\/de\/wp-json\/wp\/v2\/types\/product"}],"replies":[{"embeddable":true,"href":"https:\/\/andalubox.com\/de\/wp-json\/wp\/v2\/comments?post=21288"}],"wp:featuredmedia":[{"embeddable":true,"href":"https:\/\/andalubox.com\/de\/wp-json\/wp\/v2\/media\/21285"}],"wp:attachment":[{"href":"https:\/\/andalubox.com\/de\/wp-json\/wp\/v2\/media?parent=21288"}],"wp:term":[{"taxonomy":"product_brand","embeddable":true,"href":"https:\/\/andalubox.com\/de\/wp-json\/wp\/v2\/product_brand?post=21288"},{"taxonomy":"product_cat","embeddable":true,"href":"https:\/\/andalubox.com\/de\/wp-json\/wp\/v2\/product_cat?post=21288"},{"taxonomy":"product_tag","embeddable":true,"href":"https:\/\/andalubox.com\/de\/wp-json\/wp\/v2\/product_tag?post=21288"}],"curies":[{"name":"wp","href":"https:\/\/api.w.org\/{rel}","templated":true}]}}