{"id":21271,"date":"2025-05-25T01:07:05","date_gmt":"2025-05-24T23:07:05","guid":{"rendered":"https:\/\/andalubox.com\/producto-andaluz\/marbella-blush-rose-75cl\/"},"modified":"2025-09-17T18:43:21","modified_gmt":"2025-09-17T16:43:21","slug":"marbella-blush-rose-75cl","status":"publish","type":"product","link":"https:\/\/andalubox.com\/de\/producto-andaluz\/marbella-blush-rose-75cl\/","title":{"rendered":"Marbella Blush Ros\u00e9 75cl"},"content":{"rendered":"<p>Marbella Blush Ros\u00e9 75cl<\/p>\n<p><strong>Alkoholgehalt:<\/strong> 13% vol.<\/p>\n<p><strong>VARIETY<\/strong><br>Syrah.<\/p>\n<p><strong>PRODUKTIONSGEBIET<\/strong><br>Finca Vista Hermosa (Fuente de Piedra).<\/p>\n<p><strong>WEINTYP<\/strong><br>Ros\u00e9 D.O. \u201eSierras de M\u00e1laga\u201c.<\/p>\n<p><strong>WEINHERSTELLUNG<\/strong><br>Aus einer strengen Auswahl der besten Trauben der Sorte Syrah. Kontrollierte G\u00e4rung bei niedriger Temperatur des durch direkte Schwerkraftpressung gewonnenen Mostes. Es werden sehr sanfte Behandlungen durchgef\u00fchrt, so dass nat\u00fcrliche Ausf\u00e4llungen auftreten k\u00f6nnen.  <\/p>\n<p><strong>ORGANOLEPTISCHE ANALYSE<\/strong><br>Helle, leuchtende Lachsfarbe. In der Nase duftend und intensiv mit Aromen von roten Fr\u00fcchten und blumigen Ankl\u00e4ngen. Im Mund ist er frisch und vollmundig und harmoniert mit einer ausgewogenen S\u00e4ure, zusammen mit leichten salzigen Noten und fruchtigen Ankl\u00e4ngen, die ein angenehmes Frischegef\u00fchl hinterlassen.  <\/p>\n<p><strong>PAIRING<\/strong><br>Gazpacho, Burrata-Salat, Sushi, Carpaccio vom Rind, Satay-Garnelenspie\u00dfe, gegrillter Hummer, Apfelkuchen.<\/p>\n<p><strong>VERBRAUCHSTEMPERATUR<\/strong><br>6\u00ba &#8211; 8\u00ba C.<\/p>\n<p><b>ALLERGIEN <\/b><br>Enth\u00e4lt Sulfite<\/p>","protected":false},"excerpt":{"rendered":"<p>Marbella Blush Ros\u00e9 75cl Alkoholgehalt: 13% vol. VARIETYSyrah. PRODUKTIONSGEBIETFinca Vista Hermosa (Fuente de Piedra). WEINTYPRos\u00e9 D.O. \u201eSierras de M\u00e1laga\u201c. WEINHERSTELLUNGAus einer strengen Auswahl der besten Trauben der Sorte Syrah. Kontrollierte G\u00e4rung bei niedriger Temperatur des durch direkte Schwerkraftpressung gewonnenen Mostes. Es werden sehr sanfte Behandlungen durchgef\u00fchrt, so dass nat\u00fcrliche Ausf\u00e4llungen auftreten k\u00f6nnen. ORGANOLEPTISCHE ANALYSEHelle, leuchtende [&hellip;]<\/p>\n","protected":false},"featured_media":21268,"comment_status":"open","ping_status":"closed","template":"","meta":{"site-sidebar-layout":"default","site-content-layout":"","ast-site-content-layout":"default","site-content-style":"default","site-sidebar-style":"default","ast-global-header-display":"","ast-banner-title-visibility":"","ast-main-header-display":"","ast-hfb-above-header-display":"","ast-hfb-below-header-display":"","ast-hfb-mobile-header-display":"","site-post-title":"","ast-breadcrumbs-content":"","ast-featured-img":"","footer-sml-layout":"","ast-disable-related-posts":"","theme-transparent-header-meta":"default","adv-header-id-meta":"","stick-header-meta":"","header-above-stick-meta":"","header-main-stick-meta":"","header-below-stick-meta":"","astra-migrate-meta-layouts":"default","ast-page-background-enabled":"default","ast-page-background-meta":{"desktop":{"background-color":"var(--ast-global-color-4)","background-image":"","background-repeat":"repeat","background-position":"center center","background-size":"auto","background-attachment":"scroll","background-type":"","background-media":"","overlay-type":"","overlay-color":"","overlay-opacity":"","overlay-gradient":""},"tablet":{"background-color":"","background-image":"","background-repeat":"repeat","background-position":"center center","background-size":"auto","background-attachment":"scroll","background-type":"","background-media":"","overlay-type":"","overlay-color":"","overlay-opacity":"","overlay-gradient":""},"mobile":{"background-color":"","background-image":"","background-repeat":"repeat","background-position":"center center","background-size":"auto","background-attachment":"scroll","background-type":"","background-media":"","overlay-type":"","overlay-color":"","overlay-opacity":"","overlay-gradient":""}},"ast-content-background-meta":{"desktop":{"background-color":"var(--ast-global-color-5)","background-image":"","background-repeat":"repeat","background-position":"center center","background-size":"auto","background-attachment":"scroll","background-type":"","background-media":"","overlay-type":"","overlay-color":"","overlay-opacity":"","overlay-gradient":""},"tablet":{"background-color":"var(--ast-global-color-5)","background-image":"","background-repeat":"repeat","background-position":"center center","background-size":"auto","background-attachment":"scroll","background-type":"","background-media":"","overlay-type":"","overlay-color":"","overlay-opacity":"","overlay-gradient":""},"mobile":{"background-color":"var(--ast-global-color-5)","background-image":"","background-repeat":"repeat","background-position":"center center","background-size":"auto","background-attachment":"scroll","background-type":"","background-media":"","overlay-type":"","overlay-color":"","overlay-opacity":"","overlay-gradient":""}}},"product_brand":[1293],"product_cat":[846],"product_tag":[],"class_list":{"0":"post-21271","1":"product","2":"type-product","3":"status-publish","4":"has-post-thumbnail","6":"product_brand-bodegas-malaga-virgen","7":"product_cat-rosewein-de","8":"desktop-align-left","9":"tablet-align-left","10":"mobile-align-left","12":"first","13":"outofstock","14":"taxable","15":"shipping-taxable","16":"purchasable","17":"product-type-simple"},"_links":{"self":[{"href":"https:\/\/andalubox.com\/de\/wp-json\/wp\/v2\/product\/21271","targetHints":{"allow":["GET"]}}],"collection":[{"href":"https:\/\/andalubox.com\/de\/wp-json\/wp\/v2\/product"}],"about":[{"href":"https:\/\/andalubox.com\/de\/wp-json\/wp\/v2\/types\/product"}],"replies":[{"embeddable":true,"href":"https:\/\/andalubox.com\/de\/wp-json\/wp\/v2\/comments?post=21271"}],"wp:featuredmedia":[{"embeddable":true,"href":"https:\/\/andalubox.com\/de\/wp-json\/wp\/v2\/media\/21268"}],"wp:attachment":[{"href":"https:\/\/andalubox.com\/de\/wp-json\/wp\/v2\/media?parent=21271"}],"wp:term":[{"taxonomy":"product_brand","embeddable":true,"href":"https:\/\/andalubox.com\/de\/wp-json\/wp\/v2\/product_brand?post=21271"},{"taxonomy":"product_cat","embeddable":true,"href":"https:\/\/andalubox.com\/de\/wp-json\/wp\/v2\/product_cat?post=21271"},{"taxonomy":"product_tag","embeddable":true,"href":"https:\/\/andalubox.com\/de\/wp-json\/wp\/v2\/product_tag?post=21271"}],"curies":[{"name":"wp","href":"https:\/\/api.w.org\/{rel}","templated":true}]}}