{"id":21263,"date":"2025-05-25T01:03:51","date_gmt":"2025-05-24T23:03:51","guid":{"rendered":"https:\/\/andalubox.com\/producto-andaluz\/malaga-jungfraeulicher-dunkel-75cl\/"},"modified":"2025-09-17T18:46:55","modified_gmt":"2025-09-17T16:46:55","slug":"malaga-jungfraeulicher-dunkel-75cl","status":"publish","type":"product","link":"https:\/\/andalubox.com\/de\/producto-andaluz\/malaga-jungfraeulicher-dunkel-75cl\/","title":{"rendered":"Malaga Virgin Dunkel, 75cl"},"content":{"rendered":"<p>Malaga Virgin Dunkel, 75cl<\/p>\n<p><strong>Alkoholgehalt<\/strong>: 17% vol.<br>Nettozucker. 250 g\/l ungef\u00e4hr.  <\/p>\n<p><strong>VARIETY<\/strong><br>Pedro Xim\u00e9nez.<\/p>\n<p><strong>PRODUKTIONSGEBIET<br><\/strong>Finca Vista Hermosa (Fuente de Piedra).<\/p>\n<p><strong>Weintyp<\/strong><br>S\u00fc\u00dfer Pedro Xim\u00e9nez-Lik\u00f6rwein, der aus jungen Weinen aus sonnengetrockneten Trauben, nat\u00fcrlichen S\u00fc\u00dfweinen und Weinen aus dem Weinberg mit einem Durchschnittsalter von etwa 20 Jahren hergestellt wird. \u201eD.O. Malaga\u201c. <\/p>\n<p><strong>WEINHERSTELLUNG<\/strong><br>Oxidativer Ausbau in hundertj\u00e4hrigen amerikanischen Eichenf\u00e4ssern. Es werden sehr sanfte Behandlungen durchgef\u00fchrt, so dass nat\u00fcrliche Ausf\u00e4llungen auftreten k\u00f6nnen. <\/p>\n<p><strong>ORGANOLEPTISCHE ANALYSE<\/strong><br>Intensive Ebenholzfarbe mit jodhaltigem Schimmer, breite und faule Tr\u00e4nen. S\u00fc\u00dfe Aromen von Sultaninen, Datteln und Karamell, vor dem Hintergrund von ger\u00f6steter und ger\u00f6steter, dunkler Schokolade und Kaffee. Am Gaumen ist er komplex und harmonisch. Sein Einstieg ist s\u00fc\u00df, mit einem langen und einh\u00fcllenden Nachgeschmack, sehr anhaltend.   <\/p>\n<p><strong>VERBRAUCHSTEMPERATUR<\/strong><br>8\u00ba &#8211; 10\u00ba C<\/p>\n<p><b>ALLERGIEN <\/b><br>Enth\u00e4lt Sulfite.<\/p>","protected":false},"excerpt":{"rendered":"<p>Malaga Virgin Dunkel, 75cl Alkoholgehalt: 17% vol.Nettozucker. 250 g\/l ungef\u00e4hr. VARIETYPedro Xim\u00e9nez. PRODUKTIONSGEBIETFinca Vista Hermosa (Fuente de Piedra). WeintypS\u00fc\u00dfer Pedro Xim\u00e9nez-Lik\u00f6rwein, der aus jungen Weinen aus sonnengetrockneten Trauben, nat\u00fcrlichen S\u00fc\u00dfweinen und Weinen aus dem Weinberg mit einem Durchschnittsalter von etwa 20 Jahren hergestellt wird. \u201eD.O. Malaga\u201c. WEINHERSTELLUNGOxidativer Ausbau in hundertj\u00e4hrigen amerikanischen Eichenf\u00e4ssern. Es werden sehr [&hellip;]<\/p>\n","protected":false},"featured_media":21260,"comment_status":"open","ping_status":"closed","template":"","meta":{"site-sidebar-layout":"default","site-content-layout":"","ast-site-content-layout":"default","site-content-style":"default","site-sidebar-style":"default","ast-global-header-display":"","ast-banner-title-visibility":"","ast-main-header-display":"","ast-hfb-above-header-display":"","ast-hfb-below-header-display":"","ast-hfb-mobile-header-display":"","site-post-title":"","ast-breadcrumbs-content":"","ast-featured-img":"","footer-sml-layout":"","ast-disable-related-posts":"","theme-transparent-header-meta":"default","adv-header-id-meta":"","stick-header-meta":"","header-above-stick-meta":"","header-main-stick-meta":"","header-below-stick-meta":"","astra-migrate-meta-layouts":"default","ast-page-background-enabled":"default","ast-page-background-meta":{"desktop":{"background-color":"var(--ast-global-color-4)","background-image":"","background-repeat":"repeat","background-position":"center center","background-size":"auto","background-attachment":"scroll","background-type":"","background-media":"","overlay-type":"","overlay-color":"","overlay-opacity":"","overlay-gradient":""},"tablet":{"background-color":"","background-image":"","background-repeat":"repeat","background-position":"center center","background-size":"auto","background-attachment":"scroll","background-type":"","background-media":"","overlay-type":"","overlay-color":"","overlay-opacity":"","overlay-gradient":""},"mobile":{"background-color":"","background-image":"","background-repeat":"repeat","background-position":"center center","background-size":"auto","background-attachment":"scroll","background-type":"","background-media":"","overlay-type":"","overlay-color":"","overlay-opacity":"","overlay-gradient":""}},"ast-content-background-meta":{"desktop":{"background-color":"var(--ast-global-color-5)","background-image":"","background-repeat":"repeat","background-position":"center center","background-size":"auto","background-attachment":"scroll","background-type":"","background-media":"","overlay-type":"","overlay-color":"","overlay-opacity":"","overlay-gradient":""},"tablet":{"background-color":"var(--ast-global-color-5)","background-image":"","background-repeat":"repeat","background-position":"center center","background-size":"auto","background-attachment":"scroll","background-type":"","background-media":"","overlay-type":"","overlay-color":"","overlay-opacity":"","overlay-gradient":""},"mobile":{"background-color":"var(--ast-global-color-5)","background-image":"","background-repeat":"repeat","background-position":"center center","background-size":"auto","background-attachment":"scroll","background-type":"","background-media":"","overlay-type":"","overlay-color":"","overlay-opacity":"","overlay-gradient":""}}},"product_brand":[1293],"product_cat":[15],"product_tag":[],"class_list":{"0":"post-21263","1":"product","2":"type-product","3":"status-publish","4":"has-post-thumbnail","6":"product_brand-bodegas-malaga-virgen","7":"product_cat-sin-categorizar","8":"desktop-align-left","9":"tablet-align-left","10":"mobile-align-left","12":"first","13":"outofstock","14":"taxable","15":"shipping-taxable","16":"product-type-simple"},"_links":{"self":[{"href":"https:\/\/andalubox.com\/de\/wp-json\/wp\/v2\/product\/21263","targetHints":{"allow":["GET"]}}],"collection":[{"href":"https:\/\/andalubox.com\/de\/wp-json\/wp\/v2\/product"}],"about":[{"href":"https:\/\/andalubox.com\/de\/wp-json\/wp\/v2\/types\/product"}],"replies":[{"embeddable":true,"href":"https:\/\/andalubox.com\/de\/wp-json\/wp\/v2\/comments?post=21263"}],"wp:featuredmedia":[{"embeddable":true,"href":"https:\/\/andalubox.com\/de\/wp-json\/wp\/v2\/media\/21260"}],"wp:attachment":[{"href":"https:\/\/andalubox.com\/de\/wp-json\/wp\/v2\/media?parent=21263"}],"wp:term":[{"taxonomy":"product_brand","embeddable":true,"href":"https:\/\/andalubox.com\/de\/wp-json\/wp\/v2\/product_brand?post=21263"},{"taxonomy":"product_cat","embeddable":true,"href":"https:\/\/andalubox.com\/de\/wp-json\/wp\/v2\/product_cat?post=21263"},{"taxonomy":"product_tag","embeddable":true,"href":"https:\/\/andalubox.com\/de\/wp-json\/wp\/v2\/product_tag?post=21263"}],"curies":[{"name":"wp","href":"https:\/\/api.w.org\/{rel}","templated":true}]}}