{"id":21160,"date":"2025-05-24T19:45:08","date_gmt":"2025-05-24T17:45:08","guid":{"rendered":"https:\/\/andalubox.com\/producto-andaluz\/el-muelle-de-olaso-weisswein-aus-cadiz-75cl\/"},"modified":"2025-09-17T19:04:27","modified_gmt":"2025-09-17T17:04:27","slug":"el-muelle-de-olaso-weisswein-aus-cadiz-75cl","status":"publish","type":"product","link":"https:\/\/andalubox.com\/de\/producto-andaluz\/el-muelle-de-olaso-weisswein-aus-cadiz-75cl\/","title":{"rendered":"El Muelle de Olaso Wei\u00dfwein aus dem Land von C\u00e1diz 75cl"},"content":{"rendered":"<p><strong>El Muelle de Olaso Wei\u00dfwein aus Tierra de C\u00e1diz 75cl. Ein schmackhafter, muskul\u00f6ser, grasiger Wein.<\/strong><\/p>\n<p>Die Muelle de Olaso, ist eine Hommage an den Herkunftsort von Luis P\u00e9rez. Zu Beginn des 20. Jahrhunderts lie\u00df der Marquis von Olaso in Bajo de Guia (Sanl\u00facar de Barrameda) diese Anlegestelle errichten, die als Ausgangspunkt f\u00fcr die \u00dcberfahrt nach Sevilla auf dem Fluss diente. Dieser Wein repr\u00e4sentiert unsere Vision, wohin die Zukunft unserer Region geht. Eintritt in die Sherrys von Vinos de Pasto, unter Wahrung der Identit\u00e4t.     <\/p>\n<h2 class=\"product-description__title\"><span style=\"font-size: 12pt;\">Verkostungsnotizen Luis P\u00e9rez El Muelle de Olaso 2024<\/span><\/h2>\n<div class=\"product-description__content\">\n<p>Junger Wei\u00dfwein.<\/p>\n<p><span style=\"font-size: 16px;\">Luis P\u00e9rez El Muelle de Olaso 2024 ist ein charmanter Wei\u00dfwein, der auf den ersten Blick durch seine blassgelbe Farbe und seinen Glanz besticht. Wenn Sie das Glas an die Nase halten, entfalten sich tropische Aromen, die an die S\u00fc\u00dfe von Ananas, die Exotik von Bananen und einen frischen Hauch von Birne und Apfel erinnern. Am Gaumen \u00fcberrascht er mit seiner Kraft und seinem nachdr\u00fccklichen Geschmack, der von mineralischen Empfindungen mit salzigem Charakter unterst\u00fctzt wird. Er besitzt eine latente Frische, die sich in einem sehr befriedigenden Nachgeschmack niederschl\u00e4gt. Dieser Wein zeichnet sich durch sein harmonisches Gleichgewicht zwischen Kraft und Frische aus und ist damit eine sehr empfehlenswerte Wahl f\u00fcr alle, die einen lebendigen Wei\u00dfwein mit Pers\u00f6nlichkeit suchen.    <\/span><\/p>\n<div class=\"col-12 col-sm-6 product-features__item product-features__item--13\"><img decoding=\"async\" class=\"product-features__item__img lazyloaded\" src=\"https:\/\/www.decantalo.com\/es\/themes\/classic-rocket\/assets\/img\/features\/13.png\" alt=\"Bodegas Luis P\u00e9rez\" width=\"28\" height=\"25\" data-src=\"https:\/\/www.decantalo.com\/es\/themes\/classic-rocket\/assets\/img\/features\/13.png\"><span class=\"product-features__item__name\" style=\"font-size: 16px;\">Weingut: Bodegas Luis P\u00e9rez<\/span><\/div>\n<div><img decoding=\"async\" class=\"product-features__item__img lazyloaded\" src=\"https:\/\/www.decantalo.com\/es\/themes\/classic-rocket\/assets\/img\/features\/7.png\" alt=\"Andalusien\" width=\"28\" height=\"25\" data-src=\"https:\/\/www.decantalo.com\/es\/themes\/classic-rocket\/assets\/img\/features\/7.png\"><span class=\"product-features__item__name\" style=\"font-size: 16px;\">Erzeugungsgebiet: Andalusien<\/span><\/div>\n<div><img decoding=\"async\" class=\"product-features__item__img lazyloaded\" src=\"https:\/\/www.decantalo.com\/es\/themes\/classic-rocket\/assets\/img\/features\/12.png\" alt=\"VT Cadiz\" width=\"28\" height=\"25\" data-src=\"https:\/\/www.decantalo.com\/es\/themes\/classic-rocket\/assets\/img\/features\/12.png\"><span style=\"font-size: 16px;\">Ursprungsbezeichnung: VT C\u00e1diz<\/span><\/div>\n<div class=\"col-12 col-sm-6 product-features__item product-features__item--46\"><img loading=\"lazy\" decoding=\"async\" class=\"product-features__item__img lazyloaded\" src=\"https:\/\/www.decantalo.com\/es\/themes\/classic-rocket\/assets\/img\/features\/46.png\" alt=\"100% Palomino\" width=\"28\" height=\"25\" data-src=\"https:\/\/www.decantalo.com\/es\/themes\/classic-rocket\/assets\/img\/features\/46.png\"><span class=\"product-features__item__name\" style=\"font-size: 16px;\">Sorten: <\/span><span class=\"product-features__item__value\" style=\"font-size: 16px;\">100% Palomino<\/span><\/div>\n<div class=\"col-12 col-sm-6 product-features__item product-features__item--10001\"><img loading=\"lazy\" decoding=\"async\" class=\"product-features__item__img lazyloaded\" src=\"https:\/\/www.decantalo.com\/es\/themes\/classic-rocket\/assets\/img\/features\/volumen.png\" alt=\"75 cl.\" width=\"28\" height=\"25\" data-src=\"https:\/\/www.decantalo.com\/es\/themes\/classic-rocket\/assets\/img\/features\/volumen.png\"><span class=\"product-features__item__name\" style=\"font-size: 16px;\">Volumen: <\/span><span class=\"product-features__item__value\" style=\"font-size: 16px;\">75 cl.<\/span><\/div>\n<div><img loading=\"lazy\" decoding=\"async\" class=\"product-features__item__img product-features__item__img--3 lazyloaded\" src=\"https:\/\/www.decantalo.com\/es\/themes\/classic-rocket\/assets\/img\/features\/3.png\" alt=\"14.00%\" width=\"28\" height=\"25\" data-src=\"https:\/\/www.decantalo.com\/es\/themes\/classic-rocket\/assets\/img\/features\/3.png\"><span class=\"product-features__item__name\" style=\"font-size: 16px;\">Alkohol: <\/span><span class=\"product-features__item__value\" style=\"font-size: 16px;\">14.00%<\/span><\/div>\n<\/div>","protected":false},"excerpt":{"rendered":"<p>El Muelle de Olaso Wei\u00dfwein aus Tierra de C\u00e1diz 75cl. Ein schmackhafter, muskul\u00f6ser, grasiger Wein. Die Muelle de Olaso, ist eine Hommage an den Herkunftsort von Luis P\u00e9rez. Zu Beginn des 20. Jahrhunderts lie\u00df der Marquis von Olaso in Bajo de Guia (Sanl\u00facar de Barrameda) diese Anlegestelle errichten, die als Ausgangspunkt f\u00fcr die \u00dcberfahrt nach [&hellip;]<\/p>\n","protected":false},"featured_media":21157,"comment_status":"open","ping_status":"closed","template":"","meta":{"site-sidebar-layout":"default","site-content-layout":"","ast-site-content-layout":"default","site-content-style":"default","site-sidebar-style":"default","ast-global-header-display":"","ast-banner-title-visibility":"","ast-main-header-display":"","ast-hfb-above-header-display":"","ast-hfb-below-header-display":"","ast-hfb-mobile-header-display":"","site-post-title":"","ast-breadcrumbs-content":"","ast-featured-img":"","footer-sml-layout":"","ast-disable-related-posts":"","theme-transparent-header-meta":"default","adv-header-id-meta":"","stick-header-meta":"","header-above-stick-meta":"","header-main-stick-meta":"","header-below-stick-meta":"","astra-migrate-meta-layouts":"default","ast-page-background-enabled":"default","ast-page-background-meta":{"desktop":{"background-color":"var(--ast-global-color-4)","background-image":"","background-repeat":"repeat","background-position":"center center","background-size":"auto","background-attachment":"scroll","background-type":"","background-media":"","overlay-type":"","overlay-color":"","overlay-opacity":"","overlay-gradient":""},"tablet":{"background-color":"","background-image":"","background-repeat":"repeat","background-position":"center center","background-size":"auto","background-attachment":"scroll","background-type":"","background-media":"","overlay-type":"","overlay-color":"","overlay-opacity":"","overlay-gradient":""},"mobile":{"background-color":"","background-image":"","background-repeat":"repeat","background-position":"center center","background-size":"auto","background-attachment":"scroll","background-type":"","background-media":"","overlay-type":"","overlay-color":"","overlay-opacity":"","overlay-gradient":""}},"ast-content-background-meta":{"desktop":{"background-color":"var(--ast-global-color-5)","background-image":"","background-repeat":"repeat","background-position":"center center","background-size":"auto","background-attachment":"scroll","background-type":"","background-media":"","overlay-type":"","overlay-color":"","overlay-opacity":"","overlay-gradient":""},"tablet":{"background-color":"var(--ast-global-color-5)","background-image":"","background-repeat":"repeat","background-position":"center center","background-size":"auto","background-attachment":"scroll","background-type":"","background-media":"","overlay-type":"","overlay-color":"","overlay-opacity":"","overlay-gradient":""},"mobile":{"background-color":"var(--ast-global-color-5)","background-image":"","background-repeat":"repeat","background-position":"center center","background-size":"auto","background-attachment":"scroll","background-type":"","background-media":"","overlay-type":"","overlay-color":"","overlay-opacity":"","overlay-gradient":""}}},"product_brand":[1290],"product_cat":[342],"product_tag":[],"class_list":{"0":"post-21160","1":"product","2":"type-product","3":"status-publish","4":"has-post-thumbnail","6":"product_brand-bodegas-luis-perez","7":"product_cat-weiswein","8":"desktop-align-left","9":"tablet-align-left","10":"mobile-align-left","12":"first","13":"instock","14":"taxable","15":"shipping-taxable","16":"purchasable","17":"product-type-simple"},"_links":{"self":[{"href":"https:\/\/andalubox.com\/de\/wp-json\/wp\/v2\/product\/21160","targetHints":{"allow":["GET"]}}],"collection":[{"href":"https:\/\/andalubox.com\/de\/wp-json\/wp\/v2\/product"}],"about":[{"href":"https:\/\/andalubox.com\/de\/wp-json\/wp\/v2\/types\/product"}],"replies":[{"embeddable":true,"href":"https:\/\/andalubox.com\/de\/wp-json\/wp\/v2\/comments?post=21160"}],"wp:featuredmedia":[{"embeddable":true,"href":"https:\/\/andalubox.com\/de\/wp-json\/wp\/v2\/media\/21157"}],"wp:attachment":[{"href":"https:\/\/andalubox.com\/de\/wp-json\/wp\/v2\/media?parent=21160"}],"wp:term":[{"taxonomy":"product_brand","embeddable":true,"href":"https:\/\/andalubox.com\/de\/wp-json\/wp\/v2\/product_brand?post=21160"},{"taxonomy":"product_cat","embeddable":true,"href":"https:\/\/andalubox.com\/de\/wp-json\/wp\/v2\/product_cat?post=21160"},{"taxonomy":"product_tag","embeddable":true,"href":"https:\/\/andalubox.com\/de\/wp-json\/wp\/v2\/product_tag?post=21160"}],"curies":[{"name":"wp","href":"https:\/\/api.w.org\/{rel}","templated":true}]}}