{"id":21070,"date":"2025-05-23T10:54:53","date_gmt":"2025-05-23T08:54:53","guid":{"rendered":"https:\/\/andalubox.com\/producto-andaluz\/avoblend-kakao-und-avocadocreme-aus-andalusien-50-avocado-150g\/"},"modified":"2026-01-27T09:43:02","modified_gmt":"2026-01-27T08:43:02","slug":"avoblend-kakao-und-avocadocreme-aus-andalusien-50-avocado-150g","status":"publish","type":"product","link":"https:\/\/andalubox.com\/de\/producto-andaluz\/avoblend-kakao-und-avocadocreme-aus-andalusien-50-avocado-150g\/","title":{"rendered":"Avoblend Avocado- und Kakaocreme aus Andalusien (49% Avocado), 150g"},"content":{"rendered":"<p><strong>Avoblend Avocado- und Kakaocreme aus Andalusien (49% Avocado), 150g<\/strong><\/p>\n<p><span style=\"font-size: 16px;\">Eine gesunde Alternative f\u00fcr Naschkatzen.<\/span><\/p>\n<div class=\"elementor-element elementor-element-b58d7b7 elementor-hidden-mobile e-flex e-con-boxed e-con e-parent e-lazyloaded\" data-id=\"b58d7b7\" data-element_type=\"container\">\n<div class=\"e-con-inner\">\n<div class=\"elementor-element elementor-element-6943c68 elementor-widget-divider--view-line_icon elementor-view-default elementor-widget-divider--element-align-center elementor-widget elementor-widget-divider\" data-id=\"6943c68\" data-element_type=\"widget\" data-widget_type=\"divider.default\">\n<div class=\"elementor-widget-container\">\n<div class=\"elementor-divider\">\n<div class=\"elementor-icon elementor-divider__element\">\n<p><strong>Nat\u00fcrliches Aroma.  <span style=\"font-size: 12pt;\">Lebensmittelinnovation, eine Alternative zu traditionellen Saucen.<\/span><\/strong><\/p>\n<p><strong>AVOblend <\/strong>bietet kreative, k\u00f6stliche, vielseitige und gesunde gastronomische L\u00f6sungen, bei denen die Avocado die Hauptzutat ist. <span style=\"font-size: 16px;\">Mit umfangreicher Forschung und Entwicklung <\/span><span style=\"font-size: 16px;\"> verwandelt<\/span><strong style=\"font-size: 16px;\">AVOblend<\/strong> diese Frucht in einzigartige Brotaufstriche, die \u00fcber die klassische Guacamole hinausgehen. Deshalb wird jede der Saucen aus 60% Avocadofruchtfleisch hergestellt, was eine cremige Textur und einen unwiederholbaren Geschmack garantiert, ohne k\u00fcnstliche Konservierungsstoffe oder Zucker.<\/p>\n<p><strong>AVOblend <\/strong>Produkte sind 100% pflanzlich, f\u00fcr Veganer geeignet und reich an Ballaststoffen, Kalium, Magnesium und Vitamin E.<\/p>\n<div class=\"elementor-element elementor-element-20d2170 e-con-full e-flex e-con e-child\" data-id=\"20d2170\" data-element_type=\"container\">\n<div class=\"elementor-element elementor-element-0261112 elementor-widget elementor-widget-text-editor\" data-id=\"0261112\" data-element_type=\"widget\" data-widget_type=\"text-editor.default\">\n<div class=\"elementor-widget-container\">\n<p>Ob als Aufstrich auf Toast, zur Verfeinerung von Salaten oder als perfekter Dip zum Teilen, <strong>AVOblend<\/strong> bietet eine praktische und k\u00f6stliche M\u00f6glichkeit, Avocado zu genie\u00dfen.<\/p>\n<div class=\"elementor-element elementor-element-fff82fd elementor-widget elementor-widget-text-editor\" data-id=\"fff82fd\" data-element_type=\"widget\" data-widget_type=\"text-editor.default\">\n<div class=\"elementor-widget-container\">\n<p>Es handelt sich um eine Reihe von So\u00dfen und Cremes, die nat\u00fcrliche Zutaten kombinieren und ein perfektes Gleichgewicht zwischen Geschmack und Gesundheit herstellen.<\/p>\n<main id=\"content\" class=\"site-main post-532 page type-page status-publish hentry\">\n<div class=\"page-content\">\n<div class=\"elementor elementor-532\" data-elementor-type=\"wp-page\" data-elementor-id=\"532\" data-elementor-post-type=\"page\">\n<div class=\"elementor-element elementor-element-e0719ab e-flex e-con-boxed e-con e-parent e-lazyloaded\" data-id=\"e0719ab\" data-element_type=\"container\" data-settings=\"{\"background_background\":\"classic\"}\">\n<div class=\"e-con-inner\">\n<div class=\"elementor-element elementor-element-7eec0a5 e-con-full e-flex e-con e-child\" data-id=\"7eec0a5\" data-element_type=\"container\">\n<div class=\"elementor-element elementor-element-0eddd33 elementor-widget elementor-widget-text-editor\" data-id=\"0eddd33\" data-element_type=\"widget\" data-widget_type=\"text-editor.default\">\n<div class=\"elementor-widget-container\">\n<p><strong>AVOblend<\/strong> bietet 100% pflanzliche Produkte ohne k\u00fcnstliche Konservierungsstoffe oder Zuckerzusatz an, die allen Lebensstilen und Vorlieben gerecht werden.<\/p>\n<div class=\"elementor-element elementor-element-3a137a4 e-con-full e-flex e-con e-child\" data-id=\"3a137a4\" data-element_type=\"container\">\n<div class=\"elementor-element elementor-element-6c06d79 elementor-position-top elementor-widget elementor-widget-image-box\" data-id=\"6c06d79\" data-element_type=\"widget\" data-widget_type=\"image-box.default\">\n<div class=\"elementor-widget-container\">\n<div class=\"elementor-image-box-wrapper\">\n<div class=\"elementor-image-box-content\">\n<h3 class=\"elementor-image-box-title\">Nat\u00fcrliche Inhaltsstoffe \ud83e\udd51\u2728<\/h3>\n<p class=\"elementor-image-box-description\">100% nat\u00fcrliche Zutaten von h\u00f6chster Qualit\u00e4t, die einen frischen und authentischen Geschmack garantieren.<\/p>\n<\/div>\n<\/div>\n<\/div>\n<\/div>\n<\/div>\n<div class=\"elementor-element elementor-element-47b75c7 e-con-full e-flex e-con e-child\" data-id=\"47b75c7\" data-element_type=\"container\">\n<div class=\"elementor-element elementor-element-7d69228 elementor-position-top elementor-widget elementor-widget-image-box\" data-id=\"7d69228\" data-element_type=\"widget\" data-widget_type=\"image-box.default\">\n<div class=\"elementor-widget-container\">\n<div class=\"elementor-image-box-wrapper\">\n<div class=\"elementor-image-box-content\">\n<h3 class=\"elementor-image-box-title\">100% pflanzliches Produkt\ud83c\udf31<\/h3>\n<p class=\"elementor-image-box-description\">F\u00fcr Veganer geeignet, ohne tierische Bestandteile.<\/p>\n<\/div>\n<\/div>\n<\/div>\n<\/div>\n<\/div>\n<div class=\"elementor-element elementor-element-f3c2f71 e-con-full e-flex e-con e-child\" data-id=\"f3c2f71\" data-element_type=\"container\">\n<div class=\"elementor-element elementor-element-22022b6 elementor-position-top elementor-widget elementor-widget-image-box\" data-id=\"22022b6\" data-element_type=\"widget\" data-widget_type=\"image-box.default\">\n<div class=\"elementor-widget-container\">\n<div class=\"elementor-image-box-wrapper\">\n<div class=\"elementor-image-box-content\">\n<h3 class=\"elementor-image-box-title\">Reich an essentiellen N\u00e4hrstoffen\ud83d\udc9a<\/h3>\n<p class=\"elementor-image-box-description\">Reich an Ballaststoffen, Kalium, Magnesium und Vitamin E, die der Gesundheit f\u00f6rderlich sind.<\/p>\n<\/div>\n<\/div>\n<\/div>\n<\/div>\n<\/div>\n<div class=\"elementor-element elementor-element-38cad31 e-con-full e-flex e-con e-child\" data-id=\"38cad31\" data-element_type=\"container\">\n<div class=\"elementor-element elementor-element-b7fd99d elementor-position-top elementor-widget elementor-widget-image-box\" data-id=\"b7fd99d\" data-element_type=\"widget\" data-widget_type=\"image-box.default\">\n<div class=\"elementor-widget-container\">\n<div class=\"elementor-image-box-wrapper\">\n<div class=\"elementor-image-box-content\">\n<h3 class=\"elementor-image-box-title\">Vielseitigkeit in der K\u00fcche \ud83c\udf7d\ufe0f<\/h3>\n<p class=\"elementor-image-box-description\">Perfekt zu Toast, Salaten oder als Dip f\u00fcr Vorspeisen.<\/p>\n<\/div>\n<\/div>\n<\/div>\n<\/div>\n<\/div>\n<div class=\"elementor-element elementor-element-636fd4b e-con-full e-flex e-con e-child\" data-id=\"636fd4b\" data-element_type=\"container\">\n<div class=\"elementor-element elementor-element-3a83a0d elementor-position-top elementor-widget elementor-widget-image-box\" data-id=\"3a83a0d\" data-element_type=\"widget\" data-widget_type=\"image-box.default\">\n<div class=\"elementor-widget-container\">\n<div class=\"elementor-image-box-wrapper\">\n<div class=\"elementor-image-box-content\">\n<h3 class=\"elementor-image-box-title\">Einzigartig in der Ern\u00e4hrung \ud83e\udd57<\/h3>\n<p class=\"elementor-image-box-description\">Es liefert wichtige N\u00e4hrstoffe f\u00fcr eine ausgewogene Ern\u00e4hrung.<\/p>\n<\/div>\n<\/div>\n<\/div>\n<\/div>\n<\/div>\n<\/div>\n<\/div>\n<\/div>\n<\/div>\n<\/div>\n<\/div>\n<\/div>\n<\/main><\/div>\n<\/div>\n<\/div>\n<\/div>\n<\/div>\n<\/div>\n<\/div>\n<\/div>\n<\/div>\n<\/div>\n<\/div>\n<div class=\"elementor-element elementor-element-68eadb5 e-con-full elementor-hidden-mobile e-flex e-con e-parent e-lazyloaded\" data-id=\"68eadb5\" data-element_type=\"container\">\n<div class=\"elementor-element elementor-element-4277b38 e-con-full e-flex e-con e-child\" data-id=\"4277b38\" data-element_type=\"container\">\n<div class=\"elementor-element elementor-element-10dbdc7 elementor-position-top elementor-widget elementor-widget-image-box\" data-id=\"10dbdc7\" data-element_type=\"widget\" data-widget_type=\"image-box.default\">\n<div class=\"elementor-widget-container\"> <\/div>\n<\/div>\n<\/div>\n<\/div>","protected":false},"excerpt":{"rendered":"<p>Avoblend Avocado- und Kakaocreme aus Andalusien (49% Avocado), 150g Eine gesunde Alternative f\u00fcr Naschkatzen. Nat\u00fcrliches Aroma. Lebensmittelinnovation, eine Alternative zu traditionellen Saucen. AVOblend bietet kreative, k\u00f6stliche, vielseitige und gesunde gastronomische L\u00f6sungen, bei denen die Avocado die Hauptzutat ist. Mit umfangreicher Forschung und Entwicklung verwandeltAVOblend diese Frucht in einzigartige Brotaufstriche, die \u00fcber die klassische Guacamole hinausgehen. [&hellip;]<\/p>\n","protected":false},"featured_media":30775,"comment_status":"open","ping_status":"closed","template":"","meta":{"site-sidebar-layout":"default","site-content-layout":"","ast-site-content-layout":"default","site-content-style":"default","site-sidebar-style":"default","ast-global-header-display":"","ast-banner-title-visibility":"","ast-main-header-display":"","ast-hfb-above-header-display":"","ast-hfb-below-header-display":"","ast-hfb-mobile-header-display":"","site-post-title":"","ast-breadcrumbs-content":"","ast-featured-img":"","footer-sml-layout":"","ast-disable-related-posts":"","theme-transparent-header-meta":"default","adv-header-id-meta":"","stick-header-meta":"","header-above-stick-meta":"","header-main-stick-meta":"","header-below-stick-meta":"","astra-migrate-meta-layouts":"default","ast-page-background-enabled":"default","ast-page-background-meta":{"desktop":{"background-color":"var(--ast-global-color-4)","background-image":"","background-repeat":"repeat","background-position":"center center","background-size":"auto","background-attachment":"scroll","background-type":"","background-media":"","overlay-type":"","overlay-color":"","overlay-opacity":"","overlay-gradient":""},"tablet":{"background-color":"","background-image":"","background-repeat":"repeat","background-position":"center center","background-size":"auto","background-attachment":"scroll","background-type":"","background-media":"","overlay-type":"","overlay-color":"","overlay-opacity":"","overlay-gradient":""},"mobile":{"background-color":"","background-image":"","background-repeat":"repeat","background-position":"center center","background-size":"auto","background-attachment":"scroll","background-type":"","background-media":"","overlay-type":"","overlay-color":"","overlay-opacity":"","overlay-gradient":""}},"ast-content-background-meta":{"desktop":{"background-color":"var(--ast-global-color-5)","background-image":"","background-repeat":"repeat","background-position":"center center","background-size":"auto","background-attachment":"scroll","background-type":"","background-media":"","overlay-type":"","overlay-color":"","overlay-opacity":"","overlay-gradient":""},"tablet":{"background-color":"var(--ast-global-color-5)","background-image":"","background-repeat":"repeat","background-position":"center center","background-size":"auto","background-attachment":"scroll","background-type":"","background-media":"","overlay-type":"","overlay-color":"","overlay-opacity":"","overlay-gradient":""},"mobile":{"background-color":"var(--ast-global-color-5)","background-image":"","background-repeat":"repeat","background-position":"center center","background-size":"auto","background-attachment":"scroll","background-type":"","background-media":"","overlay-type":"","overlay-color":"","overlay-opacity":"","overlay-gradient":""}}},"product_brand":[1281],"product_cat":[15],"product_tag":[],"class_list":{"0":"post-21070","1":"product","2":"type-product","3":"status-publish","4":"has-post-thumbnail","6":"product_brand-avoblend","7":"product_cat-sin-categorizar","8":"desktop-align-left","9":"tablet-align-left","10":"mobile-align-left","12":"first","13":"instock","14":"taxable","15":"shipping-taxable","16":"purchasable","17":"product-type-simple"},"_links":{"self":[{"href":"https:\/\/andalubox.com\/de\/wp-json\/wp\/v2\/product\/21070","targetHints":{"allow":["GET"]}}],"collection":[{"href":"https:\/\/andalubox.com\/de\/wp-json\/wp\/v2\/product"}],"about":[{"href":"https:\/\/andalubox.com\/de\/wp-json\/wp\/v2\/types\/product"}],"replies":[{"embeddable":true,"href":"https:\/\/andalubox.com\/de\/wp-json\/wp\/v2\/comments?post=21070"}],"wp:featuredmedia":[{"embeddable":true,"href":"https:\/\/andalubox.com\/de\/wp-json\/wp\/v2\/media\/30775"}],"wp:attachment":[{"href":"https:\/\/andalubox.com\/de\/wp-json\/wp\/v2\/media?parent=21070"}],"wp:term":[{"taxonomy":"product_brand","embeddable":true,"href":"https:\/\/andalubox.com\/de\/wp-json\/wp\/v2\/product_brand?post=21070"},{"taxonomy":"product_cat","embeddable":true,"href":"https:\/\/andalubox.com\/de\/wp-json\/wp\/v2\/product_cat?post=21070"},{"taxonomy":"product_tag","embeddable":true,"href":"https:\/\/andalubox.com\/de\/wp-json\/wp\/v2\/product_tag?post=21070"}],"curies":[{"name":"wp","href":"https:\/\/api.w.org\/{rel}","templated":true}]}}