{"id":20996,"date":"2025-05-22T11:12:43","date_gmt":"2025-05-22T09:12:43","guid":{"rendered":"https:\/\/andalubox.com\/producto-andaluz\/biobetica-beticao-loesliches-bio-800gr\/"},"modified":"2026-01-27T11:06:36","modified_gmt":"2026-01-27T10:06:36","slug":"biobetica-beticao-loesliches-bio-800gr","status":"publish","type":"product","link":"https:\/\/andalubox.com\/de\/producto-andaluz\/biobetica-beticao-loesliches-bio-800gr\/","title":{"rendered":"Biobeticao Beticao Bio Kakao l\u00f6slich Bio, 800g"},"content":{"rendered":"<h2><span style=\"font-size: 12pt;\">Biobeticao Beticao Bio Kakao l\u00f6slich Bio, 800g<\/span><\/h2>\n<h2><span style=\"font-size: 12pt;\">Beschreibung<\/span><\/h2>\n<h2><span style=\"font-size: 12pt;\">L\u00f6slicher Bio-Kakao aus Beticao, der authentischste Geschmack<\/span><\/h2>\n<p>Beticao l\u00f6slicher Bio-Kakao von <a href=\"https:\/\/biobetica.com\/\" target=\"_blank\" rel=\"noopener\">bioB\u00e9tica<\/a>, mit intensivem Geschmack, hergestellt aus Produkten aus biologischem Anbau.<\/p>\n<p>Zutaten: Vollrohrzucker*, halbfettes Kakaopulver*.<\/p>\n<p><strong>* Aus \u00f6kologischer Landwirtschaft<\/strong><\/p>\n<p data-sourcepos=\"5:1-5:15\"><strong>Vorteile:<\/strong><\/p>\n<ul data-sourcepos=\"7:1-12:0\">\n\t<li data-sourcepos=\"7:1-7:126\"><strong>Intensiver und authentischer Geschmack<\/strong>: Beticao bewahrt den gesamten Geschmack und das Aroma von reinem Kakao, ohne zus\u00e4tzliche Konservierungsstoffe.<\/li>\n\t<li data-sourcepos=\"8:1-8:100\"><strong>Energielieferant<\/strong>: Kakao ist ein nat\u00fcrlicher Energielieferant, ideal f\u00fcr einen starken Start in den Tag.<\/li>\n\t<li data-sourcepos=\"9:1-9:135\"><strong>Reich an Antioxidantien<\/strong>: Kakao enth\u00e4lt eine gro\u00dfe Menge an Antioxidantien, die helfen, die Zellen vor oxidativen Sch\u00e4den zu sch\u00fctzen.<\/li>\n\t<li data-sourcepos=\"10:1-10:155\"><strong>Verbessert die Stimmung<\/strong>: Kakao stimuliert die Produktion von Serotonin, einem Hormon, das die Stimmung reguliert und ein Gef\u00fchl des Wohlbefindens erzeugt.<\/li>\n\t<li data-sourcepos=\"11:1-12:0\"><strong>Vielseitig<\/strong>: Beticao kann pur, mit Milch, in Shakes, Smoothies oder sogar in Dessertrezepten genossen werden.<\/li>\n<\/ul>\n<p data-sourcepos=\"48:1-48:19\"><strong>Gebrauchsanweisung:<\/strong><\/p>\n<p data-sourcepos=\"50:1-50:165\">Um eine Tasse Beticao zuzubereiten, l\u00f6sen Sie 1-2 Essl\u00f6ffel des Produkts in 250 ml hei\u00dfer oder kalter Milch auf. Sie k\u00f6nnen einen der <a href=\"https:\/\/biobetica.com\/categoria-producto\/edulcorantes-bio\/\" target=\"_blank\" rel=\"noopener\">S\u00fc\u00dfstoffe<\/a> von bioB\u00e9tica hinzuf\u00fcgen, obwohl es empfehlenswert ist, ihn ohne zus\u00e4tzlichen S\u00fc\u00dfstoff zu genie\u00dfen, da das Produkt bereits Zucker in ausgewogener Weise zusammen mit dem Kakaoaroma enth\u00e4lt. <\/p>\n<p data-sourcepos=\"52:1-52:17\"><strong>Konservierung:<\/strong><\/p>\n<p data-sourcepos=\"54:1-54:109\">K\u00fchl und trocken aufbewahren. Beachten Sie das Mindesthaltbarkeitsdatum auf dem Produktetikett. <\/p>\n<h3>DURCHSCHNITTLICHER ERN\u00c4HRUNGSWERT in 100 gr:<\/h3>\n<p>&nbsp;<\/p>\n<p>Energiewert : 1612,7 kJ \/ 381,2 kcal.<\/p>\n<p>Fett : 2,8 g.<\/p>\n<p>davon: ges\u00e4ttigt : 1.7 g.<\/p>\n<p>Kohlenhydrate : 78,4 g.<\/p>\n<p>davon: Zucker : 75,3 g.<\/p>\n<p>Eiwei\u00df : 6,8 g.<\/p>\n<p>Salz : 0 g.<\/p>\n<p>Ballaststoffe: 7,9 g.<\/p>","protected":false},"excerpt":{"rendered":"<p>Biobeticao Beticao Bio Kakao l\u00f6slich, 800g in ganz Europa.<\/p>\n","protected":false},"featured_media":21000,"comment_status":"open","ping_status":"closed","template":"","meta":{"site-sidebar-layout":"default","site-content-layout":"","ast-site-content-layout":"default","site-content-style":"default","site-sidebar-style":"default","ast-global-header-display":"","ast-banner-title-visibility":"","ast-main-header-display":"","ast-hfb-above-header-display":"","ast-hfb-below-header-display":"","ast-hfb-mobile-header-display":"","site-post-title":"","ast-breadcrumbs-content":"","ast-featured-img":"","footer-sml-layout":"","ast-disable-related-posts":"","theme-transparent-header-meta":"default","adv-header-id-meta":"","stick-header-meta":"","header-above-stick-meta":"","header-main-stick-meta":"","header-below-stick-meta":"","astra-migrate-meta-layouts":"default","ast-page-background-enabled":"default","ast-page-background-meta":{"desktop":{"background-color":"var(--ast-global-color-4)","background-image":"","background-repeat":"repeat","background-position":"center center","background-size":"auto","background-attachment":"scroll","background-type":"","background-media":"","overlay-type":"","overlay-color":"","overlay-opacity":"","overlay-gradient":""},"tablet":{"background-color":"","background-image":"","background-repeat":"repeat","background-position":"center center","background-size":"auto","background-attachment":"scroll","background-type":"","background-media":"","overlay-type":"","overlay-color":"","overlay-opacity":"","overlay-gradient":""},"mobile":{"background-color":"","background-image":"","background-repeat":"repeat","background-position":"center center","background-size":"auto","background-attachment":"scroll","background-type":"","background-media":"","overlay-type":"","overlay-color":"","overlay-opacity":"","overlay-gradient":""}},"ast-content-background-meta":{"desktop":{"background-color":"var(--ast-global-color-5)","background-image":"","background-repeat":"repeat","background-position":"center center","background-size":"auto","background-attachment":"scroll","background-type":"","background-media":"","overlay-type":"","overlay-color":"","overlay-opacity":"","overlay-gradient":""},"tablet":{"background-color":"var(--ast-global-color-5)","background-image":"","background-repeat":"repeat","background-position":"center center","background-size":"auto","background-attachment":"scroll","background-type":"","background-media":"","overlay-type":"","overlay-color":"","overlay-opacity":"","overlay-gradient":""},"mobile":{"background-color":"var(--ast-global-color-5)","background-image":"","background-repeat":"repeat","background-position":"center center","background-size":"auto","background-attachment":"scroll","background-type":"","background-media":"","overlay-type":"","overlay-color":"","overlay-opacity":"","overlay-gradient":""}}},"product_brand":[1317],"product_cat":[15],"product_tag":[],"class_list":{"0":"post-20996","1":"product","2":"type-product","3":"status-publish","4":"has-post-thumbnail","6":"product_brand-biobetica","7":"product_cat-sin-categorizar","8":"desktop-align-left","9":"tablet-align-left","10":"mobile-align-left","12":"first","13":"outofstock","14":"taxable","15":"shipping-taxable","16":"purchasable","17":"product-type-simple"},"_links":{"self":[{"href":"https:\/\/andalubox.com\/de\/wp-json\/wp\/v2\/product\/20996","targetHints":{"allow":["GET"]}}],"collection":[{"href":"https:\/\/andalubox.com\/de\/wp-json\/wp\/v2\/product"}],"about":[{"href":"https:\/\/andalubox.com\/de\/wp-json\/wp\/v2\/types\/product"}],"replies":[{"embeddable":true,"href":"https:\/\/andalubox.com\/de\/wp-json\/wp\/v2\/comments?post=20996"}],"wp:featuredmedia":[{"embeddable":true,"href":"https:\/\/andalubox.com\/de\/wp-json\/wp\/v2\/media\/21000"}],"wp:attachment":[{"href":"https:\/\/andalubox.com\/de\/wp-json\/wp\/v2\/media?parent=20996"}],"wp:term":[{"taxonomy":"product_brand","embeddable":true,"href":"https:\/\/andalubox.com\/de\/wp-json\/wp\/v2\/product_brand?post=20996"},{"taxonomy":"product_cat","embeddable":true,"href":"https:\/\/andalubox.com\/de\/wp-json\/wp\/v2\/product_cat?post=20996"},{"taxonomy":"product_tag","embeddable":true,"href":"https:\/\/andalubox.com\/de\/wp-json\/wp\/v2\/product_tag?post=20996"}],"curies":[{"name":"wp","href":"https:\/\/api.w.org\/{rel}","templated":true}]}}