{"id":20919,"date":"2025-05-22T09:39:19","date_gmt":"2025-05-22T07:39:19","guid":{"rendered":"https:\/\/andalubox.com\/producto-andaluz\/quadis-vino-de-la-tierra-de-cadiz-junger-wein-75cl\/"},"modified":"2025-09-02T22:29:22","modified_gmt":"2025-09-02T20:29:22","slug":"quadis-vino-de-la-tierra-de-cadiz-junger-wein-75cl","status":"publish","type":"product","link":"https:\/\/andalubox.com\/de\/producto-andaluz\/quadis-vino-de-la-tierra-de-cadiz-junger-wein-75cl\/","title":{"rendered":"Quadis Joven Rotwein aus C\u00e1diz 75cl"},"content":{"rendered":"<p>Quadis Joven Rotwein aus C\u00e1diz 75cl<\/p>\n<p><strong>Beschreibung des Produkts:<\/strong><\/p>\n<p>Quadis, ein Name, der von einer alten Appellation der Stadt C\u00e1diz inspiriert ist, gibt dem ersten andalusischen Rotwein aus demselben Land, in dem er geboren wurde, seinen Namen. Damit wird eine der wichtigsten Enklaven der heutigen Zeit mit einem Wein gleichen Namens und gleicher Gr\u00f6\u00dfe geehrt.<\/p>\n<div id=\"product-info\" class=\"et_pb_row_inner et_pb_row_inner_1_tb_body\">\n<div class=\"et_pb_column et_pb_column_3_8 et_pb_column_inner et_pb_column_inner_2_tb_body columns-2 et-last-child\">\n<div class=\"et_pb_module et_pb_text et_pb_text_3_tb_body content-overflow et_pb_text_align_left et_pb_bg_layout_light\">\n<div class=\"et_pb_text_inner\">\n<div class=\"woocommerce et-dynamic-content-woo et-dynamic-content-woo--product_short_description\">\n<p>Hergestellt aus Syrah, Merlot, Petit Verdot und Tintilla de Rota, verf\u00fchrt Quadis Joven mit seiner intensiven roten Farbe und berauscht mit seinem Aroma von Fr\u00fcchten, Gew\u00fcrzen und Zimt. Am Gaumen besticht er durch seinen weichen, seidigen Einstieg. <\/p>\n<p><strong>Technisches Datenblatt:<\/strong><\/p>\n<div class=\"block-infoproduct ds-grid\">\n<div class=\"ds-grid-item ds-grid-item1\">\n<p class=\"title\">Weingut: <a href=\"https:\/\/www.barbadillo.com\/bodega\/barbadillo\/\" target=\"_blank\" rel=\"noopener\">Barbadillo<\/a><\/p>\n<\/div>\n<div class=\"ds-grid-item ds-grid-item2\">\n<p class=\"title\">Typ: <a href=\"https:\/\/www.barbadillo.com\/vinos\/tintos\/\" rel=\"tag noopener\" target=\"_blank\">Rote<\/a><\/p>\n<\/div>\n<div class=\"ds-grid-item ds-grid-item3\">\n<p class=\"title\">Identit\u00e4t: Tinto Joven<\/p>\n<\/div>\n<div class=\"ds-grid-item ds-grid-item4\">\n<p class=\"title\">Jahrgang: 2023<\/p>\n<\/div>\n<\/div>\n<div class=\"block-infoproduct ds-grid\">\n<div class=\"ds-grid-item ds-grid-item1\">\n<p class=\"title\">Ursprungsbezeichnung: Vino de la Tierra de C\u00e1diz<\/p>\n<\/div>\n<div class=\"ds-grid-item ds-grid-item2\">\n<p class=\"title\">Trauben: Syrah, Cabernet Sauvignon und Tintilla de Rota,<\/p>\n<\/div>\n<div class=\"ds-grid-item ds-grid-item3\">\n<p class=\"title\">Alkohol: 15.5% Alkohol: 15.5% Alkohol: 15.5% Alkohol: 15.5% Alkohol: 15.5% Alkohol<\/p>\n<\/div>\n<div class=\"ds-grid-item ds-grid-item4\">\n<p class=\"title\">Verbrauchstemperatur: 15\u00ba.<\/p>\n<\/div>\n<\/div>\n<\/div>\n<\/div>\n<\/div>\n<\/div>\n<\/div>\n<div class=\"et_pb_row_inner et_pb_row_inner_2_tb_body\">\n<div class=\"et_pb_column et_pb_column_4_4 et_pb_column_inner et_pb_column_inner_3_tb_body et-last-child\">\n<div class=\"et_pb_module et_pb_code et_pb_code_1_tb_body block-productsinfo\">\n<div class=\"et_pb_code_inner\">\n<div class=\"et_pb_module et_pb_accordion et_pb_accordion_0_tb_body\">\n<div class=\"et_pb_toggle et_pb_module et_pb_accordion_item et_pb_accordion_item_0_tb_body et_pb_toggle_open\"> <\/div>\n<\/div>\n<\/div>\n<\/div>\n<\/div>\n<\/div>","protected":false},"excerpt":{"rendered":"<p>Quadis Joven Vino Tinto de C\u00e1diz 75cl f\u00fcr den Export nach ganz Europa.<\/p>\n","protected":false},"featured_media":20932,"template":"","meta":{"site-sidebar-layout":"default","site-content-layout":"","ast-site-content-layout":"default","site-content-style":"default","site-sidebar-style":"default","ast-global-header-display":"","ast-banner-title-visibility":"","ast-main-header-display":"","ast-hfb-above-header-display":"","ast-hfb-below-header-display":"","ast-hfb-mobile-header-display":"","site-post-title":"","ast-breadcrumbs-content":"","ast-featured-img":"","footer-sml-layout":"","ast-disable-related-posts":"","theme-transparent-header-meta":"default","adv-header-id-meta":"","stick-header-meta":"","header-above-stick-meta":"","header-main-stick-meta":"","header-below-stick-meta":"","astra-migrate-meta-layouts":"default","ast-page-background-enabled":"default","ast-page-background-meta":{"desktop":{"background-color":"var(--ast-global-color-4)","background-image":"","background-repeat":"repeat","background-position":"center center","background-size":"auto","background-attachment":"scroll","background-type":"","background-media":"","overlay-type":"","overlay-color":"","overlay-opacity":"","overlay-gradient":""},"tablet":{"background-color":"","background-image":"","background-repeat":"repeat","background-position":"center center","background-size":"auto","background-attachment":"scroll","background-type":"","background-media":"","overlay-type":"","overlay-color":"","overlay-opacity":"","overlay-gradient":""},"mobile":{"background-color":"","background-image":"","background-repeat":"repeat","background-position":"center center","background-size":"auto","background-attachment":"scroll","background-type":"","background-media":"","overlay-type":"","overlay-color":"","overlay-opacity":"","overlay-gradient":""}},"ast-content-background-meta":{"desktop":{"background-color":"var(--ast-global-color-5)","background-image":"","background-repeat":"repeat","background-position":"center center","background-size":"auto","background-attachment":"scroll","background-type":"","background-media":"","overlay-type":"","overlay-color":"","overlay-opacity":"","overlay-gradient":""},"tablet":{"background-color":"var(--ast-global-color-5)","background-image":"","background-repeat":"repeat","background-position":"center center","background-size":"auto","background-attachment":"scroll","background-type":"","background-media":"","overlay-type":"","overlay-color":"","overlay-opacity":"","overlay-gradient":""},"mobile":{"background-color":"var(--ast-global-color-5)","background-image":"","background-repeat":"repeat","background-position":"center center","background-size":"auto","background-attachment":"scroll","background-type":"","background-media":"","overlay-type":"","overlay-color":"","overlay-opacity":"","overlay-gradient":""}}},"product_brand":[1314],"product_cat":[343],"product_tag":[],"class_list":{"0":"post-20919","1":"product","2":"type-product","3":"status-publish","4":"has-post-thumbnail","6":"product_brand-bodegas-barbadillo","7":"product_cat-rotwein","8":"desktop-align-left","9":"tablet-align-left","10":"mobile-align-left","12":"first","13":"instock","14":"taxable","15":"shipping-taxable","16":"purchasable","17":"product-type-simple"},"_links":{"self":[{"href":"https:\/\/andalubox.com\/de\/wp-json\/wp\/v2\/product\/20919","targetHints":{"allow":["GET"]}}],"collection":[{"href":"https:\/\/andalubox.com\/de\/wp-json\/wp\/v2\/product"}],"about":[{"href":"https:\/\/andalubox.com\/de\/wp-json\/wp\/v2\/types\/product"}],"wp:featuredmedia":[{"embeddable":true,"href":"https:\/\/andalubox.com\/de\/wp-json\/wp\/v2\/media\/20932"}],"wp:attachment":[{"href":"https:\/\/andalubox.com\/de\/wp-json\/wp\/v2\/media?parent=20919"}],"wp:term":[{"taxonomy":"product_brand","embeddable":true,"href":"https:\/\/andalubox.com\/de\/wp-json\/wp\/v2\/product_brand?post=20919"},{"taxonomy":"product_cat","embeddable":true,"href":"https:\/\/andalubox.com\/de\/wp-json\/wp\/v2\/product_cat?post=20919"},{"taxonomy":"product_tag","embeddable":true,"href":"https:\/\/andalubox.com\/de\/wp-json\/wp\/v2\/product_tag?post=20919"}],"curies":[{"name":"wp","href":"https:\/\/api.w.org\/{rel}","templated":true}]}}