{"id":20724,"date":"2025-05-13T11:39:38","date_gmt":"2025-05-13T09:39:38","guid":{"rendered":"https:\/\/andalubox.com\/producto-andaluz\/ines-rosales-sevilla-100-natuerlicher-rosmarin-thymian-kuchen-120gr\/"},"modified":"2026-01-27T10:38:25","modified_gmt":"2026-01-27T09:38:25","slug":"ines-rosales-sevilla-100-natuerlicher-rosmarin-thymian-kuchen-120gr","status":"publish","type":"product","link":"https:\/\/andalubox.com\/de\/producto-andaluz\/ines-rosales-sevilla-100-natuerlicher-rosmarin-thymian-kuchen-120gr\/","title":{"rendered":"In\u00e9s Rosales 100% nat\u00fcrliche Rosmarin-Thymian-Kekse aus Sevilla, 120g"},"content":{"rendered":"<p>In\u00e9s Rosales 100% nat\u00fcrliche Rosmarin-Thymian-Kekse aus Sevilla, 120g<\/p>\n<p>Jetzt In\u00e9s Rosales mit 100% nat\u00fcrlichen Zutaten, mit Rosmarin und Thymian und nur 26% nativem Oliven\u00f6l extra.<\/p>\n<p>Jetzt In\u00e9s Rosales 100% nat\u00fcrliche Tortas aus Sevilla f\u00fcr ganz Europa.<\/p>\n<p>Pack-6 Einheiten<\/p>\n<div class=\"elementor-element elementor-element-132972a elementor-widget__width-inherit elementor-widget elementor-widget-text-editor\" data-id=\"132972a\" data-element_type=\"widget\" data-widget_type=\"text-editor.default\">\n<div class=\"elementor-widget-container\">Die aromatischen Noten von Rosmarin und Thymian erinnern an das <strong>Mittelmeer<\/strong> und schaffen mit jedem Bissen ein sensorisches Erlebnis. Diese Kr\u00e4uter <strong>intensivieren den Geschmack der \u00fcbrigen Zutaten<\/strong> und verleihen dieser gleicherma\u00dfen exquisiten wie gesunden Sorte Pers\u00f6nlichkeit. Unsere Tortas de Aceite werden mit <strong>Nativem Oliven\u00f6l Extra und ausgew\u00e4hlten nat\u00fcrlichen Zutaten<\/strong> hergestellt, die typisch f\u00fcr die mediterrane Ern\u00e4hrung sind.  <\/div>\n<\/div>\n<div class=\"elementor-element elementor-element-870e7bd elementor-widget__width-inherit elementor-widget elementor-widget-heading\" data-id=\"870e7bd\" data-element_type=\"widget\" data-widget_type=\"heading.default\">\n<div class=\"elementor-widget-container\"><strong>Zutaten<\/strong>: <span style=\"font-size: 16px;\">Weizenmehl, natives Oliven\u00f6l extra (26%), Weizenmehl mit Kleie (18%), Zucker, Meersalz, Thymian (0,7%), Rosmarin (0,3%) und Sesamsamen.<\/span><\/div>\n<div><strong>Allergene<\/strong>: Weizenmehl<span style=\"font-size: 16px;\">, <\/span>Weizenmehl mit Kleie <span style=\"font-size: 16px;\">und Sesamsamen <\/span><span style=\"font-size: 16px;\">.<\/span><\/div>\n<div><strong>Zusammensetzung<\/strong>: pro 100g<\/div>\n<div>Energiewert: 2207kj\/528kcal<\/div>\n<div>Fett: 29g<\/div>\n<div>Ges\u00e4ttigte Fette: 4.5g<\/div>\n<div>Kohlenhydrate: 58g<\/div>\n<div>Davon Zucker: 4.1g<\/div>\n<div>Eiwei\u00df: 7,1g<\/div>\n<div> <\/div>\n<div>\n<div class=\"elementor-element elementor-element-f0504e5 e-flex e-con-boxed e-con e-parent\" data-id=\"f0504e5\" data-element_type=\"container\">\n<div class=\"e-con-inner\">\n<div class=\"elementor-element elementor-element-93c3c9a elementor-widget elementor-widget-heading\" data-id=\"93c3c9a\" data-element_type=\"widget\" data-widget_type=\"heading.default\">\n<div class=\"elementor-widget-container\"> <\/div>\n<\/div>\n<\/div>\n<\/div>\n<\/div>\n<\/div>","protected":false},"excerpt":{"rendered":"<p>In\u00e9s Rosales Tortas 100% nat\u00fcrlicher Rosmarin und Thymian aus Sevilla, 120g in ganz Europa<\/p>\n","protected":false},"featured_media":20721,"comment_status":"open","ping_status":"closed","template":"","meta":{"site-sidebar-layout":"default","site-content-layout":"","ast-site-content-layout":"default","site-content-style":"default","site-sidebar-style":"default","ast-global-header-display":"","ast-banner-title-visibility":"","ast-main-header-display":"","ast-hfb-above-header-display":"","ast-hfb-below-header-display":"","ast-hfb-mobile-header-display":"","site-post-title":"","ast-breadcrumbs-content":"","ast-featured-img":"","footer-sml-layout":"","ast-disable-related-posts":"","theme-transparent-header-meta":"default","adv-header-id-meta":"","stick-header-meta":"","header-above-stick-meta":"","header-main-stick-meta":"","header-below-stick-meta":"","astra-migrate-meta-layouts":"default","ast-page-background-enabled":"default","ast-page-background-meta":{"desktop":{"background-color":"var(--ast-global-color-4)","background-image":"","background-repeat":"repeat","background-position":"center center","background-size":"auto","background-attachment":"scroll","background-type":"","background-media":"","overlay-type":"","overlay-color":"","overlay-opacity":"","overlay-gradient":""},"tablet":{"background-color":"","background-image":"","background-repeat":"repeat","background-position":"center center","background-size":"auto","background-attachment":"scroll","background-type":"","background-media":"","overlay-type":"","overlay-color":"","overlay-opacity":"","overlay-gradient":""},"mobile":{"background-color":"","background-image":"","background-repeat":"repeat","background-position":"center center","background-size":"auto","background-attachment":"scroll","background-type":"","background-media":"","overlay-type":"","overlay-color":"","overlay-opacity":"","overlay-gradient":""}},"ast-content-background-meta":{"desktop":{"background-color":"var(--ast-global-color-5)","background-image":"","background-repeat":"repeat","background-position":"center center","background-size":"auto","background-attachment":"scroll","background-type":"","background-media":"","overlay-type":"","overlay-color":"","overlay-opacity":"","overlay-gradient":""},"tablet":{"background-color":"var(--ast-global-color-5)","background-image":"","background-repeat":"repeat","background-position":"center center","background-size":"auto","background-attachment":"scroll","background-type":"","background-media":"","overlay-type":"","overlay-color":"","overlay-opacity":"","overlay-gradient":""},"mobile":{"background-color":"var(--ast-global-color-5)","background-image":"","background-repeat":"repeat","background-position":"center center","background-size":"auto","background-attachment":"scroll","background-type":"","background-media":"","overlay-type":"","overlay-color":"","overlay-opacity":"","overlay-gradient":""}}},"product_brand":[1218],"product_cat":[15],"product_tag":[],"class_list":{"0":"post-20724","1":"product","2":"type-product","3":"status-publish","4":"has-post-thumbnail","6":"product_brand-ines-rosales","7":"product_cat-sin-categorizar","8":"desktop-align-left","9":"tablet-align-left","10":"mobile-align-left","12":"first","13":"instock","14":"taxable","15":"shipping-taxable","16":"purchasable","17":"product-type-simple"},"_links":{"self":[{"href":"https:\/\/andalubox.com\/de\/wp-json\/wp\/v2\/product\/20724","targetHints":{"allow":["GET"]}}],"collection":[{"href":"https:\/\/andalubox.com\/de\/wp-json\/wp\/v2\/product"}],"about":[{"href":"https:\/\/andalubox.com\/de\/wp-json\/wp\/v2\/types\/product"}],"replies":[{"embeddable":true,"href":"https:\/\/andalubox.com\/de\/wp-json\/wp\/v2\/comments?post=20724"}],"wp:featuredmedia":[{"embeddable":true,"href":"https:\/\/andalubox.com\/de\/wp-json\/wp\/v2\/media\/20721"}],"wp:attachment":[{"href":"https:\/\/andalubox.com\/de\/wp-json\/wp\/v2\/media?parent=20724"}],"wp:term":[{"taxonomy":"product_brand","embeddable":true,"href":"https:\/\/andalubox.com\/de\/wp-json\/wp\/v2\/product_brand?post=20724"},{"taxonomy":"product_cat","embeddable":true,"href":"https:\/\/andalubox.com\/de\/wp-json\/wp\/v2\/product_cat?post=20724"},{"taxonomy":"product_tag","embeddable":true,"href":"https:\/\/andalubox.com\/de\/wp-json\/wp\/v2\/product_tag?post=20724"}],"curies":[{"name":"wp","href":"https:\/\/api.w.org\/{rel}","templated":true}]}}