{"id":20391,"date":"2025-04-24T11:05:52","date_gmt":"2025-04-24T09:05:52","guid":{"rendered":"https:\/\/andalubox.com\/producto-andaluz\/micaela-oloroso-sanlucar-75cl\/"},"modified":"2025-09-20T08:43:24","modified_gmt":"2025-09-20T06:43:24","slug":"micaela-oloroso-sanlucar-75cl","status":"publish","type":"product","link":"https:\/\/andalubox.com\/de\/producto-andaluz\/micaela-oloroso-sanlucar-75cl\/","title":{"rendered":"Micaela Oloroso de Sanl\u00facar, 75cl"},"content":{"rendered":"<div class=\"woocommerce-product-details__short-description\">\n<p><strong>Micaela Oloroso de Sanl\u00facar, 75cl<\/strong><\/p>\n<p><strong>Art des Weins<\/strong>: Generoso<\/p>\n<p><strong>Rebsorte<\/strong>: Palomino Fino<\/p>\n<p><strong>Ursprungsbezeichnung<\/strong>: Jerez-X\u00e9r\u00e8z-Sherry<\/p>\n<p><strong>Durchschnittsalter:<\/strong> 10 Jahre<\/p>\n<p><strong>Ausbau und Reifung<\/strong>: Die aus der vollst\u00e4ndigen G\u00e4rung von Palomino-Traubenmosten stammenden Olorosos sind &#8220;Berufs&#8221;-Weine; die besondere Struktur, die sie von Anfang an aufweisen, r\u00e4t den Verkostern, sie f\u00fcr eine oxidative Reifung zu klassifizieren. Der anf\u00e4ngliche Kopf bei 17% vol. Alkohol verhindert die Entwicklung des Flor-Schleiers, so dass der Wein durch das traditionelle System der Criaderas und Solera jederzeit der langsamen Einwirkung von Sauerstoff ausgesetzt ist. Der langsame Wasserverlust durch die W\u00e4nde der Holzf\u00e4sser beg\u00fcnstigt einen kontinuierlichen Konzentrationsprozess, durch den der Wein an Struktur, Geschmeidigkeit und Komplexit\u00e4t gewinnt.  <\/p>\n<\/div>\n<div class=\"woovr-variations woovr-variations-default\" data-click=\"1\" data-description=\"no\">\n<div class=\"woovr-variation woovr-variation-radio woovr-variation-active\" style=\"background: transparent; border: 0px; margin: 0px -5px; padding: 0px; vertical-align: baseline; align-items: center; cursor: pointer;\" data-id=\"1114\" data-pid=\"1106\" data-sku=\"\" data-purchasable=\"yes\" data-attrs=\"{\"attribute_pa_pack\":\"1-botella\"}\" data-price=\"12.9\" data-regular-price=\"12.9\" data-pricehtml=\"&lt;span class=\"woocommerce-Price-amount amount\"&gt;&lt;bdi&gt;12,90&lt;span class=\"woocommerce-Price-currencySymbol\"&gt;\u20ac&lt;\/span&gt;&lt;\/bdi&gt;&lt;\/span&gt;\" data-imagesrc=\"https:\/\/bodegasbaron.es\/wp-content\/uploads\/2020\/05\/micaela_oloroso_bodegas_baron-161x300.jpg\" data-availability=\"\" data-weight=\"1 kg\" data-dimensions=\"N\/D\" data-images=\"no\"> <\/div>\n<\/div>","protected":false},"excerpt":{"rendered":"<p>Micaela Oloroso de Sanl\u00facar, 75cl in ganz Europa<\/p>\n","protected":false},"featured_media":31044,"comment_status":"open","ping_status":"closed","template":"","meta":{"site-sidebar-layout":"default","site-content-layout":"","ast-site-content-layout":"default","site-content-style":"default","site-sidebar-style":"default","ast-global-header-display":"","ast-banner-title-visibility":"","ast-main-header-display":"","ast-hfb-above-header-display":"","ast-hfb-below-header-display":"","ast-hfb-mobile-header-display":"","site-post-title":"","ast-breadcrumbs-content":"","ast-featured-img":"","footer-sml-layout":"","ast-disable-related-posts":"","theme-transparent-header-meta":"default","adv-header-id-meta":"","stick-header-meta":"","header-above-stick-meta":"","header-main-stick-meta":"","header-below-stick-meta":"","astra-migrate-meta-layouts":"default","ast-page-background-enabled":"default","ast-page-background-meta":{"desktop":{"background-color":"var(--ast-global-color-4)","background-image":"","background-repeat":"repeat","background-position":"center center","background-size":"auto","background-attachment":"scroll","background-type":"","background-media":"","overlay-type":"","overlay-color":"","overlay-opacity":"","overlay-gradient":""},"tablet":{"background-color":"","background-image":"","background-repeat":"repeat","background-position":"center center","background-size":"auto","background-attachment":"scroll","background-type":"","background-media":"","overlay-type":"","overlay-color":"","overlay-opacity":"","overlay-gradient":""},"mobile":{"background-color":"","background-image":"","background-repeat":"repeat","background-position":"center center","background-size":"auto","background-attachment":"scroll","background-type":"","background-media":"","overlay-type":"","overlay-color":"","overlay-opacity":"","overlay-gradient":""}},"ast-content-background-meta":{"desktop":{"background-color":"var(--ast-global-color-5)","background-image":"","background-repeat":"repeat","background-position":"center center","background-size":"auto","background-attachment":"scroll","background-type":"","background-media":"","overlay-type":"","overlay-color":"","overlay-opacity":"","overlay-gradient":""},"tablet":{"background-color":"var(--ast-global-color-5)","background-image":"","background-repeat":"repeat","background-position":"center center","background-size":"auto","background-attachment":"scroll","background-type":"","background-media":"","overlay-type":"","overlay-color":"","overlay-opacity":"","overlay-gradient":""},"mobile":{"background-color":"var(--ast-global-color-5)","background-image":"","background-repeat":"repeat","background-position":"center center","background-size":"auto","background-attachment":"scroll","background-type":"","background-media":"","overlay-type":"","overlay-color":"","overlay-opacity":"","overlay-gradient":""}}},"product_brand":[1320],"product_cat":[],"product_tag":[],"class_list":{"0":"post-20391","1":"product","2":"type-product","3":"status-publish","4":"has-post-thumbnail","6":"product_brand-bodegas-baron","7":"desktop-align-left","8":"tablet-align-left","9":"mobile-align-left","11":"first","12":"instock","13":"taxable","14":"shipping-taxable","15":"purchasable","16":"product-type-simple"},"_links":{"self":[{"href":"https:\/\/andalubox.com\/de\/wp-json\/wp\/v2\/product\/20391","targetHints":{"allow":["GET"]}}],"collection":[{"href":"https:\/\/andalubox.com\/de\/wp-json\/wp\/v2\/product"}],"about":[{"href":"https:\/\/andalubox.com\/de\/wp-json\/wp\/v2\/types\/product"}],"replies":[{"embeddable":true,"href":"https:\/\/andalubox.com\/de\/wp-json\/wp\/v2\/comments?post=20391"}],"wp:featuredmedia":[{"embeddable":true,"href":"https:\/\/andalubox.com\/de\/wp-json\/wp\/v2\/media\/31044"}],"wp:attachment":[{"href":"https:\/\/andalubox.com\/de\/wp-json\/wp\/v2\/media?parent=20391"}],"wp:term":[{"taxonomy":"product_brand","embeddable":true,"href":"https:\/\/andalubox.com\/de\/wp-json\/wp\/v2\/product_brand?post=20391"},{"taxonomy":"product_cat","embeddable":true,"href":"https:\/\/andalubox.com\/de\/wp-json\/wp\/v2\/product_cat?post=20391"},{"taxonomy":"product_tag","embeddable":true,"href":"https:\/\/andalubox.com\/de\/wp-json\/wp\/v2\/product_tag?post=20391"}],"curies":[{"name":"wp","href":"https:\/\/api.w.org\/{rel}","templated":true}]}}