{"id":20335,"date":"2025-04-24T10:15:00","date_gmt":"2025-04-24T08:15:00","guid":{"rendered":"https:\/\/andalubox.com\/producto-andaluz\/bajo-de-guia-manzanilla-sanlucar-75cl\/"},"modified":"2025-09-19T22:23:06","modified_gmt":"2025-09-19T20:23:06","slug":"bajo-de-guia-manzanilla-sanlucar-75cl","status":"publish","type":"product","link":"https:\/\/andalubox.com\/de\/producto-andaluz\/bajo-de-guia-manzanilla-sanlucar-75cl\/","title":{"rendered":"Bajo de Gu\u00eda Manzanilla de Sanl\u00facar de Barrameda, 75cl"},"content":{"rendered":"<div class=\"blk12-bottom\">\n<div><strong>Bajo de Gu\u00eda Manzanilla de Sanl\u00facar de Barrameda, 75cl<\/strong><\/div>\n<div>\n<p><b>Manzanilla de Sanl\u00facar de Barrameda Bajo de Gu\u00eda<\/b> ist ein gespriteter Wein aus der Herkunftsbezeichnung &#8220;Manzanilla &#8211; Sanl\u00facar de Barrameda&#8221;, einer der renommiertesten in Spanien.<\/p>\n<p><b>Hauptmerkmale:<\/b><\/p>\n<ul>\n\t<li>\n<p><b>Weinsorte:<\/b> Manzanilla, eine Art von Sherrywein.<\/p>\n<\/li>\n\t<li>\n<p><b>Herkunft:<\/b> Ausschlie\u00dflich in Sanl\u00facar de Barrameda, in der Provinz C\u00e1diz, Andalusien, hergestellt.<\/p>\n<\/li>\n\t<li>\n<p><b>Traube:<\/b> 100% Palomino.<\/p>\n<\/li>\n\t<li>\n<p><b>Herstellung:<\/b> Er reift biologisch unter einer Hefeschicht, die &#8220;velo de flor&#8221; genannt wird, was ihm seine einzigartigen Eigenschaften verleiht.<\/p>\n<\/li>\n\t<li>\n<p><b>Alkoholgehalt:<\/b> ca. 15% Vol.<\/p>\n<\/li>\n\t<li>\n<p><b>Farbe:<\/b> Blasses, helles Strohgelb, oft mit gr\u00fcnlichen Reflexen.<\/p>\n<\/li>\n\t<li>\n<p><b>Aroma:<\/b> Frisch und delikat, mit blumigen Noten, Zitrusfr\u00fcchten und Mandeln und einer ausgepr\u00e4gten salzigen Note, die auf die N\u00e4he des Weinguts zum Meer zur\u00fcckzuf\u00fchren ist.<\/p>\n<\/li>\n\t<li>\n<p><b>Geschmack:<\/b> Leicht, trocken, schmackhaft und sehr frisch im Mund, mit einer bemerkenswerten Mineralit\u00e4t und Ausdauer.<\/p>\n<\/li>\n\t<li>\n<p><b>Begleitende Speisen:<\/b> Ideal zu Schinken, K\u00e4se, Wurstwaren, Konserven, Meeresfr\u00fcchten und Fisch.<\/p>\n<\/li>\n<\/ul>\n<p><b>Format:<\/b><\/p>\n<ul>\n\t<li>\n<p>Die Standardaufmachung ist eine 75 cl (750 ml) Flasche.<\/p>\n<\/li>\n<\/ul>\n<\/div>\n<\/div>\n<div class=\"blk12-bottom\"> <\/div>","protected":false},"excerpt":{"rendered":"<p>Bajo de Gu\u00eda Manzanilla de Sanl\u00facar de Barrameda, 75cl in ganz Europa<\/p>\n","protected":false},"featured_media":20328,"comment_status":"open","ping_status":"closed","template":"","meta":{"site-sidebar-layout":"default","site-content-layout":"","ast-site-content-layout":"default","site-content-style":"default","site-sidebar-style":"default","ast-global-header-display":"","ast-banner-title-visibility":"","ast-main-header-display":"","ast-hfb-above-header-display":"","ast-hfb-below-header-display":"","ast-hfb-mobile-header-display":"","site-post-title":"","ast-breadcrumbs-content":"","ast-featured-img":"","footer-sml-layout":"","ast-disable-related-posts":"","theme-transparent-header-meta":"default","adv-header-id-meta":"","stick-header-meta":"","header-above-stick-meta":"","header-main-stick-meta":"","header-below-stick-meta":"","astra-migrate-meta-layouts":"default","ast-page-background-enabled":"default","ast-page-background-meta":{"desktop":{"background-color":"var(--ast-global-color-4)","background-image":"","background-repeat":"repeat","background-position":"center center","background-size":"auto","background-attachment":"scroll","background-type":"","background-media":"","overlay-type":"","overlay-color":"","overlay-opacity":"","overlay-gradient":""},"tablet":{"background-color":"","background-image":"","background-repeat":"repeat","background-position":"center center","background-size":"auto","background-attachment":"scroll","background-type":"","background-media":"","overlay-type":"","overlay-color":"","overlay-opacity":"","overlay-gradient":""},"mobile":{"background-color":"","background-image":"","background-repeat":"repeat","background-position":"center center","background-size":"auto","background-attachment":"scroll","background-type":"","background-media":"","overlay-type":"","overlay-color":"","overlay-opacity":"","overlay-gradient":""}},"ast-content-background-meta":{"desktop":{"background-color":"var(--ast-global-color-5)","background-image":"","background-repeat":"repeat","background-position":"center center","background-size":"auto","background-attachment":"scroll","background-type":"","background-media":"","overlay-type":"","overlay-color":"","overlay-opacity":"","overlay-gradient":""},"tablet":{"background-color":"var(--ast-global-color-5)","background-image":"","background-repeat":"repeat","background-position":"center center","background-size":"auto","background-attachment":"scroll","background-type":"","background-media":"","overlay-type":"","overlay-color":"","overlay-opacity":"","overlay-gradient":""},"mobile":{"background-color":"var(--ast-global-color-5)","background-image":"","background-repeat":"repeat","background-position":"center center","background-size":"auto","background-attachment":"scroll","background-type":"","background-media":"","overlay-type":"","overlay-color":"","overlay-opacity":"","overlay-gradient":""}}},"product_brand":[1322],"product_cat":[15],"product_tag":[],"class_list":{"0":"post-20335","1":"product","2":"type-product","3":"status-publish","4":"has-post-thumbnail","6":"product_brand-bodegas-belen","7":"product_cat-sin-categorizar","8":"desktop-align-left","9":"tablet-align-left","10":"mobile-align-left","12":"first","13":"instock","14":"taxable","15":"shipping-taxable","16":"purchasable","17":"product-type-simple"},"_links":{"self":[{"href":"https:\/\/andalubox.com\/de\/wp-json\/wp\/v2\/product\/20335","targetHints":{"allow":["GET"]}}],"collection":[{"href":"https:\/\/andalubox.com\/de\/wp-json\/wp\/v2\/product"}],"about":[{"href":"https:\/\/andalubox.com\/de\/wp-json\/wp\/v2\/types\/product"}],"replies":[{"embeddable":true,"href":"https:\/\/andalubox.com\/de\/wp-json\/wp\/v2\/comments?post=20335"}],"wp:featuredmedia":[{"embeddable":true,"href":"https:\/\/andalubox.com\/de\/wp-json\/wp\/v2\/media\/20328"}],"wp:attachment":[{"href":"https:\/\/andalubox.com\/de\/wp-json\/wp\/v2\/media?parent=20335"}],"wp:term":[{"taxonomy":"product_brand","embeddable":true,"href":"https:\/\/andalubox.com\/de\/wp-json\/wp\/v2\/product_brand?post=20335"},{"taxonomy":"product_cat","embeddable":true,"href":"https:\/\/andalubox.com\/de\/wp-json\/wp\/v2\/product_cat?post=20335"},{"taxonomy":"product_tag","embeddable":true,"href":"https:\/\/andalubox.com\/de\/wp-json\/wp\/v2\/product_tag?post=20335"}],"curies":[{"name":"wp","href":"https:\/\/api.w.org\/{rel}","templated":true}]}}